{"id":995,"date":"2015-12-24T16:38:49","date_gmt":"2015-12-24T16:38:49","guid":{"rendered":"http:\/\/salongeatra.com\/?page_id=995"},"modified":"2016-05-03T15:05:27","modified_gmt":"2016-05-03T15:05:27","slug":"nencini","status":"publish","type":"page","link":"https:\/\/salonamat.com\/index.php\/collections\/tissus\/nencini\/","title":{"rendered":"NENCINI"},"content":{"rendered":"<div class=\"entry-content\">\n<p>Fabricant italien de lainage jacquard fantaisie.<\/p>\n<p>Minima : 200 Mt<\/p>\n<\/div>\n<div class=\"entry-content\">\n<p>Femme.<\/p>\n<p>Polyester, acrylique, laine, m\u00e9langes.<\/p>\n<\/div>\n<p align=\"LEFT\">Repr\u00e9sent\u00e9 par <a href=\"http:\/\/salonamat.com\/index.php\/agents\/veronique-pepin-bolliet\/\">V\u00e9ronique P\u00e9pin Bolliet<\/a>.<\/p>\n<p class=\"jetpack-slideshow-noscript robots-nocontent\">Ce diaporama n\u00e9cessite JavaScript.<\/p><div id=\"gallery-995-1-slideshow\" class=\"jetpack-slideshow-window jetpack-slideshow jetpack-slideshow-black\" data-trans=\"fade\" data-autostart=\"1\" data-gallery=\"[{&quot;src&quot;:&quot;https:\\\/\\\/i0.wp.com\\\/salonamat.com\\\/wp-content\\\/uploads\\\/2015\\\/12\\\/VERONIQUE-NENCINI-1.jpg?fit=720%2C480\\u0026ssl=1&quot;,&quot;id&quot;:&quot;583&quot;,&quot;title&quot;:&quot;VERONIQUE-NENCINI&quot;,&quot;alt&quot;:&quot;&quot;,&quot;caption&quot;:&quot;&quot;,&quot;itemprop&quot;:&quot;image&quot;},{&quot;src&quot;:&quot;https:\\\/\\\/i0.wp.com\\\/salonamat.com\\\/wp-content\\\/uploads\\\/2016\\\/05\\\/VERONIQUE-NENCINI-2.jpg?fit=720%2C480\\u0026ssl=1&quot;,&quot;id&quot;:&quot;2011&quot;,&quot;title&quot;:&quot;VERONIQUE-NENCINI-2&quot;,&quot;alt&quot;:&quot;&quot;,&quot;caption&quot;:&quot;&quot;,&quot;itemprop&quot;:&quot;image&quot;}]\" itemscope itemtype=\"https:\/\/schema.org\/ImageGallery\"><\/div>\n","protected":false},"excerpt":{"rendered":"<p>Fabricant italien de lainage jacquard fantaisie. Minima : 200 Mt Femme. Polyester, acrylique, laine, m\u00e9langes. Repr\u00e9sent\u00e9 par V\u00e9ronique P\u00e9pin Bolliet. <a href=\"https:\/\/salonamat.com\/index.php\/collections\/tissus\/nencini\/\" class=\"more-link\">Continuer de lire <span class=\"screen-reader-text\">NENCINI<\/span><\/a><\/p>\n","protected":false},"author":2,"featured_media":0,"parent":1215,"menu_order":0,"comment_status":"closed","ping_status":"closed","template":"","meta":{"spay_email":""},"categories":[61,73,24,96,109,110,35,123,39,46],"tags":[],"jetpack_sharing_enabled":true,"jetpack_shortlink":"https:\/\/wp.me\/P7346W-g3","jetpack-related-posts":[{"id":881,"url":"https:\/\/salonamat.com\/index.php\/collections\/tissus\/ab-creations-fabien-doligez\/","url_meta":{"origin":995,"position":0},"title":"AB CREATIONS \/ FABIEN DOLIGEZ","date":"d\u00e9cembre 22, 2015","format":false,"excerpt":"Fabricant fran\u00e7ais de tissus cha\u00eene-et-trame, nouveaut\u00e9s lyonnaises, fantaisie. Minima : 300 mt Femme. Laine, viscose, polyester, coton, acrylique, m\u00e9langes. Repr\u00e9sent\u00e9 par Gilles Ogier.","rel":"","context":"Dans &quot;acrylique&quot;","img":{"alt_text":"","src":"https:\/\/i0.wp.com\/salonamat.com\/wp-content\/uploads\/2015\/12\/GILLES-AB-CREATIONS-FABIEN-DOLIGEZ-1.jpg?resize=350%2C200","width":350,"height":200},"classes":[]},{"id":827,"url":"https:\/\/salonamat.com\/index.php\/collections\/tissus\/knipidee\/","url_meta":{"origin":995,"position":1},"title":"KNIPIDEE","date":"d\u00e9cembre 22, 2015","format":false,"excerpt":"Importateur n\u00e9erlandais de tissus cha\u00eene-et-trame et maille. Minima : 15 mt sur stock. Femme, homme, enfant. Toutes compositions. Petites quantit\u00e9s. Repr\u00e9sent\u00e9 par V\u00e9ronique PEPIN BOLLIET","rel":"","context":"Dans &quot;ac\u00e9tate&quot;","img":{"alt_text":"","src":"https:\/\/i0.wp.com\/salonamat.com\/wp-content\/uploads\/2015\/12\/ANNE-KNIPIDEE-1.jpg?resize=350%2C200","width":350,"height":200},"classes":[]},{"id":4787,"url":"https:\/\/salonamat.com\/index.php\/collections\/tissus\/murtra-2\/","url_meta":{"origin":995,"position":2},"title":"MURTRA","date":"janvier 2, 2023","format":false,"excerpt":"Espagne Pr\u00eat \u00e0 porter f\u00e9minin Minima: Pas de minimum sur les qualit\u00e9s en stock Repr\u00e9sent\u00e9e par Philippe CAZELLES","rel":"","context":"Dans &quot;ac\u00e9tate&quot;","img":{"alt_text":"","src":"https:\/\/i0.wp.com\/salonamat.com\/wp-content\/uploads\/2023\/01\/murtra-2.jpeg?resize=350%2C200&ssl=1","width":350,"height":200},"classes":[]},{"id":634,"url":"https:\/\/salonamat.com\/index.php\/collections\/tissus\/deveaux\/","url_meta":{"origin":995,"position":3},"title":"DEVEAUX","date":"d\u00e9cembre 18, 2015","format":false,"excerpt":"Imprimeur fran\u00e7ais de tissus cha\u00eene-et-trame & maille. Rotatif, jet d'encre. Jacquard cha\u00eene-et-trame et maille, fantaisie, maille fils teints. Femme, homme, enfant. D\u00e9veloppements personnalis\u00e9s. Coton, viscose, polyester, acrylique, laine, lin, \u00e9lasthanne... Repr\u00e9sent\u00e9 par Christine Deporte.","rel":"","context":"Dans &quot;acrylique&quot;","img":{"alt_text":"","src":"https:\/\/i0.wp.com\/salonamat.com\/wp-content\/uploads\/2015\/12\/CHRISTINE-DEVEAUX-01-1.jpg?resize=350%2C200","width":350,"height":200},"classes":[]},{"id":997,"url":"https:\/\/salonamat.com\/index.php\/collections\/tissus\/alfa-fi\/","url_meta":{"origin":995,"position":4},"title":"ALFA-FI","date":"d\u00e9cembre 24, 2015","format":false,"excerpt":"Fabricant italien de cha\u00eene-et-trame, tiss\u00e9s classiques. Minima : 300 Mt Femme, homme. Coton, polyester, \u00e9lasthanne, laine, m\u00e9langes. Repr\u00e9sent\u00e9 par V\u00e9ronique P\u00e9pin Bolliet. \u00a0","rel":"","context":"Dans &quot;cha\u00eene et trame&quot;","img":{"alt_text":"","src":"https:\/\/i0.wp.com\/salonamat.com\/wp-content\/uploads\/2015\/12\/VERONIQUE-ALFA-FI-1.jpg?resize=350%2C200","width":350,"height":200},"classes":[]},{"id":1063,"url":"https:\/\/salonamat.com\/index.php\/collections\/tissus\/seride\/","url_meta":{"origin":995,"position":5},"title":"SERIDE","date":"d\u00e9cembre 25, 2015","format":false,"excerpt":"Imprimeur italien sur maille et cha\u00eene-et-trame, jet d'encre \/ cadres plats. Beaux supports, nombreuses finitions, large gamme, contre-collages, laminations. Dessins exclusifs ou archives \u00e0 disposition. Minima : 50 Mt. Femme. Laine, viscose, polyester, coton, m\u00e9langes. Repr\u00e9sent\u00e9 par Viviane Gadrey Madani.","rel":"","context":"Dans &quot;cha\u00eene et trame&quot;","img":{"alt_text":"","src":"https:\/\/i0.wp.com\/salonamat.com\/wp-content\/uploads\/2015\/12\/VIVIANE-SERIDE-1.jpg?resize=350%2C200","width":350,"height":200},"classes":[]}],"_links":{"self":[{"href":"https:\/\/salonamat.com\/index.php\/wp-json\/wp\/v2\/pages\/995"}],"collection":[{"href":"https:\/\/salonamat.com\/index.php\/wp-json\/wp\/v2\/pages"}],"about":[{"href":"https:\/\/salonamat.com\/index.php\/wp-json\/wp\/v2\/types\/page"}],"author":[{"embeddable":true,"href":"https:\/\/salonamat.com\/index.php\/wp-json\/wp\/v2\/users\/2"}],"replies":[{"embeddable":true,"href":"https:\/\/salonamat.com\/index.php\/wp-json\/wp\/v2\/comments?post=995"}],"version-history":[{"count":2,"href":"https:\/\/salonamat.com\/index.php\/wp-json\/wp\/v2\/pages\/995\/revisions"}],"predecessor-version":[{"id":2061,"href":"https:\/\/salonamat.com\/index.php\/wp-json\/wp\/v2\/pages\/995\/revisions\/2061"}],"up":[{"embeddable":true,"href":"https:\/\/salonamat.com\/index.php\/wp-json\/wp\/v2\/pages\/1215"}],"wp:attachment":[{"href":"https:\/\/salonamat.com\/index.php\/wp-json\/wp\/v2\/media?parent=995"}],"wp:term":[{"taxonomy":"category","embeddable":true,"href":"https:\/\/salonamat.com\/index.php\/wp-json\/wp\/v2\/categories?post=995"},{"taxonomy":"post_tag","embeddable":true,"href":"https:\/\/salonamat.com\/index.php\/wp-json\/wp\/v2\/tags?post=995"}],"curies":[{"name":"wp","href":"https:\/\/api.w.org\/{rel}","templated":true}]}}