{"id":991,"date":"2015-12-24T16:31:45","date_gmt":"2015-12-24T16:31:45","guid":{"rendered":"http:\/\/salongeatra.com\/?page_id=991"},"modified":"2016-05-03T15:08:10","modified_gmt":"2016-05-03T15:08:10","slug":"intesa","status":"publish","type":"page","link":"https:\/\/salonamat.com\/index.php\/collections\/tissus\/intesa\/","title":{"rendered":"INTESA"},"content":{"rendered":"<div class=\"entry-content\">\n<p>Fabricant italien de tissus cha\u00eene-et-trame, maille, fantaisie, imprim\u00e9s, jacquards, basiques, dentelles.<\/p>\n<p>Minima : 1 pi\u00e8ce sur stock<\/p>\n<\/div>\n<div class=\"entry-content\">\n<p>Femme.<\/p>\n<p>Toutes compositions.<\/p>\n<\/div>\n<p align=\"LEFT\">Repr\u00e9sent\u00e9 par <a href=\"http:\/\/salonamat.com\/index.php\/agents\/veronique-pepin-bolliet\/\">V\u00e9ronique P\u00e9pin Bolliet<\/a>.<\/p>\n<p class=\"jetpack-slideshow-noscript robots-nocontent\">Ce diaporama n\u00e9cessite JavaScript.<\/p><div id=\"gallery-991-1-slideshow\" class=\"jetpack-slideshow-window jetpack-slideshow jetpack-slideshow-black\" data-trans=\"fade\" data-autostart=\"1\" data-gallery=\"[{&quot;src&quot;:&quot;https:\\\/\\\/i0.wp.com\\\/salonamat.com\\\/wp-content\\\/uploads\\\/2015\\\/12\\\/VERONIQUE-INTESA-1.jpg?fit=720%2C480\\u0026ssl=1&quot;,&quot;id&quot;:&quot;580&quot;,&quot;title&quot;:&quot;VERONIQUE-INTESA&quot;,&quot;alt&quot;:&quot;&quot;,&quot;caption&quot;:&quot;&quot;,&quot;itemprop&quot;:&quot;image&quot;},{&quot;src&quot;:&quot;https:\\\/\\\/i0.wp.com\\\/salonamat.com\\\/wp-content\\\/uploads\\\/2016\\\/05\\\/VERONIQUE-INTESA-2.jpg?fit=720%2C480\\u0026ssl=1&quot;,&quot;id&quot;:&quot;2009&quot;,&quot;title&quot;:&quot;VERONIQUE-INTESA-2&quot;,&quot;alt&quot;:&quot;&quot;,&quot;caption&quot;:&quot;&quot;,&quot;itemprop&quot;:&quot;image&quot;}]\" itemscope itemtype=\"https:\/\/schema.org\/ImageGallery\"><\/div>\n","protected":false},"excerpt":{"rendered":"<p>Fabricant italien de tissus cha\u00eene-et-trame, maille, fantaisie, imprim\u00e9s, jacquards, basiques, dentelles. Minima : 1 pi\u00e8ce sur stock Femme. Toutes compositions. Repr\u00e9sent\u00e9 par V\u00e9ronique P\u00e9pin Bolliet. <a href=\"https:\/\/salonamat.com\/index.php\/collections\/tissus\/intesa\/\" class=\"more-link\">Continuer de lire <span class=\"screen-reader-text\">INTESA<\/span><\/a><\/p>\n","protected":false},"author":2,"featured_media":0,"parent":1215,"menu_order":0,"comment_status":"closed","ping_status":"closed","template":"","meta":{"spay_email":""},"categories":[73,22,24,31,109,35,39,46,49],"tags":[],"jetpack_sharing_enabled":true,"jetpack_shortlink":"https:\/\/wp.me\/P7346W-fZ","jetpack-related-posts":[{"id":827,"url":"https:\/\/salonamat.com\/index.php\/collections\/tissus\/knipidee\/","url_meta":{"origin":991,"position":0},"title":"KNIPIDEE","date":"d\u00e9cembre 22, 2015","format":false,"excerpt":"Importateur n\u00e9erlandais de tissus cha\u00eene-et-trame et maille. Minima : 15 mt sur stock. Femme, homme, enfant. Toutes compositions. Petites quantit\u00e9s. Repr\u00e9sent\u00e9 par V\u00e9ronique PEPIN BOLLIET","rel":"","context":"Dans &quot;ac\u00e9tate&quot;","img":{"alt_text":"","src":"https:\/\/i0.wp.com\/salonamat.com\/wp-content\/uploads\/2015\/12\/ANNE-KNIPIDEE-1.jpg?resize=350%2C200","width":350,"height":200},"classes":[]},{"id":927,"url":"https:\/\/salonamat.com\/index.php\/collections\/tissus\/deniertex\/","url_meta":{"origin":991,"position":1},"title":"DENIERTEX","date":"d\u00e9cembre 24, 2015","format":false,"excerpt":"Importateur espagnol tous tissus Pas de minima. Femme. Toutes compositions. Repr\u00e9sent\u00e9 par Philippe Berlande.","rel":"","context":"Dans &quot;cha\u00eene et trame&quot;","img":{"alt_text":"","src":"https:\/\/i0.wp.com\/salonamat.com\/wp-content\/uploads\/2015\/12\/PHILIPPE-DENIERTEX.jpg?resize=350%2C200","width":350,"height":200},"classes":[]},{"id":896,"url":"https:\/\/salonamat.com\/index.php\/collections\/tissus\/arella\/","url_meta":{"origin":991,"position":2},"title":"ARELLA","date":"d\u00e9cembre 23, 2015","format":false,"excerpt":"Fabricant italien d'imprim\u00e9s. Minima : 200 mt Femme. Toutes compositions. Repr\u00e9sent\u00e9 par Philippe Berlande.","rel":"","context":"Dans &quot;cha\u00eene et trame&quot;","img":{"alt_text":"","src":"https:\/\/i0.wp.com\/salonamat.com\/wp-content\/uploads\/2015\/12\/PHILIPPE-ARELLA.jpg?resize=350%2C200","width":350,"height":200},"classes":[]},{"id":1074,"url":"https:\/\/salonamat.com\/index.php\/collections\/tissus\/achille-pinto\/","url_meta":{"origin":991,"position":3},"title":"ACHILLE PINTO","date":"d\u00e9cembre 25, 2015","format":false,"excerpt":"Imprimeur italien de C\u00f4me. Pas de minima. Femme, homme. Toutes compositions. Repr\u00e9sent\u00e9 par Manon Naudin.","rel":"","context":"Dans &quot;cha\u00eene et trame&quot;","img":{"alt_text":"","src":"https:\/\/i0.wp.com\/salonamat.com\/wp-content\/uploads\/2022\/06\/ACHILLE-PINTO-01.png?resize=350%2C200","width":350,"height":200},"classes":[]},{"id":3976,"url":"https:\/\/salonamat.com\/index.php\/collections\/tissus\/my-way\/","url_meta":{"origin":991,"position":4},"title":"MY WAY","date":"d\u00e9cembre 28, 2021","format":false,"excerpt":"Importateur europ\u00e9en de tissus cha\u00eene et trame, maille et broderies PAP Femme Grande Diffusion Pas de minimum Compositions\u00a0: polyester, polyamide, coton, viscose, lin et m\u00e9langes Repr\u00e9sent\u00e9 par Sylvie BUSSEUIL.","rel":"","context":"Dans &quot;cha\u00eene et trame&quot;","img":{"alt_text":"","src":"https:\/\/i0.wp.com\/salonamat.com\/wp-content\/uploads\/2021\/12\/MY-WAY-1.jpg?resize=350%2C200&ssl=1","width":350,"height":200},"classes":[]},{"id":2544,"url":"https:\/\/salonamat.com\/index.php\/collections\/tissus\/novalansa\/","url_meta":{"origin":991,"position":5},"title":"NOVALANSA","date":"janvier 23, 2019","format":false,"excerpt":"Soci\u00e9t\u00e9 espagnole du groupe TORRESPRADAS, Sabadell, Collection d\u2019unis chaine et trame et mailles, polyester, viscose, coton ou m\u00e9langes, jacquards mailles fabriqu\u00e9s en Espagne, jacquards chaine et trame, imprim\u00e9s, et fantaisies comme dentelles et paillettes, broderies anglaises, faux cuir et faux daim. \u00c9chantillonnage : Pas de minima Production : Minimum 1\u2026","rel":"","context":"Dans &quot;cha\u00eene et trame&quot;","img":{"alt_text":"","src":"https:\/\/i0.wp.com\/salonamat.com\/wp-content\/uploads\/2019\/01\/NOVALANSA-01.jpg?resize=350%2C200","width":350,"height":200},"classes":[]}],"_links":{"self":[{"href":"https:\/\/salonamat.com\/index.php\/wp-json\/wp\/v2\/pages\/991"}],"collection":[{"href":"https:\/\/salonamat.com\/index.php\/wp-json\/wp\/v2\/pages"}],"about":[{"href":"https:\/\/salonamat.com\/index.php\/wp-json\/wp\/v2\/types\/page"}],"author":[{"embeddable":true,"href":"https:\/\/salonamat.com\/index.php\/wp-json\/wp\/v2\/users\/2"}],"replies":[{"embeddable":true,"href":"https:\/\/salonamat.com\/index.php\/wp-json\/wp\/v2\/comments?post=991"}],"version-history":[{"count":2,"href":"https:\/\/salonamat.com\/index.php\/wp-json\/wp\/v2\/pages\/991\/revisions"}],"predecessor-version":[{"id":2063,"href":"https:\/\/salonamat.com\/index.php\/wp-json\/wp\/v2\/pages\/991\/revisions\/2063"}],"up":[{"embeddable":true,"href":"https:\/\/salonamat.com\/index.php\/wp-json\/wp\/v2\/pages\/1215"}],"wp:attachment":[{"href":"https:\/\/salonamat.com\/index.php\/wp-json\/wp\/v2\/media?parent=991"}],"wp:term":[{"taxonomy":"category","embeddable":true,"href":"https:\/\/salonamat.com\/index.php\/wp-json\/wp\/v2\/categories?post=991"},{"taxonomy":"post_tag","embeddable":true,"href":"https:\/\/salonamat.com\/index.php\/wp-json\/wp\/v2\/tags?post=991"}],"curies":[{"name":"wp","href":"https:\/\/api.w.org\/{rel}","templated":true}]}}