{"id":978,"date":"2015-12-24T12:32:52","date_gmt":"2015-12-24T12:32:52","guid":{"rendered":"http:\/\/salongeatra.com\/?page_id=978"},"modified":"2023-05-17T10:35:39","modified_gmt":"2023-05-17T10:35:39","slug":"matsa","status":"publish","type":"page","link":"https:\/\/salonamat.com\/index.php\/collections\/accessoires\/matsa\/","title":{"rendered":"MATSA"},"content":{"rendered":"<div class=\"entry-content\">\n<p>Fabricant espagnol d\u2019\u00e9lastiques, et cordons<\/p>\n<\/div>\n<div class=\"entry-content\">\n<p>Coton, polyester, polyamide.<\/p>\n<\/div>\n<p align=\"LEFT\"><a href=\"http:\/\/salonamat.com\/index.php\/agents\/olivier-amblard-et-gilles-cannat\/\">Repr\u00e9sent\u00e9 par Olivier Amblard et Gilles Cannat<\/a><\/p>\n<p class=\"jetpack-slideshow-noscript robots-nocontent\">Ce diaporama n\u00e9cessite JavaScript.<\/p><div id=\"gallery-978-1-slideshow\" class=\"jetpack-slideshow-window jetpack-slideshow jetpack-slideshow-black\" data-trans=\"fade\" data-autostart=\"1\" data-gallery=\"[{&quot;src&quot;:&quot;https:\\\/\\\/i0.wp.com\\\/salonamat.com\\\/wp-content\\\/uploads\\\/2015\\\/12\\\/MARC-MATSA-1.jpg?fit=720%2C480\\u0026ssl=1&quot;,&quot;id&quot;:&quot;494&quot;,&quot;title&quot;:&quot;MARC-MATSA&quot;,&quot;alt&quot;:&quot;&quot;,&quot;caption&quot;:&quot;&quot;,&quot;itemprop&quot;:&quot;image&quot;},{&quot;src&quot;:&quot;https:\\\/\\\/i0.wp.com\\\/salonamat.com\\\/wp-content\\\/uploads\\\/2020\\\/12\\\/MATSA1-1.jpg?fit=432%2C288\\u0026ssl=1&quot;,&quot;id&quot;:&quot;3207&quot;,&quot;title&quot;:&quot;MATSA1&quot;,&quot;alt&quot;:&quot;&quot;,&quot;caption&quot;:&quot;&quot;,&quot;itemprop&quot;:&quot;image&quot;},{&quot;src&quot;:&quot;https:\\\/\\\/i0.wp.com\\\/salonamat.com\\\/wp-content\\\/uploads\\\/2020\\\/12\\\/MATSA2-1.jpg?fit=450%2C285\\u0026ssl=1&quot;,&quot;id&quot;:&quot;3208&quot;,&quot;title&quot;:&quot;MATSA2&quot;,&quot;alt&quot;:&quot;&quot;,&quot;caption&quot;:&quot;&quot;,&quot;itemprop&quot;:&quot;image&quot;}]\" itemscope itemtype=\"https:\/\/schema.org\/ImageGallery\"><\/div>\n","protected":false},"excerpt":{"rendered":"<p>Fabricant espagnol d\u2019\u00e9lastiques, et cordons Coton, polyester, polyamide. Repr\u00e9sent\u00e9 par Olivier Amblard et Gilles Cannat <a href=\"https:\/\/salonamat.com\/index.php\/collections\/accessoires\/matsa\/\" class=\"more-link\">Continuer de lire <span class=\"screen-reader-text\">MATSA<\/span><\/a><\/p>\n","protected":false},"author":3,"featured_media":0,"parent":1216,"menu_order":0,"comment_status":"closed","ping_status":"closed","template":"","meta":{"spay_email":""},"categories":[2,176,67,158,80,20,21,87,24,31,191,122,124,39,157,177,42,43,44,50],"tags":[],"jetpack_sharing_enabled":true,"jetpack_shortlink":"https:\/\/wp.me\/P7346W-fM","jetpack-related-posts":[{"id":3976,"url":"https:\/\/salonamat.com\/index.php\/collections\/tissus\/my-way\/","url_meta":{"origin":978,"position":0},"title":"MY WAY","date":"d\u00e9cembre 28, 2021","format":false,"excerpt":"Importateur europ\u00e9en de tissus cha\u00eene et trame, maille et broderies PAP Femme Grande Diffusion Pas de minimum Compositions\u00a0: polyester, polyamide, coton, viscose, lin et m\u00e9langes Repr\u00e9sent\u00e9 par Sylvie BUSSEUIL.","rel":"","context":"Dans &quot;cha\u00eene et trame&quot;","img":{"alt_text":"","src":"https:\/\/i0.wp.com\/salonamat.com\/wp-content\/uploads\/2021\/12\/MY-WAY-1.jpg?resize=350%2C200&ssl=1","width":350,"height":200},"classes":[]},{"id":883,"url":"https:\/\/salonamat.com\/index.php\/collections\/tissus\/piave-maitex\/","url_meta":{"origin":978,"position":1},"title":"PIAVE MAITEX","date":"d\u00e9cembre 22, 2015","format":false,"excerpt":"Fabricant italien de maille pour corsetterie, maillots de bain et de sport. Mati\u00e8res techniques. Minima : 300 mt Femme. Polyamide, polyester, \u00e9lasthanne, coton. Repr\u00e9sent\u00e9 par Gilles Ogier.","rel":"","context":"Dans &quot;bain&quot;","img":{"alt_text":"","src":"https:\/\/i0.wp.com\/salonamat.com\/wp-content\/uploads\/2015\/12\/GILLES-PIAVE-MAITEX-1.jpg?resize=350%2C200","width":350,"height":200},"classes":[]},{"id":6173,"url":"https:\/\/salonamat.com\/index.php\/collections\/tissus\/texprint\/","url_meta":{"origin":978,"position":2},"title":"TEXPRINT","date":"d\u00e9cembre 19, 2023","format":false,"excerpt":"Fabricant italien de tissus imprim\u00e9s cha\u00eene et trame et maille. Propose toile - serg\u00e9 - satins - cr\u00eapes - georgette - double georgette - cr\u00eape marocain compositions. Composition: coton, coton \u00e9lasthanne, viscose, fibranne, polyamide-viscose. Pas de minimum de commande. Pour le pr\u00eat \u00e0 porter. Possibilit\u00e9 de r\u00e9alisation des dessins clients.\u2026","rel":"","context":"Dans &quot;cha\u00eene et trame&quot;","img":{"alt_text":"","src":"https:\/\/i0.wp.com\/salonamat.com\/wp-content\/uploads\/2023\/12\/TEXPRINT-1.jpg?resize=350%2C200&ssl=1","width":350,"height":200},"classes":[]},{"id":4772,"url":"https:\/\/salonamat.com\/index.php\/collections\/tissus\/olmetex\/","url_meta":{"origin":978,"position":3},"title":"OLMETEX","date":"janvier 2, 2023","format":false,"excerpt":"Italie Tissus techniques Minima: 200 mts minimum Repr\u00e9sent\u00e9e par Philippe CAZELLES","rel":"","context":"Dans &quot;cha\u00eene et trame&quot;","img":{"alt_text":"","src":"https:\/\/i0.wp.com\/salonamat.com\/wp-content\/uploads\/2023\/01\/OLMETEX-2.jpeg?resize=350%2C200&ssl=1","width":350,"height":200},"classes":[]},{"id":1786,"url":"https:\/\/salonamat.com\/index.php\/collections\/tissus\/espunto\/","url_meta":{"origin":978,"position":4},"title":"ESPUNTO","date":"d\u00e9cembre 28, 2015","format":false,"excerpt":"Fabricant espagnol de maille fine jauge. Minima : 300 Mt. \/ pi\u00e8ce type 50 Mt. Femme, homme, enfant. Polyamide, micro modal, coton, polyester, m\u00e9langes. Repr\u00e9sent\u00e9 par Armelle Blettner.","rel":"","context":"Dans &quot;coton&quot;","img":{"alt_text":"","src":"https:\/\/i0.wp.com\/salonamat.com\/wp-content\/uploads\/2015\/12\/GUY-ESPUNTO-1.jpg?resize=350%2C200","width":350,"height":200},"classes":[]},{"id":789,"url":"https:\/\/salonamat.com\/index.php\/collections\/accessoires\/lunas\/","url_meta":{"origin":978,"position":5},"title":"LUNAS","date":"d\u00e9cembre 22, 2015","format":false,"excerpt":"Fabricant fran\u00e7ais d'accessoires textile cr\u00e9atifs. Motifs transfert, strass, clous, broderies, flocage sur tous supports. Femme, homme, enfant Viscose, polyester, coton, polyamide. Repr\u00e9sent\u00e9 par Armelle Blettner.","rel":"","context":"Dans &quot;accessoires&quot;","img":{"alt_text":"","src":"https:\/\/i0.wp.com\/salonamat.com\/wp-content\/uploads\/2015\/12\/ARMELLE-LUNAS-1.jpg?resize=350%2C200","width":350,"height":200},"classes":[]}],"_links":{"self":[{"href":"https:\/\/salonamat.com\/index.php\/wp-json\/wp\/v2\/pages\/978"}],"collection":[{"href":"https:\/\/salonamat.com\/index.php\/wp-json\/wp\/v2\/pages"}],"about":[{"href":"https:\/\/salonamat.com\/index.php\/wp-json\/wp\/v2\/types\/page"}],"author":[{"embeddable":true,"href":"https:\/\/salonamat.com\/index.php\/wp-json\/wp\/v2\/users\/3"}],"replies":[{"embeddable":true,"href":"https:\/\/salonamat.com\/index.php\/wp-json\/wp\/v2\/comments?post=978"}],"version-history":[{"count":3,"href":"https:\/\/salonamat.com\/index.php\/wp-json\/wp\/v2\/pages\/978\/revisions"}],"predecessor-version":[{"id":5320,"href":"https:\/\/salonamat.com\/index.php\/wp-json\/wp\/v2\/pages\/978\/revisions\/5320"}],"up":[{"embeddable":true,"href":"https:\/\/salonamat.com\/index.php\/wp-json\/wp\/v2\/pages\/1216"}],"wp:attachment":[{"href":"https:\/\/salonamat.com\/index.php\/wp-json\/wp\/v2\/media?parent=978"}],"wp:term":[{"taxonomy":"category","embeddable":true,"href":"https:\/\/salonamat.com\/index.php\/wp-json\/wp\/v2\/categories?post=978"},{"taxonomy":"post_tag","embeddable":true,"href":"https:\/\/salonamat.com\/index.php\/wp-json\/wp\/v2\/tags?post=978"}],"curies":[{"name":"wp","href":"https:\/\/api.w.org\/{rel}","templated":true}]}}