{"id":974,"date":"2015-12-24T12:27:18","date_gmt":"2015-12-24T12:27:18","guid":{"rendered":"http:\/\/salongeatra.com\/?page_id=974"},"modified":"2015-12-27T18:18:09","modified_gmt":"2015-12-27T18:18:09","slug":"infinity-jjmoon","status":"publish","type":"page","link":"https:\/\/salonamat.com\/index.php\/collections\/tissus\/infinity-jjmoon\/","title":{"rendered":"INFINITY JJMOON"},"content":{"rendered":"<div class=\"entry-content\">\n<p>Fabricant italien de tissus cha\u00eene-et-trame qualit\u00e9s fluides.<\/p>\n<\/div>\n<div class=\"entry-content\">\n<p>Femme.<\/p>\n<p>Minima : 300 Mt<\/p>\n<p>Coton, modal, cupro, soie, viscose, m\u00e9langes.<\/p>\n<\/div>\n<p align=\"LEFT\">Repr\u00e9sent\u00e9 par <a href=\"http:\/\/salonamat.com\/index.php\/agents\/marc-cazelles\/\">Marc Cazelles<\/a>.<\/p>\n<p class=\"jetpack-slideshow-noscript robots-nocontent\">Ce diaporama n\u00e9cessite JavaScript.<\/p><div id=\"gallery-974-1-slideshow\" class=\"jetpack-slideshow-window jetpack-slideshow jetpack-slideshow-black\" data-trans=\"fade\" data-autostart=\"1\" data-gallery=\"[{&quot;src&quot;:&quot;https:\\\/\\\/i0.wp.com\\\/salonamat.com\\\/wp-content\\\/uploads\\\/2015\\\/12\\\/MARC-INFINITY-JJMOON-1.jpg?fit=720%2C480\\u0026ssl=1&quot;,&quot;id&quot;:&quot;492&quot;,&quot;title&quot;:&quot;MARC-INFINITY-JJMOON&quot;,&quot;alt&quot;:&quot;&quot;,&quot;caption&quot;:&quot;&quot;,&quot;itemprop&quot;:&quot;image&quot;}]\" itemscope itemtype=\"https:\/\/schema.org\/ImageGallery\"><\/div>\n","protected":false},"excerpt":{"rendered":"<p>Fabricant italien de tissus cha\u00eene-et-trame qualit\u00e9s fluides. Femme. Minima : 300 Mt Coton, modal, cupro, soie, viscose, m\u00e9langes. Repr\u00e9sent\u00e9 par Marc Cazelles. <a href=\"https:\/\/salonamat.com\/index.php\/collections\/tissus\/infinity-jjmoon\/\" class=\"more-link\">Continuer de lire <span class=\"screen-reader-text\">INFINITY JJMOON<\/span><\/a><\/p>\n","protected":false},"author":2,"featured_media":0,"parent":1215,"menu_order":0,"comment_status":"closed","ping_status":"closed","template":"","meta":{"spay_email":""},"categories":[73,79,83,24,31,110,113,35,39,131,46,53],"tags":[],"jetpack_sharing_enabled":true,"jetpack_shortlink":"https:\/\/wp.me\/P7346W-fI","jetpack-related-posts":[{"id":624,"url":"https:\/\/salonamat.com\/index.php\/collections\/tissus\/kbc\/","url_meta":{"origin":974,"position":0},"title":"KBC","date":"d\u00e9cembre 18, 2015","format":false,"excerpt":"Imprimeur Allemand cha\u00eene-et-trame et maille. Femme, enfant. Coton, viscose, soie, polyester, lin, m\u00e9langes... Repr\u00e9sent\u00e9 par Paul Mestrallet.","rel":"","context":"Dans &quot;cha\u00eene et trame&quot;","img":{"alt_text":"","src":"https:\/\/i0.wp.com\/salonamat.com\/wp-content\/uploads\/2015\/12\/GAELLE-KBC-1.jpg?resize=350%2C200","width":350,"height":200},"classes":[]},{"id":1045,"url":"https:\/\/salonamat.com\/index.php\/collections\/tissus\/nooteboom-textiles\/","url_meta":{"origin":974,"position":1},"title":"NOOTEBOOM","date":"d\u00e9cembre 25, 2015","format":false,"excerpt":"Importateur n\u00e9erlandais de tissus fantaisie pour la confection de v\u00eatements. Pr\u00eat \u00e0 Porter F\u00e9minin, Enfant, Homme, v\u00eatement professionnel, vente au m\u00e8tre en ligne et en boutique Minimum de commande: 12 m Repr\u00e9sent\u00e9 R\u00e9mi Oddon.","rel":"","context":"Dans &quot;ameublement&quot;","img":{"alt_text":"","src":"https:\/\/i0.wp.com\/salonamat.com\/wp-content\/uploads\/2015\/12\/REMI-NOOTEBOOM-TEXTILES.jpg?resize=350%2C200","width":350,"height":200},"classes":[]},{"id":881,"url":"https:\/\/salonamat.com\/index.php\/collections\/tissus\/ab-creations-fabien-doligez\/","url_meta":{"origin":974,"position":2},"title":"AB CREATIONS \/ FABIEN DOLIGEZ","date":"d\u00e9cembre 22, 2015","format":false,"excerpt":"Fabricant fran\u00e7ais de tissus cha\u00eene-et-trame, nouveaut\u00e9s lyonnaises, fantaisie. Minima : 300 mt Femme. Laine, viscose, polyester, coton, acrylique, m\u00e9langes. Repr\u00e9sent\u00e9 par Gilles Ogier.","rel":"","context":"Dans &quot;acrylique&quot;","img":{"alt_text":"","src":"https:\/\/i0.wp.com\/salonamat.com\/wp-content\/uploads\/2015\/12\/GILLES-AB-CREATIONS-FABIEN-DOLIGEZ-1.jpg?resize=350%2C200","width":350,"height":200},"classes":[]},{"id":3976,"url":"https:\/\/salonamat.com\/index.php\/collections\/tissus\/my-way\/","url_meta":{"origin":974,"position":3},"title":"MY WAY","date":"d\u00e9cembre 28, 2021","format":false,"excerpt":"Importateur europ\u00e9en de tissus cha\u00eene et trame, maille et broderies PAP Femme Grande Diffusion Pas de minimum Compositions\u00a0: polyester, polyamide, coton, viscose, lin et m\u00e9langes Repr\u00e9sent\u00e9 par Sylvie BUSSEUIL.","rel":"","context":"Dans &quot;cha\u00eene et trame&quot;","img":{"alt_text":"","src":"https:\/\/i0.wp.com\/salonamat.com\/wp-content\/uploads\/2021\/12\/MY-WAY-1.jpg?resize=350%2C200&ssl=1","width":350,"height":200},"classes":[]},{"id":825,"url":"https:\/\/salonamat.com\/index.php\/collections\/tissus\/telatex\/","url_meta":{"origin":974,"position":4},"title":"TELATEX","date":"d\u00e9cembre 22, 2015","format":false,"excerpt":"Fabricant fran\u00e7ais de tissus cha\u00eene-et-trame naturels. PAT, teints, imprim\u00e9s, jacquards. Femme, homme, enfant, sportswear. Coton, laine, viscose, lin, m\u00e9langes. Minimum de commande: 300M + stock service Repr\u00e9sent\u00e9 par Laetitia CORGER.","rel":"","context":"Dans &quot;ameublement&quot;","img":{"alt_text":"","src":"https:\/\/i0.wp.com\/salonamat.com\/wp-content\/uploads\/2023\/05\/TELATEX1.jpg?resize=350%2C200&ssl=1","width":350,"height":200},"classes":[]},{"id":1063,"url":"https:\/\/salonamat.com\/index.php\/collections\/tissus\/seride\/","url_meta":{"origin":974,"position":5},"title":"SERIDE","date":"d\u00e9cembre 25, 2015","format":false,"excerpt":"Imprimeur italien sur maille et cha\u00eene-et-trame, jet d'encre \/ cadres plats. Beaux supports, nombreuses finitions, large gamme, contre-collages, laminations. Dessins exclusifs ou archives \u00e0 disposition. Minima : 50 Mt. Femme. Laine, viscose, polyester, coton, m\u00e9langes. Repr\u00e9sent\u00e9 par Viviane Gadrey Madani.","rel":"","context":"Dans &quot;cha\u00eene et trame&quot;","img":{"alt_text":"","src":"https:\/\/i0.wp.com\/salonamat.com\/wp-content\/uploads\/2015\/12\/VIVIANE-SERIDE-1.jpg?resize=350%2C200","width":350,"height":200},"classes":[]}],"_links":{"self":[{"href":"https:\/\/salonamat.com\/index.php\/wp-json\/wp\/v2\/pages\/974"}],"collection":[{"href":"https:\/\/salonamat.com\/index.php\/wp-json\/wp\/v2\/pages"}],"about":[{"href":"https:\/\/salonamat.com\/index.php\/wp-json\/wp\/v2\/types\/page"}],"author":[{"embeddable":true,"href":"https:\/\/salonamat.com\/index.php\/wp-json\/wp\/v2\/users\/2"}],"replies":[{"embeddable":true,"href":"https:\/\/salonamat.com\/index.php\/wp-json\/wp\/v2\/comments?post=974"}],"version-history":[{"count":1,"href":"https:\/\/salonamat.com\/index.php\/wp-json\/wp\/v2\/pages\/974\/revisions"}],"predecessor-version":[{"id":1654,"href":"https:\/\/salonamat.com\/index.php\/wp-json\/wp\/v2\/pages\/974\/revisions\/1654"}],"up":[{"embeddable":true,"href":"https:\/\/salonamat.com\/index.php\/wp-json\/wp\/v2\/pages\/1215"}],"wp:attachment":[{"href":"https:\/\/salonamat.com\/index.php\/wp-json\/wp\/v2\/media?parent=974"}],"wp:term":[{"taxonomy":"category","embeddable":true,"href":"https:\/\/salonamat.com\/index.php\/wp-json\/wp\/v2\/categories?post=974"},{"taxonomy":"post_tag","embeddable":true,"href":"https:\/\/salonamat.com\/index.php\/wp-json\/wp\/v2\/tags?post=974"}],"curies":[{"name":"wp","href":"https:\/\/api.w.org\/{rel}","templated":true}]}}