{"id":969,"date":"2015-12-24T11:37:32","date_gmt":"2015-12-24T11:37:32","guid":{"rendered":"http:\/\/salongeatra.com\/?page_id=969"},"modified":"2015-12-27T18:21:49","modified_gmt":"2015-12-27T18:21:49","slug":"tintex","status":"publish","type":"page","link":"https:\/\/salonamat.com\/index.php\/collections\/tissus\/tintex\/","title":{"rendered":"TINTEX"},"content":{"rendered":"<div class=\"entry-content\">\n<p>Fabricant portugais de maille circulaire, unie, fantaisie, jacquard, sp\u00e9cialis\u00e9 dans le tencel et m\u00e9langes.<\/p>\n<\/div>\n<div class=\"entry-content\">\n<p>Femme.<\/p>\n<p>Minima : 50 Mt<\/p>\n<p>Tencel, m\u00e9langes.<\/p>\n<\/div>\n<p align=\"LEFT\">Repr\u00e9sent\u00e9 par <a href=\"http:\/\/salonamat.com\/index.php\/agents\/marc-cazelles\/\">Marc Cazelles<\/a>.<\/p>\n<p class=\"jetpack-slideshow-noscript robots-nocontent\">Ce diaporama n\u00e9cessite JavaScript.<\/p><div id=\"gallery-969-1-slideshow\" class=\"jetpack-slideshow-window jetpack-slideshow jetpack-slideshow-black\" data-trans=\"fade\" data-autostart=\"1\" data-gallery=\"[{&quot;src&quot;:&quot;https:\\\/\\\/i0.wp.com\\\/salonamat.com\\\/wp-content\\\/uploads\\\/2015\\\/12\\\/MARC-TINTEX-1.jpg?fit=720%2C480\\u0026ssl=1&quot;,&quot;id&quot;:&quot;497&quot;,&quot;title&quot;:&quot;MARC-TINTEX&quot;,&quot;alt&quot;:&quot;&quot;,&quot;caption&quot;:&quot;&quot;,&quot;itemprop&quot;:&quot;image&quot;}]\" itemscope itemtype=\"https:\/\/schema.org\/ImageGallery\"><\/div>\n","protected":false},"excerpt":{"rendered":"<p>Fabricant portugais de maille circulaire, unie, fantaisie, jacquard, sp\u00e9cialis\u00e9 dans le tencel et m\u00e9langes. Femme. Minima : 50 Mt Tencel, m\u00e9langes. Repr\u00e9sent\u00e9 par Marc Cazelles. <a href=\"https:\/\/salonamat.com\/index.php\/collections\/tissus\/tintex\/\" class=\"more-link\">Continuer de lire <span class=\"screen-reader-text\">TINTEX<\/span><\/a><\/p>\n","protected":false},"author":2,"featured_media":0,"parent":1215,"menu_order":0,"comment_status":"closed","ping_status":"closed","template":"","meta":{"spay_email":""},"categories":[24,109,110,35,39,43,134,46],"tags":[],"jetpack_sharing_enabled":true,"jetpack_shortlink":"https:\/\/wp.me\/P7346W-fD","jetpack-related-posts":[{"id":4787,"url":"https:\/\/salonamat.com\/index.php\/collections\/tissus\/murtra-2\/","url_meta":{"origin":969,"position":0},"title":"MURTRA","date":"janvier 2, 2023","format":false,"excerpt":"Espagne Pr\u00eat \u00e0 porter f\u00e9minin Minima: Pas de minimum sur les qualit\u00e9s en stock Repr\u00e9sent\u00e9e par Philippe CAZELLES","rel":"","context":"Dans &quot;ac\u00e9tate&quot;","img":{"alt_text":"","src":"https:\/\/i0.wp.com\/salonamat.com\/wp-content\/uploads\/2023\/01\/murtra-2.jpeg?resize=350%2C200&ssl=1","width":350,"height":200},"classes":[]},{"id":825,"url":"https:\/\/salonamat.com\/index.php\/collections\/tissus\/telatex\/","url_meta":{"origin":969,"position":1},"title":"TELATEX","date":"d\u00e9cembre 22, 2015","format":false,"excerpt":"Fabricant fran\u00e7ais de tissus cha\u00eene-et-trame naturels. PAT, teints, imprim\u00e9s, jacquards. Femme, homme, enfant, sportswear. Coton, laine, viscose, lin, m\u00e9langes. Minimum de commande: 300M + stock service Repr\u00e9sent\u00e9 par Laetitia CORGER.","rel":"","context":"Dans &quot;ameublement&quot;","img":{"alt_text":"","src":"https:\/\/i0.wp.com\/salonamat.com\/wp-content\/uploads\/2023\/05\/TELATEX1.jpg?resize=350%2C200&ssl=1","width":350,"height":200},"classes":[]},{"id":624,"url":"https:\/\/salonamat.com\/index.php\/collections\/tissus\/kbc\/","url_meta":{"origin":969,"position":2},"title":"KBC","date":"d\u00e9cembre 18, 2015","format":false,"excerpt":"Imprimeur Allemand cha\u00eene-et-trame et maille. Femme, enfant. Coton, viscose, soie, polyester, lin, m\u00e9langes... Repr\u00e9sent\u00e9 par Paul Mestrallet.","rel":"","context":"Dans &quot;cha\u00eene et trame&quot;","img":{"alt_text":"","src":"https:\/\/i0.wp.com\/salonamat.com\/wp-content\/uploads\/2015\/12\/GAELLE-KBC-1.jpg?resize=350%2C200","width":350,"height":200},"classes":[]},{"id":1786,"url":"https:\/\/salonamat.com\/index.php\/collections\/tissus\/espunto\/","url_meta":{"origin":969,"position":3},"title":"ESPUNTO","date":"d\u00e9cembre 28, 2015","format":false,"excerpt":"Fabricant espagnol de maille fine jauge. Minima : 300 Mt. \/ pi\u00e8ce type 50 Mt. Femme, homme, enfant. Polyamide, micro modal, coton, polyester, m\u00e9langes. Repr\u00e9sent\u00e9 par Armelle Blettner.","rel":"","context":"Dans &quot;coton&quot;","img":{"alt_text":"","src":"https:\/\/i0.wp.com\/salonamat.com\/wp-content\/uploads\/2015\/12\/GUY-ESPUNTO-1.jpg?resize=350%2C200","width":350,"height":200},"classes":[]},{"id":3976,"url":"https:\/\/salonamat.com\/index.php\/collections\/tissus\/my-way\/","url_meta":{"origin":969,"position":4},"title":"MY WAY","date":"d\u00e9cembre 28, 2021","format":false,"excerpt":"Importateur europ\u00e9en de tissus cha\u00eene et trame, maille et broderies PAP Femme Grande Diffusion Pas de minimum Compositions\u00a0: polyester, polyamide, coton, viscose, lin et m\u00e9langes Repr\u00e9sent\u00e9 par Sylvie BUSSEUIL.","rel":"","context":"Dans &quot;cha\u00eene et trame&quot;","img":{"alt_text":"","src":"https:\/\/i0.wp.com\/salonamat.com\/wp-content\/uploads\/2021\/12\/MY-WAY-1.jpg?resize=350%2C200&ssl=1","width":350,"height":200},"classes":[]},{"id":2019,"url":"https:\/\/salonamat.com\/index.php\/collections\/tissus\/modastyle\/","url_meta":{"origin":969,"position":5},"title":"MODASTYLE","date":"mai 3, 2016","format":false,"excerpt":"Fabricant fran\u00e7ais de tissus maille. Unis, imprim\u00e9s sur jersey, r\u00e9silles... Minima : 300 Mt. Compositions : coton, polyester, m\u00e9langes, viscose\/\u00e9lasthanne, poly-coton. Repr\u00e9sent\u00e9 par Mehdi Lagrou.","rel":"","context":"Dans &quot;coton&quot;","img":{"alt_text":"","src":"https:\/\/i0.wp.com\/salonamat.com\/wp-content\/uploads\/2016\/05\/MEDHI-MODASTYLE.jpg?resize=350%2C200","width":350,"height":200},"classes":[]}],"_links":{"self":[{"href":"https:\/\/salonamat.com\/index.php\/wp-json\/wp\/v2\/pages\/969"}],"collection":[{"href":"https:\/\/salonamat.com\/index.php\/wp-json\/wp\/v2\/pages"}],"about":[{"href":"https:\/\/salonamat.com\/index.php\/wp-json\/wp\/v2\/types\/page"}],"author":[{"embeddable":true,"href":"https:\/\/salonamat.com\/index.php\/wp-json\/wp\/v2\/users\/2"}],"replies":[{"embeddable":true,"href":"https:\/\/salonamat.com\/index.php\/wp-json\/wp\/v2\/comments?post=969"}],"version-history":[{"count":1,"href":"https:\/\/salonamat.com\/index.php\/wp-json\/wp\/v2\/pages\/969\/revisions"}],"predecessor-version":[{"id":1660,"href":"https:\/\/salonamat.com\/index.php\/wp-json\/wp\/v2\/pages\/969\/revisions\/1660"}],"up":[{"embeddable":true,"href":"https:\/\/salonamat.com\/index.php\/wp-json\/wp\/v2\/pages\/1215"}],"wp:attachment":[{"href":"https:\/\/salonamat.com\/index.php\/wp-json\/wp\/v2\/media?parent=969"}],"wp:term":[{"taxonomy":"category","embeddable":true,"href":"https:\/\/salonamat.com\/index.php\/wp-json\/wp\/v2\/categories?post=969"},{"taxonomy":"post_tag","embeddable":true,"href":"https:\/\/salonamat.com\/index.php\/wp-json\/wp\/v2\/tags?post=969"}],"curies":[{"name":"wp","href":"https:\/\/api.w.org\/{rel}","templated":true}]}}