{"id":935,"date":"2015-12-24T10:36:15","date_gmt":"2015-12-24T10:36:15","guid":{"rendered":"http:\/\/salongeatra.com\/?page_id=935"},"modified":"2015-12-27T17:23:57","modified_gmt":"2015-12-27T17:23:57","slug":"piemme-boutons","status":"publish","type":"page","link":"https:\/\/salonamat.com\/index.php\/collections\/accessoires\/piemme-boutons\/","title":{"rendered":"PIEMME BOUTONS"},"content":{"rendered":"<div class=\"entry-content\">\n<p>Fabricant italien de boutons.<\/p>\n<p>Pas de minima.<\/p>\n<\/div>\n<div class=\"entry-content\">\n<p>Homme, femme, enfant.<\/p>\n<p>Toutes compositions.<\/p>\n<\/div>\n<p align=\"LEFT\">Repr\u00e9sent\u00e9 par <a href=\"http:\/\/salonamat.com\/index.php\/agents\/philippe-berlande\/\">Philippe Berlande<\/a>.<\/p>\n","protected":false},"excerpt":{"rendered":"<p>Fabricant italien de boutons. Pas de minima. Homme, femme, enfant. Toutes compositions. Repr\u00e9sent\u00e9 par Philippe Berlande. <a href=\"https:\/\/salonamat.com\/index.php\/collections\/accessoires\/piemme-boutons\/\" class=\"more-link\">Continuer de lire <span class=\"screen-reader-text\">PIEMME BOUTONS<\/span><\/a><\/p>\n","protected":false},"author":2,"featured_media":0,"parent":1216,"menu_order":0,"comment_status":"closed","ping_status":"closed","template":"","meta":{"spay_email":""},"categories":[2,7,21,24,28,47],"tags":[],"jetpack_sharing_enabled":true,"jetpack_shortlink":"https:\/\/wp.me\/P7346W-f5","jetpack-related-posts":[{"id":1108,"url":"https:\/\/salonamat.com\/index.php\/collections\/accessoires\/corne-corozo\/","url_meta":{"origin":935,"position":0},"title":"CORNE &#038; COROZO","date":"d\u00e9cembre 25, 2015","format":false,"excerpt":"Fabricant fran\u00e7ais de boutons. Pas de minima. Femme, homme, enfant. Toutes compositions. Repr\u00e9sent\u00e9 par Mehdi Lagrou.","rel":"","context":"Dans &quot;accessoires&quot;","img":{"alt_text":"","src":"","width":0,"height":0},"classes":[]},{"id":1782,"url":"https:\/\/salonamat.com\/index.php\/collections\/accessoires\/seram-dge\/","url_meta":{"origin":935,"position":1},"title":"SERAM \/ DGE","date":"d\u00e9cembre 28, 2015","format":false,"excerpt":"Fabricant fran\u00e7ais d'accessoires pour le pr\u00eat-\u00e0-porter et la lingerie. Minima : 100 Pcs. Femme, enfant. Toutes compositions. Repr\u00e9sent\u00e9 par Guy Londiveau.","rel":"","context":"Dans &quot;accessoires&quot;","img":{"alt_text":"","src":"https:\/\/i0.wp.com\/salonamat.com\/wp-content\/uploads\/2015\/12\/GUY-SERAM-DGE-1.jpg?resize=350%2C200","width":350,"height":200},"classes":[]},{"id":2079,"url":"https:\/\/salonamat.com\/index.php\/collections\/accessoires\/tacchini\/","url_meta":{"origin":935,"position":2},"title":"TACCHINI","date":"mai 3, 2016","format":false,"excerpt":"Fabricant italien de boutons, boucles, anneaux. Homme, Femme, Enfant. Acrylique, bois, corne, corozo, cuir, galastil, m\u00e9tal, nacre, nylon, polyamide, polyester, r\u00e9sine, soie, zamac... Repr\u00e9sent\u00e9 par V\u00e9ronique P\u00e9pin Bolliet.","rel":"","context":"Dans &quot;accessoires&quot;","img":{"alt_text":"","src":"https:\/\/i0.wp.com\/salonamat.com\/wp-content\/uploads\/2016\/05\/VERONIQUE-TACCHINI.jpg?resize=350%2C200","width":350,"height":200},"classes":[]},{"id":10110,"url":"https:\/\/salonamat.com\/index.php\/collections\/accessoires\/disgosa\/","url_meta":{"origin":935,"position":3},"title":"DISGOSA","date":"octobre 29, 2025","format":false,"excerpt":"Fabricant espagnol de boutons \u00e0 coudre et accessoires. Tarifs entr\u00e9e de gamme. Femme, homme, enfant. Polyester, nacre, nylon, nylon m\u00e9tal, corne, corozo, bois, cuir lavable. Repr\u00e9sent\u00e9 par Armelle Blettner et Anne Jouve.","rel":"","context":"Dans &quot;accessoires&quot;","img":{"alt_text":"","src":"","width":0,"height":0},"classes":[]},{"id":10111,"url":"https:\/\/salonamat.com\/index.php\/collections\/accessoires\/nemark\/","url_meta":{"origin":935,"position":4},"title":"NEMARK","date":"octobre 29, 2025","format":false,"excerpt":"Fabricant espagnol de boutons \u00e0 coudre et accessoires. Tarifs entr\u00e9e de gamme. Femme, homme, enfant. Polyester, nacre, nylon, nylon m\u00e9tal, corne, corozo, bois, cuir lavable. Repr\u00e9sent\u00e9 par Armelle Blettner et Anne Jouve.","rel":"","context":"Dans &quot;accessoires&quot;","img":{"alt_text":"","src":"","width":0,"height":0},"classes":[]},{"id":885,"url":"https:\/\/salonamat.com\/index.php\/collections\/accessoires\/sandra-b\/","url_meta":{"origin":935,"position":5},"title":"SANDRA B.","date":"d\u00e9cembre 22, 2015","format":false,"excerpt":"Fabricant italien de boutons \u00e0 coudre, boucles et accessoires divers. Pas de minima. Gravure laser Femme, homme, enfant. M\u00e9tal, nacre, corozo, polyester, nylon, corne. Repr\u00e9sent\u00e9 par Paul Mestrallet.","rel":"","context":"Dans &quot;accessoires&quot;","img":{"alt_text":"","src":"https:\/\/i0.wp.com\/salonamat.com\/wp-content\/uploads\/2015\/12\/GILLES-SANDRA-B-1.jpg?resize=350%2C200","width":350,"height":200},"classes":[]}],"_links":{"self":[{"href":"https:\/\/salonamat.com\/index.php\/wp-json\/wp\/v2\/pages\/935"}],"collection":[{"href":"https:\/\/salonamat.com\/index.php\/wp-json\/wp\/v2\/pages"}],"about":[{"href":"https:\/\/salonamat.com\/index.php\/wp-json\/wp\/v2\/types\/page"}],"author":[{"embeddable":true,"href":"https:\/\/salonamat.com\/index.php\/wp-json\/wp\/v2\/users\/2"}],"replies":[{"embeddable":true,"href":"https:\/\/salonamat.com\/index.php\/wp-json\/wp\/v2\/comments?post=935"}],"version-history":[{"count":1,"href":"https:\/\/salonamat.com\/index.php\/wp-json\/wp\/v2\/pages\/935\/revisions"}],"predecessor-version":[{"id":1624,"href":"https:\/\/salonamat.com\/index.php\/wp-json\/wp\/v2\/pages\/935\/revisions\/1624"}],"up":[{"embeddable":true,"href":"https:\/\/salonamat.com\/index.php\/wp-json\/wp\/v2\/pages\/1216"}],"wp:attachment":[{"href":"https:\/\/salonamat.com\/index.php\/wp-json\/wp\/v2\/media?parent=935"}],"wp:term":[{"taxonomy":"category","embeddable":true,"href":"https:\/\/salonamat.com\/index.php\/wp-json\/wp\/v2\/categories?post=935"},{"taxonomy":"post_tag","embeddable":true,"href":"https:\/\/salonamat.com\/index.php\/wp-json\/wp\/v2\/tags?post=935"}],"curies":[{"name":"wp","href":"https:\/\/api.w.org\/{rel}","templated":true}]}}