{"id":900,"date":"2015-12-23T16:08:38","date_gmt":"2015-12-23T16:08:38","guid":{"rendered":"http:\/\/salongeatra.com\/?page_id=900"},"modified":"2016-05-03T14:30:35","modified_gmt":"2016-05-03T14:30:35","slug":"gallus","status":"publish","type":"page","link":"https:\/\/salonamat.com\/index.php\/collections\/tissus\/gallus\/","title":{"rendered":"GALLUS"},"content":{"rendered":"<div class=\"entry-content\">\n<p>Fabricant italien d&#8217;unis et d&#8217;imprim\u00e9s.<\/p>\n<p>Minima : 500 mt<\/p>\n<\/div>\n<div class=\"entry-content\">\n<p>Femme.<\/p>\n<p>Toutes compositions.<\/p>\n<\/div>\n<p align=\"LEFT\">Repr\u00e9sent\u00e9 par <a href=\"http:\/\/salonamat.com\/index.php\/agents\/philippe-berlande\/\">Philippe Berlande<\/a>.<\/p>\n<p class=\"jetpack-slideshow-noscript robots-nocontent\">Ce diaporama n\u00e9cessite JavaScript.<\/p><div id=\"gallery-900-1-slideshow\" class=\"jetpack-slideshow-window jetpack-slideshow jetpack-slideshow-black\" data-trans=\"fade\" data-autostart=\"1\" data-gallery=\"[{&quot;src&quot;:&quot;https:\\\/\\\/i0.wp.com\\\/salonamat.com\\\/wp-content\\\/uploads\\\/2015\\\/12\\\/PHILIPPE-GALLUS.jpg?fit=720%2C480\\u0026ssl=1&quot;,&quot;id&quot;:&quot;1518&quot;,&quot;title&quot;:&quot;PHILIPPE-GALLUS&quot;,&quot;alt&quot;:&quot;&quot;,&quot;caption&quot;:&quot;&quot;,&quot;itemprop&quot;:&quot;image&quot;},{&quot;src&quot;:&quot;https:\\\/\\\/i0.wp.com\\\/salonamat.com\\\/wp-content\\\/uploads\\\/2016\\\/05\\\/PHILIPPE-GALLUS-2.jpg?fit=720%2C480\\u0026ssl=1&quot;,&quot;id&quot;:&quot;1992&quot;,&quot;title&quot;:&quot;PHILIPPE-GALLUS-2&quot;,&quot;alt&quot;:&quot;&quot;,&quot;caption&quot;:&quot;&quot;,&quot;itemprop&quot;:&quot;image&quot;}]\" itemscope itemtype=\"https:\/\/schema.org\/ImageGallery\"><\/div>\n","protected":false},"excerpt":{"rendered":"<p>Fabricant italien d&#8217;unis et d&#8217;imprim\u00e9s. Minima : 500 mt Femme. Toutes compositions. Repr\u00e9sent\u00e9 par Philippe Berlande. <a href=\"https:\/\/salonamat.com\/index.php\/collections\/tissus\/gallus\/\" class=\"more-link\">Continuer de lire <span class=\"screen-reader-text\">GALLUS<\/span><\/a><\/p>\n","protected":false},"author":2,"featured_media":0,"parent":1215,"menu_order":0,"comment_status":"closed","ping_status":"closed","template":"","meta":{"spay_email":""},"categories":[73,24,93,35,39,46,49],"tags":[],"jetpack_sharing_enabled":true,"jetpack_shortlink":"https:\/\/wp.me\/P7346W-ew","jetpack-related-posts":[{"id":927,"url":"https:\/\/salonamat.com\/index.php\/collections\/tissus\/deniertex\/","url_meta":{"origin":900,"position":0},"title":"DENIERTEX","date":"d\u00e9cembre 24, 2015","format":false,"excerpt":"Importateur espagnol tous tissus Pas de minima. Femme. Toutes compositions. Repr\u00e9sent\u00e9 par Philippe Berlande.","rel":"","context":"Dans &quot;cha\u00eene et trame&quot;","img":{"alt_text":"","src":"https:\/\/i0.wp.com\/salonamat.com\/wp-content\/uploads\/2015\/12\/PHILIPPE-DENIERTEX.jpg?resize=350%2C200","width":350,"height":200},"classes":[]},{"id":991,"url":"https:\/\/salonamat.com\/index.php\/collections\/tissus\/intesa\/","url_meta":{"origin":900,"position":1},"title":"INTESA","date":"d\u00e9cembre 24, 2015","format":false,"excerpt":"Fabricant italien de tissus cha\u00eene-et-trame, maille, fantaisie, imprim\u00e9s, jacquards, basiques, dentelles. Minima : 1 pi\u00e8ce sur stock Femme. Toutes compositions. Repr\u00e9sent\u00e9 par V\u00e9ronique P\u00e9pin Bolliet.","rel":"","context":"Dans &quot;cha\u00eene et trame&quot;","img":{"alt_text":"","src":"https:\/\/i0.wp.com\/salonamat.com\/wp-content\/uploads\/2015\/12\/VERONIQUE-INTESA-1.jpg?resize=350%2C200","width":350,"height":200},"classes":[]},{"id":896,"url":"https:\/\/salonamat.com\/index.php\/collections\/tissus\/arella\/","url_meta":{"origin":900,"position":2},"title":"ARELLA","date":"d\u00e9cembre 23, 2015","format":false,"excerpt":"Fabricant italien d'imprim\u00e9s. Minima : 200 mt Femme. Toutes compositions. Repr\u00e9sent\u00e9 par Philippe Berlande.","rel":"","context":"Dans &quot;cha\u00eene et trame&quot;","img":{"alt_text":"","src":"https:\/\/i0.wp.com\/salonamat.com\/wp-content\/uploads\/2015\/12\/PHILIPPE-ARELLA.jpg?resize=350%2C200","width":350,"height":200},"classes":[]},{"id":1074,"url":"https:\/\/salonamat.com\/index.php\/collections\/tissus\/achille-pinto\/","url_meta":{"origin":900,"position":3},"title":"ACHILLE PINTO","date":"d\u00e9cembre 25, 2015","format":false,"excerpt":"Imprimeur italien de C\u00f4me. Pas de minima. Femme, homme. Toutes compositions. Repr\u00e9sent\u00e9 par Manon Naudin.","rel":"","context":"Dans &quot;cha\u00eene et trame&quot;","img":{"alt_text":"","src":"https:\/\/i0.wp.com\/salonamat.com\/wp-content\/uploads\/2022\/06\/ACHILLE-PINTO-01.png?resize=350%2C200","width":350,"height":200},"classes":[]},{"id":827,"url":"https:\/\/salonamat.com\/index.php\/collections\/tissus\/knipidee\/","url_meta":{"origin":900,"position":4},"title":"KNIPIDEE","date":"d\u00e9cembre 22, 2015","format":false,"excerpt":"Importateur n\u00e9erlandais de tissus cha\u00eene-et-trame et maille. Minima : 15 mt sur stock. Femme, homme, enfant. Toutes compositions. Petites quantit\u00e9s. Repr\u00e9sent\u00e9 par V\u00e9ronique PEPIN BOLLIET","rel":"","context":"Dans &quot;ac\u00e9tate&quot;","img":{"alt_text":"","src":"https:\/\/i0.wp.com\/salonamat.com\/wp-content\/uploads\/2015\/12\/ANNE-KNIPIDEE-1.jpg?resize=350%2C200","width":350,"height":200},"classes":[]},{"id":1157,"url":"https:\/\/salonamat.com\/index.php\/collections\/tissus\/dutel\/","url_meta":{"origin":900,"position":5},"title":"DUTEL","date":"d\u00e9cembre 25, 2015","format":false,"excerpt":"Fabricant fran\u00e7ais de tissus jacquard cha\u00eene-et-trame teint en fil et teint en pi\u00e8ce. Minima : 150 Mt. \/ couleur. Femme. Toutes compositions.Repr\u00e9sent\u00e9 par Katy P\u00e9choux.","rel":"","context":"Dans &quot;cha\u00eene et trame&quot;","img":{"alt_text":"","src":"https:\/\/i0.wp.com\/salonamat.com\/wp-content\/uploads\/2015\/12\/BABETTE-JEAN-LOUIS-DUTEL-1.jpg?resize=350%2C200","width":350,"height":200},"classes":[]}],"_links":{"self":[{"href":"https:\/\/salonamat.com\/index.php\/wp-json\/wp\/v2\/pages\/900"}],"collection":[{"href":"https:\/\/salonamat.com\/index.php\/wp-json\/wp\/v2\/pages"}],"about":[{"href":"https:\/\/salonamat.com\/index.php\/wp-json\/wp\/v2\/types\/page"}],"author":[{"embeddable":true,"href":"https:\/\/salonamat.com\/index.php\/wp-json\/wp\/v2\/users\/2"}],"replies":[{"embeddable":true,"href":"https:\/\/salonamat.com\/index.php\/wp-json\/wp\/v2\/comments?post=900"}],"version-history":[{"count":2,"href":"https:\/\/salonamat.com\/index.php\/wp-json\/wp\/v2\/pages\/900\/revisions"}],"predecessor-version":[{"id":2047,"href":"https:\/\/salonamat.com\/index.php\/wp-json\/wp\/v2\/pages\/900\/revisions\/2047"}],"up":[{"embeddable":true,"href":"https:\/\/salonamat.com\/index.php\/wp-json\/wp\/v2\/pages\/1215"}],"wp:attachment":[{"href":"https:\/\/salonamat.com\/index.php\/wp-json\/wp\/v2\/media?parent=900"}],"wp:term":[{"taxonomy":"category","embeddable":true,"href":"https:\/\/salonamat.com\/index.php\/wp-json\/wp\/v2\/categories?post=900"},{"taxonomy":"post_tag","embeddable":true,"href":"https:\/\/salonamat.com\/index.php\/wp-json\/wp\/v2\/tags?post=900"}],"curies":[{"name":"wp","href":"https:\/\/api.w.org\/{rel}","templated":true}]}}