{"id":885,"date":"2015-12-22T17:37:05","date_gmt":"2015-12-22T17:37:05","guid":{"rendered":"http:\/\/salongeatra.com\/?page_id=885"},"modified":"2018-12-08T20:49:59","modified_gmt":"2018-12-08T20:49:59","slug":"sandra-b","status":"publish","type":"page","link":"https:\/\/salonamat.com\/index.php\/collections\/accessoires\/sandra-b\/","title":{"rendered":"SANDRA B."},"content":{"rendered":"<div class=\"entry-content\">\n<p>Fabricant italien de boutons \u00e0 coudre, boucles et accessoires divers.<\/p>\n<p>Pas de minima.<\/p>\n<\/div>\n<div class=\"entry-content\">\n<p>Gravure laser<\/p>\n<p>Femme, homme, enfant.<\/p>\n<p>M\u00e9tal, nacre, corozo, polyester, nylon, corne.<\/p>\n<\/div>\n<p align=\"LEFT\">Repr\u00e9sent\u00e9 par <a href=\"http:\/\/salonamat.com\/index.php\/agents\/paul-mestrallet\/\">Paul Mestrallet<\/a>.<\/p>\n<p class=\"jetpack-slideshow-noscript robots-nocontent\">Ce diaporama n\u00e9cessite JavaScript.<\/p><div id=\"gallery-885-1-slideshow\" class=\"jetpack-slideshow-window jetpack-slideshow jetpack-slideshow-black\" data-trans=\"fade\" data-autostart=\"1\" data-gallery=\"[{&quot;src&quot;:&quot;https:\\\/\\\/i0.wp.com\\\/salonamat.com\\\/wp-content\\\/uploads\\\/2015\\\/12\\\/GILLES-SANDRA-B-1.jpg?fit=720%2C480\\u0026ssl=1&quot;,&quot;id&quot;:&quot;465&quot;,&quot;title&quot;:&quot;GILLES-SANDRA-B&quot;,&quot;alt&quot;:&quot;&quot;,&quot;caption&quot;:&quot;&quot;,&quot;itemprop&quot;:&quot;image&quot;},{&quot;src&quot;:&quot;https:\\\/\\\/i0.wp.com\\\/salonamat.com\\\/wp-content\\\/uploads\\\/2015\\\/12\\\/JEAN-PHILIPPE-SANDRA-B-1.jpg?fit=720%2C480\\u0026ssl=1&quot;,&quot;id&quot;:&quot;480&quot;,&quot;title&quot;:&quot;JEAN-PHILIPPE-SANDRA-B&quot;,&quot;alt&quot;:&quot;&quot;,&quot;caption&quot;:&quot;&quot;,&quot;itemprop&quot;:&quot;image&quot;}]\" itemscope itemtype=\"https:\/\/schema.org\/ImageGallery\"><\/div>\n","protected":false},"excerpt":{"rendered":"<p>Fabricant italien de boutons \u00e0 coudre, boucles et accessoires divers. Pas de minima. Gravure laser Femme, homme, enfant. M\u00e9tal, nacre, corozo, polyester, nylon, corne. Repr\u00e9sent\u00e9 par Paul Mestrallet. <a href=\"https:\/\/salonamat.com\/index.php\/collections\/accessoires\/sandra-b\/\" class=\"more-link\">Continuer de lire <span class=\"screen-reader-text\">SANDRA B.<\/span><\/a><\/p>\n","protected":false},"author":2,"featured_media":0,"parent":1216,"menu_order":0,"comment_status":"closed","ping_status":"closed","template":"","meta":{"spay_email":""},"categories":[2,6,7,8,14,77,78,21,24,28,112,35,115,117,124,39,40,43],"tags":[],"jetpack_sharing_enabled":true,"jetpack_shortlink":"https:\/\/wp.me\/P7346W-eh","jetpack-related-posts":[{"id":2079,"url":"https:\/\/salonamat.com\/index.php\/collections\/accessoires\/tacchini\/","url_meta":{"origin":885,"position":0},"title":"TACCHINI","date":"mai 3, 2016","format":false,"excerpt":"Fabricant italien de boutons, boucles, anneaux. Homme, Femme, Enfant. Acrylique, bois, corne, corozo, cuir, galastil, m\u00e9tal, nacre, nylon, polyamide, polyester, r\u00e9sine, soie, zamac... Repr\u00e9sent\u00e9 par V\u00e9ronique P\u00e9pin Bolliet.","rel":"","context":"Dans &quot;accessoires&quot;","img":{"alt_text":"","src":"https:\/\/i0.wp.com\/salonamat.com\/wp-content\/uploads\/2016\/05\/VERONIQUE-TACCHINI.jpg?resize=350%2C200","width":350,"height":200},"classes":[]},{"id":802,"url":"https:\/\/salonamat.com\/index.php\/collections\/accessoires\/disboton\/","url_meta":{"origin":885,"position":1},"title":"DISBOTON","date":"d\u00e9cembre 22, 2015","format":false,"excerpt":"Fabricant espagnol de boutons \u00e0 coudre. Tarifs entr\u00e9e de gamme. Femme, homme, enfant. Polyester, nacre, nylon, nylon m\u00e9tal, corne, corozo, bois, cuir lavable. Repr\u00e9sent\u00e9 par Armelle Blettner.","rel":"","context":"Dans &quot;accessoires&quot;","img":{"alt_text":"","src":"https:\/\/i0.wp.com\/salonamat.com\/wp-content\/uploads\/2015\/12\/ARMELLE-DISBOTON-1.jpg?resize=350%2C200","width":350,"height":200},"classes":[]},{"id":10110,"url":"https:\/\/salonamat.com\/index.php\/collections\/accessoires\/disgosa\/","url_meta":{"origin":885,"position":2},"title":"DISGOSA","date":"octobre 29, 2025","format":false,"excerpt":"Fabricant espagnol de boutons \u00e0 coudre et accessoires. Tarifs entr\u00e9e de gamme. Femme, homme, enfant. Polyester, nacre, nylon, nylon m\u00e9tal, corne, corozo, bois, cuir lavable. Repr\u00e9sent\u00e9 par Armelle Blettner et Anne Jouve.","rel":"","context":"Dans &quot;accessoires&quot;","img":{"alt_text":"","src":"","width":0,"height":0},"classes":[]},{"id":10111,"url":"https:\/\/salonamat.com\/index.php\/collections\/accessoires\/nemark\/","url_meta":{"origin":885,"position":3},"title":"NEMARK","date":"octobre 29, 2025","format":false,"excerpt":"Fabricant espagnol de boutons \u00e0 coudre et accessoires. Tarifs entr\u00e9e de gamme. Femme, homme, enfant. Polyester, nacre, nylon, nylon m\u00e9tal, corne, corozo, bois, cuir lavable. Repr\u00e9sent\u00e9 par Armelle Blettner et Anne Jouve.","rel":"","context":"Dans &quot;accessoires&quot;","img":{"alt_text":"","src":"","width":0,"height":0},"classes":[]},{"id":4749,"url":"https:\/\/salonamat.com\/index.php\/collections\/accessoires\/metalbottoni\/","url_meta":{"origin":885,"position":4},"title":"METALBOTTONI","date":"janvier 2, 2023","format":false,"excerpt":"Italie Fabricant italien d'articles m\u00e9tallique Boutons \/ rivets\/ boucles... Minima: 1 000 pi\u00e8ces Repr\u00e9sent\u00e9 par Philippe CAZELLES","rel":"","context":"Dans &quot;accessoires&quot;","img":{"alt_text":"","src":"","width":0,"height":0},"classes":[]},{"id":2740,"url":"https:\/\/salonamat.com\/index.php\/collections\/accessoires\/vip-design\/","url_meta":{"origin":885,"position":5},"title":"VIP DESIGN","date":"janvier 3, 2020","format":false,"excerpt":"Fabricant allemand de boutons. www.vip-design.de Soci\u00e9t\u00e9 repr\u00e9sent\u00e9e par Olivier Amblard et Gilles Cannat.","rel":"","context":"Dans &quot;accessoires&quot;","img":{"alt_text":"","src":"https:\/\/i0.wp.com\/salonamat.com\/wp-content\/uploads\/2023\/03\/Vip-Design-1.jpg?resize=350%2C200&ssl=1","width":350,"height":200},"classes":[]}],"_links":{"self":[{"href":"https:\/\/salonamat.com\/index.php\/wp-json\/wp\/v2\/pages\/885"}],"collection":[{"href":"https:\/\/salonamat.com\/index.php\/wp-json\/wp\/v2\/pages"}],"about":[{"href":"https:\/\/salonamat.com\/index.php\/wp-json\/wp\/v2\/types\/page"}],"author":[{"embeddable":true,"href":"https:\/\/salonamat.com\/index.php\/wp-json\/wp\/v2\/users\/2"}],"replies":[{"embeddable":true,"href":"https:\/\/salonamat.com\/index.php\/wp-json\/wp\/v2\/comments?post=885"}],"version-history":[{"count":4,"href":"https:\/\/salonamat.com\/index.php\/wp-json\/wp\/v2\/pages\/885\/revisions"}],"predecessor-version":[{"id":2489,"href":"https:\/\/salonamat.com\/index.php\/wp-json\/wp\/v2\/pages\/885\/revisions\/2489"}],"up":[{"embeddable":true,"href":"https:\/\/salonamat.com\/index.php\/wp-json\/wp\/v2\/pages\/1216"}],"wp:attachment":[{"href":"https:\/\/salonamat.com\/index.php\/wp-json\/wp\/v2\/media?parent=885"}],"wp:term":[{"taxonomy":"category","embeddable":true,"href":"https:\/\/salonamat.com\/index.php\/wp-json\/wp\/v2\/categories?post=885"},{"taxonomy":"post_tag","embeddable":true,"href":"https:\/\/salonamat.com\/index.php\/wp-json\/wp\/v2\/tags?post=885"}],"curies":[{"name":"wp","href":"https:\/\/api.w.org\/{rel}","templated":true}]}}