{"id":825,"date":"2015-12-22T15:26:42","date_gmt":"2015-12-22T15:26:42","guid":{"rendered":"http:\/\/salongeatra.com\/?page_id=825"},"modified":"2023-05-11T13:38:41","modified_gmt":"2023-05-11T13:38:41","slug":"telatex","status":"publish","type":"page","link":"https:\/\/salonamat.com\/index.php\/collections\/tissus\/telatex\/","title":{"rendered":"TELATEX"},"content":{"rendered":"<div data-carousel-extra='{\"blog_id\":1,\"permalink\":\"https:\\\/\\\/salonamat.com\\\/index.php\\\/collections\\\/tissus\\\/telatex\\\/\"}' class=\"entry-content\">\n<p>Fabricant fran\u00e7ais de tissus cha\u00eene-et-trame naturels.<\/p>\n<p>PAT, teints, imprim\u00e9s, jacquards.<\/p>\n<p>Femme, homme, enfant, sportswear.<\/p>\n<p>Coton, laine, viscose, lin, m\u00e9langes.<\/p>\n<p>Minimum de commande: 300M + stock service<\/p>\n<\/div>\n<p align=\"LEFT\">Repr\u00e9sent\u00e9 par<a href=\"https:\/\/salonamat.com\/index.php\/agents\/laetitia-corger\/\"> Laetitia CORGER<\/a>.<\/p>\n\n\n<figure data-carousel-extra='{\"blog_id\":1,\"permalink\":\"https:\\\/\\\/salonamat.com\\\/index.php\\\/collections\\\/tissus\\\/telatex\\\/\"}'   class=\"wp-block-gallery has-nested-images columns-default is-cropped wp-block-gallery-1 is-layout-flex\">\n<figure class=\"wp-block-image size-large\"><img data-attachment-id=\"5286\" data-permalink=\"https:\/\/salonamat.com\/index.php\/collections\/tissus\/telatex\/telatex1\/\" data-orig-file=\"https:\/\/i0.wp.com\/salonamat.com\/wp-content\/uploads\/2023\/05\/TELATEX1.jpg?fit=496%2C201&amp;ssl=1\" data-orig-size=\"496,201\" data-comments-opened=\"1\" data-image-meta=\"{&quot;aperture&quot;:&quot;0&quot;,&quot;credit&quot;:&quot;&quot;,&quot;camera&quot;:&quot;&quot;,&quot;caption&quot;:&quot;&quot;,&quot;created_timestamp&quot;:&quot;0&quot;,&quot;copyright&quot;:&quot;&quot;,&quot;focal_length&quot;:&quot;0&quot;,&quot;iso&quot;:&quot;0&quot;,&quot;shutter_speed&quot;:&quot;0&quot;,&quot;title&quot;:&quot;&quot;,&quot;orientation&quot;:&quot;0&quot;}\" data-image-title=\"TELATEX1\" data-image-description=\"\" data-image-caption=\"\" data-medium-file=\"https:\/\/i0.wp.com\/salonamat.com\/wp-content\/uploads\/2023\/05\/TELATEX1.jpg?fit=300%2C122&amp;ssl=1\" data-large-file=\"https:\/\/i0.wp.com\/salonamat.com\/wp-content\/uploads\/2023\/05\/TELATEX1.jpg?fit=496%2C201&amp;ssl=1\" decoding=\"async\" loading=\"lazy\" width=\"496\" height=\"201\" data-id=\"5286\"  src=\"https:\/\/i0.wp.com\/salonamat.com\/wp-content\/uploads\/2023\/05\/TELATEX1.jpg?resize=496%2C201\" alt=\"\" class=\"wp-image-5286\" srcset=\"https:\/\/i0.wp.com\/salonamat.com\/wp-content\/uploads\/2023\/05\/TELATEX1.jpg?w=496&amp;ssl=1 496w, https:\/\/i0.wp.com\/salonamat.com\/wp-content\/uploads\/2023\/05\/TELATEX1.jpg?resize=300%2C122&amp;ssl=1 300w, https:\/\/i0.wp.com\/salonamat.com\/wp-content\/uploads\/2023\/05\/TELATEX1.jpg?resize=222%2C90&amp;ssl=1 222w\" sizes=\"(max-width: 496px) 100vw, 496px\" data-recalc-dims=\"1\" \/><\/figure>\n\n\n\n<figure class=\"wp-block-image size-large\"><img data-attachment-id=\"5287\" data-permalink=\"https:\/\/salonamat.com\/index.php\/collections\/tissus\/telatex\/telatex2\/\" data-orig-file=\"https:\/\/i0.wp.com\/salonamat.com\/wp-content\/uploads\/2023\/05\/telatex2.jpg?fit=512%2C384&amp;ssl=1\" data-orig-size=\"512,384\" data-comments-opened=\"1\" data-image-meta=\"{&quot;aperture&quot;:&quot;0&quot;,&quot;credit&quot;:&quot;&quot;,&quot;camera&quot;:&quot;&quot;,&quot;caption&quot;:&quot;&quot;,&quot;created_timestamp&quot;:&quot;0&quot;,&quot;copyright&quot;:&quot;&quot;,&quot;focal_length&quot;:&quot;0&quot;,&quot;iso&quot;:&quot;0&quot;,&quot;shutter_speed&quot;:&quot;0&quot;,&quot;title&quot;:&quot;&quot;,&quot;orientation&quot;:&quot;0&quot;}\" data-image-title=\"telatex2\" data-image-description=\"\" data-image-caption=\"\" data-medium-file=\"https:\/\/i0.wp.com\/salonamat.com\/wp-content\/uploads\/2023\/05\/telatex2.jpg?fit=300%2C225&amp;ssl=1\" data-large-file=\"https:\/\/i0.wp.com\/salonamat.com\/wp-content\/uploads\/2023\/05\/telatex2.jpg?fit=512%2C384&amp;ssl=1\" decoding=\"async\" loading=\"lazy\" width=\"512\" height=\"384\" data-id=\"5287\"  src=\"https:\/\/i0.wp.com\/salonamat.com\/wp-content\/uploads\/2023\/05\/telatex2.jpg?resize=512%2C384\" alt=\"\" class=\"wp-image-5287\" srcset=\"https:\/\/i0.wp.com\/salonamat.com\/wp-content\/uploads\/2023\/05\/telatex2.jpg?w=512&amp;ssl=1 512w, https:\/\/i0.wp.com\/salonamat.com\/wp-content\/uploads\/2023\/05\/telatex2.jpg?resize=300%2C225&amp;ssl=1 300w, https:\/\/i0.wp.com\/salonamat.com\/wp-content\/uploads\/2023\/05\/telatex2.jpg?resize=120%2C90&amp;ssl=1 120w\" sizes=\"(max-width: 512px) 100vw, 512px\" data-recalc-dims=\"1\" \/><\/figure>\n<\/figure>\n","protected":false},"excerpt":{"rendered":"<p>Fabricant fran\u00e7ais de tissus cha\u00eene-et-trame naturels. PAT, teints, imprim\u00e9s, jacquards. Femme, homme, enfant, sportswear. Coton, laine, viscose, lin, m\u00e9langes. Minimum de commande: 300M + stock service Repr\u00e9sent\u00e9 par Laetitia CORGER. <a href=\"https:\/\/salonamat.com\/index.php\/collections\/tissus\/telatex\/\" class=\"more-link\">Continuer de lire <span class=\"screen-reader-text\">TELATEX<\/span><\/a><\/p>\n","protected":false},"author":3,"featured_media":0,"parent":1215,"menu_order":0,"comment_status":"closed","ping_status":"closed","template":"","meta":{"spay_email":""},"categories":[176,201,73,179,79,190,84,21,87,24,147,28,93,144,100,110,35,191,168,123,199,186,39,128,175,177,43,44,134,46,154,50,53,196,195],"tags":[],"jetpack_sharing_enabled":true,"jetpack_shortlink":"https:\/\/wp.me\/P7346W-dj","jetpack-related-posts":[{"id":5280,"url":"https:\/\/salonamat.com\/index.php\/collections\/tissus\/tejidos-rebes\/","url_meta":{"origin":825,"position":0},"title":"TEJIDOS REBES","date":"mai 11, 2023","format":false,"excerpt":"Espagne Chaine & trame uni et imprim\u00e9 (tiss\u00e9 teint, teinture, impressions num\u00e9riques et rotatives) Coton \/ viscose \/ polyester \/ lin\u00a0 PAP homme \/ femme \/ enfant \/ v\u00eatements de travail \/ d\u00e9coration int\u00e9rieure MINIMUM DE COMMANDE : 50m + stock service Repr\u00e9sent\u00e9 par PAUL MESTRALLET","rel":"","context":"Dans &quot;ameublement&quot;","img":{"alt_text":"","src":"https:\/\/i0.wp.com\/salonamat.com\/wp-content\/uploads\/2023\/05\/rebes1.jpg?resize=350%2C200&ssl=1","width":350,"height":200},"classes":[]},{"id":1045,"url":"https:\/\/salonamat.com\/index.php\/collections\/tissus\/nooteboom-textiles\/","url_meta":{"origin":825,"position":1},"title":"NOOTEBOOM","date":"d\u00e9cembre 25, 2015","format":false,"excerpt":"Importateur n\u00e9erlandais de tissus fantaisie pour la confection de v\u00eatements. Pr\u00eat \u00e0 Porter F\u00e9minin, Enfant, Homme, v\u00eatement professionnel, vente au m\u00e8tre en ligne et en boutique Minimum de commande: 12 m Repr\u00e9sent\u00e9 R\u00e9mi Oddon.","rel":"","context":"Dans &quot;ameublement&quot;","img":{"alt_text":"","src":"https:\/\/i0.wp.com\/salonamat.com\/wp-content\/uploads\/2015\/12\/REMI-NOOTEBOOM-TEXTILES.jpg?resize=350%2C200","width":350,"height":200},"classes":[]},{"id":4787,"url":"https:\/\/salonamat.com\/index.php\/collections\/tissus\/murtra-2\/","url_meta":{"origin":825,"position":2},"title":"MURTRA","date":"janvier 2, 2023","format":false,"excerpt":"Espagne Pr\u00eat \u00e0 porter f\u00e9minin Minima: Pas de minimum sur les qualit\u00e9s en stock Repr\u00e9sent\u00e9e par Philippe CAZELLES","rel":"","context":"Dans &quot;ac\u00e9tate&quot;","img":{"alt_text":"","src":"https:\/\/i0.wp.com\/salonamat.com\/wp-content\/uploads\/2023\/01\/murtra-2.jpeg?resize=350%2C200&ssl=1","width":350,"height":200},"classes":[]},{"id":624,"url":"https:\/\/salonamat.com\/index.php\/collections\/tissus\/kbc\/","url_meta":{"origin":825,"position":3},"title":"KBC","date":"d\u00e9cembre 18, 2015","format":false,"excerpt":"Imprimeur Allemand cha\u00eene-et-trame et maille. Femme, enfant. Coton, viscose, soie, polyester, lin, m\u00e9langes... Repr\u00e9sent\u00e9 par Paul Mestrallet.","rel":"","context":"Dans &quot;cha\u00eene et trame&quot;","img":{"alt_text":"","src":"https:\/\/i0.wp.com\/salonamat.com\/wp-content\/uploads\/2015\/12\/GAELLE-KBC-1.jpg?resize=350%2C200","width":350,"height":200},"classes":[]},{"id":2384,"url":"https:\/\/salonamat.com\/index.php\/collections\/tissus\/trouillet\/","url_meta":{"origin":825,"position":4},"title":"TROUILLET","date":"septembre 4, 2018","format":false,"excerpt":"Fabricant fran\u00e7ais de tissus fantaisie, armur\u00e9s, tiss\u00e9s-teints, cha\u00eene et trame. Femme, Enfant Minima : 300 Mt Compositions : poly-cotons\/viscose, 100% coton, 100% viscose, viscose\/\u00e9lasthanne. Repr\u00e9sent\u00e9 par Lionel Roblet.","rel":"","context":"Dans &quot;cha\u00eene et trame&quot;","img":{"alt_text":"","src":"https:\/\/i0.wp.com\/salonamat.com\/wp-content\/uploads\/2018\/09\/LYDIE-TROUILLET-ANGIE.jpg?resize=350%2C200","width":350,"height":200},"classes":[]},{"id":4757,"url":"https:\/\/salonamat.com\/index.php\/collections\/tissus\/new-junior\/","url_meta":{"origin":825,"position":5},"title":"NEW JUNIOR","date":"janvier 2, 2023","format":false,"excerpt":"Espagne Femme\/ homme Sportswear Minima: \u00a0Pas de minimum pour le PAT, 300 mts pour le teint Repr\u00e9sent\u00e9e par Philippe CAZELLES","rel":"","context":"Dans &quot;cha\u00eene et trame&quot;","img":{"alt_text":"","src":"","width":0,"height":0},"classes":[]}],"_links":{"self":[{"href":"https:\/\/salonamat.com\/index.php\/wp-json\/wp\/v2\/pages\/825"}],"collection":[{"href":"https:\/\/salonamat.com\/index.php\/wp-json\/wp\/v2\/pages"}],"about":[{"href":"https:\/\/salonamat.com\/index.php\/wp-json\/wp\/v2\/types\/page"}],"author":[{"embeddable":true,"href":"https:\/\/salonamat.com\/index.php\/wp-json\/wp\/v2\/users\/3"}],"replies":[{"embeddable":true,"href":"https:\/\/salonamat.com\/index.php\/wp-json\/wp\/v2\/comments?post=825"}],"version-history":[{"count":4,"href":"https:\/\/salonamat.com\/index.php\/wp-json\/wp\/v2\/pages\/825\/revisions"}],"predecessor-version":[{"id":5288,"href":"https:\/\/salonamat.com\/index.php\/wp-json\/wp\/v2\/pages\/825\/revisions\/5288"}],"up":[{"embeddable":true,"href":"https:\/\/salonamat.com\/index.php\/wp-json\/wp\/v2\/pages\/1215"}],"wp:attachment":[{"href":"https:\/\/salonamat.com\/index.php\/wp-json\/wp\/v2\/media?parent=825"}],"wp:term":[{"taxonomy":"category","embeddable":true,"href":"https:\/\/salonamat.com\/index.php\/wp-json\/wp\/v2\/categories?post=825"},{"taxonomy":"post_tag","embeddable":true,"href":"https:\/\/salonamat.com\/index.php\/wp-json\/wp\/v2\/tags?post=825"}],"curies":[{"name":"wp","href":"https:\/\/api.w.org\/{rel}","templated":true}]}}