{"id":789,"date":"2015-12-22T13:28:34","date_gmt":"2015-12-22T13:28:34","guid":{"rendered":"http:\/\/salongeatra.com\/?page_id=789"},"modified":"2016-05-02T08:55:21","modified_gmt":"2016-05-02T08:55:21","slug":"lunas","status":"publish","type":"page","link":"https:\/\/salonamat.com\/index.php\/collections\/accessoires\/lunas\/","title":{"rendered":"LUNAS"},"content":{"rendered":"<div class=\"entry-content\">\n<p>Fabricant fran\u00e7ais d&#8217;accessoires textile cr\u00e9atifs.<\/p>\n<p>Motifs transfert, strass, clous, broderies, flocage sur tous supports.<\/p>\n<p>Femme, homme, enfant<\/p>\n<p>Viscose, polyester, coton, polyamide.<\/p>\n<\/div>\n<p align=\"LEFT\">Repr\u00e9sent\u00e9 par <a href=\"http:\/\/salonamat.com\/index.php\/agents\/armelle-blettner\/\">Armelle Blettner<\/a>.<\/p>\n<p class=\"jetpack-slideshow-noscript robots-nocontent\">Ce diaporama n\u00e9cessite JavaScript.<\/p><div id=\"gallery-789-1-slideshow\" class=\"jetpack-slideshow-window jetpack-slideshow jetpack-slideshow-black\" data-trans=\"fade\" data-autostart=\"1\" data-gallery=\"[{&quot;src&quot;:&quot;https:\\\/\\\/i0.wp.com\\\/salonamat.com\\\/wp-content\\\/uploads\\\/2015\\\/12\\\/ARMELLE-LUNAS-1.jpg?fit=720%2C480\\u0026ssl=1&quot;,&quot;id&quot;:&quot;377&quot;,&quot;title&quot;:&quot;ARMELLE-LUNAS&quot;,&quot;alt&quot;:&quot;&quot;,&quot;caption&quot;:&quot;&quot;,&quot;itemprop&quot;:&quot;image&quot;},{&quot;src&quot;:&quot;https:\\\/\\\/i0.wp.com\\\/salonamat.com\\\/wp-content\\\/uploads\\\/2016\\\/05\\\/ARMELLE-LUNAS-2.jpg?fit=720%2C480\\u0026ssl=1&quot;,&quot;id&quot;:&quot;1861&quot;,&quot;title&quot;:&quot;ARMELLE-LUNAS-2&quot;,&quot;alt&quot;:&quot;&quot;,&quot;caption&quot;:&quot;&quot;,&quot;itemprop&quot;:&quot;image&quot;}]\" itemscope itemtype=\"https:\/\/schema.org\/ImageGallery\"><\/div>\n","protected":false},"excerpt":{"rendered":"<p>Fabricant fran\u00e7ais d&#8217;accessoires textile cr\u00e9atifs. Motifs transfert, strass, clous, broderies, flocage sur tous supports. Femme, homme, enfant Viscose, polyester, coton, polyamide. Repr\u00e9sent\u00e9 par Armelle Blettner. <a href=\"https:\/\/salonamat.com\/index.php\/collections\/accessoires\/lunas\/\" class=\"more-link\">Continuer de lire <span class=\"screen-reader-text\">LUNAS<\/span><\/a><\/p>\n","protected":false},"author":2,"featured_media":0,"parent":1216,"menu_order":0,"comment_status":"closed","ping_status":"closed","template":"","meta":{"spay_email":""},"categories":[2,9,14,80,21,24,28,93,32,35,38,122,124,39,45,54],"tags":[],"jetpack_sharing_enabled":true,"jetpack_shortlink":"https:\/\/wp.me\/P7346W-cJ","jetpack-related-posts":[{"id":827,"url":"https:\/\/salonamat.com\/index.php\/collections\/tissus\/knipidee\/","url_meta":{"origin":789,"position":0},"title":"KNIPIDEE","date":"d\u00e9cembre 22, 2015","format":false,"excerpt":"Importateur n\u00e9erlandais de tissus cha\u00eene-et-trame et maille. Minima : 15 mt sur stock. Femme, homme, enfant. Toutes compositions. Petites quantit\u00e9s. Repr\u00e9sent\u00e9 par V\u00e9ronique PEPIN BOLLIET","rel":"","context":"Dans &quot;ac\u00e9tate&quot;","img":{"alt_text":"","src":"https:\/\/i0.wp.com\/salonamat.com\/wp-content\/uploads\/2015\/12\/ANNE-KNIPIDEE-1.jpg?resize=350%2C200","width":350,"height":200},"classes":[]},{"id":1045,"url":"https:\/\/salonamat.com\/index.php\/collections\/tissus\/nooteboom-textiles\/","url_meta":{"origin":789,"position":1},"title":"NOOTEBOOM","date":"d\u00e9cembre 25, 2015","format":false,"excerpt":"Importateur n\u00e9erlandais de tissus fantaisie pour la confection de v\u00eatements. Pr\u00eat \u00e0 Porter F\u00e9minin, Enfant, Homme, v\u00eatement professionnel, vente au m\u00e8tre en ligne et en boutique Minimum de commande: 12 m Repr\u00e9sent\u00e9 R\u00e9mi Oddon.","rel":"","context":"Dans &quot;ameublement&quot;","img":{"alt_text":"","src":"https:\/\/i0.wp.com\/salonamat.com\/wp-content\/uploads\/2015\/12\/REMI-NOOTEBOOM-TEXTILES.jpg?resize=350%2C200","width":350,"height":200},"classes":[]},{"id":4753,"url":"https:\/\/salonamat.com\/index.php\/collections\/tissus\/pontex-2\/","url_meta":{"origin":789,"position":2},"title":"PONTEX","date":"janvier 2, 2023","format":false,"excerpt":"Italien Tissus pr\u00eats \u00e0 teindre Minima: pas de minimum pour le PAT, 300 mts pour le teint Repr\u00e9sent\u00e9e par Philippe CAZELLES","rel":"","context":"Dans &quot;cha\u00eene et trame&quot;","img":{"alt_text":"","src":"https:\/\/i0.wp.com\/salonamat.com\/wp-content\/uploads\/2023\/01\/pontex-hiver.jpg?resize=350%2C200&ssl=1","width":350,"height":200},"classes":[]},{"id":4757,"url":"https:\/\/salonamat.com\/index.php\/collections\/tissus\/new-junior\/","url_meta":{"origin":789,"position":3},"title":"NEW JUNIOR","date":"janvier 2, 2023","format":false,"excerpt":"Espagne Femme\/ homme Sportswear Minima: \u00a0Pas de minimum pour le PAT, 300 mts pour le teint Repr\u00e9sent\u00e9e par Philippe CAZELLES","rel":"","context":"Dans &quot;cha\u00eene et trame&quot;","img":{"alt_text":"","src":"","width":0,"height":0},"classes":[]},{"id":1786,"url":"https:\/\/salonamat.com\/index.php\/collections\/tissus\/espunto\/","url_meta":{"origin":789,"position":4},"title":"ESPUNTO","date":"d\u00e9cembre 28, 2015","format":false,"excerpt":"Fabricant espagnol de maille fine jauge. Minima : 300 Mt. \/ pi\u00e8ce type 50 Mt. Femme, homme, enfant. Polyamide, micro modal, coton, polyester, m\u00e9langes. Repr\u00e9sent\u00e9 par Armelle Blettner.","rel":"","context":"Dans &quot;coton&quot;","img":{"alt_text":"","src":"https:\/\/i0.wp.com\/salonamat.com\/wp-content\/uploads\/2015\/12\/GUY-ESPUNTO-1.jpg?resize=350%2C200","width":350,"height":200},"classes":[]},{"id":5280,"url":"https:\/\/salonamat.com\/index.php\/collections\/tissus\/tejidos-rebes\/","url_meta":{"origin":789,"position":5},"title":"TEJIDOS REBES","date":"mai 11, 2023","format":false,"excerpt":"Espagne Chaine & trame uni et imprim\u00e9 (tiss\u00e9 teint, teinture, impressions num\u00e9riques et rotatives) Coton \/ viscose \/ polyester \/ lin\u00a0 PAP homme \/ femme \/ enfant \/ v\u00eatements de travail \/ d\u00e9coration int\u00e9rieure MINIMUM DE COMMANDE : 50m + stock service Repr\u00e9sent\u00e9 par PAUL MESTRALLET","rel":"","context":"Dans &quot;ameublement&quot;","img":{"alt_text":"","src":"https:\/\/i0.wp.com\/salonamat.com\/wp-content\/uploads\/2023\/05\/rebes1.jpg?resize=350%2C200&ssl=1","width":350,"height":200},"classes":[]}],"_links":{"self":[{"href":"https:\/\/salonamat.com\/index.php\/wp-json\/wp\/v2\/pages\/789"}],"collection":[{"href":"https:\/\/salonamat.com\/index.php\/wp-json\/wp\/v2\/pages"}],"about":[{"href":"https:\/\/salonamat.com\/index.php\/wp-json\/wp\/v2\/types\/page"}],"author":[{"embeddable":true,"href":"https:\/\/salonamat.com\/index.php\/wp-json\/wp\/v2\/users\/2"}],"replies":[{"embeddable":true,"href":"https:\/\/salonamat.com\/index.php\/wp-json\/wp\/v2\/comments?post=789"}],"version-history":[{"count":2,"href":"https:\/\/salonamat.com\/index.php\/wp-json\/wp\/v2\/pages\/789\/revisions"}],"predecessor-version":[{"id":1868,"href":"https:\/\/salonamat.com\/index.php\/wp-json\/wp\/v2\/pages\/789\/revisions\/1868"}],"up":[{"embeddable":true,"href":"https:\/\/salonamat.com\/index.php\/wp-json\/wp\/v2\/pages\/1216"}],"wp:attachment":[{"href":"https:\/\/salonamat.com\/index.php\/wp-json\/wp\/v2\/media?parent=789"}],"wp:term":[{"taxonomy":"category","embeddable":true,"href":"https:\/\/salonamat.com\/index.php\/wp-json\/wp\/v2\/categories?post=789"},{"taxonomy":"post_tag","embeddable":true,"href":"https:\/\/salonamat.com\/index.php\/wp-json\/wp\/v2\/tags?post=789"}],"curies":[{"name":"wp","href":"https:\/\/api.w.org\/{rel}","templated":true}]}}