{"id":724,"date":"2015-12-18T16:51:26","date_gmt":"2015-12-18T16:51:26","guid":{"rendered":"http:\/\/salongeatra.com\/?page_id=724"},"modified":"2015-12-30T14:09:16","modified_gmt":"2015-12-30T14:09:16","slug":"mentions-legales","status":"publish","type":"page","link":"https:\/\/salonamat.com\/index.php\/mentions-legales\/","title":{"rendered":"MENTIONS LEGALES"},"content":{"rendered":"<p>Ce site est la propri\u00e9t\u00e9 de :<\/p>\n<h2><strong>Association AMAT<br \/>\n<\/strong><\/h2>\n<p>Pr\u00e9sident : Paul MESTRALLET<\/p>\n<p>Si\u00e8ge social : Chemin du Grapon \/ 13590 MEYREUIL<br \/>\nT\u00e9l\u00e9phone : 06 08 21 32 83<br \/>\nEmail : paul.mestrallet@free.fr<\/p>\n<h2>Edition du site Internet<\/h2>\n<p>Responsable de la publication : Tom Boa Design Studio<br \/>\nConception du site internet et maintenance : Tom Boa Design Studio<\/p>\n<p><a href=\"http:\/\/www.tomboa.com\">www.tomboa.com<\/a><\/p>\n<h2>H\u00e9bergement<\/h2>\n<p><strong>OVH\u00a0SAS<\/strong><br \/>\n2 rue Kellermann \/ 59100 Roubaix &#8211; France<\/p>\n<h2>Cr\u00e9dits Photographiques<\/h2>\n<p>Thomas Boussais \/ Tom Boa Design Studio<\/p>\n<h2>Donn\u00e9es personnelles<\/h2>\n<p>Les donn\u00e9es personnelles collect\u00e9es par l&#8217;AMAT sont uniquement destin\u00e9es \u00e0 un usage interne.\u00a0En aucun cas ces donn\u00e9es ne seront vendues, c\u00e9d\u00e9es ou communiqu\u00e9es \u00e0 des tiers.<\/p>\n<p>Les messages\u00a0\u00e9lectroniques\u00a0envoy\u00e9s par le formulaire de contact ne sont ni\u00a0stock\u00e9e dans une base de donn\u00e9es ni r\u00e9utilis\u00e9e (sauf pour r\u00e9pondre \u00e0 une demande de contact).<\/p>\n<p>Conform\u00e9ment \u00e0 la l\u00e9gislation fran\u00e7aise, le site URL DU SITE est d\u00e9clar\u00e9 \u00e0 la CNIL.\u00a0<strong>Vous disposez d&#8217;un droit d&#8217;acc\u00e8s, de modification, de rectification et de suppression des donn\u00e9es qui vous concernent\u00a0(art. 34 de la loi &#8220;Informatique et Libert\u00e9s&#8221;).<\/strong><\/p>\n","protected":false},"excerpt":{"rendered":"<p>Ce site est la propri\u00e9t\u00e9 de : Association AMAT Pr\u00e9sident : Paul MESTRALLET Si\u00e8ge social : Chemin du Grapon \/ 13590 MEYREUIL T\u00e9l\u00e9phone : 06 08 21 32 83 Email : paul.mestrallet@free.fr Edition du site Internet Responsable de la publication : Tom Boa Design Studio Conception du site internet et maintenance : Tom Boa Design Studio www.tomboa.com H\u00e9bergement OVH\u00a0SAS 2 rue Kellermann \/ 59100 Roubaix &hellip; <a href=\"https:\/\/salonamat.com\/index.php\/mentions-legales\/\" class=\"more-link\">Continuer de lire <span class=\"screen-reader-text\">MENTIONS LEGALES<\/span><\/a><\/p>\n","protected":false},"author":2,"featured_media":0,"parent":0,"menu_order":0,"comment_status":"closed","ping_status":"closed","template":"","meta":{"spay_email":""},"categories":[33],"tags":[],"jetpack_sharing_enabled":true,"jetpack_shortlink":"https:\/\/wp.me\/P7346W-bG","jetpack-related-posts":[{"id":1224,"url":"https:\/\/salonamat.com\/index.php\/salons\/","url_meta":{"origin":724,"position":0},"title":"LE SALON","date":"d\u00e9cembre 14, 2015","format":false,"excerpt":"L'A.M.A.T. (Association M\u00e9ridionale d'Agents Textile) est n\u00e9 il y a de nombreuses ann\u00e9es de l\u2019association de repr\u00e9sentants ind\u00e9pendants qui d\u00e9cident de se r\u00e9unir et d\u2019inviter leurs clients \u00e0 un \u00ab show-room \u00bb. Le succ\u00e8s est av\u00e9r\u00e9 : 3 ou 4 salons plus tard, l'AMAT compte d\u00e9j\u00e0 plus de 20 membres\u2026","rel":"","context":"Dans &quot;informations&quot;","img":{"alt_text":"","src":"https:\/\/i0.wp.com\/salonamat.com\/wp-content\/uploads\/2020\/12\/RENAISSANCE-HOTEL-10.jpg?resize=350%2C200","width":350,"height":200},"classes":[]},{"id":2156,"url":"https:\/\/salonamat.com\/index.php\/collections\/tissus\/prina\/","url_meta":{"origin":724,"position":1},"title":"PRINA","date":"d\u00e9cembre 21, 2016","format":false,"excerpt":"Converteur italien de tissus cha\u00eene et trame uniquement et haut de gamme. Les mati\u00e8res pens\u00e9es par le cr\u00e9atif dirigeant sont toutes mises au point et fabriqu\u00e9es en Italie. Minima : Les productions sont lanc\u00e9es \u00e0 partir de 300 m, avec possibilit\u00e9s de souplesse et petites quantit\u00e9s dans certains cas par\u2026","rel":"","context":"Dans &quot;cha\u00eene et trame&quot;","img":{"alt_text":"","src":"","width":0,"height":0},"classes":[]},{"id":10107,"url":"https:\/\/salonamat.com\/index.php\/collections\/tissus\/studio-elle\/","url_meta":{"origin":724,"position":2},"title":"STUDIO ELLE","date":"octobre 29, 2025","format":false,"excerpt":"Tissus Imprim\u00e9s. Collection bain. Repr\u00e9sent\u00e9 par Armelle Blettner et Anne Jouve.","rel":"","context":"Dans &quot;bain&quot;","img":{"alt_text":"","src":"","width":0,"height":0},"classes":[]},{"id":3177,"url":"https:\/\/salonamat.com\/index.php\/agents\/olivier-amblard-et-gilles-cannat\/","url_meta":{"origin":724,"position":3},"title":"Olivier AMBLARD et Gilles CANNAT","date":"d\u00e9cembre 28, 2020","format":false,"excerpt":"SOCIETE SODEFAR 14 Route de Revel 31400 TOULOUSE Mobile Olivier : 06 06 88 31 94 Contacter Oliver par courriel en cliquant sur ce lien Mobile Gilles : 06 03 23 00 59 Contacter Gilles par courriel en cliquant sur ce lien Bureau: 05 61 20 06 47 Fax: 05\u2026","rel":"","context":"Dans &quot;agents&quot;","img":{"alt_text":"","src":"https:\/\/i0.wp.com\/salonamat.com\/wp-content\/uploads\/2020\/12\/AMBLARD-OLIVIER.jpeg?resize=350%2C200&ssl=1","width":350,"height":200},"classes":[]},{"id":1223,"url":"https:\/\/salonamat.com\/index.php\/agents\/armelle-blettner-anne-jouve\/","url_meta":{"origin":724,"position":4},"title":"Armelle BLETTNER &#8211; Anne JOUVE","date":"d\u00e9cembre 14, 2015","format":false,"excerpt":"1 IMPASSE MARECHAL JOFFRE 26000 VALENCE contacter Armelle par courriel en cliquant sur ce lien 06 09 80 01 72 Anne JOUVEAn.J Bureau Textile06.10.55.65.06contacter Anne par courriel en cliquant sur ce lien26000 VALENCE MAISONS REPRESENTEES DISGOSA ESPUNTO EUROSTICK FASAC KLAUBER NEMARK P.A.L.M PIZZI STUDIO ELLE","rel":"","context":"Dans &quot;agents&quot;","img":{"alt_text":"","src":"https:\/\/i0.wp.com\/salonamat.com\/wp-content\/uploads\/2015\/12\/ARMELLE-000-1-1-225x300.jpg?resize=350%2C200","width":350,"height":200},"classes":[]},{"id":1232,"url":"https:\/\/salonamat.com\/index.php\/agents\/katy-pechoux\/","url_meta":{"origin":724,"position":5},"title":"Katy PECHOUX","date":"d\u00e9cembre 14, 2015","format":false,"excerpt":"HKA2J 1900 Route de Frans 69400 VILLEFRANCHE SUR SA\u00d4NE contacter Katy par courriel en cliquant sur ce lien 06 09 20 27 18 MAISONS REPRESENTEES ATADAN PARLAMIS COTE TEXTILE DOUBLURES LAMETEX DUTEL CREATIONS HENITEX STUDIO JACQUARD","rel":"","context":"Dans &quot;agents&quot;","img":{"alt_text":"","src":"https:\/\/i0.wp.com\/salonamat.com\/wp-content\/uploads\/2015\/12\/KATY-000-1-1.jpg?resize=350%2C200&ssl=1","width":350,"height":200},"classes":[]}],"_links":{"self":[{"href":"https:\/\/salonamat.com\/index.php\/wp-json\/wp\/v2\/pages\/724"}],"collection":[{"href":"https:\/\/salonamat.com\/index.php\/wp-json\/wp\/v2\/pages"}],"about":[{"href":"https:\/\/salonamat.com\/index.php\/wp-json\/wp\/v2\/types\/page"}],"author":[{"embeddable":true,"href":"https:\/\/salonamat.com\/index.php\/wp-json\/wp\/v2\/users\/2"}],"replies":[{"embeddable":true,"href":"https:\/\/salonamat.com\/index.php\/wp-json\/wp\/v2\/comments?post=724"}],"version-history":[{"count":3,"href":"https:\/\/salonamat.com\/index.php\/wp-json\/wp\/v2\/pages\/724\/revisions"}],"predecessor-version":[{"id":1802,"href":"https:\/\/salonamat.com\/index.php\/wp-json\/wp\/v2\/pages\/724\/revisions\/1802"}],"wp:attachment":[{"href":"https:\/\/salonamat.com\/index.php\/wp-json\/wp\/v2\/media?parent=724"}],"wp:term":[{"taxonomy":"category","embeddable":true,"href":"https:\/\/salonamat.com\/index.php\/wp-json\/wp\/v2\/categories?post=724"},{"taxonomy":"post_tag","embeddable":true,"href":"https:\/\/salonamat.com\/index.php\/wp-json\/wp\/v2\/tags?post=724"}],"curies":[{"name":"wp","href":"https:\/\/api.w.org\/{rel}","templated":true}]}}