{"id":660,"date":"2015-12-18T09:50:14","date_gmt":"2015-12-18T09:50:14","guid":{"rendered":"http:\/\/salongeatra.com\/?page_id=660"},"modified":"2016-05-02T14:23:53","modified_gmt":"2016-05-02T14:23:53","slug":"rifra","status":"publish","type":"page","link":"https:\/\/salonamat.com\/index.php\/collections\/accessoires\/rifra\/","title":{"rendered":"RIFRA"},"content":{"rendered":"<p style=\"text-align: left;\">Fabricant italien d&#8217;\u00e9lastiques tiss\u00e9s, unis, jacquards, ray\u00e9s, imprim\u00e9s&#8230;<\/p>\n<p style=\"text-align: left;\">Articles pour ceinture.<\/p>\n<p style=\"text-align: left;\">Femme, homme.<\/p>\n<p style=\"text-align: left;\">Polyester, polyamide, m\u00e9tal, lurex.<\/p>\n<p style=\"text-align: left;\">Repr\u00e9sent\u00e9 par <a href=\"http:\/\/salongeatra.com\/index.php\/agents\/benoit-de-sereys-jean-maurice-martin\/\">Beno\u00eet De Sereys et Jean-Maurice Martin<\/a>.<\/p>\n<p class=\"jetpack-slideshow-noscript robots-nocontent\">Ce diaporama n\u00e9cessite JavaScript.<\/p><div id=\"gallery-660-1-slideshow\" class=\"jetpack-slideshow-window jetpack-slideshow jetpack-slideshow-black\" data-trans=\"fade\" data-autostart=\"1\" data-gallery=\"[{&quot;src&quot;:&quot;https:\\\/\\\/i0.wp.com\\\/salonamat.com\\\/wp-content\\\/uploads\\\/2016\\\/05\\\/BENOIT-RIFRA.jpg?fit=720%2C480\\u0026ssl=1&quot;,&quot;id&quot;:&quot;1926&quot;,&quot;title&quot;:&quot;BENOIT-RIFRA&quot;,&quot;alt&quot;:&quot;&quot;,&quot;caption&quot;:&quot;&quot;,&quot;itemprop&quot;:&quot;image&quot;},{&quot;src&quot;:&quot;https:\\\/\\\/i0.wp.com\\\/salonamat.com\\\/wp-content\\\/uploads\\\/2016\\\/05\\\/BENOIT-RIFRA-2.jpg?fit=720%2C480\\u0026ssl=1&quot;,&quot;id&quot;:&quot;1925&quot;,&quot;title&quot;:&quot;BENOIT-RIFRA-2&quot;,&quot;alt&quot;:&quot;&quot;,&quot;caption&quot;:&quot;&quot;,&quot;itemprop&quot;:&quot;image&quot;}]\" itemscope itemtype=\"https:\/\/schema.org\/ImageGallery\"><\/div>\n","protected":false},"excerpt":{"rendered":"<p>Fabricant italien d&#8217;\u00e9lastiques tiss\u00e9s, unis, jacquards, ray\u00e9s, imprim\u00e9s&#8230; Articles pour ceinture. Femme, homme. Polyester, polyamide, m\u00e9tal, lurex. Repr\u00e9sent\u00e9 par Beno\u00eet De Sereys et Jean-Maurice Martin. <a href=\"https:\/\/salonamat.com\/index.php\/collections\/accessoires\/rifra\/\" class=\"more-link\">Continuer de lire <span class=\"screen-reader-text\">RIFRA<\/span><\/a><\/p>\n","protected":false},"author":2,"featured_media":0,"parent":1216,"menu_order":0,"comment_status":"closed","ping_status":"closed","template":"","meta":{"spay_email":""},"categories":[2,5,11,20,24,28,104,112,35,38,122,124,39,42],"tags":[],"jetpack_sharing_enabled":true,"jetpack_shortlink":"https:\/\/wp.me\/P7346W-aE","jetpack-related-posts":[{"id":4782,"url":"https:\/\/salonamat.com\/index.php\/satab\/","url_meta":{"origin":660,"position":0},"title":"SATAB","date":"janvier 2, 2023","format":false,"excerpt":"France Galons et cordons Stock Permanent Minima: Rouleau de 25 mts Repr\u00e9sent\u00e9e par Philippe CAZELLES","rel":"","context":"Dans &quot;accessoires&quot;","img":{"alt_text":"","src":"https:\/\/i0.wp.com\/salonamat.com\/wp-content\/uploads\/2023\/01\/SATAB-1.jpeg?resize=350%2C200&ssl=1","width":350,"height":200},"classes":[]},{"id":4762,"url":"https:\/\/salonamat.com\/index.php\/collections\/accessoires\/victor\/","url_meta":{"origin":660,"position":1},"title":"VICTOR","date":"janvier 2, 2023","format":false,"excerpt":"Italie Cordon, galons, \u00e9lastiques Minima: 300 mts minimum Repr\u00e9sent\u00e9e par Philippe CAZELLES","rel":"","context":"Dans &quot;acrylique&quot;","img":{"alt_text":"","src":"https:\/\/i0.wp.com\/salonamat.com\/wp-content\/uploads\/2023\/01\/victor-1.jpeg?resize=350%2C200&ssl=1","width":350,"height":200},"classes":[]},{"id":4787,"url":"https:\/\/salonamat.com\/index.php\/collections\/tissus\/murtra-2\/","url_meta":{"origin":660,"position":2},"title":"MURTRA","date":"janvier 2, 2023","format":false,"excerpt":"Espagne Pr\u00eat \u00e0 porter f\u00e9minin Minima: Pas de minimum sur les qualit\u00e9s en stock Repr\u00e9sent\u00e9e par Philippe CAZELLES","rel":"","context":"Dans &quot;ac\u00e9tate&quot;","img":{"alt_text":"","src":"https:\/\/i0.wp.com\/salonamat.com\/wp-content\/uploads\/2023\/01\/murtra-2.jpeg?resize=350%2C200&ssl=1","width":350,"height":200},"classes":[]},{"id":1045,"url":"https:\/\/salonamat.com\/index.php\/collections\/tissus\/nooteboom-textiles\/","url_meta":{"origin":660,"position":3},"title":"NOOTEBOOM","date":"d\u00e9cembre 25, 2015","format":false,"excerpt":"Importateur n\u00e9erlandais de tissus fantaisie pour la confection de v\u00eatements. Pr\u00eat \u00e0 Porter F\u00e9minin, Enfant, Homme, v\u00eatement professionnel, vente au m\u00e8tre en ligne et en boutique Minimum de commande: 12 m Repr\u00e9sent\u00e9 R\u00e9mi Oddon.","rel":"","context":"Dans &quot;ameublement&quot;","img":{"alt_text":"","src":"https:\/\/i0.wp.com\/salonamat.com\/wp-content\/uploads\/2015\/12\/REMI-NOOTEBOOM-TEXTILES.jpg?resize=350%2C200","width":350,"height":200},"classes":[]},{"id":2079,"url":"https:\/\/salonamat.com\/index.php\/collections\/accessoires\/tacchini\/","url_meta":{"origin":660,"position":4},"title":"TACCHINI","date":"mai 3, 2016","format":false,"excerpt":"Fabricant italien de boutons, boucles, anneaux. Homme, Femme, Enfant. Acrylique, bois, corne, corozo, cuir, galastil, m\u00e9tal, nacre, nylon, polyamide, polyester, r\u00e9sine, soie, zamac... Repr\u00e9sent\u00e9 par V\u00e9ronique P\u00e9pin Bolliet.","rel":"","context":"Dans &quot;accessoires&quot;","img":{"alt_text":"","src":"https:\/\/i0.wp.com\/salonamat.com\/wp-content\/uploads\/2016\/05\/VERONIQUE-TACCHINI.jpg?resize=350%2C200","width":350,"height":200},"classes":[]},{"id":1024,"url":"https:\/\/salonamat.com\/index.php\/collections\/tissus\/toray\/","url_meta":{"origin":660,"position":5},"title":"TORAY","date":"d\u00e9cembre 25, 2015","format":false,"excerpt":"Fabricant anglais de cha\u00eene-et-trame pour le m\u00e9dical, l'industrie, le v\u00eatement de travail. Minima : 500 Mt. Femme, homme. Polyester, polyamide, aramide, carbone. Repr\u00e9sent\u00e9 par Fran\u00e7ois Chandelier.","rel":"","context":"Dans &quot;aramide&quot;","img":{"alt_text":"","src":"","width":0,"height":0},"classes":[]}],"_links":{"self":[{"href":"https:\/\/salonamat.com\/index.php\/wp-json\/wp\/v2\/pages\/660"}],"collection":[{"href":"https:\/\/salonamat.com\/index.php\/wp-json\/wp\/v2\/pages"}],"about":[{"href":"https:\/\/salonamat.com\/index.php\/wp-json\/wp\/v2\/types\/page"}],"author":[{"embeddable":true,"href":"https:\/\/salonamat.com\/index.php\/wp-json\/wp\/v2\/users\/2"}],"replies":[{"embeddable":true,"href":"https:\/\/salonamat.com\/index.php\/wp-json\/wp\/v2\/comments?post=660"}],"version-history":[{"count":2,"href":"https:\/\/salonamat.com\/index.php\/wp-json\/wp\/v2\/pages\/660\/revisions"}],"predecessor-version":[{"id":1928,"href":"https:\/\/salonamat.com\/index.php\/wp-json\/wp\/v2\/pages\/660\/revisions\/1928"}],"up":[{"embeddable":true,"href":"https:\/\/salonamat.com\/index.php\/wp-json\/wp\/v2\/pages\/1216"}],"wp:attachment":[{"href":"https:\/\/salonamat.com\/index.php\/wp-json\/wp\/v2\/media?parent=660"}],"wp:term":[{"taxonomy":"category","embeddable":true,"href":"https:\/\/salonamat.com\/index.php\/wp-json\/wp\/v2\/categories?post=660"},{"taxonomy":"post_tag","embeddable":true,"href":"https:\/\/salonamat.com\/index.php\/wp-json\/wp\/v2\/tags?post=660"}],"curies":[{"name":"wp","href":"https:\/\/api.w.org\/{rel}","templated":true}]}}