{"id":634,"date":"2015-12-18T08:22:43","date_gmt":"2015-12-18T08:22:43","guid":{"rendered":"http:\/\/salongeatra.com\/?page_id=634"},"modified":"2015-12-27T12:37:22","modified_gmt":"2015-12-27T12:37:22","slug":"deveaux","status":"publish","type":"page","link":"https:\/\/salonamat.com\/index.php\/collections\/tissus\/deveaux\/","title":{"rendered":"DEVEAUX"},"content":{"rendered":"<p style=\"text-align: left;\">Imprimeur fran\u00e7ais de tissus cha\u00eene-et-trame &amp; maille.<\/p>\n<p style=\"text-align: left;\">Rotatif, jet d&#8217;encre.<\/p>\n<p style=\"text-align: left;\">Jacquard cha\u00eene-et-trame et maille, fantaisie, maille fils teints.<\/p>\n<p style=\"text-align: left;\">Femme, homme, enfant.<\/p>\n<p style=\"text-align: left;\">D\u00e9veloppements personnalis\u00e9s.<\/p>\n<p style=\"text-align: left;\">Coton, viscose, polyester, acrylique, laine, lin, \u00e9lasthanne&#8230;<\/p>\n<p style=\"text-align: left;\">Repr\u00e9sent\u00e9 par <a href=\"http:\/\/salonamat.com\/index.php\/agents\/christine-deporte\/\">Christine Deporte<\/a>.<\/p>\n<p class=\"jetpack-slideshow-noscript robots-nocontent\">Ce diaporama n\u00e9cessite JavaScript.<\/p><div id=\"gallery-634-1-slideshow\" class=\"jetpack-slideshow-window jetpack-slideshow jetpack-slideshow-black\" data-trans=\"fade\" data-autostart=\"1\" data-gallery=\"[{&quot;src&quot;:&quot;https:\\\/\\\/i0.wp.com\\\/salonamat.com\\\/wp-content\\\/uploads\\\/2015\\\/12\\\/CHRISTINE-DEVEAUX-01-1.jpg?fit=720%2C480\\u0026ssl=1&quot;,&quot;id&quot;:&quot;420&quot;,&quot;title&quot;:&quot;CHRISTINE-DEVEAUX-01&quot;,&quot;alt&quot;:&quot;&quot;,&quot;caption&quot;:&quot;&quot;,&quot;itemprop&quot;:&quot;image&quot;},{&quot;src&quot;:&quot;https:\\\/\\\/i0.wp.com\\\/salonamat.com\\\/wp-content\\\/uploads\\\/2015\\\/12\\\/CHRISTINE-DEVEAUX-03-1.jpg?fit=720%2C480\\u0026ssl=1&quot;,&quot;id&quot;:&quot;422&quot;,&quot;title&quot;:&quot;CHRISTINE-DEVEAUX-03&quot;,&quot;alt&quot;:&quot;&quot;,&quot;caption&quot;:&quot;&quot;,&quot;itemprop&quot;:&quot;image&quot;},{&quot;src&quot;:&quot;https:\\\/\\\/i0.wp.com\\\/salonamat.com\\\/wp-content\\\/uploads\\\/2015\\\/12\\\/CHRISTINE-DEVEAUX-02-1.jpg?fit=720%2C480\\u0026ssl=1&quot;,&quot;id&quot;:&quot;421&quot;,&quot;title&quot;:&quot;CHRISTINE-DEVEAUX-02&quot;,&quot;alt&quot;:&quot;&quot;,&quot;caption&quot;:&quot;&quot;,&quot;itemprop&quot;:&quot;image&quot;}]\" itemscope itemtype=\"https:\/\/schema.org\/ImageGallery\"><\/div>\n","protected":false},"excerpt":{"rendered":"<p>Imprimeur fran\u00e7ais de tissus cha\u00eene-et-trame &amp; maille. Rotatif, jet d&#8217;encre. Jacquard cha\u00eene-et-trame et maille, fantaisie, maille fils teints. Femme, homme, enfant. D\u00e9veloppements personnalis\u00e9s. Coton, viscose, polyester, acrylique, laine, lin, \u00e9lasthanne&#8230; Repr\u00e9sent\u00e9 par Christine Deporte. <a href=\"https:\/\/salonamat.com\/index.php\/collections\/tissus\/deveaux\/\" class=\"more-link\">Continuer de lire <span class=\"screen-reader-text\">DEVEAUX<\/span><\/a><\/p>\n","protected":false},"author":2,"featured_media":0,"parent":1215,"menu_order":0,"comment_status":"closed","ping_status":"closed","template":"","meta":{"spay_email":""},"categories":[61,73,79,84,21,24,28,93,96,100,109,35,123,39,53],"tags":[],"jetpack_sharing_enabled":true,"jetpack_shortlink":"https:\/\/wp.me\/P7346W-ae","jetpack-related-posts":[{"id":827,"url":"https:\/\/salonamat.com\/index.php\/collections\/tissus\/knipidee\/","url_meta":{"origin":634,"position":0},"title":"KNIPIDEE","date":"d\u00e9cembre 22, 2015","format":false,"excerpt":"Importateur n\u00e9erlandais de tissus cha\u00eene-et-trame et maille. Minima : 15 mt sur stock. Femme, homme, enfant. Toutes compositions. Petites quantit\u00e9s. Repr\u00e9sent\u00e9 par V\u00e9ronique PEPIN BOLLIET","rel":"","context":"Dans &quot;ac\u00e9tate&quot;","img":{"alt_text":"","src":"https:\/\/i0.wp.com\/salonamat.com\/wp-content\/uploads\/2015\/12\/ANNE-KNIPIDEE-1.jpg?resize=350%2C200","width":350,"height":200},"classes":[]},{"id":2384,"url":"https:\/\/salonamat.com\/index.php\/collections\/tissus\/trouillet\/","url_meta":{"origin":634,"position":1},"title":"TROUILLET","date":"septembre 4, 2018","format":false,"excerpt":"Fabricant fran\u00e7ais de tissus fantaisie, armur\u00e9s, tiss\u00e9s-teints, cha\u00eene et trame. Femme, Enfant Minima : 300 Mt Compositions : poly-cotons\/viscose, 100% coton, 100% viscose, viscose\/\u00e9lasthanne. Repr\u00e9sent\u00e9 par Lionel Roblet.","rel":"","context":"Dans &quot;cha\u00eene et trame&quot;","img":{"alt_text":"","src":"https:\/\/i0.wp.com\/salonamat.com\/wp-content\/uploads\/2018\/09\/LYDIE-TROUILLET-ANGIE.jpg?resize=350%2C200","width":350,"height":200},"classes":[]},{"id":624,"url":"https:\/\/salonamat.com\/index.php\/collections\/tissus\/kbc\/","url_meta":{"origin":634,"position":2},"title":"KBC","date":"d\u00e9cembre 18, 2015","format":false,"excerpt":"Imprimeur Allemand cha\u00eene-et-trame et maille. Femme, enfant. Coton, viscose, soie, polyester, lin, m\u00e9langes... Repr\u00e9sent\u00e9 par Paul Mestrallet.","rel":"","context":"Dans &quot;cha\u00eene et trame&quot;","img":{"alt_text":"","src":"https:\/\/i0.wp.com\/salonamat.com\/wp-content\/uploads\/2015\/12\/GAELLE-KBC-1.jpg?resize=350%2C200","width":350,"height":200},"classes":[]},{"id":1045,"url":"https:\/\/salonamat.com\/index.php\/collections\/tissus\/nooteboom-textiles\/","url_meta":{"origin":634,"position":3},"title":"NOOTEBOOM","date":"d\u00e9cembre 25, 2015","format":false,"excerpt":"Importateur n\u00e9erlandais de tissus fantaisie pour la confection de v\u00eatements. Pr\u00eat \u00e0 Porter F\u00e9minin, Enfant, Homme, v\u00eatement professionnel, vente au m\u00e8tre en ligne et en boutique Minimum de commande: 12 m Repr\u00e9sent\u00e9 R\u00e9mi Oddon.","rel":"","context":"Dans &quot;ameublement&quot;","img":{"alt_text":"","src":"https:\/\/i0.wp.com\/salonamat.com\/wp-content\/uploads\/2015\/12\/REMI-NOOTEBOOM-TEXTILES.jpg?resize=350%2C200","width":350,"height":200},"classes":[]},{"id":4787,"url":"https:\/\/salonamat.com\/index.php\/collections\/tissus\/murtra-2\/","url_meta":{"origin":634,"position":4},"title":"MURTRA","date":"janvier 2, 2023","format":false,"excerpt":"Espagne Pr\u00eat \u00e0 porter f\u00e9minin Minima: Pas de minimum sur les qualit\u00e9s en stock Repr\u00e9sent\u00e9e par Philippe CAZELLES","rel":"","context":"Dans &quot;ac\u00e9tate&quot;","img":{"alt_text":"","src":"https:\/\/i0.wp.com\/salonamat.com\/wp-content\/uploads\/2023\/01\/murtra-2.jpeg?resize=350%2C200&ssl=1","width":350,"height":200},"classes":[]},{"id":4757,"url":"https:\/\/salonamat.com\/index.php\/collections\/tissus\/new-junior\/","url_meta":{"origin":634,"position":5},"title":"NEW JUNIOR","date":"janvier 2, 2023","format":false,"excerpt":"Espagne Femme\/ homme Sportswear Minima: \u00a0Pas de minimum pour le PAT, 300 mts pour le teint Repr\u00e9sent\u00e9e par Philippe CAZELLES","rel":"","context":"Dans &quot;cha\u00eene et trame&quot;","img":{"alt_text":"","src":"","width":0,"height":0},"classes":[]}],"_links":{"self":[{"href":"https:\/\/salonamat.com\/index.php\/wp-json\/wp\/v2\/pages\/634"}],"collection":[{"href":"https:\/\/salonamat.com\/index.php\/wp-json\/wp\/v2\/pages"}],"about":[{"href":"https:\/\/salonamat.com\/index.php\/wp-json\/wp\/v2\/types\/page"}],"author":[{"embeddable":true,"href":"https:\/\/salonamat.com\/index.php\/wp-json\/wp\/v2\/users\/2"}],"replies":[{"embeddable":true,"href":"https:\/\/salonamat.com\/index.php\/wp-json\/wp\/v2\/comments?post=634"}],"version-history":[{"count":1,"href":"https:\/\/salonamat.com\/index.php\/wp-json\/wp\/v2\/pages\/634\/revisions"}],"predecessor-version":[{"id":1588,"href":"https:\/\/salonamat.com\/index.php\/wp-json\/wp\/v2\/pages\/634\/revisions\/1588"}],"up":[{"embeddable":true,"href":"https:\/\/salonamat.com\/index.php\/wp-json\/wp\/v2\/pages\/1215"}],"wp:attachment":[{"href":"https:\/\/salonamat.com\/index.php\/wp-json\/wp\/v2\/media?parent=634"}],"wp:term":[{"taxonomy":"category","embeddable":true,"href":"https:\/\/salonamat.com\/index.php\/wp-json\/wp\/v2\/categories?post=634"},{"taxonomy":"post_tag","embeddable":true,"href":"https:\/\/salonamat.com\/index.php\/wp-json\/wp\/v2\/tags?post=634"}],"curies":[{"name":"wp","href":"https:\/\/api.w.org\/{rel}","templated":true}]}}