{"id":6213,"date":"2023-12-22T11:31:54","date_gmt":"2023-12-22T11:31:54","guid":{"rendered":"https:\/\/salonamat.com\/?page_id=6213"},"modified":"2023-12-22T11:31:55","modified_gmt":"2023-12-22T11:31:55","slug":"p-a-l-m-pizzi","status":"publish","type":"page","link":"https:\/\/salonamat.com\/index.php\/collections\/accessoires\/p-a-l-m-pizzi\/","title":{"rendered":"P.A.L.M PIZZI"},"content":{"rendered":"\n<p>Fabricant italien de dentelle et galons crochet.<\/p>\n\n\n\n<p>Pour pr\u00eat \u00e0 porter femme, enfant, homme et lingerie bain<\/p>\n\n\n\n<p>Cotton\/ polyester\/ fils chenille et divers<\/p>\n\n\n\n<p>Minimum de commande: 300mts au coloris si pas en stock<\/p>\n\n\n\n<p>Repr\u00e9sent\u00e9 par <strong><a href=\"https:\/\/salonamat.com\/index.php\/agents\/armelle-blettner-anne-jouve\/\">Armelle Blettner et Anne Jouve.<\/a><\/strong><\/p>\n\n\n\n<figure data-carousel-extra='{\"blog_id\":1,\"permalink\":\"https:\\\/\\\/salonamat.com\\\/index.php\\\/collections\\\/accessoires\\\/p-a-l-m-pizzi\\\/\"}'   class=\"wp-block-gallery has-nested-images columns-default is-cropped wp-block-gallery-1 is-layout-flex\">\n<figure class=\"wp-block-image size-large\"><img data-attachment-id=\"6214\" data-permalink=\"https:\/\/salonamat.com\/index.php\/collections\/accessoires\/p-a-l-m-pizzi\/palm-pizzi\/\" data-orig-file=\"https:\/\/i0.wp.com\/salonamat.com\/wp-content\/uploads\/2023\/12\/PALM-PIZZI.png?fit=1698%2C538&amp;ssl=1\" data-orig-size=\"1698,538\" data-comments-opened=\"1\" data-image-meta=\"{&quot;aperture&quot;:&quot;0&quot;,&quot;credit&quot;:&quot;&quot;,&quot;camera&quot;:&quot;&quot;,&quot;caption&quot;:&quot;&quot;,&quot;created_timestamp&quot;:&quot;0&quot;,&quot;copyright&quot;:&quot;&quot;,&quot;focal_length&quot;:&quot;0&quot;,&quot;iso&quot;:&quot;0&quot;,&quot;shutter_speed&quot;:&quot;0&quot;,&quot;title&quot;:&quot;&quot;,&quot;orientation&quot;:&quot;0&quot;}\" data-image-title=\"PALM PIZZI\" data-image-description=\"\" data-image-caption=\"\" data-medium-file=\"https:\/\/i0.wp.com\/salonamat.com\/wp-content\/uploads\/2023\/12\/PALM-PIZZI.png?fit=300%2C95&amp;ssl=1\" data-large-file=\"https:\/\/i0.wp.com\/salonamat.com\/wp-content\/uploads\/2023\/12\/PALM-PIZZI.png?fit=720%2C228&amp;ssl=1\" decoding=\"async\" loading=\"lazy\" width=\"720\" height=\"228\" data-id=\"6214\"  src=\"https:\/\/i0.wp.com\/salonamat.com\/wp-content\/uploads\/2023\/12\/PALM-PIZZI-1024x324.png?resize=720%2C228&#038;ssl=1\" alt=\"\" class=\"wp-image-6214\" srcset=\"https:\/\/i0.wp.com\/salonamat.com\/wp-content\/uploads\/2023\/12\/PALM-PIZZI.png?resize=1024%2C324&amp;ssl=1 1024w, https:\/\/i0.wp.com\/salonamat.com\/wp-content\/uploads\/2023\/12\/PALM-PIZZI.png?resize=300%2C95&amp;ssl=1 300w, https:\/\/i0.wp.com\/salonamat.com\/wp-content\/uploads\/2023\/12\/PALM-PIZZI.png?resize=768%2C243&amp;ssl=1 768w, https:\/\/i0.wp.com\/salonamat.com\/wp-content\/uploads\/2023\/12\/PALM-PIZZI.png?resize=1536%2C487&amp;ssl=1 1536w, https:\/\/i0.wp.com\/salonamat.com\/wp-content\/uploads\/2023\/12\/PALM-PIZZI.png?resize=284%2C90&amp;ssl=1 284w, https:\/\/i0.wp.com\/salonamat.com\/wp-content\/uploads\/2023\/12\/PALM-PIZZI.png?w=1698&amp;ssl=1 1698w, https:\/\/i0.wp.com\/salonamat.com\/wp-content\/uploads\/2023\/12\/PALM-PIZZI.png?w=1440 1440w\" sizes=\"(max-width: 720px) 100vw, 720px\" data-recalc-dims=\"1\" \/><\/figure>\n\n\n\n<figure class=\"wp-block-image size-large\"><img data-attachment-id=\"6215\" data-permalink=\"https:\/\/salonamat.com\/index.php\/collections\/accessoires\/p-a-l-m-pizzi\/palm-pizzi-2\/\" data-orig-file=\"https:\/\/i0.wp.com\/salonamat.com\/wp-content\/uploads\/2023\/12\/PALM-PIZZI-2.png?fit=1692%2C536&amp;ssl=1\" data-orig-size=\"1692,536\" data-comments-opened=\"1\" data-image-meta=\"{&quot;aperture&quot;:&quot;0&quot;,&quot;credit&quot;:&quot;&quot;,&quot;camera&quot;:&quot;&quot;,&quot;caption&quot;:&quot;&quot;,&quot;created_timestamp&quot;:&quot;0&quot;,&quot;copyright&quot;:&quot;&quot;,&quot;focal_length&quot;:&quot;0&quot;,&quot;iso&quot;:&quot;0&quot;,&quot;shutter_speed&quot;:&quot;0&quot;,&quot;title&quot;:&quot;&quot;,&quot;orientation&quot;:&quot;0&quot;}\" data-image-title=\"PALM PIZZI 2\" data-image-description=\"\" data-image-caption=\"\" data-medium-file=\"https:\/\/i0.wp.com\/salonamat.com\/wp-content\/uploads\/2023\/12\/PALM-PIZZI-2.png?fit=300%2C95&amp;ssl=1\" data-large-file=\"https:\/\/i0.wp.com\/salonamat.com\/wp-content\/uploads\/2023\/12\/PALM-PIZZI-2.png?fit=720%2C228&amp;ssl=1\" decoding=\"async\" loading=\"lazy\" width=\"720\" height=\"228\" data-id=\"6215\"  src=\"https:\/\/i0.wp.com\/salonamat.com\/wp-content\/uploads\/2023\/12\/PALM-PIZZI-2-1024x324.png?resize=720%2C228&#038;ssl=1\" alt=\"\" class=\"wp-image-6215\" srcset=\"https:\/\/i0.wp.com\/salonamat.com\/wp-content\/uploads\/2023\/12\/PALM-PIZZI-2.png?resize=1024%2C324&amp;ssl=1 1024w, https:\/\/i0.wp.com\/salonamat.com\/wp-content\/uploads\/2023\/12\/PALM-PIZZI-2.png?resize=300%2C95&amp;ssl=1 300w, https:\/\/i0.wp.com\/salonamat.com\/wp-content\/uploads\/2023\/12\/PALM-PIZZI-2.png?resize=768%2C243&amp;ssl=1 768w, https:\/\/i0.wp.com\/salonamat.com\/wp-content\/uploads\/2023\/12\/PALM-PIZZI-2.png?resize=1536%2C487&amp;ssl=1 1536w, https:\/\/i0.wp.com\/salonamat.com\/wp-content\/uploads\/2023\/12\/PALM-PIZZI-2.png?resize=284%2C90&amp;ssl=1 284w, https:\/\/i0.wp.com\/salonamat.com\/wp-content\/uploads\/2023\/12\/PALM-PIZZI-2.png?w=1692&amp;ssl=1 1692w, https:\/\/i0.wp.com\/salonamat.com\/wp-content\/uploads\/2023\/12\/PALM-PIZZI-2.png?w=1440 1440w\" sizes=\"(max-width: 720px) 100vw, 720px\" data-recalc-dims=\"1\" \/><\/figure>\n<\/figure>\n","protected":false},"excerpt":{"rendered":"<p>Fabricant italien de dentelle et galons crochet. Pour pr\u00eat \u00e0 porter femme, enfant, homme et lingerie bain Cotton\/ polyester\/ fils chenille et divers Minimum de commande: 300mts au coloris si pas en stock Repr\u00e9sent\u00e9 par Armelle Blettner et Anne Jouve. <a href=\"https:\/\/salonamat.com\/index.php\/collections\/accessoires\/p-a-l-m-pizzi\/\" class=\"more-link\">Continuer de lire <span class=\"screen-reader-text\">P.A.L.M PIZZI<\/span><\/a><\/p>\n","protected":false},"author":3,"featured_media":0,"parent":1216,"menu_order":0,"comment_status":"closed","ping_status":"closed","template":"","meta":{"spay_email":""},"categories":[62,67,5,9,178,80,203,17,85,20,21,22,87,24,174,173,147,156,28,97,31,32,35,191,38,122,124,39,157,177],"tags":[],"jetpack_sharing_enabled":true,"jetpack_shortlink":"https:\/\/wp.me\/P7346W-1Cd","jetpack-related-posts":[{"id":4782,"url":"https:\/\/salonamat.com\/index.php\/satab\/","url_meta":{"origin":6213,"position":0},"title":"SATAB","date":"janvier 2, 2023","format":false,"excerpt":"France Galons et cordons Stock Permanent Minima: Rouleau de 25 mts Repr\u00e9sent\u00e9e par Philippe CAZELLES","rel":"","context":"Dans &quot;accessoires&quot;","img":{"alt_text":"","src":"https:\/\/i0.wp.com\/salonamat.com\/wp-content\/uploads\/2023\/01\/SATAB-1.jpeg?resize=350%2C200&ssl=1","width":350,"height":200},"classes":[]},{"id":4762,"url":"https:\/\/salonamat.com\/index.php\/collections\/accessoires\/victor\/","url_meta":{"origin":6213,"position":1},"title":"VICTOR","date":"janvier 2, 2023","format":false,"excerpt":"Italie Cordon, galons, \u00e9lastiques Minima: 300 mts minimum Repr\u00e9sent\u00e9e par Philippe CAZELLES","rel":"","context":"Dans &quot;acrylique&quot;","img":{"alt_text":"","src":"https:\/\/i0.wp.com\/salonamat.com\/wp-content\/uploads\/2023\/01\/victor-1.jpeg?resize=350%2C200&ssl=1","width":350,"height":200},"classes":[]},{"id":1045,"url":"https:\/\/salonamat.com\/index.php\/collections\/tissus\/nooteboom-textiles\/","url_meta":{"origin":6213,"position":2},"title":"NOOTEBOOM","date":"d\u00e9cembre 25, 2015","format":false,"excerpt":"Importateur n\u00e9erlandais de tissus fantaisie pour la confection de v\u00eatements. Pr\u00eat \u00e0 Porter F\u00e9minin, Enfant, Homme, v\u00eatement professionnel, vente au m\u00e8tre en ligne et en boutique Minimum de commande: 12 m Repr\u00e9sent\u00e9 R\u00e9mi Oddon.","rel":"","context":"Dans &quot;ameublement&quot;","img":{"alt_text":"","src":"https:\/\/i0.wp.com\/salonamat.com\/wp-content\/uploads\/2015\/12\/REMI-NOOTEBOOM-TEXTILES.jpg?resize=350%2C200","width":350,"height":200},"classes":[]},{"id":4787,"url":"https:\/\/salonamat.com\/index.php\/collections\/tissus\/murtra-2\/","url_meta":{"origin":6213,"position":3},"title":"MURTRA","date":"janvier 2, 2023","format":false,"excerpt":"Espagne Pr\u00eat \u00e0 porter f\u00e9minin Minima: Pas de minimum sur les qualit\u00e9s en stock Repr\u00e9sent\u00e9e par Philippe CAZELLES","rel":"","context":"Dans &quot;ac\u00e9tate&quot;","img":{"alt_text":"","src":"https:\/\/i0.wp.com\/salonamat.com\/wp-content\/uploads\/2023\/01\/murtra-2.jpeg?resize=350%2C200&ssl=1","width":350,"height":200},"classes":[]},{"id":1082,"url":"https:\/\/salonamat.com\/index.php\/collections\/accessoires\/vialaton-martin\/","url_meta":{"origin":6213,"position":4},"title":"VIALATON MARTIN","date":"d\u00e9cembre 25, 2015","format":false,"excerpt":"Fabricant fran\u00e7ais de galons, rubans, etc. Pas de minima. Femme, homme, enfant. Toutes compositions. Repr\u00e9sent\u00e9 par Ga\u00eblle Grisard.","rel":"","context":"Dans &quot;accessoires&quot;","img":{"alt_text":"","src":"https:\/\/i0.wp.com\/salonamat.com\/wp-content\/uploads\/2015\/12\/DIDIER-FREDERIQUE-VIALATON-MARTIN-1.jpg?resize=350%2C200","width":350,"height":200},"classes":[]},{"id":3986,"url":"https:\/\/salonamat.com\/index.php\/collections\/accessoires\/point-desprit\/","url_meta":{"origin":6213,"position":5},"title":"POINT D&#8217;ESPRIT","date":"d\u00e9cembre 28, 2021","format":false,"excerpt":"Fabricant fran\u00e7ais de broderies du Nord de la France. Collection propre moyen et haut de gamme mais \u00e9galement d\u00e9veloppements clients Propose petites bandes \u2013 galons \u2013 entre deux \u2013 guipures \u2013 all over \u2013 motifs et cols Savoir-faire dans le domaine du PAP femmes\/hommes\/enfants, linge de maison Repr\u00e9sent\u00e9 par Sylvie\u2026","rel":"","context":"Dans &quot;accessoires&quot;","img":{"alt_text":"","src":"https:\/\/i0.wp.com\/salonamat.com\/wp-content\/uploads\/2021\/12\/POINT-DESPRIT1.jpg?resize=350%2C200&ssl=1","width":350,"height":200},"classes":[]}],"_links":{"self":[{"href":"https:\/\/salonamat.com\/index.php\/wp-json\/wp\/v2\/pages\/6213"}],"collection":[{"href":"https:\/\/salonamat.com\/index.php\/wp-json\/wp\/v2\/pages"}],"about":[{"href":"https:\/\/salonamat.com\/index.php\/wp-json\/wp\/v2\/types\/page"}],"author":[{"embeddable":true,"href":"https:\/\/salonamat.com\/index.php\/wp-json\/wp\/v2\/users\/3"}],"replies":[{"embeddable":true,"href":"https:\/\/salonamat.com\/index.php\/wp-json\/wp\/v2\/comments?post=6213"}],"version-history":[{"count":1,"href":"https:\/\/salonamat.com\/index.php\/wp-json\/wp\/v2\/pages\/6213\/revisions"}],"predecessor-version":[{"id":6216,"href":"https:\/\/salonamat.com\/index.php\/wp-json\/wp\/v2\/pages\/6213\/revisions\/6216"}],"up":[{"embeddable":true,"href":"https:\/\/salonamat.com\/index.php\/wp-json\/wp\/v2\/pages\/1216"}],"wp:attachment":[{"href":"https:\/\/salonamat.com\/index.php\/wp-json\/wp\/v2\/media?parent=6213"}],"wp:term":[{"taxonomy":"category","embeddable":true,"href":"https:\/\/salonamat.com\/index.php\/wp-json\/wp\/v2\/categories?post=6213"},{"taxonomy":"post_tag","embeddable":true,"href":"https:\/\/salonamat.com\/index.php\/wp-json\/wp\/v2\/tags?post=6213"}],"curies":[{"name":"wp","href":"https:\/\/api.w.org\/{rel}","templated":true}]}}