{"id":5341,"date":"2023-05-17T11:22:11","date_gmt":"2023-05-17T11:22:11","guid":{"rendered":"https:\/\/salonamat.com\/?page_id=5341"},"modified":"2023-05-17T11:27:52","modified_gmt":"2023-05-17T11:27:52","slug":"bies-osona","status":"publish","type":"page","link":"https:\/\/salonamat.com\/index.php\/collections\/accessoires\/bies-osona\/","title":{"rendered":"BIES OSONA"},"content":{"rendered":"\n<p>Fabricant espagnol de rubans biais et droit fils.<\/p>\n\n\n\n<p>Pour la confection, linge de maison et ameublement.<\/p>\n\n\n\n<p><\/p>\n\n\n\n<p>Repr\u00e9sent\u00e9e par <a href=\"https:\/\/salonamat.com\/index.php\/agents\/olivier-amblard-et-gilles-cannat\/\" data-type=\"URL\" data-id=\"https:\/\/salonamat.com\/index.php\/agents\/olivier-amblard-et-gilles-cannat\/\">Olivier Amblard et Gilles Cannat<\/a><\/p>\n\n\n\n<figure data-carousel-extra='{\"blog_id\":1,\"permalink\":\"https:\\\/\\\/salonamat.com\\\/index.php\\\/collections\\\/accessoires\\\/bies-osona\\\/\"}'   class=\"wp-block-gallery has-nested-images columns-default is-cropped wp-block-gallery-1 is-layout-flex\">\n<figure class=\"wp-block-image size-large\"><img data-attachment-id=\"5346\" data-permalink=\"https:\/\/salonamat.com\/index.php\/collections\/accessoires\/bies-osona\/biais-osona-2\/\" data-orig-file=\"https:\/\/i0.wp.com\/salonamat.com\/wp-content\/uploads\/2023\/05\/Biais-Osona-2.png?fit=725%2C247&amp;ssl=1\" data-orig-size=\"725,247\" data-comments-opened=\"1\" data-image-meta=\"{&quot;aperture&quot;:&quot;0&quot;,&quot;credit&quot;:&quot;&quot;,&quot;camera&quot;:&quot;&quot;,&quot;caption&quot;:&quot;&quot;,&quot;created_timestamp&quot;:&quot;0&quot;,&quot;copyright&quot;:&quot;&quot;,&quot;focal_length&quot;:&quot;0&quot;,&quot;iso&quot;:&quot;0&quot;,&quot;shutter_speed&quot;:&quot;0&quot;,&quot;title&quot;:&quot;&quot;,&quot;orientation&quot;:&quot;0&quot;}\" data-image-title=\"Biais Osona 2\" data-image-description=\"\" data-image-caption=\"\" data-medium-file=\"https:\/\/i0.wp.com\/salonamat.com\/wp-content\/uploads\/2023\/05\/Biais-Osona-2.png?fit=300%2C102&amp;ssl=1\" data-large-file=\"https:\/\/i0.wp.com\/salonamat.com\/wp-content\/uploads\/2023\/05\/Biais-Osona-2.png?fit=720%2C245&amp;ssl=1\" decoding=\"async\" loading=\"lazy\" width=\"720\" height=\"245\" data-id=\"5346\"  src=\"https:\/\/i0.wp.com\/salonamat.com\/wp-content\/uploads\/2023\/05\/Biais-Osona-2.png?resize=720%2C245\" alt=\"\" class=\"wp-image-5346\" srcset=\"https:\/\/i0.wp.com\/salonamat.com\/wp-content\/uploads\/2023\/05\/Biais-Osona-2.png?w=725&amp;ssl=1 725w, https:\/\/i0.wp.com\/salonamat.com\/wp-content\/uploads\/2023\/05\/Biais-Osona-2.png?resize=300%2C102&amp;ssl=1 300w, https:\/\/i0.wp.com\/salonamat.com\/wp-content\/uploads\/2023\/05\/Biais-Osona-2.png?resize=264%2C90&amp;ssl=1 264w\" sizes=\"(max-width: 720px) 100vw, 720px\" data-recalc-dims=\"1\" \/><\/figure>\n\n\n\n<figure class=\"wp-block-image size-large\"><img data-attachment-id=\"5347\" data-permalink=\"https:\/\/salonamat.com\/index.php\/collections\/accessoires\/bies-osona\/biais-osona\/\" data-orig-file=\"https:\/\/i0.wp.com\/salonamat.com\/wp-content\/uploads\/2023\/05\/Biais-Osona.png?fit=721%2C402&amp;ssl=1\" data-orig-size=\"721,402\" data-comments-opened=\"1\" data-image-meta=\"{&quot;aperture&quot;:&quot;0&quot;,&quot;credit&quot;:&quot;&quot;,&quot;camera&quot;:&quot;&quot;,&quot;caption&quot;:&quot;&quot;,&quot;created_timestamp&quot;:&quot;0&quot;,&quot;copyright&quot;:&quot;&quot;,&quot;focal_length&quot;:&quot;0&quot;,&quot;iso&quot;:&quot;0&quot;,&quot;shutter_speed&quot;:&quot;0&quot;,&quot;title&quot;:&quot;&quot;,&quot;orientation&quot;:&quot;0&quot;}\" data-image-title=\"Biais Osona\" data-image-description=\"\" data-image-caption=\"\" data-medium-file=\"https:\/\/i0.wp.com\/salonamat.com\/wp-content\/uploads\/2023\/05\/Biais-Osona.png?fit=300%2C167&amp;ssl=1\" data-large-file=\"https:\/\/i0.wp.com\/salonamat.com\/wp-content\/uploads\/2023\/05\/Biais-Osona.png?fit=720%2C401&amp;ssl=1\" decoding=\"async\" loading=\"lazy\" width=\"720\" height=\"401\" data-id=\"5347\"  src=\"https:\/\/i0.wp.com\/salonamat.com\/wp-content\/uploads\/2023\/05\/Biais-Osona.png?resize=720%2C401\" alt=\"\" class=\"wp-image-5347\" srcset=\"https:\/\/i0.wp.com\/salonamat.com\/wp-content\/uploads\/2023\/05\/Biais-Osona.png?w=721&amp;ssl=1 721w, https:\/\/i0.wp.com\/salonamat.com\/wp-content\/uploads\/2023\/05\/Biais-Osona.png?resize=300%2C167&amp;ssl=1 300w, https:\/\/i0.wp.com\/salonamat.com\/wp-content\/uploads\/2023\/05\/Biais-Osona.png?resize=161%2C90&amp;ssl=1 161w\" sizes=\"(max-width: 720px) 100vw, 720px\" data-recalc-dims=\"1\" \/><\/figure>\n<\/figure>\n","protected":false},"excerpt":{"rendered":"<p>Fabricant espagnol de rubans biais et droit fils. Pour la confection, linge de maison et ameublement. Repr\u00e9sent\u00e9e par Olivier Amblard et Gilles Cannat <a href=\"https:\/\/salonamat.com\/index.php\/collections\/accessoires\/bies-osona\/\" class=\"more-link\">Continuer de lire <span class=\"screen-reader-text\">BIES OSONA<\/span><\/a><\/p>\n","protected":false},"author":3,"featured_media":0,"parent":1216,"menu_order":0,"comment_status":"closed","ping_status":"closed","template":"","meta":{"spay_email":""},"categories":[2,176,5,179,158,87,24,28,101,104,111,191,124,39,157,177,42,43,50],"tags":[],"jetpack_sharing_enabled":true,"jetpack_shortlink":"https:\/\/wp.me\/P7346W-1o9","jetpack-related-posts":[{"id":1769,"url":"https:\/\/salonamat.com\/index.php\/collections\/accessoires\/manubens\/","url_meta":{"origin":5341,"position":0},"title":"MANUBENS","date":"d\u00e9cembre 28, 2015","format":false,"excerpt":"Fabricant espagnol de rubans. Repr\u00e9sent\u00e9 par Olivier Amblard et Gilles Cannat","rel":"","context":"Dans &quot;accessoires&quot;","img":{"alt_text":"","src":"https:\/\/i0.wp.com\/salonamat.com\/wp-content\/uploads\/2015\/12\/JEAN-PHILIPPE-MANUBENS-1.jpg?resize=350%2C200","width":350,"height":200},"classes":[]},{"id":1968,"url":"https:\/\/salonamat.com\/index.php\/collections\/accessoires\/sama\/","url_meta":{"origin":5341,"position":1},"title":"SAMA","date":"mai 3, 2016","format":false,"excerpt":"Fabricant italien de motifs \u00e0 placer, rubans fantaisie. Tr\u00e8s cr\u00e9atif. Confection f\u00e9minine, enfantine, pu\u00e9riculture. Repr\u00e9sent\u00e9 par Olivier Amblard et Gilles Cannat","rel":"","context":"Dans &quot;accessoires&quot;","img":{"alt_text":"","src":"https:\/\/i0.wp.com\/salonamat.com\/wp-content\/uploads\/2016\/05\/MARC-SAMA.jpg?resize=350%2C200","width":350,"height":200},"classes":[]},{"id":660,"url":"https:\/\/salonamat.com\/index.php\/collections\/accessoires\/rifra\/","url_meta":{"origin":5341,"position":2},"title":"RIFRA","date":"d\u00e9cembre 18, 2015","format":false,"excerpt":"Fabricant italien d'\u00e9lastiques tiss\u00e9s, unis, jacquards, ray\u00e9s, imprim\u00e9s... Articles pour ceinture. Femme, homme. Polyester, polyamide, m\u00e9tal, lurex. Repr\u00e9sent\u00e9 par Beno\u00eet De Sereys et Jean-Maurice Martin.","rel":"","context":"Dans &quot;accessoires&quot;","img":{"alt_text":"","src":"https:\/\/i0.wp.com\/salonamat.com\/wp-content\/uploads\/2016\/05\/BENOIT-RIFRA.jpg?resize=350%2C200","width":350,"height":200},"classes":[]},{"id":1082,"url":"https:\/\/salonamat.com\/index.php\/collections\/accessoires\/vialaton-martin\/","url_meta":{"origin":5341,"position":3},"title":"VIALATON MARTIN","date":"d\u00e9cembre 25, 2015","format":false,"excerpt":"Fabricant fran\u00e7ais de galons, rubans, etc. Pas de minima. Femme, homme, enfant. Toutes compositions. Repr\u00e9sent\u00e9 par Ga\u00eblle Grisard.","rel":"","context":"Dans &quot;accessoires&quot;","img":{"alt_text":"","src":"https:\/\/i0.wp.com\/salonamat.com\/wp-content\/uploads\/2015\/12\/DIDIER-FREDERIQUE-VIALATON-MARTIN-1.jpg?resize=350%2C200","width":350,"height":200},"classes":[]},{"id":3228,"url":"https:\/\/salonamat.com\/index.php\/collections\/accessoires\/sodefar\/","url_meta":{"origin":5341,"position":4},"title":"SODEFAR","date":"d\u00e9cembre 28, 2020","format":false,"excerpt":"Distributeur fran\u00e7ais sp\u00e9cialis\u00e9 dans la vente d\u2019accessoires pour la fabrication textile et industrielle. Repr\u00e9sent\u00e9 par Olivier Amblard et Gilles Cannat","rel":"","context":"Dans &quot;accessoires&quot;","img":{"alt_text":"","src":"https:\/\/i0.wp.com\/salonamat.com\/wp-content\/uploads\/2020\/12\/SODEFAR-7.jpg?resize=350%2C200&ssl=1","width":350,"height":200},"classes":[]},{"id":4782,"url":"https:\/\/salonamat.com\/index.php\/satab\/","url_meta":{"origin":5341,"position":5},"title":"SATAB","date":"janvier 2, 2023","format":false,"excerpt":"France Galons et cordons Stock Permanent Minima: Rouleau de 25 mts Repr\u00e9sent\u00e9e par Philippe CAZELLES","rel":"","context":"Dans &quot;accessoires&quot;","img":{"alt_text":"","src":"https:\/\/i0.wp.com\/salonamat.com\/wp-content\/uploads\/2023\/01\/SATAB-1.jpeg?resize=350%2C200&ssl=1","width":350,"height":200},"classes":[]}],"_links":{"self":[{"href":"https:\/\/salonamat.com\/index.php\/wp-json\/wp\/v2\/pages\/5341"}],"collection":[{"href":"https:\/\/salonamat.com\/index.php\/wp-json\/wp\/v2\/pages"}],"about":[{"href":"https:\/\/salonamat.com\/index.php\/wp-json\/wp\/v2\/types\/page"}],"author":[{"embeddable":true,"href":"https:\/\/salonamat.com\/index.php\/wp-json\/wp\/v2\/users\/3"}],"replies":[{"embeddable":true,"href":"https:\/\/salonamat.com\/index.php\/wp-json\/wp\/v2\/comments?post=5341"}],"version-history":[{"count":2,"href":"https:\/\/salonamat.com\/index.php\/wp-json\/wp\/v2\/pages\/5341\/revisions"}],"predecessor-version":[{"id":5348,"href":"https:\/\/salonamat.com\/index.php\/wp-json\/wp\/v2\/pages\/5341\/revisions\/5348"}],"up":[{"embeddable":true,"href":"https:\/\/salonamat.com\/index.php\/wp-json\/wp\/v2\/pages\/1216"}],"wp:attachment":[{"href":"https:\/\/salonamat.com\/index.php\/wp-json\/wp\/v2\/media?parent=5341"}],"wp:term":[{"taxonomy":"category","embeddable":true,"href":"https:\/\/salonamat.com\/index.php\/wp-json\/wp\/v2\/categories?post=5341"},{"taxonomy":"post_tag","embeddable":true,"href":"https:\/\/salonamat.com\/index.php\/wp-json\/wp\/v2\/tags?post=5341"}],"curies":[{"name":"wp","href":"https:\/\/api.w.org\/{rel}","templated":true}]}}