{"id":5086,"date":"2023-03-23T13:17:34","date_gmt":"2023-03-23T13:17:34","guid":{"rendered":"https:\/\/salonamat.com\/?page_id=5086"},"modified":"2023-05-17T10:50:53","modified_gmt":"2023-05-17T10:50:53","slug":"gruppo-sir","status":"publish","type":"page","link":"https:\/\/salonamat.com\/index.php\/collections\/tissus\/gruppo-sir\/","title":{"rendered":"GRUPPO SIR"},"content":{"rendered":"\n<p>Italie<\/p>\n\n\n\n<p>Tissus fantaisies<\/p>\n\n\n\n<p>Repr\u00e9sent\u00e9e par Olivier <a href=\"https:\/\/salonamat.com\/index.php\/agents\/olivier-amblard-et-gilles-cannat\/\">Amblard et Gilles Cannat<\/a>.<\/p>\n\n\n\n<p><\/p>\n\n\n\n<figure data-carousel-extra='{\"blog_id\":1,\"permalink\":\"https:\\\/\\\/salonamat.com\\\/index.php\\\/collections\\\/tissus\\\/gruppo-sir\\\/\"}'   class=\"wp-block-gallery has-nested-images columns-default is-cropped wp-block-gallery-1 is-layout-flex\">\n<figure class=\"wp-block-image size-large\"><img data-attachment-id=\"5087\" data-permalink=\"https:\/\/salonamat.com\/index.php\/collections\/tissus\/gruppo-sir\/gruppo-sir-1\/\" data-orig-file=\"https:\/\/i0.wp.com\/salonamat.com\/wp-content\/uploads\/2023\/03\/Gruppo-Sir-1.jpg?fit=925%2C1076&amp;ssl=1\" data-orig-size=\"925,1076\" data-comments-opened=\"1\" data-image-meta=\"{&quot;aperture&quot;:&quot;0&quot;,&quot;credit&quot;:&quot;&quot;,&quot;camera&quot;:&quot;&quot;,&quot;caption&quot;:&quot;&quot;,&quot;created_timestamp&quot;:&quot;0&quot;,&quot;copyright&quot;:&quot;&quot;,&quot;focal_length&quot;:&quot;0&quot;,&quot;iso&quot;:&quot;0&quot;,&quot;shutter_speed&quot;:&quot;0&quot;,&quot;title&quot;:&quot;&quot;,&quot;orientation&quot;:&quot;0&quot;}\" data-image-title=\"Gruppo Sir 1\" data-image-description=\"\" data-image-caption=\"\" data-medium-file=\"https:\/\/i0.wp.com\/salonamat.com\/wp-content\/uploads\/2023\/03\/Gruppo-Sir-1.jpg?fit=258%2C300&amp;ssl=1\" data-large-file=\"https:\/\/i0.wp.com\/salonamat.com\/wp-content\/uploads\/2023\/03\/Gruppo-Sir-1.jpg?fit=720%2C838&amp;ssl=1\" decoding=\"async\" loading=\"lazy\" width=\"720\" height=\"838\" data-id=\"5087\"  src=\"https:\/\/i0.wp.com\/salonamat.com\/wp-content\/uploads\/2023\/03\/Gruppo-Sir-1.jpg?resize=720%2C838\" alt=\"\" class=\"wp-image-5087\" srcset=\"https:\/\/i0.wp.com\/salonamat.com\/wp-content\/uploads\/2023\/03\/Gruppo-Sir-1.jpg?w=925&amp;ssl=1 925w, https:\/\/i0.wp.com\/salonamat.com\/wp-content\/uploads\/2023\/03\/Gruppo-Sir-1.jpg?resize=258%2C300&amp;ssl=1 258w, https:\/\/i0.wp.com\/salonamat.com\/wp-content\/uploads\/2023\/03\/Gruppo-Sir-1.jpg?resize=880%2C1024&amp;ssl=1 880w, https:\/\/i0.wp.com\/salonamat.com\/wp-content\/uploads\/2023\/03\/Gruppo-Sir-1.jpg?resize=768%2C893&amp;ssl=1 768w, https:\/\/i0.wp.com\/salonamat.com\/wp-content\/uploads\/2023\/03\/Gruppo-Sir-1.jpg?resize=77%2C90&amp;ssl=1 77w\" sizes=\"(max-width: 720px) 100vw, 720px\" data-recalc-dims=\"1\" \/><\/figure>\n\n\n\n<figure class=\"wp-block-image size-large\"><img data-attachment-id=\"5088\" data-permalink=\"https:\/\/salonamat.com\/index.php\/collections\/tissus\/gruppo-sir\/gruppo-sir-2\/\" data-orig-file=\"https:\/\/i0.wp.com\/salonamat.com\/wp-content\/uploads\/2023\/03\/Gruppo-Sir-2.jpg?fit=921%2C1006&amp;ssl=1\" data-orig-size=\"921,1006\" data-comments-opened=\"1\" data-image-meta=\"{&quot;aperture&quot;:&quot;0&quot;,&quot;credit&quot;:&quot;&quot;,&quot;camera&quot;:&quot;&quot;,&quot;caption&quot;:&quot;&quot;,&quot;created_timestamp&quot;:&quot;0&quot;,&quot;copyright&quot;:&quot;&quot;,&quot;focal_length&quot;:&quot;0&quot;,&quot;iso&quot;:&quot;0&quot;,&quot;shutter_speed&quot;:&quot;0&quot;,&quot;title&quot;:&quot;&quot;,&quot;orientation&quot;:&quot;0&quot;}\" data-image-title=\"Gruppo Sir 2\" data-image-description=\"\" data-image-caption=\"\" data-medium-file=\"https:\/\/i0.wp.com\/salonamat.com\/wp-content\/uploads\/2023\/03\/Gruppo-Sir-2.jpg?fit=275%2C300&amp;ssl=1\" data-large-file=\"https:\/\/i0.wp.com\/salonamat.com\/wp-content\/uploads\/2023\/03\/Gruppo-Sir-2.jpg?fit=720%2C786&amp;ssl=1\" decoding=\"async\" loading=\"lazy\" width=\"720\" height=\"786\" data-id=\"5088\"  src=\"https:\/\/i0.wp.com\/salonamat.com\/wp-content\/uploads\/2023\/03\/Gruppo-Sir-2.jpg?resize=720%2C786\" alt=\"\" class=\"wp-image-5088\" srcset=\"https:\/\/i0.wp.com\/salonamat.com\/wp-content\/uploads\/2023\/03\/Gruppo-Sir-2.jpg?w=921&amp;ssl=1 921w, https:\/\/i0.wp.com\/salonamat.com\/wp-content\/uploads\/2023\/03\/Gruppo-Sir-2.jpg?resize=275%2C300&amp;ssl=1 275w, https:\/\/i0.wp.com\/salonamat.com\/wp-content\/uploads\/2023\/03\/Gruppo-Sir-2.jpg?resize=768%2C839&amp;ssl=1 768w, https:\/\/i0.wp.com\/salonamat.com\/wp-content\/uploads\/2023\/03\/Gruppo-Sir-2.jpg?resize=82%2C90&amp;ssl=1 82w\" sizes=\"(max-width: 720px) 100vw, 720px\" data-recalc-dims=\"1\" \/><\/figure>\n\n\n\n<figure class=\"wp-block-image size-large\"><img data-attachment-id=\"5089\" data-permalink=\"https:\/\/salonamat.com\/index.php\/collections\/tissus\/gruppo-sir\/gruppo-sir-4\/\" data-orig-file=\"https:\/\/i0.wp.com\/salonamat.com\/wp-content\/uploads\/2023\/03\/Gruppo-Sir-4.jpg?fit=881%2C961&amp;ssl=1\" data-orig-size=\"881,961\" data-comments-opened=\"1\" data-image-meta=\"{&quot;aperture&quot;:&quot;0&quot;,&quot;credit&quot;:&quot;&quot;,&quot;camera&quot;:&quot;&quot;,&quot;caption&quot;:&quot;&quot;,&quot;created_timestamp&quot;:&quot;0&quot;,&quot;copyright&quot;:&quot;&quot;,&quot;focal_length&quot;:&quot;0&quot;,&quot;iso&quot;:&quot;0&quot;,&quot;shutter_speed&quot;:&quot;0&quot;,&quot;title&quot;:&quot;&quot;,&quot;orientation&quot;:&quot;0&quot;}\" data-image-title=\"Gruppo Sir 4\" data-image-description=\"\" data-image-caption=\"\" data-medium-file=\"https:\/\/i0.wp.com\/salonamat.com\/wp-content\/uploads\/2023\/03\/Gruppo-Sir-4.jpg?fit=275%2C300&amp;ssl=1\" data-large-file=\"https:\/\/i0.wp.com\/salonamat.com\/wp-content\/uploads\/2023\/03\/Gruppo-Sir-4.jpg?fit=720%2C785&amp;ssl=1\" decoding=\"async\" loading=\"lazy\" width=\"720\" height=\"785\" data-id=\"5089\"  src=\"https:\/\/i0.wp.com\/salonamat.com\/wp-content\/uploads\/2023\/03\/Gruppo-Sir-4.jpg?resize=720%2C785\" alt=\"\" class=\"wp-image-5089\" srcset=\"https:\/\/i0.wp.com\/salonamat.com\/wp-content\/uploads\/2023\/03\/Gruppo-Sir-4.jpg?w=881&amp;ssl=1 881w, https:\/\/i0.wp.com\/salonamat.com\/wp-content\/uploads\/2023\/03\/Gruppo-Sir-4.jpg?resize=275%2C300&amp;ssl=1 275w, https:\/\/i0.wp.com\/salonamat.com\/wp-content\/uploads\/2023\/03\/Gruppo-Sir-4.jpg?resize=768%2C838&amp;ssl=1 768w, https:\/\/i0.wp.com\/salonamat.com\/wp-content\/uploads\/2023\/03\/Gruppo-Sir-4.jpg?resize=83%2C90&amp;ssl=1 83w\" sizes=\"(max-width: 720px) 100vw, 720px\" data-recalc-dims=\"1\" \/><\/figure>\n\n\n\n<figure class=\"wp-block-image size-large\"><img data-attachment-id=\"5090\" data-permalink=\"https:\/\/salonamat.com\/index.php\/collections\/tissus\/gruppo-sir\/gruppo-sir\/\" data-orig-file=\"https:\/\/i0.wp.com\/salonamat.com\/wp-content\/uploads\/2023\/03\/Gruppo-Sir.jpg?fit=1349%2C1128&amp;ssl=1\" data-orig-size=\"1349,1128\" data-comments-opened=\"1\" data-image-meta=\"{&quot;aperture&quot;:&quot;0&quot;,&quot;credit&quot;:&quot;&quot;,&quot;camera&quot;:&quot;&quot;,&quot;caption&quot;:&quot;&quot;,&quot;created_timestamp&quot;:&quot;0&quot;,&quot;copyright&quot;:&quot;&quot;,&quot;focal_length&quot;:&quot;0&quot;,&quot;iso&quot;:&quot;0&quot;,&quot;shutter_speed&quot;:&quot;0&quot;,&quot;title&quot;:&quot;&quot;,&quot;orientation&quot;:&quot;0&quot;}\" data-image-title=\"Gruppo Sir\" data-image-description=\"\" data-image-caption=\"\" data-medium-file=\"https:\/\/i0.wp.com\/salonamat.com\/wp-content\/uploads\/2023\/03\/Gruppo-Sir.jpg?fit=300%2C251&amp;ssl=1\" data-large-file=\"https:\/\/i0.wp.com\/salonamat.com\/wp-content\/uploads\/2023\/03\/Gruppo-Sir.jpg?fit=720%2C602&amp;ssl=1\" decoding=\"async\" loading=\"lazy\" width=\"720\" height=\"602\" data-id=\"5090\"  src=\"https:\/\/i0.wp.com\/salonamat.com\/wp-content\/uploads\/2023\/03\/Gruppo-Sir.jpg?resize=720%2C602\" alt=\"\" class=\"wp-image-5090\" srcset=\"https:\/\/i0.wp.com\/salonamat.com\/wp-content\/uploads\/2023\/03\/Gruppo-Sir.jpg?w=1349&amp;ssl=1 1349w, https:\/\/i0.wp.com\/salonamat.com\/wp-content\/uploads\/2023\/03\/Gruppo-Sir.jpg?resize=300%2C251&amp;ssl=1 300w, https:\/\/i0.wp.com\/salonamat.com\/wp-content\/uploads\/2023\/03\/Gruppo-Sir.jpg?resize=1024%2C856&amp;ssl=1 1024w, https:\/\/i0.wp.com\/salonamat.com\/wp-content\/uploads\/2023\/03\/Gruppo-Sir.jpg?resize=768%2C642&amp;ssl=1 768w, https:\/\/i0.wp.com\/salonamat.com\/wp-content\/uploads\/2023\/03\/Gruppo-Sir.jpg?resize=108%2C90&amp;ssl=1 108w\" sizes=\"(max-width: 720px) 100vw, 720px\" data-recalc-dims=\"1\" \/><\/figure>\n<\/figure>\n","protected":false},"excerpt":{"rendered":"<p>Italie Tissus fantaisies Repr\u00e9sent\u00e9e par Olivier Amblard et Gilles Cannat. <a href=\"https:\/\/salonamat.com\/index.php\/collections\/tissus\/gruppo-sir\/\" class=\"more-link\">Continuer de lire <span class=\"screen-reader-text\">GRUPPO SIR<\/span><\/a><\/p>\n","protected":false},"author":3,"featured_media":0,"parent":1215,"menu_order":0,"comment_status":"closed","ping_status":"closed","template":"","meta":{"spay_email":""},"categories":[79,84,21,87,24,96,110,34,191,121,123,39,43,46,53],"tags":[],"jetpack_sharing_enabled":true,"jetpack_shortlink":"https:\/\/wp.me\/P7346W-1k2","jetpack-related-posts":[{"id":4767,"url":"https:\/\/salonamat.com\/index.php\/collections\/tissus\/tiba\/","url_meta":{"origin":5086,"position":0},"title":"TIBA","date":"janvier 2, 2023","format":false,"excerpt":"Italie Tissus ind\u00e9maillables, maille circulaire et tissus 3D Jersey\/ Interlock Minima: 70 Mts Repr\u00e9sent\u00e9e par Philippe CAZELLES","rel":"","context":"Dans &quot;acrylique&quot;","img":{"alt_text":"","src":"https:\/\/i0.wp.com\/salonamat.com\/wp-content\/uploads\/2023\/01\/tiba-2.jpeg?resize=350%2C200","width":350,"height":200},"classes":[]},{"id":1215,"url":"https:\/\/salonamat.com\/index.php\/collections\/tissus\/","url_meta":{"origin":5086,"position":1},"title":"TISSUS","date":"d\u00e9cembre 14, 2015","format":false,"excerpt":"","rel":"","context":"Dans &quot;tissus&quot;","img":{"alt_text":"","src":"https:\/\/i0.wp.com\/salonamat.com\/wp-content\/uploads\/2015\/12\/REMI-THERMOCOLOR.jpg?resize=350%2C200","width":350,"height":200},"classes":[]},{"id":927,"url":"https:\/\/salonamat.com\/index.php\/collections\/tissus\/deniertex\/","url_meta":{"origin":5086,"position":2},"title":"DENIERTEX","date":"d\u00e9cembre 24, 2015","format":false,"excerpt":"Importateur espagnol tous tissus Pas de minima. Femme. Toutes compositions. Repr\u00e9sent\u00e9 par Philippe Berlande.","rel":"","context":"Dans &quot;cha\u00eene et trame&quot;","img":{"alt_text":"","src":"https:\/\/i0.wp.com\/salonamat.com\/wp-content\/uploads\/2015\/12\/PHILIPPE-DENIERTEX.jpg?resize=350%2C200","width":350,"height":200},"classes":[]},{"id":10120,"url":"https:\/\/salonamat.com\/index.php\/collections\/tissus\/bcn\/","url_meta":{"origin":5086,"position":3},"title":"BCN","date":"octobre 29, 2025","format":false,"excerpt":"Fabricant turc de tissus cha\u00eene-et-trame en poly viscose ea Polyester, \u00e9lasthanne, viscose... Repr\u00e9sent\u00e9 par Paul Mestrallet.","rel":"","context":"Dans &quot;cha\u00eene et trame&quot;","img":{"alt_text":"","src":"","width":0,"height":0},"classes":[]},{"id":1157,"url":"https:\/\/salonamat.com\/index.php\/collections\/tissus\/dutel\/","url_meta":{"origin":5086,"position":4},"title":"DUTEL","date":"d\u00e9cembre 25, 2015","format":false,"excerpt":"Fabricant fran\u00e7ais de tissus jacquard cha\u00eene-et-trame teint en fil et teint en pi\u00e8ce. Minima : 150 Mt. \/ couleur. Femme. Toutes compositions.Repr\u00e9sent\u00e9 par Katy P\u00e9choux.","rel":"","context":"Dans &quot;cha\u00eene et trame&quot;","img":{"alt_text":"","src":"https:\/\/i0.wp.com\/salonamat.com\/wp-content\/uploads\/2015\/12\/BABETTE-JEAN-LOUIS-DUTEL-1.jpg?resize=350%2C200","width":350,"height":200},"classes":[]},{"id":991,"url":"https:\/\/salonamat.com\/index.php\/collections\/tissus\/intesa\/","url_meta":{"origin":5086,"position":5},"title":"INTESA","date":"d\u00e9cembre 24, 2015","format":false,"excerpt":"Fabricant italien de tissus cha\u00eene-et-trame, maille, fantaisie, imprim\u00e9s, jacquards, basiques, dentelles. Minima : 1 pi\u00e8ce sur stock Femme. Toutes compositions. Repr\u00e9sent\u00e9 par V\u00e9ronique P\u00e9pin Bolliet.","rel":"","context":"Dans &quot;cha\u00eene et trame&quot;","img":{"alt_text":"","src":"https:\/\/i0.wp.com\/salonamat.com\/wp-content\/uploads\/2015\/12\/VERONIQUE-INTESA-1.jpg?resize=350%2C200","width":350,"height":200},"classes":[]}],"_links":{"self":[{"href":"https:\/\/salonamat.com\/index.php\/wp-json\/wp\/v2\/pages\/5086"}],"collection":[{"href":"https:\/\/salonamat.com\/index.php\/wp-json\/wp\/v2\/pages"}],"about":[{"href":"https:\/\/salonamat.com\/index.php\/wp-json\/wp\/v2\/types\/page"}],"author":[{"embeddable":true,"href":"https:\/\/salonamat.com\/index.php\/wp-json\/wp\/v2\/users\/3"}],"replies":[{"embeddable":true,"href":"https:\/\/salonamat.com\/index.php\/wp-json\/wp\/v2\/comments?post=5086"}],"version-history":[{"count":3,"href":"https:\/\/salonamat.com\/index.php\/wp-json\/wp\/v2\/pages\/5086\/revisions"}],"predecessor-version":[{"id":5329,"href":"https:\/\/salonamat.com\/index.php\/wp-json\/wp\/v2\/pages\/5086\/revisions\/5329"}],"up":[{"embeddable":true,"href":"https:\/\/salonamat.com\/index.php\/wp-json\/wp\/v2\/pages\/1215"}],"wp:attachment":[{"href":"https:\/\/salonamat.com\/index.php\/wp-json\/wp\/v2\/media?parent=5086"}],"wp:term":[{"taxonomy":"category","embeddable":true,"href":"https:\/\/salonamat.com\/index.php\/wp-json\/wp\/v2\/categories?post=5086"},{"taxonomy":"post_tag","embeddable":true,"href":"https:\/\/salonamat.com\/index.php\/wp-json\/wp\/v2\/tags?post=5086"}],"curies":[{"name":"wp","href":"https:\/\/api.w.org\/{rel}","templated":true}]}}