{"id":4778,"date":"2023-01-02T10:45:21","date_gmt":"2023-01-02T10:45:21","guid":{"rendered":"http:\/\/salonamat.com\/?page_id=4778"},"modified":"2023-05-11T12:13:38","modified_gmt":"2023-05-11T12:13:38","slug":"cadica","status":"publish","type":"page","link":"https:\/\/salonamat.com\/index.php\/collections\/accessoires\/cadica\/","title":{"rendered":"CADICA"},"content":{"rendered":"\n<p>Italie<\/p>\n\n\n\n<p>\u00c9tiquettes tiss\u00e9es et imprim\u00e9es, hangtags<\/p>\n\n\n\n<p>Minima: 1000 pi\u00e8ces minimum<\/p>\n\n\n\n<p>Repr\u00e9sent\u00e9e par <a href=\"http:\/\/salonamat.com\/index.php\/agents\/philippe-cazelles\/\" data-type=\"URL\" data-id=\"http:\/\/salonamat.com\/index.php\/agents\/philippe-cazelles\/\" target=\"_blank\" rel=\"noreferrer noopener\">Philippe CAZELLES<\/a><\/p>\n\n\n\n<div class=\"wp-block-columns is-layout-flex wp-container-4\">\n<div class=\"wp-block-column is-layout-flow\">\n<figure class=\"wp-block-image size-large\"><img data-attachment-id=\"4779\" data-permalink=\"https:\/\/salonamat.com\/index.php\/collections\/accessoires\/cadica\/varcotex-2\/\" data-orig-file=\"https:\/\/i0.wp.com\/salonamat.com\/wp-content\/uploads\/2023\/01\/varcotex-2.jpeg?fit=2000%2C1331&amp;ssl=1\" data-orig-size=\"2000,1331\" data-comments-opened=\"1\" data-image-meta=\"{&quot;aperture&quot;:&quot;0&quot;,&quot;credit&quot;:&quot;&quot;,&quot;camera&quot;:&quot;&quot;,&quot;caption&quot;:&quot;&quot;,&quot;created_timestamp&quot;:&quot;0&quot;,&quot;copyright&quot;:&quot;&quot;,&quot;focal_length&quot;:&quot;0&quot;,&quot;iso&quot;:&quot;0&quot;,&quot;shutter_speed&quot;:&quot;0&quot;,&quot;title&quot;:&quot;&quot;,&quot;orientation&quot;:&quot;0&quot;}\" data-image-title=\"varcotex-2\" data-image-description=\"\" data-image-caption=\"\" data-medium-file=\"https:\/\/i0.wp.com\/salonamat.com\/wp-content\/uploads\/2023\/01\/varcotex-2.jpeg?fit=300%2C200&amp;ssl=1\" data-large-file=\"https:\/\/i0.wp.com\/salonamat.com\/wp-content\/uploads\/2023\/01\/varcotex-2.jpeg?fit=720%2C479&amp;ssl=1\" decoding=\"async\" loading=\"lazy\" width=\"720\" height=\"479\" src=\"https:\/\/i0.wp.com\/salonamat.com\/wp-content\/uploads\/2023\/01\/varcotex-2.jpeg?resize=720%2C479\" alt=\"\" class=\"wp-image-4779\" srcset=\"https:\/\/i0.wp.com\/salonamat.com\/wp-content\/uploads\/2023\/01\/varcotex-2.jpeg?resize=1024%2C681&amp;ssl=1 1024w, https:\/\/i0.wp.com\/salonamat.com\/wp-content\/uploads\/2023\/01\/varcotex-2.jpeg?resize=300%2C200&amp;ssl=1 300w, https:\/\/i0.wp.com\/salonamat.com\/wp-content\/uploads\/2023\/01\/varcotex-2.jpeg?resize=768%2C511&amp;ssl=1 768w, https:\/\/i0.wp.com\/salonamat.com\/wp-content\/uploads\/2023\/01\/varcotex-2.jpeg?resize=1536%2C1022&amp;ssl=1 1536w, https:\/\/i0.wp.com\/salonamat.com\/wp-content\/uploads\/2023\/01\/varcotex-2.jpeg?resize=135%2C90&amp;ssl=1 135w, https:\/\/i0.wp.com\/salonamat.com\/wp-content\/uploads\/2023\/01\/varcotex-2.jpeg?w=2000&amp;ssl=1 2000w, https:\/\/i0.wp.com\/salonamat.com\/wp-content\/uploads\/2023\/01\/varcotex-2.jpeg?w=1440 1440w\" sizes=\"(max-width: 720px) 100vw, 720px\" data-recalc-dims=\"1\" \/><\/figure>\n<\/div>\n\n\n\n<div class=\"wp-block-column is-layout-flow\">\n<figure class=\"wp-block-image size-large\"><img data-attachment-id=\"4780\" data-permalink=\"https:\/\/salonamat.com\/index.php\/collections\/accessoires\/cadica\/varcotex-3\/\" data-orig-file=\"https:\/\/i0.wp.com\/salonamat.com\/wp-content\/uploads\/2023\/01\/varcotex-3.jpeg?fit=2000%2C1331&amp;ssl=1\" data-orig-size=\"2000,1331\" data-comments-opened=\"1\" data-image-meta=\"{&quot;aperture&quot;:&quot;0&quot;,&quot;credit&quot;:&quot;&quot;,&quot;camera&quot;:&quot;&quot;,&quot;caption&quot;:&quot;&quot;,&quot;created_timestamp&quot;:&quot;0&quot;,&quot;copyright&quot;:&quot;&quot;,&quot;focal_length&quot;:&quot;0&quot;,&quot;iso&quot;:&quot;0&quot;,&quot;shutter_speed&quot;:&quot;0&quot;,&quot;title&quot;:&quot;&quot;,&quot;orientation&quot;:&quot;0&quot;}\" data-image-title=\"varcotex-3\" data-image-description=\"\" data-image-caption=\"\" data-medium-file=\"https:\/\/i0.wp.com\/salonamat.com\/wp-content\/uploads\/2023\/01\/varcotex-3.jpeg?fit=300%2C200&amp;ssl=1\" data-large-file=\"https:\/\/i0.wp.com\/salonamat.com\/wp-content\/uploads\/2023\/01\/varcotex-3.jpeg?fit=720%2C479&amp;ssl=1\" decoding=\"async\" loading=\"lazy\" width=\"720\" height=\"479\" src=\"https:\/\/i0.wp.com\/salonamat.com\/wp-content\/uploads\/2023\/01\/varcotex-3.jpeg?resize=720%2C479\" alt=\"\" class=\"wp-image-4780\" srcset=\"https:\/\/i0.wp.com\/salonamat.com\/wp-content\/uploads\/2023\/01\/varcotex-3.jpeg?resize=1024%2C681&amp;ssl=1 1024w, https:\/\/i0.wp.com\/salonamat.com\/wp-content\/uploads\/2023\/01\/varcotex-3.jpeg?resize=300%2C200&amp;ssl=1 300w, https:\/\/i0.wp.com\/salonamat.com\/wp-content\/uploads\/2023\/01\/varcotex-3.jpeg?resize=768%2C511&amp;ssl=1 768w, https:\/\/i0.wp.com\/salonamat.com\/wp-content\/uploads\/2023\/01\/varcotex-3.jpeg?resize=1536%2C1022&amp;ssl=1 1536w, https:\/\/i0.wp.com\/salonamat.com\/wp-content\/uploads\/2023\/01\/varcotex-3.jpeg?resize=135%2C90&amp;ssl=1 135w, https:\/\/i0.wp.com\/salonamat.com\/wp-content\/uploads\/2023\/01\/varcotex-3.jpeg?w=2000&amp;ssl=1 2000w, https:\/\/i0.wp.com\/salonamat.com\/wp-content\/uploads\/2023\/01\/varcotex-3.jpeg?w=1440 1440w\" sizes=\"(max-width: 720px) 100vw, 720px\" data-recalc-dims=\"1\" \/><\/figure>\n<\/div>\n\n\n\n<div class=\"wp-block-column is-layout-flow\"><\/div>\n<\/div>\n","protected":false},"excerpt":{"rendered":"<p>Italie \u00c9tiquettes tiss\u00e9es et imprim\u00e9es, hangtags Minima: 1000 pi\u00e8ces minimum Repr\u00e9sent\u00e9e par Philippe CAZELLES <a href=\"https:\/\/salonamat.com\/index.php\/collections\/accessoires\/cadica\/\" class=\"more-link\">Continuer de lire <span class=\"screen-reader-text\">CADICA<\/span><\/a><\/p>\n","protected":false},"author":3,"featured_media":0,"parent":1216,"menu_order":0,"comment_status":"closed","ping_status":"closed","template":"","meta":{"spay_email":""},"categories":[2,10,80,82,21,23,87,24,147,28,35,191,124,199,39,42,43,47],"tags":[],"jetpack_sharing_enabled":true,"jetpack_shortlink":"https:\/\/wp.me\/P7346W-1f4","jetpack-related-posts":[{"id":3228,"url":"https:\/\/salonamat.com\/index.php\/collections\/accessoires\/sodefar\/","url_meta":{"origin":4778,"position":0},"title":"SODEFAR","date":"d\u00e9cembre 28, 2020","format":false,"excerpt":"Distributeur fran\u00e7ais sp\u00e9cialis\u00e9 dans la vente d\u2019accessoires pour la fabrication textile et industrielle. Repr\u00e9sent\u00e9 par Olivier Amblard et Gilles Cannat","rel":"","context":"Dans &quot;accessoires&quot;","img":{"alt_text":"","src":"https:\/\/i0.wp.com\/salonamat.com\/wp-content\/uploads\/2020\/12\/SODEFAR-7.jpg?resize=350%2C200&ssl=1","width":350,"height":200},"classes":[]},{"id":1769,"url":"https:\/\/salonamat.com\/index.php\/collections\/accessoires\/manubens\/","url_meta":{"origin":4778,"position":1},"title":"MANUBENS","date":"d\u00e9cembre 28, 2015","format":false,"excerpt":"Fabricant espagnol de rubans. Repr\u00e9sent\u00e9 par Olivier Amblard et Gilles Cannat","rel":"","context":"Dans &quot;accessoires&quot;","img":{"alt_text":"","src":"https:\/\/i0.wp.com\/salonamat.com\/wp-content\/uploads\/2015\/12\/JEAN-PHILIPPE-MANUBENS-1.jpg?resize=350%2C200","width":350,"height":200},"classes":[]},{"id":802,"url":"https:\/\/salonamat.com\/index.php\/collections\/accessoires\/disboton\/","url_meta":{"origin":4778,"position":2},"title":"DISBOTON","date":"d\u00e9cembre 22, 2015","format":false,"excerpt":"Fabricant espagnol de boutons \u00e0 coudre. Tarifs entr\u00e9e de gamme. Femme, homme, enfant. Polyester, nacre, nylon, nylon m\u00e9tal, corne, corozo, bois, cuir lavable. Repr\u00e9sent\u00e9 par Armelle Blettner.","rel":"","context":"Dans &quot;accessoires&quot;","img":{"alt_text":"","src":"https:\/\/i0.wp.com\/salonamat.com\/wp-content\/uploads\/2015\/12\/ARMELLE-DISBOTON-1.jpg?resize=350%2C200","width":350,"height":200},"classes":[]},{"id":4782,"url":"https:\/\/salonamat.com\/index.php\/satab\/","url_meta":{"origin":4778,"position":3},"title":"SATAB","date":"janvier 2, 2023","format":false,"excerpt":"France Galons et cordons Stock Permanent Minima: Rouleau de 25 mts Repr\u00e9sent\u00e9e par Philippe CAZELLES","rel":"","context":"Dans &quot;accessoires&quot;","img":{"alt_text":"","src":"https:\/\/i0.wp.com\/salonamat.com\/wp-content\/uploads\/2023\/01\/SATAB-1.jpeg?resize=350%2C200&ssl=1","width":350,"height":200},"classes":[]},{"id":4762,"url":"https:\/\/salonamat.com\/index.php\/collections\/accessoires\/victor\/","url_meta":{"origin":4778,"position":4},"title":"VICTOR","date":"janvier 2, 2023","format":false,"excerpt":"Italie Cordon, galons, \u00e9lastiques Minima: 300 mts minimum Repr\u00e9sent\u00e9e par Philippe CAZELLES","rel":"","context":"Dans &quot;acrylique&quot;","img":{"alt_text":"","src":"https:\/\/i0.wp.com\/salonamat.com\/wp-content\/uploads\/2023\/01\/victor-1.jpeg?resize=350%2C200&ssl=1","width":350,"height":200},"classes":[]},{"id":6213,"url":"https:\/\/salonamat.com\/index.php\/collections\/accessoires\/p-a-l-m-pizzi\/","url_meta":{"origin":4778,"position":5},"title":"P.A.L.M PIZZI","date":"d\u00e9cembre 22, 2023","format":false,"excerpt":"Fabricant italien de dentelle et galons crochet. Pour pr\u00eat \u00e0 porter femme, enfant, homme et lingerie bain Cotton\/ polyester\/ fils chenille et divers Minimum de commande: 300mts au coloris si pas en stock Repr\u00e9sent\u00e9 par Armelle Blettner et Anne Jouve.","rel":"","context":"Dans &quot;acrylique&quot;","img":{"alt_text":"","src":"https:\/\/i0.wp.com\/salonamat.com\/wp-content\/uploads\/2023\/12\/PALM-PIZZI.png?resize=350%2C200&ssl=1","width":350,"height":200},"classes":[]}],"_links":{"self":[{"href":"https:\/\/salonamat.com\/index.php\/wp-json\/wp\/v2\/pages\/4778"}],"collection":[{"href":"https:\/\/salonamat.com\/index.php\/wp-json\/wp\/v2\/pages"}],"about":[{"href":"https:\/\/salonamat.com\/index.php\/wp-json\/wp\/v2\/types\/page"}],"author":[{"embeddable":true,"href":"https:\/\/salonamat.com\/index.php\/wp-json\/wp\/v2\/users\/3"}],"replies":[{"embeddable":true,"href":"https:\/\/salonamat.com\/index.php\/wp-json\/wp\/v2\/comments?post=4778"}],"version-history":[{"count":2,"href":"https:\/\/salonamat.com\/index.php\/wp-json\/wp\/v2\/pages\/4778\/revisions"}],"predecessor-version":[{"id":4806,"href":"https:\/\/salonamat.com\/index.php\/wp-json\/wp\/v2\/pages\/4778\/revisions\/4806"}],"up":[{"embeddable":true,"href":"https:\/\/salonamat.com\/index.php\/wp-json\/wp\/v2\/pages\/1216"}],"wp:attachment":[{"href":"https:\/\/salonamat.com\/index.php\/wp-json\/wp\/v2\/media?parent=4778"}],"wp:term":[{"taxonomy":"category","embeddable":true,"href":"https:\/\/salonamat.com\/index.php\/wp-json\/wp\/v2\/categories?post=4778"},{"taxonomy":"post_tag","embeddable":true,"href":"https:\/\/salonamat.com\/index.php\/wp-json\/wp\/v2\/tags?post=4778"}],"curies":[{"name":"wp","href":"https:\/\/api.w.org\/{rel}","templated":true}]}}