{"id":4757,"date":"2023-01-02T10:11:22","date_gmt":"2023-01-02T10:11:22","guid":{"rendered":"http:\/\/salonamat.com\/?page_id=4757"},"modified":"2023-05-11T12:16:37","modified_gmt":"2023-05-11T12:16:37","slug":"new-junior","status":"publish","type":"page","link":"https:\/\/salonamat.com\/index.php\/collections\/tissus\/new-junior\/","title":{"rendered":"NEW JUNIOR"},"content":{"rendered":"\n<p>Espagne<\/p>\n\n\n\n<p>Femme\/ homme <\/p>\n\n\n\n<p>Sportswear<\/p>\n\n\n\n<p>Minima: \u00a0Pas de minimum pour le PAT, 300 mts pour le teint<\/p>\n\n\n\n<p>Repr\u00e9sent\u00e9e par <a href=\"http:\/\/salonamat.com\/?page_id=4745\" data-type=\"URL\" data-id=\"http:\/\/salonamat.com\/?page_id=4745\" target=\"_blank\" rel=\"noreferrer noopener\">Philippe CAZELLES<\/a><\/p>\n\n\n\n<div class=\"wp-block-columns is-layout-flex wp-container-4\">\n<div class=\"wp-block-column is-layout-flow\">\n<figure class=\"wp-block-image size-full\"><img data-attachment-id=\"4759\" data-permalink=\"https:\/\/salonamat.com\/index.php\/collections\/tissus\/new-junior\/new-junior-2\/\" data-orig-file=\"https:\/\/i0.wp.com\/salonamat.com\/wp-content\/uploads\/2023\/01\/new-junior-2.jpeg?fit=250%2C250&amp;ssl=1\" data-orig-size=\"250,250\" data-comments-opened=\"1\" data-image-meta=\"{&quot;aperture&quot;:&quot;0&quot;,&quot;credit&quot;:&quot;&quot;,&quot;camera&quot;:&quot;&quot;,&quot;caption&quot;:&quot;&quot;,&quot;created_timestamp&quot;:&quot;0&quot;,&quot;copyright&quot;:&quot;&quot;,&quot;focal_length&quot;:&quot;0&quot;,&quot;iso&quot;:&quot;0&quot;,&quot;shutter_speed&quot;:&quot;0&quot;,&quot;title&quot;:&quot;&quot;,&quot;orientation&quot;:&quot;0&quot;}\" data-image-title=\"new-junior-2\" data-image-description=\"\" data-image-caption=\"\" data-medium-file=\"https:\/\/i0.wp.com\/salonamat.com\/wp-content\/uploads\/2023\/01\/new-junior-2.jpeg?fit=250%2C250&amp;ssl=1\" data-large-file=\"https:\/\/i0.wp.com\/salonamat.com\/wp-content\/uploads\/2023\/01\/new-junior-2.jpeg?fit=250%2C250&amp;ssl=1\" decoding=\"async\" loading=\"lazy\" width=\"250\" height=\"250\" src=\"https:\/\/i0.wp.com\/salonamat.com\/wp-content\/uploads\/2023\/01\/new-junior-2.jpeg?resize=250%2C250\" alt=\"\" class=\"wp-image-4759\" srcset=\"https:\/\/i0.wp.com\/salonamat.com\/wp-content\/uploads\/2023\/01\/new-junior-2.jpeg?w=250&amp;ssl=1 250w, https:\/\/i0.wp.com\/salonamat.com\/wp-content\/uploads\/2023\/01\/new-junior-2.jpeg?resize=150%2C150&amp;ssl=1 150w, https:\/\/i0.wp.com\/salonamat.com\/wp-content\/uploads\/2023\/01\/new-junior-2.jpeg?resize=90%2C90&amp;ssl=1 90w\" sizes=\"(max-width: 250px) 100vw, 250px\" data-recalc-dims=\"1\" \/><\/figure>\n<\/div>\n\n\n\n<div class=\"wp-block-column is-layout-flow\">\n<figure class=\"wp-block-image size-full\"><img data-attachment-id=\"4760\" data-permalink=\"https:\/\/salonamat.com\/index.php\/collections\/tissus\/new-junior\/new-junior\/\" data-orig-file=\"https:\/\/i0.wp.com\/salonamat.com\/wp-content\/uploads\/2023\/01\/new-junior.jpeg?fit=250%2C250&amp;ssl=1\" data-orig-size=\"250,250\" data-comments-opened=\"1\" data-image-meta=\"{&quot;aperture&quot;:&quot;0&quot;,&quot;credit&quot;:&quot;&quot;,&quot;camera&quot;:&quot;&quot;,&quot;caption&quot;:&quot;&quot;,&quot;created_timestamp&quot;:&quot;0&quot;,&quot;copyright&quot;:&quot;&quot;,&quot;focal_length&quot;:&quot;0&quot;,&quot;iso&quot;:&quot;0&quot;,&quot;shutter_speed&quot;:&quot;0&quot;,&quot;title&quot;:&quot;&quot;,&quot;orientation&quot;:&quot;0&quot;}\" data-image-title=\"new-junior\" data-image-description=\"\" data-image-caption=\"\" data-medium-file=\"https:\/\/i0.wp.com\/salonamat.com\/wp-content\/uploads\/2023\/01\/new-junior.jpeg?fit=250%2C250&amp;ssl=1\" data-large-file=\"https:\/\/i0.wp.com\/salonamat.com\/wp-content\/uploads\/2023\/01\/new-junior.jpeg?fit=250%2C250&amp;ssl=1\" decoding=\"async\" loading=\"lazy\" width=\"250\" height=\"250\" src=\"https:\/\/i0.wp.com\/salonamat.com\/wp-content\/uploads\/2023\/01\/new-junior.jpeg?resize=250%2C250\" alt=\"\" class=\"wp-image-4760\" srcset=\"https:\/\/i0.wp.com\/salonamat.com\/wp-content\/uploads\/2023\/01\/new-junior.jpeg?w=250&amp;ssl=1 250w, https:\/\/i0.wp.com\/salonamat.com\/wp-content\/uploads\/2023\/01\/new-junior.jpeg?resize=150%2C150&amp;ssl=1 150w, https:\/\/i0.wp.com\/salonamat.com\/wp-content\/uploads\/2023\/01\/new-junior.jpeg?resize=90%2C90&amp;ssl=1 90w\" sizes=\"(max-width: 250px) 100vw, 250px\" data-recalc-dims=\"1\" \/><\/figure>\n<\/div>\n\n\n\n<div class=\"wp-block-column is-layout-flow\"><\/div>\n<\/div>\n","protected":false},"excerpt":{"rendered":"<p>Espagne Femme\/ homme Sportswear Minima: \u00a0Pas de minimum pour le PAT, 300 mts pour le teint Repr\u00e9sent\u00e9e par Philippe CAZELLES <a href=\"https:\/\/salonamat.com\/index.php\/collections\/tissus\/new-junior\/\" class=\"more-link\">Continuer de lire <span class=\"screen-reader-text\">NEW JUNIOR<\/span><\/a><\/p>\n","protected":false},"author":3,"featured_media":0,"parent":1215,"menu_order":0,"comment_status":"closed","ping_status":"closed","template":"","meta":{"spay_email":""},"categories":[73,79,84,21,22,87,24,28,93,100,105,106,109,35,191,121,123,39,175,164,43,44,163,134,46,49,154,53],"tags":[],"jetpack_sharing_enabled":true,"jetpack_shortlink":"https:\/\/wp.me\/P7346W-1eJ","jetpack-related-posts":[{"id":3292,"url":"https:\/\/salonamat.com\/index.php\/collections\/tissus\/cat-land\/","url_meta":{"origin":4757,"position":0},"title":"CAT-LAND","date":"d\u00e9cembre 31, 2020","format":false,"excerpt":"Fabricant fran\u00e7ais de polaire. Moyen de gamme. Pas de minimum. Femme, Homme, Enfant. Composition : Polyester. Repr\u00e9sent\u00e9 par Olivier Glorieux.","rel":"","context":"Dans &quot;enfant&quot;","img":{"alt_text":"","src":"","width":0,"height":0},"classes":[]},{"id":864,"url":"https:\/\/salonamat.com\/index.php\/collections\/tissus\/rsp-51\/","url_meta":{"origin":4757,"position":1},"title":"RSP 51","date":"d\u00e9cembre 22, 2015","format":false,"excerpt":"Fabricant espagnol de denim pour chemises, pantalons et robes. Minima : 500 mt. Femme, homme, enfant. Coton, \u00e9lasthanne, tencel. Repr\u00e9sent\u00e9 par Paul Mestrallet.","rel":"","context":"Dans &quot;cha\u00eene et trame&quot;","img":{"alt_text":"","src":"https:\/\/i0.wp.com\/salonamat.com\/wp-content\/uploads\/2015\/12\/PAUL-RSP51-1.jpg?resize=350%2C200","width":350,"height":200},"classes":[]},{"id":825,"url":"https:\/\/salonamat.com\/index.php\/collections\/tissus\/telatex\/","url_meta":{"origin":4757,"position":2},"title":"TELATEX","date":"d\u00e9cembre 22, 2015","format":false,"excerpt":"Fabricant fran\u00e7ais de tissus cha\u00eene-et-trame naturels. PAT, teints, imprim\u00e9s, jacquards. Femme, homme, enfant, sportswear. Coton, laine, viscose, lin, m\u00e9langes. Minimum de commande: 300M + stock service Repr\u00e9sent\u00e9 par Laetitia CORGER.","rel":"","context":"Dans &quot;ameublement&quot;","img":{"alt_text":"","src":"https:\/\/i0.wp.com\/salonamat.com\/wp-content\/uploads\/2023\/05\/TELATEX1.jpg?resize=350%2C200&ssl=1","width":350,"height":200},"classes":[]},{"id":4753,"url":"https:\/\/salonamat.com\/index.php\/collections\/tissus\/pontex-2\/","url_meta":{"origin":4757,"position":3},"title":"PONTEX","date":"janvier 2, 2023","format":false,"excerpt":"Italien Tissus pr\u00eats \u00e0 teindre Minima: pas de minimum pour le PAT, 300 mts pour le teint Repr\u00e9sent\u00e9e par Philippe CAZELLES","rel":"","context":"Dans &quot;cha\u00eene et trame&quot;","img":{"alt_text":"","src":"https:\/\/i0.wp.com\/salonamat.com\/wp-content\/uploads\/2023\/01\/pontex-hiver.jpg?resize=350%2C200&ssl=1","width":350,"height":200},"classes":[]},{"id":971,"url":"https:\/\/salonamat.com\/index.php\/collections\/tissus\/infinity-codice\/","url_meta":{"origin":4757,"position":4},"title":"INFINITY CODICE","date":"d\u00e9cembre 24, 2015","format":false,"excerpt":"Fabricant italien de tissus cha\u00eene-et-trame coton, d\u00e9lav\u00e9 aspect cuir, effet jean... Femme, homme. Minima : 300 Mt Coton, polyester, m\u00e9langes. Repr\u00e9sent\u00e9 par Marc Cazelles.","rel":"","context":"Dans &quot;cha\u00eene et trame&quot;","img":{"alt_text":"","src":"https:\/\/i0.wp.com\/salonamat.com\/wp-content\/uploads\/2015\/12\/MARC-INFINITY-CODICE-1.jpg?resize=350%2C200","width":350,"height":200},"classes":[]},{"id":4767,"url":"https:\/\/salonamat.com\/index.php\/collections\/tissus\/tiba\/","url_meta":{"origin":4757,"position":5},"title":"TIBA","date":"janvier 2, 2023","format":false,"excerpt":"Italie Tissus ind\u00e9maillables, maille circulaire et tissus 3D Jersey\/ Interlock Minima: 70 Mts Repr\u00e9sent\u00e9e par Philippe CAZELLES","rel":"","context":"Dans &quot;acrylique&quot;","img":{"alt_text":"","src":"https:\/\/i0.wp.com\/salonamat.com\/wp-content\/uploads\/2023\/01\/tiba-2.jpeg?resize=350%2C200","width":350,"height":200},"classes":[]}],"_links":{"self":[{"href":"https:\/\/salonamat.com\/index.php\/wp-json\/wp\/v2\/pages\/4757"}],"collection":[{"href":"https:\/\/salonamat.com\/index.php\/wp-json\/wp\/v2\/pages"}],"about":[{"href":"https:\/\/salonamat.com\/index.php\/wp-json\/wp\/v2\/types\/page"}],"author":[{"embeddable":true,"href":"https:\/\/salonamat.com\/index.php\/wp-json\/wp\/v2\/users\/3"}],"replies":[{"embeddable":true,"href":"https:\/\/salonamat.com\/index.php\/wp-json\/wp\/v2\/comments?post=4757"}],"version-history":[{"count":4,"href":"https:\/\/salonamat.com\/index.php\/wp-json\/wp\/v2\/pages\/4757\/revisions"}],"predecessor-version":[{"id":5253,"href":"https:\/\/salonamat.com\/index.php\/wp-json\/wp\/v2\/pages\/4757\/revisions\/5253"}],"up":[{"embeddable":true,"href":"https:\/\/salonamat.com\/index.php\/wp-json\/wp\/v2\/pages\/1215"}],"wp:attachment":[{"href":"https:\/\/salonamat.com\/index.php\/wp-json\/wp\/v2\/media?parent=4757"}],"wp:term":[{"taxonomy":"category","embeddable":true,"href":"https:\/\/salonamat.com\/index.php\/wp-json\/wp\/v2\/categories?post=4757"},{"taxonomy":"post_tag","embeddable":true,"href":"https:\/\/salonamat.com\/index.php\/wp-json\/wp\/v2\/tags?post=4757"}],"curies":[{"name":"wp","href":"https:\/\/api.w.org\/{rel}","templated":true}]}}