{"id":4753,"date":"2023-01-02T10:03:14","date_gmt":"2023-01-02T10:03:14","guid":{"rendered":"http:\/\/salonamat.com\/?page_id=4753"},"modified":"2023-05-11T11:49:59","modified_gmt":"2023-05-11T11:49:59","slug":"pontex-2","status":"publish","type":"page","link":"https:\/\/salonamat.com\/index.php\/collections\/tissus\/pontex-2\/","title":{"rendered":"PONTEX"},"content":{"rendered":"\n<p>Italien<\/p>\n\n\n\n<p>Tissus pr\u00eats \u00e0 teindre<\/p>\n\n\n\n<p>Minima: pas de minimum pour le PAT, 300 mts pour le teint<\/p>\n\n\n\n<p>Repr\u00e9sent\u00e9e par <a href=\"http:\/\/salonamat.com\/?page_id=4745\" data-type=\"URL\" data-id=\"http:\/\/salonamat.com\/?page_id=4745\" target=\"_blank\" rel=\"noreferrer noopener\">Philippe CAZELLES<\/a><\/p>\n\n\n\n<div class=\"wp-block-columns is-layout-flex wp-container-4\">\n<div class=\"wp-block-column is-layout-flow\">\n<figure class=\"wp-block-image size-large\"><img data-attachment-id=\"4754\" data-permalink=\"https:\/\/salonamat.com\/index.php\/collections\/tissus\/pontex-2\/pontex-hiver\/\" data-orig-file=\"https:\/\/i0.wp.com\/salonamat.com\/wp-content\/uploads\/2023\/01\/pontex-hiver.jpg?fit=2048%2C1365&amp;ssl=1\" data-orig-size=\"2048,1365\" data-comments-opened=\"1\" data-image-meta=\"{&quot;aperture&quot;:&quot;0&quot;,&quot;credit&quot;:&quot;&quot;,&quot;camera&quot;:&quot;&quot;,&quot;caption&quot;:&quot;&quot;,&quot;created_timestamp&quot;:&quot;0&quot;,&quot;copyright&quot;:&quot;&quot;,&quot;focal_length&quot;:&quot;0&quot;,&quot;iso&quot;:&quot;0&quot;,&quot;shutter_speed&quot;:&quot;0&quot;,&quot;title&quot;:&quot;&quot;,&quot;orientation&quot;:&quot;0&quot;}\" data-image-title=\"pontex-hiver\" data-image-description=\"\" data-image-caption=\"\" data-medium-file=\"https:\/\/i0.wp.com\/salonamat.com\/wp-content\/uploads\/2023\/01\/pontex-hiver.jpg?fit=300%2C200&amp;ssl=1\" data-large-file=\"https:\/\/i0.wp.com\/salonamat.com\/wp-content\/uploads\/2023\/01\/pontex-hiver.jpg?fit=720%2C480&amp;ssl=1\" decoding=\"async\" loading=\"lazy\" width=\"720\" height=\"480\" src=\"https:\/\/i0.wp.com\/salonamat.com\/wp-content\/uploads\/2023\/01\/pontex-hiver.jpg?resize=720%2C480\" alt=\"\" class=\"wp-image-4754\" srcset=\"https:\/\/i0.wp.com\/salonamat.com\/wp-content\/uploads\/2023\/01\/pontex-hiver.jpg?resize=1024%2C683&amp;ssl=1 1024w, https:\/\/i0.wp.com\/salonamat.com\/wp-content\/uploads\/2023\/01\/pontex-hiver.jpg?resize=300%2C200&amp;ssl=1 300w, https:\/\/i0.wp.com\/salonamat.com\/wp-content\/uploads\/2023\/01\/pontex-hiver.jpg?resize=768%2C512&amp;ssl=1 768w, https:\/\/i0.wp.com\/salonamat.com\/wp-content\/uploads\/2023\/01\/pontex-hiver.jpg?resize=1536%2C1024&amp;ssl=1 1536w, https:\/\/i0.wp.com\/salonamat.com\/wp-content\/uploads\/2023\/01\/pontex-hiver.jpg?resize=135%2C90&amp;ssl=1 135w, https:\/\/i0.wp.com\/salonamat.com\/wp-content\/uploads\/2023\/01\/pontex-hiver.jpg?w=2048&amp;ssl=1 2048w, https:\/\/i0.wp.com\/salonamat.com\/wp-content\/uploads\/2023\/01\/pontex-hiver.jpg?w=1440 1440w\" sizes=\"(max-width: 720px) 100vw, 720px\" data-recalc-dims=\"1\" \/><\/figure>\n<\/div>\n\n\n\n<div class=\"wp-block-column is-layout-flow\">\n<figure class=\"wp-block-image size-full\"><img data-attachment-id=\"4755\" data-permalink=\"https:\/\/salonamat.com\/index.php\/collections\/tissus\/pontex-2\/pontex-2\/\" data-orig-file=\"https:\/\/i0.wp.com\/salonamat.com\/wp-content\/uploads\/2023\/01\/pontex.jpeg?fit=1000%2C667&amp;ssl=1\" data-orig-size=\"1000,667\" data-comments-opened=\"1\" data-image-meta=\"{&quot;aperture&quot;:&quot;2.8&quot;,&quot;credit&quot;:&quot;Diego Camola&quot;,&quot;camera&quot;:&quot;Canon EOS R6&quot;,&quot;caption&quot;:&quot;&quot;,&quot;created_timestamp&quot;:&quot;1639409246&quot;,&quot;copyright&quot;:&quot;&quot;,&quot;focal_length&quot;:&quot;100&quot;,&quot;iso&quot;:&quot;640&quot;,&quot;shutter_speed&quot;:&quot;0.01&quot;,&quot;title&quot;:&quot;&quot;,&quot;orientation&quot;:&quot;1&quot;}\" data-image-title=\"pontex\" data-image-description=\"\" data-image-caption=\"\" data-medium-file=\"https:\/\/i0.wp.com\/salonamat.com\/wp-content\/uploads\/2023\/01\/pontex.jpeg?fit=300%2C200&amp;ssl=1\" data-large-file=\"https:\/\/i0.wp.com\/salonamat.com\/wp-content\/uploads\/2023\/01\/pontex.jpeg?fit=720%2C480&amp;ssl=1\" decoding=\"async\" loading=\"lazy\" width=\"720\" height=\"480\" src=\"https:\/\/i0.wp.com\/salonamat.com\/wp-content\/uploads\/2023\/01\/pontex.jpeg?resize=720%2C480\" alt=\"\" class=\"wp-image-4755\" srcset=\"https:\/\/i0.wp.com\/salonamat.com\/wp-content\/uploads\/2023\/01\/pontex.jpeg?w=1000&amp;ssl=1 1000w, https:\/\/i0.wp.com\/salonamat.com\/wp-content\/uploads\/2023\/01\/pontex.jpeg?resize=300%2C200&amp;ssl=1 300w, https:\/\/i0.wp.com\/salonamat.com\/wp-content\/uploads\/2023\/01\/pontex.jpeg?resize=768%2C512&amp;ssl=1 768w, https:\/\/i0.wp.com\/salonamat.com\/wp-content\/uploads\/2023\/01\/pontex.jpeg?resize=135%2C90&amp;ssl=1 135w\" sizes=\"(max-width: 720px) 100vw, 720px\" data-recalc-dims=\"1\" \/><\/figure>\n<\/div>\n\n\n\n<div class=\"wp-block-column is-layout-flow\"><\/div>\n<\/div>\n","protected":false},"excerpt":{"rendered":"<p>Italien Tissus pr\u00eats \u00e0 teindre Minima: pas de minimum pour le PAT, 300 mts pour le teint Repr\u00e9sent\u00e9e par Philippe CAZELLES <a href=\"https:\/\/salonamat.com\/index.php\/collections\/tissus\/pontex-2\/\" class=\"more-link\">Continuer de lire <span class=\"screen-reader-text\">PONTEX<\/span><\/a><\/p>\n","protected":false},"author":3,"featured_media":0,"parent":1215,"menu_order":0,"comment_status":"closed","ping_status":"closed","template":"","meta":{"spay_email":""},"categories":[73,75,12,79,194,190,84,21,22,87,24,28,93,144,100,105,106,35,116,191,121,123,199,39,128,175,164,131,42,43,44,163,134,46,154,53,202],"tags":[],"jetpack_sharing_enabled":true,"jetpack_shortlink":"https:\/\/wp.me\/P7346W-1eF","jetpack-related-posts":[{"id":4772,"url":"https:\/\/salonamat.com\/index.php\/collections\/tissus\/olmetex\/","url_meta":{"origin":4753,"position":0},"title":"OLMETEX","date":"janvier 2, 2023","format":false,"excerpt":"Italie Tissus techniques Minima: 200 mts minimum Repr\u00e9sent\u00e9e par Philippe CAZELLES","rel":"","context":"Dans &quot;cha\u00eene et trame&quot;","img":{"alt_text":"","src":"https:\/\/i0.wp.com\/salonamat.com\/wp-content\/uploads\/2023\/01\/OLMETEX-2.jpeg?resize=350%2C200&ssl=1","width":350,"height":200},"classes":[]},{"id":825,"url":"https:\/\/salonamat.com\/index.php\/collections\/tissus\/telatex\/","url_meta":{"origin":4753,"position":1},"title":"TELATEX","date":"d\u00e9cembre 22, 2015","format":false,"excerpt":"Fabricant fran\u00e7ais de tissus cha\u00eene-et-trame naturels. PAT, teints, imprim\u00e9s, jacquards. Femme, homme, enfant, sportswear. Coton, laine, viscose, lin, m\u00e9langes. Minimum de commande: 300M + stock service Repr\u00e9sent\u00e9 par Laetitia CORGER.","rel":"","context":"Dans &quot;ameublement&quot;","img":{"alt_text":"","src":"https:\/\/i0.wp.com\/salonamat.com\/wp-content\/uploads\/2023\/05\/TELATEX1.jpg?resize=350%2C200&ssl=1","width":350,"height":200},"classes":[]},{"id":1045,"url":"https:\/\/salonamat.com\/index.php\/collections\/tissus\/nooteboom-textiles\/","url_meta":{"origin":4753,"position":2},"title":"NOOTEBOOM","date":"d\u00e9cembre 25, 2015","format":false,"excerpt":"Importateur n\u00e9erlandais de tissus fantaisie pour la confection de v\u00eatements. Pr\u00eat \u00e0 Porter F\u00e9minin, Enfant, Homme, v\u00eatement professionnel, vente au m\u00e8tre en ligne et en boutique Minimum de commande: 12 m Repr\u00e9sent\u00e9 R\u00e9mi Oddon.","rel":"","context":"Dans &quot;ameublement&quot;","img":{"alt_text":"","src":"https:\/\/i0.wp.com\/salonamat.com\/wp-content\/uploads\/2015\/12\/REMI-NOOTEBOOM-TEXTILES.jpg?resize=350%2C200","width":350,"height":200},"classes":[]},{"id":4757,"url":"https:\/\/salonamat.com\/index.php\/collections\/tissus\/new-junior\/","url_meta":{"origin":4753,"position":3},"title":"NEW JUNIOR","date":"janvier 2, 2023","format":false,"excerpt":"Espagne Femme\/ homme Sportswear Minima: \u00a0Pas de minimum pour le PAT, 300 mts pour le teint Repr\u00e9sent\u00e9e par Philippe CAZELLES","rel":"","context":"Dans &quot;cha\u00eene et trame&quot;","img":{"alt_text":"","src":"","width":0,"height":0},"classes":[]},{"id":5280,"url":"https:\/\/salonamat.com\/index.php\/collections\/tissus\/tejidos-rebes\/","url_meta":{"origin":4753,"position":4},"title":"TEJIDOS REBES","date":"mai 11, 2023","format":false,"excerpt":"Espagne Chaine & trame uni et imprim\u00e9 (tiss\u00e9 teint, teinture, impressions num\u00e9riques et rotatives) Coton \/ viscose \/ polyester \/ lin\u00a0 PAP homme \/ femme \/ enfant \/ v\u00eatements de travail \/ d\u00e9coration int\u00e9rieure MINIMUM DE COMMANDE : 50m + stock service Repr\u00e9sent\u00e9 par PAUL MESTRALLET","rel":"","context":"Dans &quot;ameublement&quot;","img":{"alt_text":"","src":"https:\/\/i0.wp.com\/salonamat.com\/wp-content\/uploads\/2023\/05\/rebes1.jpg?resize=350%2C200&ssl=1","width":350,"height":200},"classes":[]},{"id":4767,"url":"https:\/\/salonamat.com\/index.php\/collections\/tissus\/tiba\/","url_meta":{"origin":4753,"position":5},"title":"TIBA","date":"janvier 2, 2023","format":false,"excerpt":"Italie Tissus ind\u00e9maillables, maille circulaire et tissus 3D Jersey\/ Interlock Minima: 70 Mts Repr\u00e9sent\u00e9e par Philippe CAZELLES","rel":"","context":"Dans &quot;acrylique&quot;","img":{"alt_text":"","src":"https:\/\/i0.wp.com\/salonamat.com\/wp-content\/uploads\/2023\/01\/tiba-2.jpeg?resize=350%2C200","width":350,"height":200},"classes":[]}],"_links":{"self":[{"href":"https:\/\/salonamat.com\/index.php\/wp-json\/wp\/v2\/pages\/4753"}],"collection":[{"href":"https:\/\/salonamat.com\/index.php\/wp-json\/wp\/v2\/pages"}],"about":[{"href":"https:\/\/salonamat.com\/index.php\/wp-json\/wp\/v2\/types\/page"}],"author":[{"embeddable":true,"href":"https:\/\/salonamat.com\/index.php\/wp-json\/wp\/v2\/users\/3"}],"replies":[{"embeddable":true,"href":"https:\/\/salonamat.com\/index.php\/wp-json\/wp\/v2\/comments?post=4753"}],"version-history":[{"count":4,"href":"https:\/\/salonamat.com\/index.php\/wp-json\/wp\/v2\/pages\/4753\/revisions"}],"predecessor-version":[{"id":5241,"href":"https:\/\/salonamat.com\/index.php\/wp-json\/wp\/v2\/pages\/4753\/revisions\/5241"}],"up":[{"embeddable":true,"href":"https:\/\/salonamat.com\/index.php\/wp-json\/wp\/v2\/pages\/1215"}],"wp:attachment":[{"href":"https:\/\/salonamat.com\/index.php\/wp-json\/wp\/v2\/media?parent=4753"}],"wp:term":[{"taxonomy":"category","embeddable":true,"href":"https:\/\/salonamat.com\/index.php\/wp-json\/wp\/v2\/categories?post=4753"},{"taxonomy":"post_tag","embeddable":true,"href":"https:\/\/salonamat.com\/index.php\/wp-json\/wp\/v2\/tags?post=4753"}],"curies":[{"name":"wp","href":"https:\/\/api.w.org\/{rel}","templated":true}]}}