{"id":4749,"date":"2023-01-02T09:47:43","date_gmt":"2023-01-02T09:47:43","guid":{"rendered":"http:\/\/salonamat.com\/?page_id=4749"},"modified":"2023-05-11T11:43:24","modified_gmt":"2023-05-11T11:43:24","slug":"metalbottoni","status":"publish","type":"page","link":"https:\/\/salonamat.com\/index.php\/collections\/accessoires\/metalbottoni\/","title":{"rendered":"METALBOTTONI"},"content":{"rendered":"\n<p>Italie<\/p>\n\n\n\n<p>Fabricant italien d&#8217;articles m\u00e9tallique<\/p>\n\n\n\n<p>Boutons \/ rivets\/ boucles&#8230;<\/p>\n\n\n\n<p>Minima: 1 000 pi\u00e8ces<\/p>\n\n\n\n<p>Repr\u00e9sent\u00e9 par <a href=\"http:\/\/salonamat.com\/index.php\/agents\/philippe-cazelles\/\" data-type=\"URL\" data-id=\"http:\/\/salonamat.com\/index.php\/agents\/philippe-cazelles\/\" target=\"_blank\" rel=\"noreferrer noopener\">Philippe CAZELLES<\/a><\/p>\n\n\n\n<div class=\"wp-block-columns is-layout-flex wp-container-4\">\n<div class=\"wp-block-column is-layout-flow\">\n<figure class=\"wp-block-image size-full is-resized is-style-default\"><img data-attachment-id=\"4750\" data-permalink=\"https:\/\/salonamat.com\/index.php\/collections\/accessoires\/metalbottoni\/images-1\/\" data-orig-file=\"https:\/\/i0.wp.com\/salonamat.com\/wp-content\/uploads\/2023\/01\/images-1.jpeg?fit=275%2C183&amp;ssl=1\" data-orig-size=\"275,183\" data-comments-opened=\"1\" data-image-meta=\"{&quot;aperture&quot;:&quot;0&quot;,&quot;credit&quot;:&quot;&quot;,&quot;camera&quot;:&quot;&quot;,&quot;caption&quot;:&quot;&quot;,&quot;created_timestamp&quot;:&quot;0&quot;,&quot;copyright&quot;:&quot;&quot;,&quot;focal_length&quot;:&quot;0&quot;,&quot;iso&quot;:&quot;0&quot;,&quot;shutter_speed&quot;:&quot;0&quot;,&quot;title&quot;:&quot;&quot;,&quot;orientation&quot;:&quot;0&quot;}\" data-image-title=\"images-1\" data-image-description=\"\" data-image-caption=\"\" data-medium-file=\"https:\/\/i0.wp.com\/salonamat.com\/wp-content\/uploads\/2023\/01\/images-1.jpeg?fit=275%2C183&amp;ssl=1\" data-large-file=\"https:\/\/i0.wp.com\/salonamat.com\/wp-content\/uploads\/2023\/01\/images-1.jpeg?fit=275%2C183&amp;ssl=1\" decoding=\"async\" src=\"https:\/\/i0.wp.com\/salonamat.com\/wp-content\/uploads\/2023\/01\/images-1.jpeg?fit=720%2C223\" alt=\"\" class=\"wp-image-4750\" height=\"223\" srcset=\"https:\/\/i0.wp.com\/salonamat.com\/wp-content\/uploads\/2023\/01\/images-1.jpeg?w=275&amp;ssl=1 275w, https:\/\/i0.wp.com\/salonamat.com\/wp-content\/uploads\/2023\/01\/images-1.jpeg?resize=135%2C90&amp;ssl=1 135w\" sizes=\"(max-width: 275px) 100vw, 275px\" data-recalc-dims=\"1\" \/><\/figure>\n<\/div>\n\n\n\n<div class=\"wp-block-column is-layout-flow\">\n<figure class=\"wp-block-image size-full\"><img data-attachment-id=\"4751\" data-permalink=\"https:\/\/salonamat.com\/index.php\/collections\/accessoires\/metalbottoni\/images\/\" data-orig-file=\"https:\/\/i0.wp.com\/salonamat.com\/wp-content\/uploads\/2023\/01\/images.jpeg?fit=225%2C225&amp;ssl=1\" data-orig-size=\"225,225\" data-comments-opened=\"1\" data-image-meta=\"{&quot;aperture&quot;:&quot;0&quot;,&quot;credit&quot;:&quot;&quot;,&quot;camera&quot;:&quot;&quot;,&quot;caption&quot;:&quot;&quot;,&quot;created_timestamp&quot;:&quot;0&quot;,&quot;copyright&quot;:&quot;&quot;,&quot;focal_length&quot;:&quot;0&quot;,&quot;iso&quot;:&quot;0&quot;,&quot;shutter_speed&quot;:&quot;0&quot;,&quot;title&quot;:&quot;&quot;,&quot;orientation&quot;:&quot;0&quot;}\" data-image-title=\"images\" data-image-description=\"\" data-image-caption=\"\" data-medium-file=\"https:\/\/i0.wp.com\/salonamat.com\/wp-content\/uploads\/2023\/01\/images.jpeg?fit=225%2C225&amp;ssl=1\" data-large-file=\"https:\/\/i0.wp.com\/salonamat.com\/wp-content\/uploads\/2023\/01\/images.jpeg?fit=225%2C225&amp;ssl=1\" decoding=\"async\" loading=\"lazy\" width=\"225\" height=\"225\" src=\"https:\/\/i0.wp.com\/salonamat.com\/wp-content\/uploads\/2023\/01\/images.jpeg?resize=225%2C225\" alt=\"\" class=\"wp-image-4751\" srcset=\"https:\/\/i0.wp.com\/salonamat.com\/wp-content\/uploads\/2023\/01\/images.jpeg?w=225&amp;ssl=1 225w, https:\/\/i0.wp.com\/salonamat.com\/wp-content\/uploads\/2023\/01\/images.jpeg?resize=150%2C150&amp;ssl=1 150w, https:\/\/i0.wp.com\/salonamat.com\/wp-content\/uploads\/2023\/01\/images.jpeg?resize=90%2C90&amp;ssl=1 90w\" sizes=\"(max-width: 225px) 100vw, 225px\" data-recalc-dims=\"1\" \/><\/figure>\n<\/div>\n\n\n\n<div class=\"wp-block-column is-layout-flow\"><\/div>\n<\/div>\n\n\n\n<p><\/p>\n","protected":false},"excerpt":{"rendered":"<p>Italie Fabricant italien d&#8217;articles m\u00e9tallique Boutons \/ rivets\/ boucles&#8230; Minima: 1 000 pi\u00e8ces Repr\u00e9sent\u00e9 par Philippe CAZELLES <a href=\"https:\/\/salonamat.com\/index.php\/collections\/accessoires\/metalbottoni\/\" class=\"more-link\">Continuer de lire <span class=\"screen-reader-text\">METALBOTTONI<\/span><\/a><\/p>\n","protected":false},"author":3,"featured_media":0,"parent":1216,"menu_order":0,"comment_status":"closed","ping_status":"closed","template":"","meta":{"spay_email":""},"categories":[2,176,67,68,6,7,8,14,77,78,82,21,87,24,28,112,35,115,191,124,39,40,177,42,43,50,56],"tags":[],"jetpack_sharing_enabled":true,"jetpack_shortlink":"https:\/\/wp.me\/P7346W-1eB","jetpack-related-posts":[{"id":885,"url":"https:\/\/salonamat.com\/index.php\/collections\/accessoires\/sandra-b\/","url_meta":{"origin":4749,"position":0},"title":"SANDRA B.","date":"d\u00e9cembre 22, 2015","format":false,"excerpt":"Fabricant italien de boutons \u00e0 coudre, boucles et accessoires divers. Pas de minima. Gravure laser Femme, homme, enfant. M\u00e9tal, nacre, corozo, polyester, nylon, corne. Repr\u00e9sent\u00e9 par Paul Mestrallet.","rel":"","context":"Dans &quot;accessoires&quot;","img":{"alt_text":"","src":"https:\/\/i0.wp.com\/salonamat.com\/wp-content\/uploads\/2015\/12\/GILLES-SANDRA-B-1.jpg?resize=350%2C200","width":350,"height":200},"classes":[]},{"id":2079,"url":"https:\/\/salonamat.com\/index.php\/collections\/accessoires\/tacchini\/","url_meta":{"origin":4749,"position":1},"title":"TACCHINI","date":"mai 3, 2016","format":false,"excerpt":"Fabricant italien de boutons, boucles, anneaux. Homme, Femme, Enfant. Acrylique, bois, corne, corozo, cuir, galastil, m\u00e9tal, nacre, nylon, polyamide, polyester, r\u00e9sine, soie, zamac... Repr\u00e9sent\u00e9 par V\u00e9ronique P\u00e9pin Bolliet.","rel":"","context":"Dans &quot;accessoires&quot;","img":{"alt_text":"","src":"https:\/\/i0.wp.com\/salonamat.com\/wp-content\/uploads\/2016\/05\/VERONIQUE-TACCHINI.jpg?resize=350%2C200","width":350,"height":200},"classes":[]},{"id":2740,"url":"https:\/\/salonamat.com\/index.php\/collections\/accessoires\/vip-design\/","url_meta":{"origin":4749,"position":2},"title":"VIP DESIGN","date":"janvier 3, 2020","format":false,"excerpt":"Fabricant allemand de boutons. www.vip-design.de Soci\u00e9t\u00e9 repr\u00e9sent\u00e9e par Olivier Amblard et Gilles Cannat.","rel":"","context":"Dans &quot;accessoires&quot;","img":{"alt_text":"","src":"https:\/\/i0.wp.com\/salonamat.com\/wp-content\/uploads\/2023\/03\/Vip-Design-1.jpg?resize=350%2C200&ssl=1","width":350,"height":200},"classes":[]},{"id":1782,"url":"https:\/\/salonamat.com\/index.php\/collections\/accessoires\/seram-dge\/","url_meta":{"origin":4749,"position":3},"title":"SERAM \/ DGE","date":"d\u00e9cembre 28, 2015","format":false,"excerpt":"Fabricant fran\u00e7ais d'accessoires pour le pr\u00eat-\u00e0-porter et la lingerie. Minima : 100 Pcs. Femme, enfant. Toutes compositions. Repr\u00e9sent\u00e9 par Guy Londiveau.","rel":"","context":"Dans &quot;accessoires&quot;","img":{"alt_text":"","src":"https:\/\/i0.wp.com\/salonamat.com\/wp-content\/uploads\/2015\/12\/GUY-SERAM-DGE-1.jpg?resize=350%2C200","width":350,"height":200},"classes":[]},{"id":626,"url":"https:\/\/salonamat.com\/index.php\/collections\/accessoires\/mode-harmony\/","url_meta":{"origin":4749,"position":4},"title":"MODE HARMONY","date":"d\u00e9cembre 18, 2015","format":false,"excerpt":"Fabricant fran\u00e7ais de boutons \u00e0 coudre. Femme, homme, enfant. Zamac, nylon, polyester, corozo... Repr\u00e9sent\u00e9 par Gaelle Grisard.","rel":"","context":"Dans &quot;accessoires&quot;","img":{"alt_text":"","src":"https:\/\/i0.wp.com\/salonamat.com\/wp-content\/uploads\/2015\/12\/GAELLE-MODE-HARMONY-1.jpg?resize=350%2C200","width":350,"height":200},"classes":[]},{"id":3228,"url":"https:\/\/salonamat.com\/index.php\/collections\/accessoires\/sodefar\/","url_meta":{"origin":4749,"position":5},"title":"SODEFAR","date":"d\u00e9cembre 28, 2020","format":false,"excerpt":"Distributeur fran\u00e7ais sp\u00e9cialis\u00e9 dans la vente d\u2019accessoires pour la fabrication textile et industrielle. Repr\u00e9sent\u00e9 par Olivier Amblard et Gilles Cannat","rel":"","context":"Dans &quot;accessoires&quot;","img":{"alt_text":"","src":"https:\/\/i0.wp.com\/salonamat.com\/wp-content\/uploads\/2020\/12\/SODEFAR-7.jpg?resize=350%2C200&ssl=1","width":350,"height":200},"classes":[]}],"_links":{"self":[{"href":"https:\/\/salonamat.com\/index.php\/wp-json\/wp\/v2\/pages\/4749"}],"collection":[{"href":"https:\/\/salonamat.com\/index.php\/wp-json\/wp\/v2\/pages"}],"about":[{"href":"https:\/\/salonamat.com\/index.php\/wp-json\/wp\/v2\/types\/page"}],"author":[{"embeddable":true,"href":"https:\/\/salonamat.com\/index.php\/wp-json\/wp\/v2\/users\/3"}],"replies":[{"embeddable":true,"href":"https:\/\/salonamat.com\/index.php\/wp-json\/wp\/v2\/comments?post=4749"}],"version-history":[{"count":5,"href":"https:\/\/salonamat.com\/index.php\/wp-json\/wp\/v2\/pages\/4749\/revisions"}],"predecessor-version":[{"id":4824,"href":"https:\/\/salonamat.com\/index.php\/wp-json\/wp\/v2\/pages\/4749\/revisions\/4824"}],"up":[{"embeddable":true,"href":"https:\/\/salonamat.com\/index.php\/wp-json\/wp\/v2\/pages\/1216"}],"wp:attachment":[{"href":"https:\/\/salonamat.com\/index.php\/wp-json\/wp\/v2\/media?parent=4749"}],"wp:term":[{"taxonomy":"category","embeddable":true,"href":"https:\/\/salonamat.com\/index.php\/wp-json\/wp\/v2\/categories?post=4749"},{"taxonomy":"post_tag","embeddable":true,"href":"https:\/\/salonamat.com\/index.php\/wp-json\/wp\/v2\/tags?post=4749"}],"curies":[{"name":"wp","href":"https:\/\/api.w.org\/{rel}","templated":true}]}}