{"id":4745,"date":"2023-01-02T10:11:29","date_gmt":"2023-01-02T10:11:29","guid":{"rendered":"http:\/\/salonamat.com\/?page_id=4745"},"modified":"2023-01-02T11:40:05","modified_gmt":"2023-01-02T11:40:05","slug":"philippe-cazelles","status":"publish","type":"page","link":"https:\/\/salonamat.com\/index.php\/agents\/philippe-cazelles\/","title":{"rendered":"Philippe CAZELLES"},"content":{"rendered":"\n<div class=\"wp-block-columns is-layout-flex wp-container-3\">\n<div class=\"wp-block-column is-layout-flow\" style=\"flex-basis:66.66%\">\n<p>BUREAU CAZELLES SARL<\/p>\n\n\n\n<p>60 boulevard des R\u00e9collets<\/p>\n\n\n\n<p>31400 TOULOUSE<\/p>\n\n\n\n<p>06 63 73 63 36<\/p>\n\n\n\n<p><strong><a href=\"mailto:philippe@bureaucazelles.com\">Contacter Philippe par courriel en cliquant sur ce lien<\/a><\/strong><\/p>\n<\/div>\n\n\n\n<div class=\"wp-block-column is-layout-flow\" style=\"flex-basis:33.33%\">\n<figure class=\"wp-block-image size-medium\"><img data-attachment-id=\"4747\" data-permalink=\"https:\/\/salonamat.com\/index.php\/agents\/philippe-cazelles\/img_6145-2-1\/\" data-orig-file=\"https:\/\/i0.wp.com\/salonamat.com\/wp-content\/uploads\/2023\/01\/IMG_6145-2-1.jpeg?fit=326%2C491&amp;ssl=1\" data-orig-size=\"326,491\" data-comments-opened=\"1\" data-image-meta=\"{&quot;aperture&quot;:&quot;1.8&quot;,&quot;credit&quot;:&quot;&quot;,&quot;camera&quot;:&quot;iPhone XR&quot;,&quot;caption&quot;:&quot;&quot;,&quot;created_timestamp&quot;:&quot;1631968799&quot;,&quot;copyright&quot;:&quot;&quot;,&quot;focal_length&quot;:&quot;4.25&quot;,&quot;iso&quot;:&quot;25&quot;,&quot;shutter_speed&quot;:&quot;0.0011376564277588&quot;,&quot;title&quot;:&quot;&quot;,&quot;orientation&quot;:&quot;1&quot;}\" data-image-title=\"IMG_6145-2-1\" data-image-description=\"\" data-image-caption=\"&lt;p&gt;Philippe CAZELLES&lt;\/p&gt;\n\" data-medium-file=\"https:\/\/i0.wp.com\/salonamat.com\/wp-content\/uploads\/2023\/01\/IMG_6145-2-1.jpeg?fit=199%2C300&amp;ssl=1\" data-large-file=\"https:\/\/i0.wp.com\/salonamat.com\/wp-content\/uploads\/2023\/01\/IMG_6145-2-1.jpeg?fit=326%2C491&amp;ssl=1\" decoding=\"async\" loading=\"lazy\" width=\"199\" height=\"300\" src=\"https:\/\/i0.wp.com\/salonamat.com\/wp-content\/uploads\/2023\/01\/IMG_6145-2-1.jpeg?resize=199%2C300\" alt=\"\" class=\"wp-image-4747\" srcset=\"https:\/\/i0.wp.com\/salonamat.com\/wp-content\/uploads\/2023\/01\/IMG_6145-2-1.jpeg?resize=199%2C300&amp;ssl=1 199w, https:\/\/i0.wp.com\/salonamat.com\/wp-content\/uploads\/2023\/01\/IMG_6145-2-1.jpeg?resize=60%2C90&amp;ssl=1 60w, https:\/\/i0.wp.com\/salonamat.com\/wp-content\/uploads\/2023\/01\/IMG_6145-2-1.jpeg?w=326&amp;ssl=1 326w\" sizes=\"(max-width: 199px) 100vw, 199px\" data-recalc-dims=\"1\" \/><\/figure>\n<\/div>\n<\/div>\n\n\n\n<p><strong>SOCIETES REPRESENTEES :<\/strong><\/p>\n\n\n\n<ul><li><a rel=\"noreferrer noopener\" href=\"http:\/\/salonamat.com\/?page_id=4749\" data-type=\"URL\" data-id=\"http:\/\/salonamat.com\/?page_id=4749\" target=\"_blank\">METALBOTTONI<\/a><\/li><li><a rel=\"noreferrer noopener\" href=\"http:\/\/salonamat.com\/?page_id=4753\" data-type=\"URL\" data-id=\"http:\/\/salonamat.com\/?page_id=4753\" target=\"_blank\">PONTEX<\/a><\/li><li><a rel=\"noreferrer noopener\" href=\"http:\/\/salonamat.com\/?page_id=4757\" data-type=\"URL\" data-id=\"http:\/\/salonamat.com\/?page_id=4757\" target=\"_blank\">NEW JUNIOR<\/a><\/li><li><a rel=\"noreferrer noopener\" href=\"http:\/\/salonamat.com\/?page_id=4762\" data-type=\"URL\" data-id=\"http:\/\/salonamat.com\/?page_id=4762\" target=\"_blank\">VICTOR<\/a><\/li><li><a rel=\"noreferrer noopener\" href=\"http:\/\/salonamat.com\/?page_id=4767\" data-type=\"URL\" data-id=\"http:\/\/salonamat.com\/?page_id=4767\" target=\"_blank\">TIBA<\/a><\/li><li><a rel=\"noreferrer noopener\" href=\"http:\/\/salonamat.com\/?page_id=4772\" data-type=\"URL\" data-id=\"http:\/\/salonamat.com\/?page_id=4772\" target=\"_blank\">OLMETEX<\/a><\/li><li><a href=\"http:\/\/salonamat.com\/index.php\/collections\/accessoires\/cadica\/\" data-type=\"URL\" data-id=\"http:\/\/salonamat.com\/index.php\/collections\/accessoires\/cadica\/\" target=\"_blank\" rel=\"noreferrer noopener\">CADIC<\/a><a rel=\"noreferrer noopener\" href=\"http:\/\/salonamat.com\/index.php\/collections\/accessoires\/varcotex\/\" data-type=\"URL\" data-id=\"http:\/\/salonamat.com\/index.php\/collections\/accessoires\/varcotex\/\" target=\"_blank\">A<\/a><\/li><li><a rel=\"noreferrer noopener\" href=\"http:\/\/salonamat.com\/?page_id=4782\" data-type=\"URL\" data-id=\"http:\/\/salonamat.com\/?page_id=4782\" target=\"_blank\">SATAB<\/a><\/li><li><a rel=\"noreferrer noopener\" href=\"http:\/\/salonamat.com\/?page_id=4787\" data-type=\"URL\" data-id=\"http:\/\/salonamat.com\/?page_id=4787\" target=\"_blank\">MURTRA<\/a><\/li><li><a rel=\"noreferrer noopener\" href=\"http:\/\/salonamat.com\/?page_id=4795\" data-type=\"URL\" data-id=\"http:\/\/salonamat.com\/?page_id=4795\" target=\"_blank\">DEEP BLUE<\/a><\/li><\/ul>\n\n\n\n<p><\/p>\n","protected":false},"excerpt":{"rendered":"<p>BUREAU CAZELLES SARL 60 boulevard des R\u00e9collets 31400 TOULOUSE 06 63 73 63 36 Contacter Philippe par courriel en cliquant sur ce lien SOCIETES REPRESENTEES : METALBOTTONI PONTEX NEW JUNIOR VICTOR TIBA OLMETEX CADICA SATAB MURTRA DEEP BLUE <a href=\"https:\/\/salonamat.com\/index.php\/agents\/philippe-cazelles\/\" class=\"more-link\">Continuer de lire <span class=\"screen-reader-text\">Philippe CAZELLES<\/span><\/a><\/p>\n","protected":false},"author":3,"featured_media":0,"parent":1225,"menu_order":0,"comment_status":"closed","ping_status":"closed","template":"","meta":{"spay_email":""},"categories":[],"tags":[],"jetpack_sharing_enabled":true,"jetpack_shortlink":"https:\/\/wp.me\/P7346W-1ex","jetpack-related-posts":[{"id":4795,"url":"https:\/\/salonamat.com\/index.php\/collections\/autres-services\/deep-blue\/","url_meta":{"origin":4745,"position":0},"title":"DEEP BLUE","date":"janvier 2, 2023","format":false,"excerpt":"Espagne Groupe Sportwear Argentona Imprim\u00e9s pour maillot de bain Minima: aucun Repr\u00e9sent\u00e9e par Philippe CAZELLES","rel":"","context":"Dans &quot;bain&quot;","img":{"alt_text":"","src":"","width":0,"height":0},"classes":[]},{"id":4778,"url":"https:\/\/salonamat.com\/index.php\/collections\/accessoires\/cadica\/","url_meta":{"origin":4745,"position":1},"title":"CADICA","date":"janvier 2, 2023","format":false,"excerpt":"Italie \u00c9tiquettes tiss\u00e9es et imprim\u00e9es, hangtags Minima: 1000 pi\u00e8ces minimum Repr\u00e9sent\u00e9e par Philippe CAZELLES","rel":"","context":"Dans &quot;accessoires&quot;","img":{"alt_text":"","src":"https:\/\/i0.wp.com\/salonamat.com\/wp-content\/uploads\/2023\/01\/varcotex-2.jpeg?resize=350%2C200&ssl=1","width":350,"height":200},"classes":[]},{"id":4749,"url":"https:\/\/salonamat.com\/index.php\/collections\/accessoires\/metalbottoni\/","url_meta":{"origin":4745,"position":2},"title":"METALBOTTONI","date":"janvier 2, 2023","format":false,"excerpt":"Italie Fabricant italien d'articles m\u00e9tallique Boutons \/ rivets\/ boucles... Minima: 1 000 pi\u00e8ces Repr\u00e9sent\u00e9 par Philippe CAZELLES","rel":"","context":"Dans &quot;accessoires&quot;","img":{"alt_text":"","src":"","width":0,"height":0},"classes":[]},{"id":4762,"url":"https:\/\/salonamat.com\/index.php\/collections\/accessoires\/victor\/","url_meta":{"origin":4745,"position":3},"title":"VICTOR","date":"janvier 2, 2023","format":false,"excerpt":"Italie Cordon, galons, \u00e9lastiques Minima: 300 mts minimum Repr\u00e9sent\u00e9e par Philippe CAZELLES","rel":"","context":"Dans &quot;acrylique&quot;","img":{"alt_text":"","src":"https:\/\/i0.wp.com\/salonamat.com\/wp-content\/uploads\/2023\/01\/victor-1.jpeg?resize=350%2C200&ssl=1","width":350,"height":200},"classes":[]},{"id":4767,"url":"https:\/\/salonamat.com\/index.php\/collections\/tissus\/tiba\/","url_meta":{"origin":4745,"position":4},"title":"TIBA","date":"janvier 2, 2023","format":false,"excerpt":"Italie Tissus ind\u00e9maillables, maille circulaire et tissus 3D Jersey\/ Interlock Minima: 70 Mts Repr\u00e9sent\u00e9e par Philippe CAZELLES","rel":"","context":"Dans &quot;acrylique&quot;","img":{"alt_text":"","src":"https:\/\/i0.wp.com\/salonamat.com\/wp-content\/uploads\/2023\/01\/tiba-2.jpeg?resize=350%2C200","width":350,"height":200},"classes":[]},{"id":4772,"url":"https:\/\/salonamat.com\/index.php\/collections\/tissus\/olmetex\/","url_meta":{"origin":4745,"position":5},"title":"OLMETEX","date":"janvier 2, 2023","format":false,"excerpt":"Italie Tissus techniques Minima: 200 mts minimum Repr\u00e9sent\u00e9e par Philippe CAZELLES","rel":"","context":"Dans &quot;cha\u00eene et trame&quot;","img":{"alt_text":"","src":"https:\/\/i0.wp.com\/salonamat.com\/wp-content\/uploads\/2023\/01\/OLMETEX-2.jpeg?resize=350%2C200&ssl=1","width":350,"height":200},"classes":[]}],"_links":{"self":[{"href":"https:\/\/salonamat.com\/index.php\/wp-json\/wp\/v2\/pages\/4745"}],"collection":[{"href":"https:\/\/salonamat.com\/index.php\/wp-json\/wp\/v2\/pages"}],"about":[{"href":"https:\/\/salonamat.com\/index.php\/wp-json\/wp\/v2\/types\/page"}],"author":[{"embeddable":true,"href":"https:\/\/salonamat.com\/index.php\/wp-json\/wp\/v2\/users\/3"}],"replies":[{"embeddable":true,"href":"https:\/\/salonamat.com\/index.php\/wp-json\/wp\/v2\/comments?post=4745"}],"version-history":[{"count":10,"href":"https:\/\/salonamat.com\/index.php\/wp-json\/wp\/v2\/pages\/4745\/revisions"}],"predecessor-version":[{"id":4822,"href":"https:\/\/salonamat.com\/index.php\/wp-json\/wp\/v2\/pages\/4745\/revisions\/4822"}],"up":[{"embeddable":true,"href":"https:\/\/salonamat.com\/index.php\/wp-json\/wp\/v2\/pages\/1225"}],"wp:attachment":[{"href":"https:\/\/salonamat.com\/index.php\/wp-json\/wp\/v2\/media?parent=4745"}],"wp:term":[{"taxonomy":"category","embeddable":true,"href":"https:\/\/salonamat.com\/index.php\/wp-json\/wp\/v2\/categories?post=4745"},{"taxonomy":"post_tag","embeddable":true,"href":"https:\/\/salonamat.com\/index.php\/wp-json\/wp\/v2\/tags?post=4745"}],"curies":[{"name":"wp","href":"https:\/\/api.w.org\/{rel}","templated":true}]}}