{"id":4465,"date":"2022-06-21T12:51:00","date_gmt":"2022-06-21T12:51:00","guid":{"rendered":"http:\/\/salonamat.com\/?page_id=4465"},"modified":"2022-06-21T12:51:04","modified_gmt":"2022-06-21T12:51:04","slug":"fralpi","status":"publish","type":"page","link":"https:\/\/salonamat.com\/index.php\/collections\/tissus\/fralpi\/","title":{"rendered":"FRALPI"},"content":{"rendered":"\n<p>Soci\u00e9t\u00e9 italienne.<\/p>\n\n\n\n<p>Lin et m\u00e9lange pour l&#8217;\u00e9t\u00e9.<\/p>\n\n\n\n<p>Laine et m\u00e9lange pour l&#8217;hiver.<\/p>\n\n\n\n<p>Maison repr\u00e9sent\u00e9e par <a href=\"http:\/\/salonamat.com\/index.php\/agents\/manon-naudin\/\">Manon Naudin<\/a>.<\/p>\n\n\n\n<div class=\"wp-block-jetpack-slideshow aligncenter\" data-effect=\"slide\"><div class=\"wp-block-jetpack-slideshow_container swiper-container\"><ul class=\"wp-block-jetpack-slideshow_swiper-wrapper swiper-wrapper\"><li class=\"wp-block-jetpack-slideshow_slide swiper-slide\"><figure><img decoding=\"async\" loading=\"lazy\" width=\"720\" height=\"1083\" alt=\"\" class=\"wp-block-jetpack-slideshow_image wp-image-4443\" data-id=\"4443\" src=\"https:\/\/i0.wp.com\/salonamat.com\/wp-content\/uploads\/2022\/06\/FRALPI-02.png?resize=720%2C1083\" srcset=\"https:\/\/i0.wp.com\/salonamat.com\/wp-content\/uploads\/2022\/06\/FRALPI-02.png?w=864&amp;ssl=1 864w, https:\/\/i0.wp.com\/salonamat.com\/wp-content\/uploads\/2022\/06\/FRALPI-02.png?resize=199%2C300&amp;ssl=1 199w, https:\/\/i0.wp.com\/salonamat.com\/wp-content\/uploads\/2022\/06\/FRALPI-02.png?resize=681%2C1024&amp;ssl=1 681w, https:\/\/i0.wp.com\/salonamat.com\/wp-content\/uploads\/2022\/06\/FRALPI-02.png?resize=768%2C1156&amp;ssl=1 768w, https:\/\/i0.wp.com\/salonamat.com\/wp-content\/uploads\/2022\/06\/FRALPI-02.png?resize=60%2C90&amp;ssl=1 60w\" sizes=\"(max-width: 720px) 100vw, 720px\" data-recalc-dims=\"1\" \/><\/figure><\/li><li class=\"wp-block-jetpack-slideshow_slide swiper-slide\"><figure><img decoding=\"async\" loading=\"lazy\" width=\"720\" height=\"889\" alt=\"\" class=\"wp-block-jetpack-slideshow_image wp-image-4446\" data-id=\"4446\" src=\"https:\/\/i0.wp.com\/salonamat.com\/wp-content\/uploads\/2022\/06\/FRALPI-01.png?resize=720%2C889\" srcset=\"https:\/\/i0.wp.com\/salonamat.com\/wp-content\/uploads\/2022\/06\/FRALPI-01.png?w=1040&amp;ssl=1 1040w, https:\/\/i0.wp.com\/salonamat.com\/wp-content\/uploads\/2022\/06\/FRALPI-01.png?resize=243%2C300&amp;ssl=1 243w, https:\/\/i0.wp.com\/salonamat.com\/wp-content\/uploads\/2022\/06\/FRALPI-01.png?resize=829%2C1024&amp;ssl=1 829w, https:\/\/i0.wp.com\/salonamat.com\/wp-content\/uploads\/2022\/06\/FRALPI-01.png?resize=768%2C948&amp;ssl=1 768w, https:\/\/i0.wp.com\/salonamat.com\/wp-content\/uploads\/2022\/06\/FRALPI-01.png?resize=73%2C90&amp;ssl=1 73w\" sizes=\"(max-width: 720px) 100vw, 720px\" data-recalc-dims=\"1\" \/><\/figure><\/li><\/ul><a class=\"wp-block-jetpack-slideshow_button-prev swiper-button-prev swiper-button-white\" role=\"button\"><\/a><a class=\"wp-block-jetpack-slideshow_button-next swiper-button-next swiper-button-white\" role=\"button\"><\/a><a aria-label=\"Pause Slideshow\" class=\"wp-block-jetpack-slideshow_button-pause\" role=\"button\"><\/a><div class=\"wp-block-jetpack-slideshow_pagination swiper-pagination swiper-pagination-white\"><\/div><\/div><\/div>\n","protected":false},"excerpt":{"rendered":"<p>Soci\u00e9t\u00e9 italienne. Lin et m\u00e9lange pour l&#8217;\u00e9t\u00e9. Laine et m\u00e9lange pour l&#8217;hiver. Maison repr\u00e9sent\u00e9e par Manon Naudin. <a href=\"https:\/\/salonamat.com\/index.php\/collections\/tissus\/fralpi\/\" class=\"more-link\">Continuer de lire <span class=\"screen-reader-text\">FRALPI<\/span><\/a><\/p>\n","protected":false},"author":2,"featured_media":0,"parent":1215,"menu_order":0,"comment_status":"closed","ping_status":"closed","template":"","meta":{"spay_email":""},"categories":[22,24,28,96,100,110,35,39],"tags":[],"jetpack_sharing_enabled":true,"jetpack_shortlink":"https:\/\/wp.me\/P7346W-1a1","jetpack-related-posts":[{"id":634,"url":"https:\/\/salonamat.com\/index.php\/collections\/tissus\/deveaux\/","url_meta":{"origin":4465,"position":0},"title":"DEVEAUX","date":"d\u00e9cembre 18, 2015","format":false,"excerpt":"Imprimeur fran\u00e7ais de tissus cha\u00eene-et-trame & maille. Rotatif, jet d'encre. Jacquard cha\u00eene-et-trame et maille, fantaisie, maille fils teints. Femme, homme, enfant. D\u00e9veloppements personnalis\u00e9s. Coton, viscose, polyester, acrylique, laine, lin, \u00e9lasthanne... Repr\u00e9sent\u00e9 par Christine Deporte.","rel":"","context":"Dans &quot;acrylique&quot;","img":{"alt_text":"","src":"https:\/\/i0.wp.com\/salonamat.com\/wp-content\/uploads\/2015\/12\/CHRISTINE-DEVEAUX-01-1.jpg?resize=350%2C200","width":350,"height":200},"classes":[]},{"id":1045,"url":"https:\/\/salonamat.com\/index.php\/collections\/tissus\/nooteboom-textiles\/","url_meta":{"origin":4465,"position":1},"title":"NOOTEBOOM","date":"d\u00e9cembre 25, 2015","format":false,"excerpt":"Importateur n\u00e9erlandais de tissus fantaisie pour la confection de v\u00eatements. Pr\u00eat \u00e0 Porter F\u00e9minin, Enfant, Homme, v\u00eatement professionnel, vente au m\u00e8tre en ligne et en boutique Minimum de commande: 12 m Repr\u00e9sent\u00e9 R\u00e9mi Oddon.","rel":"","context":"Dans &quot;ameublement&quot;","img":{"alt_text":"","src":"https:\/\/i0.wp.com\/salonamat.com\/wp-content\/uploads\/2015\/12\/REMI-NOOTEBOOM-TEXTILES.jpg?resize=350%2C200","width":350,"height":200},"classes":[]},{"id":825,"url":"https:\/\/salonamat.com\/index.php\/collections\/tissus\/telatex\/","url_meta":{"origin":4465,"position":2},"title":"TELATEX","date":"d\u00e9cembre 22, 2015","format":false,"excerpt":"Fabricant fran\u00e7ais de tissus cha\u00eene-et-trame naturels. PAT, teints, imprim\u00e9s, jacquards. Femme, homme, enfant, sportswear. Coton, laine, viscose, lin, m\u00e9langes. Minimum de commande: 300M + stock service Repr\u00e9sent\u00e9 par Laetitia CORGER.","rel":"","context":"Dans &quot;ameublement&quot;","img":{"alt_text":"","src":"https:\/\/i0.wp.com\/salonamat.com\/wp-content\/uploads\/2023\/05\/TELATEX1.jpg?resize=350%2C200&ssl=1","width":350,"height":200},"classes":[]},{"id":827,"url":"https:\/\/salonamat.com\/index.php\/collections\/tissus\/knipidee\/","url_meta":{"origin":4465,"position":3},"title":"KNIPIDEE","date":"d\u00e9cembre 22, 2015","format":false,"excerpt":"Importateur n\u00e9erlandais de tissus cha\u00eene-et-trame et maille. Minima : 15 mt sur stock. Femme, homme, enfant. Toutes compositions. Petites quantit\u00e9s. Repr\u00e9sent\u00e9 par V\u00e9ronique PEPIN BOLLIET","rel":"","context":"Dans &quot;ac\u00e9tate&quot;","img":{"alt_text":"","src":"https:\/\/i0.wp.com\/salonamat.com\/wp-content\/uploads\/2015\/12\/ANNE-KNIPIDEE-1.jpg?resize=350%2C200","width":350,"height":200},"classes":[]},{"id":4787,"url":"https:\/\/salonamat.com\/index.php\/collections\/tissus\/murtra-2\/","url_meta":{"origin":4465,"position":4},"title":"MURTRA","date":"janvier 2, 2023","format":false,"excerpt":"Espagne Pr\u00eat \u00e0 porter f\u00e9minin Minima: Pas de minimum sur les qualit\u00e9s en stock Repr\u00e9sent\u00e9e par Philippe CAZELLES","rel":"","context":"Dans &quot;ac\u00e9tate&quot;","img":{"alt_text":"","src":"https:\/\/i0.wp.com\/salonamat.com\/wp-content\/uploads\/2023\/01\/murtra-2.jpeg?resize=350%2C200&ssl=1","width":350,"height":200},"classes":[]},{"id":4762,"url":"https:\/\/salonamat.com\/index.php\/collections\/accessoires\/victor\/","url_meta":{"origin":4465,"position":5},"title":"VICTOR","date":"janvier 2, 2023","format":false,"excerpt":"Italie Cordon, galons, \u00e9lastiques Minima: 300 mts minimum Repr\u00e9sent\u00e9e par Philippe CAZELLES","rel":"","context":"Dans &quot;acrylique&quot;","img":{"alt_text":"","src":"https:\/\/i0.wp.com\/salonamat.com\/wp-content\/uploads\/2023\/01\/victor-1.jpeg?resize=350%2C200&ssl=1","width":350,"height":200},"classes":[]}],"_links":{"self":[{"href":"https:\/\/salonamat.com\/index.php\/wp-json\/wp\/v2\/pages\/4465"}],"collection":[{"href":"https:\/\/salonamat.com\/index.php\/wp-json\/wp\/v2\/pages"}],"about":[{"href":"https:\/\/salonamat.com\/index.php\/wp-json\/wp\/v2\/types\/page"}],"author":[{"embeddable":true,"href":"https:\/\/salonamat.com\/index.php\/wp-json\/wp\/v2\/users\/2"}],"replies":[{"embeddable":true,"href":"https:\/\/salonamat.com\/index.php\/wp-json\/wp\/v2\/comments?post=4465"}],"version-history":[{"count":1,"href":"https:\/\/salonamat.com\/index.php\/wp-json\/wp\/v2\/pages\/4465\/revisions"}],"predecessor-version":[{"id":4466,"href":"https:\/\/salonamat.com\/index.php\/wp-json\/wp\/v2\/pages\/4465\/revisions\/4466"}],"up":[{"embeddable":true,"href":"https:\/\/salonamat.com\/index.php\/wp-json\/wp\/v2\/pages\/1215"}],"wp:attachment":[{"href":"https:\/\/salonamat.com\/index.php\/wp-json\/wp\/v2\/media?parent=4465"}],"wp:term":[{"taxonomy":"category","embeddable":true,"href":"https:\/\/salonamat.com\/index.php\/wp-json\/wp\/v2\/categories?post=4465"},{"taxonomy":"post_tag","embeddable":true,"href":"https:\/\/salonamat.com\/index.php\/wp-json\/wp\/v2\/tags?post=4465"}],"curies":[{"name":"wp","href":"https:\/\/api.w.org\/{rel}","templated":true}]}}