{"id":4461,"date":"2022-06-21T12:39:27","date_gmt":"2022-06-21T12:39:27","guid":{"rendered":"http:\/\/salonamat.com\/?page_id=4461"},"modified":"2022-06-21T14:38:12","modified_gmt":"2022-06-21T14:38:12","slug":"manon-naudin","status":"publish","type":"page","link":"https:\/\/salonamat.com\/index.php\/agents\/manon-naudin\/","title":{"rendered":"Manon NAUDIN"},"content":{"rendered":"\n<p>COVERTEX<\/p>\n\n\n\n<p><a href=\"mailto:manoncovertex@gmail.com\">contacter Manon par courriel en cliquant sur ce lien<\/a><\/p>\n\n\n\n<p>06 69 07 94 75<\/p>\n\n\n\n<p><strong>MAISONS REPRESENTEES :<\/strong><\/p>\n\n\n\n<ul><li><a href=\"http:\/\/salonamat.com\/index.php\/collections\/tissus\/achille-pinto\/\">ACHILLE PINTO<\/a><\/li><li><a href=\"http:\/\/salonamat.com\/index.php\/collections\/tissus\/fralpi\/\">FRALPI<\/a><\/li><\/ul>\n\n\n\n<p><\/p>\n","protected":false},"excerpt":{"rendered":"<p>COVERTEX contacter Manon par courriel en cliquant sur ce lien 06 69 07 94 75 MAISONS REPRESENTEES : ACHILLE PINTO FRALPI <a href=\"https:\/\/salonamat.com\/index.php\/agents\/manon-naudin\/\" class=\"more-link\">Continuer de lire <span class=\"screen-reader-text\">Manon NAUDIN<\/span><\/a><\/p>\n","protected":false},"author":2,"featured_media":0,"parent":1225,"menu_order":0,"comment_status":"closed","ping_status":"closed","template":"","meta":{"spay_email":""},"categories":[4],"tags":[],"jetpack_sharing_enabled":true,"jetpack_shortlink":"https:\/\/wp.me\/P7346W-19X","jetpack-related-posts":[{"id":1223,"url":"https:\/\/salonamat.com\/index.php\/agents\/armelle-blettner-anne-jouve\/","url_meta":{"origin":4461,"position":0},"title":"Armelle BLETTNER &#8211; Anne JOUVE","date":"d\u00e9cembre 14, 2015","format":false,"excerpt":"1 IMPASSE MARECHAL JOFFRE 26000 VALENCE contacter Armelle par courriel en cliquant sur ce lien 06 09 80 01 72 Anne JOUVEAn.J Bureau Textile06.10.55.65.06contacter Anne par courriel en cliquant sur ce lien26000 VALENCE MAISONS REPRESENTEES DISGOSA ESPUNTO EUROSTICK FASAC KLAUBER NEMARK P.A.L.M PIZZI STUDIO ELLE","rel":"","context":"Dans &quot;agents&quot;","img":{"alt_text":"","src":"https:\/\/i0.wp.com\/salonamat.com\/wp-content\/uploads\/2015\/12\/ARMELLE-000-1-1-225x300.jpg?resize=350%2C200","width":350,"height":200},"classes":[]},{"id":1230,"url":"https:\/\/salonamat.com\/index.php\/agents\/veronique-pepin-bolliet\/","url_meta":{"origin":4461,"position":1},"title":"V\u00e9ronique PEPIN BOLLIET","date":"d\u00e9cembre 14, 2015","format":false,"excerpt":"284 rue de la Barmelle 69250 Montanay contacter V\u00e9ronique par courriel en cliquant sur ce lien 06 07 27 90 20 MAISONS REPRESENTEES CAMBI DAVARIS INTESA KNIPIDEE LIOLIOS MORGANTI NOVALANSA PREMIERTEX TEXATHENEA","rel":"","context":"Dans &quot;agents&quot;","img":{"alt_text":"","src":"https:\/\/i0.wp.com\/salonamat.com\/wp-content\/uploads\/2015\/12\/VERONIQUE-000-1-1-225x300.jpg?resize=350%2C200","width":350,"height":200},"classes":[]},{"id":2381,"url":"https:\/\/salonamat.com\/index.php\/agents\/lionel-roblet\/","url_meta":{"origin":4461,"position":2},"title":"Lionel ROBLET","date":"septembre 4, 2018","format":false,"excerpt":"\u00a0 14, rue des Guerins42120 LE COTEAU\u00a0 contacter Lionel par courriel en cliquant sur ce lien 07 71 78 41 47 MAISONS REPRESENTEES TROUILLET","rel":"","context":"Dans &quot;agents&quot;","img":{"alt_text":"","src":"https:\/\/i0.wp.com\/salonamat.com\/wp-content\/uploads\/2020\/12\/Lionel-225x300.jpg?resize=350%2C200","width":350,"height":200},"classes":[]},{"id":1228,"url":"https:\/\/salonamat.com\/index.php\/agents\/gilles-ogier\/","url_meta":{"origin":4461,"position":3},"title":"Gilles OGIER","date":"d\u00e9cembre 14, 2015","format":false,"excerpt":"contacter Gilles par courriel en cliquant sur ce lien 06 09 43 10 74 MAISONS REPRESENTEES AB CREATIONS \/ FABIEN DOLIGEZ PIAVE MAITEX RUBI \u00a0","rel":"","context":"Dans &quot;agents&quot;","img":{"alt_text":"","src":"https:\/\/i0.wp.com\/salongeatra.com\/wp-content\/uploads\/2015\/12\/GILLES-000-225x300.jpg?resize=350%2C200","width":350,"height":200},"classes":[]},{"id":1238,"url":"https:\/\/salonamat.com\/index.php\/agents\/paul-mestrallet\/","url_meta":{"origin":4461,"position":4},"title":"Paul MESTRALLET","date":"d\u00e9cembre 15, 2015","format":false,"excerpt":"contacter Paul par courriel en cliquant sur ce lien 06 08 21 32 83 MAISONS REPRESENTEES BCN BOMBARDO KBC MULTIPUNT SANDRA B. TEJIDOS REBES SELVI SEM MIROGLIO ZERTEX Paul Mestrallet","rel":"","context":"Dans &quot;agents&quot;","img":{"alt_text":"","src":"https:\/\/i0.wp.com\/salonamat.com\/wp-content\/uploads\/2015\/12\/PAUL-000-1.jpg?resize=350%2C200&ssl=1","width":350,"height":200},"classes":[]},{"id":1482,"url":"https:\/\/salonamat.com\/index.php\/agents\/olivier-glorieux\/","url_meta":{"origin":4461,"position":5},"title":"Olivier GLORIEUX","date":"d\u00e9cembre 27, 2015","format":false,"excerpt":"2 Impasse de l'Aouta 31180 SAINT GENIES BELLEVUE contacter Olivier par courriel en cliquant sur ce lien 06 14 27 84 62 MAISONS REPRESENTEES CAT-LAND SOLSTISS","rel":"","context":"Dans &quot;agents&quot;","img":{"alt_text":"","src":"https:\/\/i0.wp.com\/salonamat.com\/wp-content\/uploads\/2015\/12\/OLIVIER-000-1-1-225x300.jpg?resize=350%2C200","width":350,"height":200},"classes":[]}],"_links":{"self":[{"href":"https:\/\/salonamat.com\/index.php\/wp-json\/wp\/v2\/pages\/4461"}],"collection":[{"href":"https:\/\/salonamat.com\/index.php\/wp-json\/wp\/v2\/pages"}],"about":[{"href":"https:\/\/salonamat.com\/index.php\/wp-json\/wp\/v2\/types\/page"}],"author":[{"embeddable":true,"href":"https:\/\/salonamat.com\/index.php\/wp-json\/wp\/v2\/users\/2"}],"replies":[{"embeddable":true,"href":"https:\/\/salonamat.com\/index.php\/wp-json\/wp\/v2\/comments?post=4461"}],"version-history":[{"count":5,"href":"https:\/\/salonamat.com\/index.php\/wp-json\/wp\/v2\/pages\/4461\/revisions"}],"predecessor-version":[{"id":4477,"href":"https:\/\/salonamat.com\/index.php\/wp-json\/wp\/v2\/pages\/4461\/revisions\/4477"}],"up":[{"embeddable":true,"href":"https:\/\/salonamat.com\/index.php\/wp-json\/wp\/v2\/pages\/1225"}],"wp:attachment":[{"href":"https:\/\/salonamat.com\/index.php\/wp-json\/wp\/v2\/media?parent=4461"}],"wp:term":[{"taxonomy":"category","embeddable":true,"href":"https:\/\/salonamat.com\/index.php\/wp-json\/wp\/v2\/categories?post=4461"},{"taxonomy":"post_tag","embeddable":true,"href":"https:\/\/salonamat.com\/index.php\/wp-json\/wp\/v2\/tags?post=4461"}],"curies":[{"name":"wp","href":"https:\/\/api.w.org\/{rel}","templated":true}]}}