{"id":4452,"date":"2022-06-21T11:39:31","date_gmt":"2022-06-21T11:39:31","guid":{"rendered":"http:\/\/salonamat.com\/?page_id=4452"},"modified":"2022-06-21T11:39:34","modified_gmt":"2022-06-21T11:39:34","slug":"sagal","status":"publish","type":"page","link":"https:\/\/salonamat.com\/index.php\/collections\/tissus\/sagal\/","title":{"rendered":"SAGAL"},"content":{"rendered":"\n<p>Grossiste importateur italien, de la r\u00e9gion de Naples.<\/p>\n\n\n\n<p>Prix tr\u00e8s attractifs.<\/p>\n\n\n\n<p>Provenance Asie et Turquie.<\/p>\n\n\n\n<p>Livraison rapide sur stock.<\/p>\n\n\n\n<p>Repr\u00e9sent\u00e9 par <a href=\"http:\/\/salonamat.com\/index.php\/agents\/philippe-berlande\/\">Philippe Berlande<\/a>.<\/p>\n","protected":false},"excerpt":{"rendered":"<p>Grossiste importateur italien, de la r\u00e9gion de Naples. Prix tr\u00e8s attractifs. Provenance Asie et Turquie. Livraison rapide sur stock. Repr\u00e9sent\u00e9 par Philippe Berlande. <a href=\"https:\/\/salonamat.com\/index.php\/collections\/tissus\/sagal\/\" class=\"more-link\">Continuer de lire <span class=\"screen-reader-text\">SAGAL<\/span><\/a><\/p>\n","protected":false},"author":2,"featured_media":0,"parent":1215,"menu_order":0,"comment_status":"closed","ping_status":"closed","template":"","meta":{"spay_email":""},"categories":[21,22,24,28,35,39,44],"tags":[],"jetpack_sharing_enabled":true,"jetpack_shortlink":"https:\/\/wp.me\/P7346W-19O","jetpack-related-posts":[{"id":4782,"url":"https:\/\/salonamat.com\/index.php\/satab\/","url_meta":{"origin":4452,"position":0},"title":"SATAB","date":"janvier 2, 2023","format":false,"excerpt":"France Galons et cordons Stock Permanent Minima: Rouleau de 25 mts Repr\u00e9sent\u00e9e par Philippe CAZELLES","rel":"","context":"Dans &quot;accessoires&quot;","img":{"alt_text":"","src":"https:\/\/i0.wp.com\/salonamat.com\/wp-content\/uploads\/2023\/01\/SATAB-1.jpeg?resize=350%2C200&ssl=1","width":350,"height":200},"classes":[]},{"id":827,"url":"https:\/\/salonamat.com\/index.php\/collections\/tissus\/knipidee\/","url_meta":{"origin":4452,"position":1},"title":"KNIPIDEE","date":"d\u00e9cembre 22, 2015","format":false,"excerpt":"Importateur n\u00e9erlandais de tissus cha\u00eene-et-trame et maille. Minima : 15 mt sur stock. Femme, homme, enfant. Toutes compositions. Petites quantit\u00e9s. Repr\u00e9sent\u00e9 par V\u00e9ronique PEPIN BOLLIET","rel":"","context":"Dans &quot;ac\u00e9tate&quot;","img":{"alt_text":"","src":"https:\/\/i0.wp.com\/salonamat.com\/wp-content\/uploads\/2015\/12\/ANNE-KNIPIDEE-1.jpg?resize=350%2C200","width":350,"height":200},"classes":[]},{"id":3188,"url":"https:\/\/salonamat.com\/index.php\/collections\/accessoires\/ae-gutermann\/","url_meta":{"origin":4452,"position":2},"title":"A&#038;E GUTERMANN","date":"d\u00e9cembre 28, 2020","format":false,"excerpt":"Fabricant allemand de fils \u00e0 coudre R\u00e9f\u00e9rences fils\u00a0:Permacore \/ Mara \/ Amifil \/ Filan \/ Tera \/ Polylux \/ Wildcat \/ Sunstop \/ PTFE \/ Kevlar \/ Nomex Unis uniquement Repr\u00e9sent\u00e9 par Olivier Amblard et Gilles Cannat","rel":"","context":"Dans &quot;accessoires&quot;","img":{"alt_text":"","src":"https:\/\/i0.wp.com\/salonamat.com\/wp-content\/uploads\/2020\/12\/AEgutermann.jpg?resize=350%2C200&ssl=1","width":350,"height":200},"classes":[]},{"id":991,"url":"https:\/\/salonamat.com\/index.php\/collections\/tissus\/intesa\/","url_meta":{"origin":4452,"position":3},"title":"INTESA","date":"d\u00e9cembre 24, 2015","format":false,"excerpt":"Fabricant italien de tissus cha\u00eene-et-trame, maille, fantaisie, imprim\u00e9s, jacquards, basiques, dentelles. Minima : 1 pi\u00e8ce sur stock Femme. Toutes compositions. Repr\u00e9sent\u00e9 par V\u00e9ronique P\u00e9pin Bolliet.","rel":"","context":"Dans &quot;cha\u00eene et trame&quot;","img":{"alt_text":"","src":"https:\/\/i0.wp.com\/salonamat.com\/wp-content\/uploads\/2015\/12\/VERONIQUE-INTESA-1.jpg?resize=350%2C200","width":350,"height":200},"classes":[]},{"id":2481,"url":"https:\/\/salonamat.com\/index.php\/collections\/tissus\/klauber\/","url_meta":{"origin":4452,"position":4},"title":"KLAUBER","date":"d\u00e9cembre 8, 2018","format":false,"excerpt":"USA\/CHINE dentelles Leavers, jacquard et textronics stretch et rigide Cible PAP \/ LINGERIE Minimum commande, aucun si stock disponible, sinon 200mts laize et 1380mts gallon\/bande Repr\u00e9sent\u00e9 par Armelle Blettner.","rel":"","context":"Dans &quot;dentelles&quot;","img":{"alt_text":"","src":"https:\/\/i0.wp.com\/salonamat.com\/wp-content\/uploads\/2018\/06\/KLAUBER-01.jpg?resize=350%2C200","width":350,"height":200},"classes":[]},{"id":825,"url":"https:\/\/salonamat.com\/index.php\/collections\/tissus\/telatex\/","url_meta":{"origin":4452,"position":5},"title":"TELATEX","date":"d\u00e9cembre 22, 2015","format":false,"excerpt":"Fabricant fran\u00e7ais de tissus cha\u00eene-et-trame naturels. PAT, teints, imprim\u00e9s, jacquards. Femme, homme, enfant, sportswear. Coton, laine, viscose, lin, m\u00e9langes. Minimum de commande: 300M + stock service Repr\u00e9sent\u00e9 par Laetitia CORGER.","rel":"","context":"Dans &quot;ameublement&quot;","img":{"alt_text":"","src":"https:\/\/i0.wp.com\/salonamat.com\/wp-content\/uploads\/2023\/05\/TELATEX1.jpg?resize=350%2C200&ssl=1","width":350,"height":200},"classes":[]}],"_links":{"self":[{"href":"https:\/\/salonamat.com\/index.php\/wp-json\/wp\/v2\/pages\/4452"}],"collection":[{"href":"https:\/\/salonamat.com\/index.php\/wp-json\/wp\/v2\/pages"}],"about":[{"href":"https:\/\/salonamat.com\/index.php\/wp-json\/wp\/v2\/types\/page"}],"author":[{"embeddable":true,"href":"https:\/\/salonamat.com\/index.php\/wp-json\/wp\/v2\/users\/2"}],"replies":[{"embeddable":true,"href":"https:\/\/salonamat.com\/index.php\/wp-json\/wp\/v2\/comments?post=4452"}],"version-history":[{"count":1,"href":"https:\/\/salonamat.com\/index.php\/wp-json\/wp\/v2\/pages\/4452\/revisions"}],"predecessor-version":[{"id":4453,"href":"https:\/\/salonamat.com\/index.php\/wp-json\/wp\/v2\/pages\/4452\/revisions\/4453"}],"up":[{"embeddable":true,"href":"https:\/\/salonamat.com\/index.php\/wp-json\/wp\/v2\/pages\/1215"}],"wp:attachment":[{"href":"https:\/\/salonamat.com\/index.php\/wp-json\/wp\/v2\/media?parent=4452"}],"wp:term":[{"taxonomy":"category","embeddable":true,"href":"https:\/\/salonamat.com\/index.php\/wp-json\/wp\/v2\/categories?post=4452"},{"taxonomy":"post_tag","embeddable":true,"href":"https:\/\/salonamat.com\/index.php\/wp-json\/wp\/v2\/tags?post=4452"}],"curies":[{"name":"wp","href":"https:\/\/api.w.org\/{rel}","templated":true}]}}