{"id":4429,"date":"2022-06-21T10:16:09","date_gmt":"2022-06-21T10:16:09","guid":{"rendered":"http:\/\/salonamat.com\/?page_id=4429"},"modified":"2022-06-21T10:16:14","modified_gmt":"2022-06-21T10:16:14","slug":"fasac","status":"publish","type":"page","link":"https:\/\/salonamat.com\/index.php\/collections\/tissus\/fasac\/","title":{"rendered":"FASAC"},"content":{"rendered":"\n<p>Imprimeur italien.<\/p>\n\n\n\n<p>Tout type de supports, Maille et Cha\u00eene et Trame.<\/p>\n\n\n\n<p>Compositions : Soie, Coton, Polyester, Viscose.<\/p>\n\n\n\n<p>PAP et Lingerie \/ Bain.<\/p>\n\n\n\n<p>Joli choix de bases \u00e9co-responsables et recycl\u00e9es.<\/p>\n\n\n\n<p>Travail d\u2019impression \u00e0 fa\u00e7on \u00e9galement possible.<\/p>\n\n\n\n<p>Repr\u00e9sent\u00e9 par <a href=\"http:\/\/salonamat.com\/index.php\/agents\/armelle-blettner-anne-jouve\/\">Armelle Blettner<\/a> et <a href=\"http:\/\/salonamat.com\/index.php\/agents\/armelle-blettner-anne-jouve\/\">Anne Jouve<\/a>.<\/p>\n\n\n\n<div class=\"wp-block-jetpack-slideshow aligncenter\" data-effect=\"slide\"><div class=\"wp-block-jetpack-slideshow_container swiper-container\"><ul class=\"wp-block-jetpack-slideshow_swiper-wrapper swiper-wrapper\"><li class=\"wp-block-jetpack-slideshow_slide swiper-slide\"><figure><img decoding=\"async\" loading=\"lazy\" width=\"720\" height=\"720\" alt=\"\" class=\"wp-block-jetpack-slideshow_image wp-image-4435\" data-id=\"4435\" src=\"https:\/\/i0.wp.com\/salonamat.com\/wp-content\/uploads\/2022\/06\/FASAC-01.jpeg?resize=720%2C720\" srcset=\"https:\/\/i0.wp.com\/salonamat.com\/wp-content\/uploads\/2022\/06\/FASAC-01.jpeg?resize=1024%2C1024&amp;ssl=1 1024w, https:\/\/i0.wp.com\/salonamat.com\/wp-content\/uploads\/2022\/06\/FASAC-01.jpeg?resize=300%2C300&amp;ssl=1 300w, https:\/\/i0.wp.com\/salonamat.com\/wp-content\/uploads\/2022\/06\/FASAC-01.jpeg?resize=150%2C150&amp;ssl=1 150w, https:\/\/i0.wp.com\/salonamat.com\/wp-content\/uploads\/2022\/06\/FASAC-01.jpeg?resize=768%2C768&amp;ssl=1 768w, https:\/\/i0.wp.com\/salonamat.com\/wp-content\/uploads\/2022\/06\/FASAC-01.jpeg?resize=1536%2C1536&amp;ssl=1 1536w, https:\/\/i0.wp.com\/salonamat.com\/wp-content\/uploads\/2022\/06\/FASAC-01.jpeg?w=2048&amp;ssl=1 2048w, https:\/\/i0.wp.com\/salonamat.com\/wp-content\/uploads\/2022\/06\/FASAC-01.jpeg?resize=90%2C90&amp;ssl=1 90w, https:\/\/i0.wp.com\/salonamat.com\/wp-content\/uploads\/2022\/06\/FASAC-01.jpeg?w=1440 1440w\" sizes=\"(max-width: 720px) 100vw, 720px\" data-recalc-dims=\"1\" \/><\/figure><\/li><li class=\"wp-block-jetpack-slideshow_slide swiper-slide\"><figure><img decoding=\"async\" loading=\"lazy\" width=\"720\" height=\"720\" alt=\"\" class=\"wp-block-jetpack-slideshow_image wp-image-4433\" data-id=\"4433\" src=\"https:\/\/i0.wp.com\/salonamat.com\/wp-content\/uploads\/2022\/06\/FASAC-02.jpeg?resize=720%2C720\" srcset=\"https:\/\/i0.wp.com\/salonamat.com\/wp-content\/uploads\/2022\/06\/FASAC-02.jpeg?resize=1024%2C1024&amp;ssl=1 1024w, https:\/\/i0.wp.com\/salonamat.com\/wp-content\/uploads\/2022\/06\/FASAC-02.jpeg?resize=300%2C300&amp;ssl=1 300w, https:\/\/i0.wp.com\/salonamat.com\/wp-content\/uploads\/2022\/06\/FASAC-02.jpeg?resize=150%2C150&amp;ssl=1 150w, https:\/\/i0.wp.com\/salonamat.com\/wp-content\/uploads\/2022\/06\/FASAC-02.jpeg?resize=768%2C768&amp;ssl=1 768w, https:\/\/i0.wp.com\/salonamat.com\/wp-content\/uploads\/2022\/06\/FASAC-02.jpeg?resize=1536%2C1536&amp;ssl=1 1536w, https:\/\/i0.wp.com\/salonamat.com\/wp-content\/uploads\/2022\/06\/FASAC-02.jpeg?w=2048&amp;ssl=1 2048w, https:\/\/i0.wp.com\/salonamat.com\/wp-content\/uploads\/2022\/06\/FASAC-02.jpeg?resize=90%2C90&amp;ssl=1 90w, https:\/\/i0.wp.com\/salonamat.com\/wp-content\/uploads\/2022\/06\/FASAC-02.jpeg?w=1440 1440w\" sizes=\"(max-width: 720px) 100vw, 720px\" data-recalc-dims=\"1\" \/><\/figure><\/li><li class=\"wp-block-jetpack-slideshow_slide swiper-slide\"><figure><img decoding=\"async\" loading=\"lazy\" width=\"720\" height=\"720\" alt=\"\" class=\"wp-block-jetpack-slideshow_image wp-image-4434\" data-id=\"4434\" src=\"https:\/\/i0.wp.com\/salonamat.com\/wp-content\/uploads\/2022\/06\/FASAC-03.jpeg?resize=720%2C720\" srcset=\"https:\/\/i0.wp.com\/salonamat.com\/wp-content\/uploads\/2022\/06\/FASAC-03.jpeg?resize=1024%2C1024&amp;ssl=1 1024w, https:\/\/i0.wp.com\/salonamat.com\/wp-content\/uploads\/2022\/06\/FASAC-03.jpeg?resize=300%2C300&amp;ssl=1 300w, https:\/\/i0.wp.com\/salonamat.com\/wp-content\/uploads\/2022\/06\/FASAC-03.jpeg?resize=150%2C150&amp;ssl=1 150w, https:\/\/i0.wp.com\/salonamat.com\/wp-content\/uploads\/2022\/06\/FASAC-03.jpeg?resize=768%2C768&amp;ssl=1 768w, https:\/\/i0.wp.com\/salonamat.com\/wp-content\/uploads\/2022\/06\/FASAC-03.jpeg?resize=1536%2C1536&amp;ssl=1 1536w, https:\/\/i0.wp.com\/salonamat.com\/wp-content\/uploads\/2022\/06\/FASAC-03.jpeg?w=2048&amp;ssl=1 2048w, https:\/\/i0.wp.com\/salonamat.com\/wp-content\/uploads\/2022\/06\/FASAC-03.jpeg?resize=90%2C90&amp;ssl=1 90w, https:\/\/i0.wp.com\/salonamat.com\/wp-content\/uploads\/2022\/06\/FASAC-03.jpeg?w=1440 1440w\" sizes=\"(max-width: 720px) 100vw, 720px\" data-recalc-dims=\"1\" \/><\/figure><\/li><li class=\"wp-block-jetpack-slideshow_slide swiper-slide\"><figure><img decoding=\"async\" loading=\"lazy\" width=\"720\" height=\"720\" alt=\"\" class=\"wp-block-jetpack-slideshow_image wp-image-4438\" data-id=\"4438\" src=\"https:\/\/i0.wp.com\/salonamat.com\/wp-content\/uploads\/2022\/06\/FASAC-04.jpeg?resize=720%2C720\" srcset=\"https:\/\/i0.wp.com\/salonamat.com\/wp-content\/uploads\/2022\/06\/FASAC-04.jpeg?resize=1024%2C1024&amp;ssl=1 1024w, https:\/\/i0.wp.com\/salonamat.com\/wp-content\/uploads\/2022\/06\/FASAC-04.jpeg?resize=300%2C300&amp;ssl=1 300w, https:\/\/i0.wp.com\/salonamat.com\/wp-content\/uploads\/2022\/06\/FASAC-04.jpeg?resize=150%2C150&amp;ssl=1 150w, https:\/\/i0.wp.com\/salonamat.com\/wp-content\/uploads\/2022\/06\/FASAC-04.jpeg?resize=768%2C768&amp;ssl=1 768w, https:\/\/i0.wp.com\/salonamat.com\/wp-content\/uploads\/2022\/06\/FASAC-04.jpeg?resize=1536%2C1536&amp;ssl=1 1536w, https:\/\/i0.wp.com\/salonamat.com\/wp-content\/uploads\/2022\/06\/FASAC-04.jpeg?w=2048&amp;ssl=1 2048w, https:\/\/i0.wp.com\/salonamat.com\/wp-content\/uploads\/2022\/06\/FASAC-04.jpeg?resize=90%2C90&amp;ssl=1 90w, https:\/\/i0.wp.com\/salonamat.com\/wp-content\/uploads\/2022\/06\/FASAC-04.jpeg?w=1440 1440w\" sizes=\"(max-width: 720px) 100vw, 720px\" data-recalc-dims=\"1\" \/><\/figure><\/li><li class=\"wp-block-jetpack-slideshow_slide swiper-slide\"><figure><img decoding=\"async\" loading=\"lazy\" width=\"720\" height=\"720\" alt=\"\" class=\"wp-block-jetpack-slideshow_image wp-image-4436\" data-id=\"4436\" src=\"https:\/\/i0.wp.com\/salonamat.com\/wp-content\/uploads\/2022\/06\/FASAC-05.jpeg?resize=720%2C720\" srcset=\"https:\/\/i0.wp.com\/salonamat.com\/wp-content\/uploads\/2022\/06\/FASAC-05.jpeg?resize=1024%2C1024&amp;ssl=1 1024w, https:\/\/i0.wp.com\/salonamat.com\/wp-content\/uploads\/2022\/06\/FASAC-05.jpeg?resize=300%2C300&amp;ssl=1 300w, https:\/\/i0.wp.com\/salonamat.com\/wp-content\/uploads\/2022\/06\/FASAC-05.jpeg?resize=150%2C150&amp;ssl=1 150w, https:\/\/i0.wp.com\/salonamat.com\/wp-content\/uploads\/2022\/06\/FASAC-05.jpeg?resize=768%2C768&amp;ssl=1 768w, https:\/\/i0.wp.com\/salonamat.com\/wp-content\/uploads\/2022\/06\/FASAC-05.jpeg?resize=1536%2C1536&amp;ssl=1 1536w, https:\/\/i0.wp.com\/salonamat.com\/wp-content\/uploads\/2022\/06\/FASAC-05.jpeg?w=2048&amp;ssl=1 2048w, https:\/\/i0.wp.com\/salonamat.com\/wp-content\/uploads\/2022\/06\/FASAC-05.jpeg?resize=90%2C90&amp;ssl=1 90w, https:\/\/i0.wp.com\/salonamat.com\/wp-content\/uploads\/2022\/06\/FASAC-05.jpeg?w=1440 1440w\" sizes=\"(max-width: 720px) 100vw, 720px\" data-recalc-dims=\"1\" \/><\/figure><\/li><li class=\"wp-block-jetpack-slideshow_slide swiper-slide\"><figure><img decoding=\"async\" loading=\"lazy\" width=\"720\" height=\"720\" alt=\"\" class=\"wp-block-jetpack-slideshow_image wp-image-4437\" data-id=\"4437\" src=\"https:\/\/i0.wp.com\/salonamat.com\/wp-content\/uploads\/2022\/06\/FASAC-06.jpeg?resize=720%2C720\" srcset=\"https:\/\/i0.wp.com\/salonamat.com\/wp-content\/uploads\/2022\/06\/FASAC-06.jpeg?resize=1024%2C1024&amp;ssl=1 1024w, https:\/\/i0.wp.com\/salonamat.com\/wp-content\/uploads\/2022\/06\/FASAC-06.jpeg?resize=300%2C300&amp;ssl=1 300w, https:\/\/i0.wp.com\/salonamat.com\/wp-content\/uploads\/2022\/06\/FASAC-06.jpeg?resize=150%2C150&amp;ssl=1 150w, https:\/\/i0.wp.com\/salonamat.com\/wp-content\/uploads\/2022\/06\/FASAC-06.jpeg?resize=768%2C768&amp;ssl=1 768w, https:\/\/i0.wp.com\/salonamat.com\/wp-content\/uploads\/2022\/06\/FASAC-06.jpeg?resize=1536%2C1536&amp;ssl=1 1536w, https:\/\/i0.wp.com\/salonamat.com\/wp-content\/uploads\/2022\/06\/FASAC-06.jpeg?w=2048&amp;ssl=1 2048w, https:\/\/i0.wp.com\/salonamat.com\/wp-content\/uploads\/2022\/06\/FASAC-06.jpeg?resize=90%2C90&amp;ssl=1 90w, https:\/\/i0.wp.com\/salonamat.com\/wp-content\/uploads\/2022\/06\/FASAC-06.jpeg?w=1440 1440w\" sizes=\"(max-width: 720px) 100vw, 720px\" data-recalc-dims=\"1\" \/><\/figure><\/li><\/ul><a class=\"wp-block-jetpack-slideshow_button-prev swiper-button-prev swiper-button-white\" role=\"button\"><\/a><a class=\"wp-block-jetpack-slideshow_button-next swiper-button-next swiper-button-white\" role=\"button\"><\/a><a aria-label=\"Pause Slideshow\" class=\"wp-block-jetpack-slideshow_button-pause\" role=\"button\"><\/a><div class=\"wp-block-jetpack-slideshow_pagination swiper-pagination swiper-pagination-white\"><\/div><\/div><\/div>\n","protected":false},"excerpt":{"rendered":"<p>Imprimeur italien. Tout type de supports, Maille et Cha\u00eene et Trame. Compositions : Soie, Coton, Polyester, Viscose. PAP et Lingerie \/ Bain. Joli choix de bases \u00e9co-responsables et recycl\u00e9es. Travail d\u2019impression \u00e0 fa\u00e7on \u00e9galement possible. Repr\u00e9sent\u00e9 par Armelle Blettner et Anne Jouve. <a href=\"https:\/\/salonamat.com\/index.php\/collections\/tissus\/fasac\/\" class=\"more-link\">Continuer de lire <span class=\"screen-reader-text\">FASAC<\/span><\/a><\/p>\n","protected":false},"author":2,"featured_media":0,"parent":1215,"menu_order":0,"comment_status":"closed","ping_status":"closed","template":"","meta":{"spay_email":""},"categories":[67,73,15,79,21,22,24,93,31,109,35,123,39,131,53],"tags":[],"jetpack_sharing_enabled":true,"jetpack_shortlink":"https:\/\/wp.me\/P7346W-19r","jetpack-related-posts":[{"id":624,"url":"https:\/\/salonamat.com\/index.php\/collections\/tissus\/kbc\/","url_meta":{"origin":4429,"position":0},"title":"KBC","date":"d\u00e9cembre 18, 2015","format":false,"excerpt":"Imprimeur Allemand cha\u00eene-et-trame et maille. Femme, enfant. Coton, viscose, soie, polyester, lin, m\u00e9langes... Repr\u00e9sent\u00e9 par Paul Mestrallet.","rel":"","context":"Dans &quot;cha\u00eene et trame&quot;","img":{"alt_text":"","src":"https:\/\/i0.wp.com\/salonamat.com\/wp-content\/uploads\/2015\/12\/GAELLE-KBC-1.jpg?resize=350%2C200","width":350,"height":200},"classes":[]},{"id":1063,"url":"https:\/\/salonamat.com\/index.php\/collections\/tissus\/seride\/","url_meta":{"origin":4429,"position":1},"title":"SERIDE","date":"d\u00e9cembre 25, 2015","format":false,"excerpt":"Imprimeur italien sur maille et cha\u00eene-et-trame, jet d'encre \/ cadres plats. Beaux supports, nombreuses finitions, large gamme, contre-collages, laminations. Dessins exclusifs ou archives \u00e0 disposition. Minima : 50 Mt. Femme. Laine, viscose, polyester, coton, m\u00e9langes. Repr\u00e9sent\u00e9 par Viviane Gadrey Madani.","rel":"","context":"Dans &quot;cha\u00eene et trame&quot;","img":{"alt_text":"","src":"https:\/\/i0.wp.com\/salonamat.com\/wp-content\/uploads\/2015\/12\/VIVIANE-SERIDE-1.jpg?resize=350%2C200","width":350,"height":200},"classes":[]},{"id":634,"url":"https:\/\/salonamat.com\/index.php\/collections\/tissus\/deveaux\/","url_meta":{"origin":4429,"position":2},"title":"DEVEAUX","date":"d\u00e9cembre 18, 2015","format":false,"excerpt":"Imprimeur fran\u00e7ais de tissus cha\u00eene-et-trame & maille. Rotatif, jet d'encre. Jacquard cha\u00eene-et-trame et maille, fantaisie, maille fils teints. Femme, homme, enfant. D\u00e9veloppements personnalis\u00e9s. Coton, viscose, polyester, acrylique, laine, lin, \u00e9lasthanne... Repr\u00e9sent\u00e9 par Christine Deporte.","rel":"","context":"Dans &quot;acrylique&quot;","img":{"alt_text":"","src":"https:\/\/i0.wp.com\/salonamat.com\/wp-content\/uploads\/2015\/12\/CHRISTINE-DEVEAUX-01-1.jpg?resize=350%2C200","width":350,"height":200},"classes":[]},{"id":6173,"url":"https:\/\/salonamat.com\/index.php\/collections\/tissus\/texprint\/","url_meta":{"origin":4429,"position":3},"title":"TEXPRINT","date":"d\u00e9cembre 19, 2023","format":false,"excerpt":"Fabricant italien de tissus imprim\u00e9s cha\u00eene et trame et maille. Propose toile - serg\u00e9 - satins - cr\u00eapes - georgette - double georgette - cr\u00eape marocain compositions. Composition: coton, coton \u00e9lasthanne, viscose, fibranne, polyamide-viscose. Pas de minimum de commande. Pour le pr\u00eat \u00e0 porter. Possibilit\u00e9 de r\u00e9alisation des dessins clients.\u2026","rel":"","context":"Dans &quot;cha\u00eene et trame&quot;","img":{"alt_text":"","src":"https:\/\/i0.wp.com\/salonamat.com\/wp-content\/uploads\/2023\/12\/TEXPRINT-1.jpg?resize=350%2C200&ssl=1","width":350,"height":200},"classes":[]},{"id":2544,"url":"https:\/\/salonamat.com\/index.php\/collections\/tissus\/novalansa\/","url_meta":{"origin":4429,"position":4},"title":"NOVALANSA","date":"janvier 23, 2019","format":false,"excerpt":"Soci\u00e9t\u00e9 espagnole du groupe TORRESPRADAS, Sabadell, Collection d\u2019unis chaine et trame et mailles, polyester, viscose, coton ou m\u00e9langes, jacquards mailles fabriqu\u00e9s en Espagne, jacquards chaine et trame, imprim\u00e9s, et fantaisies comme dentelles et paillettes, broderies anglaises, faux cuir et faux daim. \u00c9chantillonnage : Pas de minima Production : Minimum 1\u2026","rel":"","context":"Dans &quot;cha\u00eene et trame&quot;","img":{"alt_text":"","src":"https:\/\/i0.wp.com\/salonamat.com\/wp-content\/uploads\/2019\/01\/NOVALANSA-01.jpg?resize=350%2C200","width":350,"height":200},"classes":[]},{"id":1045,"url":"https:\/\/salonamat.com\/index.php\/collections\/tissus\/nooteboom-textiles\/","url_meta":{"origin":4429,"position":5},"title":"NOOTEBOOM","date":"d\u00e9cembre 25, 2015","format":false,"excerpt":"Importateur n\u00e9erlandais de tissus fantaisie pour la confection de v\u00eatements. Pr\u00eat \u00e0 Porter F\u00e9minin, Enfant, Homme, v\u00eatement professionnel, vente au m\u00e8tre en ligne et en boutique Minimum de commande: 12 m Repr\u00e9sent\u00e9 R\u00e9mi Oddon.","rel":"","context":"Dans &quot;ameublement&quot;","img":{"alt_text":"","src":"https:\/\/i0.wp.com\/salonamat.com\/wp-content\/uploads\/2015\/12\/REMI-NOOTEBOOM-TEXTILES.jpg?resize=350%2C200","width":350,"height":200},"classes":[]}],"_links":{"self":[{"href":"https:\/\/salonamat.com\/index.php\/wp-json\/wp\/v2\/pages\/4429"}],"collection":[{"href":"https:\/\/salonamat.com\/index.php\/wp-json\/wp\/v2\/pages"}],"about":[{"href":"https:\/\/salonamat.com\/index.php\/wp-json\/wp\/v2\/types\/page"}],"author":[{"embeddable":true,"href":"https:\/\/salonamat.com\/index.php\/wp-json\/wp\/v2\/users\/2"}],"replies":[{"embeddable":true,"href":"https:\/\/salonamat.com\/index.php\/wp-json\/wp\/v2\/comments?post=4429"}],"version-history":[{"count":1,"href":"https:\/\/salonamat.com\/index.php\/wp-json\/wp\/v2\/pages\/4429\/revisions"}],"predecessor-version":[{"id":4448,"href":"https:\/\/salonamat.com\/index.php\/wp-json\/wp\/v2\/pages\/4429\/revisions\/4448"}],"up":[{"embeddable":true,"href":"https:\/\/salonamat.com\/index.php\/wp-json\/wp\/v2\/pages\/1215"}],"wp:attachment":[{"href":"https:\/\/salonamat.com\/index.php\/wp-json\/wp\/v2\/media?parent=4429"}],"wp:term":[{"taxonomy":"category","embeddable":true,"href":"https:\/\/salonamat.com\/index.php\/wp-json\/wp\/v2\/categories?post=4429"},{"taxonomy":"post_tag","embeddable":true,"href":"https:\/\/salonamat.com\/index.php\/wp-json\/wp\/v2\/tags?post=4429"}],"curies":[{"name":"wp","href":"https:\/\/api.w.org\/{rel}","templated":true}]}}