{"id":4013,"date":"2021-12-28T18:10:43","date_gmt":"2021-12-28T18:10:43","guid":{"rendered":"http:\/\/salonamat.com\/?page_id=4013"},"modified":"2023-05-17T10:40:36","modified_gmt":"2023-05-17T10:40:36","slug":"albert-zip","status":"publish","type":"page","link":"https:\/\/salonamat.com\/index.php\/collections\/accessoires\/albert-zip\/","title":{"rendered":"ALBERT ZIP"},"content":{"rendered":"\n<p>Fabricant belge de fermetures \u00e0 glissi\u00e8res.<\/p>\n\n\n\n<p>M\u00e9tal, inject\u00e9es, spirall\u00e9es, invisibles<\/p>\n\n\n\n<p>Pour confection, maroquinerie, etc&#8230;<\/p>\n\n\n\n<p>Repr\u00e9sent\u00e9 par <a href=\"http:\/\/salonamat.com\/index.php\/agents\/olivier-amblard-et-gilles-cannat\/\">SODEFAR<\/a>.<\/p>\n\n\n\n<div class=\"wp-block-jetpack-slideshow aligncenter\" data-effect=\"slide\"><div class=\"wp-block-jetpack-slideshow_container swiper-container\"><ul class=\"wp-block-jetpack-slideshow_swiper-wrapper swiper-wrapper\"><li class=\"wp-block-jetpack-slideshow_slide swiper-slide\"><figure><img decoding=\"async\" loading=\"lazy\" width=\"542\" height=\"743\" alt=\"\" class=\"wp-block-jetpack-slideshow_image wp-image-4014\" data-id=\"4014\" src=\"https:\/\/i0.wp.com\/salonamat.com\/wp-content\/uploads\/2021\/12\/zip-1.jpg?resize=542%2C743\" srcset=\"https:\/\/i0.wp.com\/salonamat.com\/wp-content\/uploads\/2021\/12\/zip-1.jpg?w=542&amp;ssl=1 542w, https:\/\/i0.wp.com\/salonamat.com\/wp-content\/uploads\/2021\/12\/zip-1.jpg?resize=219%2C300&amp;ssl=1 219w, https:\/\/i0.wp.com\/salonamat.com\/wp-content\/uploads\/2021\/12\/zip-1.jpg?resize=66%2C90&amp;ssl=1 66w\" sizes=\"(max-width: 542px) 100vw, 542px\" data-recalc-dims=\"1\" \/><\/figure><\/li><li class=\"wp-block-jetpack-slideshow_slide swiper-slide\"><figure><img decoding=\"async\" loading=\"lazy\" width=\"429\" height=\"606\" alt=\"\" class=\"wp-block-jetpack-slideshow_image wp-image-4015\" data-id=\"4015\" src=\"https:\/\/i0.wp.com\/salonamat.com\/wp-content\/uploads\/2021\/12\/zip.jpg?resize=429%2C606\" srcset=\"https:\/\/i0.wp.com\/salonamat.com\/wp-content\/uploads\/2021\/12\/zip.jpg?w=429&amp;ssl=1 429w, https:\/\/i0.wp.com\/salonamat.com\/wp-content\/uploads\/2021\/12\/zip.jpg?resize=212%2C300&amp;ssl=1 212w, https:\/\/i0.wp.com\/salonamat.com\/wp-content\/uploads\/2021\/12\/zip.jpg?resize=64%2C90&amp;ssl=1 64w\" sizes=\"(max-width: 429px) 100vw, 429px\" data-recalc-dims=\"1\" \/><\/figure><\/li><\/ul><a class=\"wp-block-jetpack-slideshow_button-prev swiper-button-prev swiper-button-white\" role=\"button\"><\/a><a class=\"wp-block-jetpack-slideshow_button-next swiper-button-next swiper-button-white\" role=\"button\"><\/a><a aria-label=\"Pause Slideshow\" class=\"wp-block-jetpack-slideshow_button-pause\" role=\"button\"><\/a><div class=\"wp-block-jetpack-slideshow_pagination swiper-pagination swiper-pagination-white\"><\/div><\/div><\/div>\n","protected":false},"excerpt":{"rendered":"<p>Fabricant belge de fermetures \u00e0 glissi\u00e8res. M\u00e9tal, inject\u00e9es, spirall\u00e9es, invisibles Pour confection, maroquinerie, etc&#8230; Repr\u00e9sent\u00e9 par SODEFAR. <a href=\"https:\/\/salonamat.com\/index.php\/collections\/accessoires\/albert-zip\/\" class=\"more-link\">Continuer de lire <span class=\"screen-reader-text\">ALBERT ZIP<\/span><\/a><\/p>\n","protected":false},"author":3,"featured_media":0,"parent":1216,"menu_order":0,"comment_status":"closed","ping_status":"closed","template":"","meta":{"spay_email":""},"categories":[2,176,179,87,147,28,35,191,39,157,177,42,43,50,57],"tags":[],"jetpack_sharing_enabled":true,"jetpack_shortlink":"https:\/\/wp.me\/P7346W-12J","jetpack-related-posts":[{"id":3292,"url":"https:\/\/salonamat.com\/index.php\/collections\/tissus\/cat-land\/","url_meta":{"origin":4013,"position":0},"title":"CAT-LAND","date":"d\u00e9cembre 31, 2020","format":false,"excerpt":"Fabricant fran\u00e7ais de polaire. Moyen de gamme. Pas de minimum. Femme, Homme, Enfant. Composition : Polyester. Repr\u00e9sent\u00e9 par Olivier Glorieux.","rel":"","context":"Dans &quot;enfant&quot;","img":{"alt_text":"","src":"","width":0,"height":0},"classes":[]},{"id":802,"url":"https:\/\/salonamat.com\/index.php\/collections\/accessoires\/disboton\/","url_meta":{"origin":4013,"position":1},"title":"DISBOTON","date":"d\u00e9cembre 22, 2015","format":false,"excerpt":"Fabricant espagnol de boutons \u00e0 coudre. Tarifs entr\u00e9e de gamme. Femme, homme, enfant. Polyester, nacre, nylon, nylon m\u00e9tal, corne, corozo, bois, cuir lavable. Repr\u00e9sent\u00e9 par Armelle Blettner.","rel":"","context":"Dans &quot;accessoires&quot;","img":{"alt_text":"","src":"https:\/\/i0.wp.com\/salonamat.com\/wp-content\/uploads\/2015\/12\/ARMELLE-DISBOTON-1.jpg?resize=350%2C200","width":350,"height":200},"classes":[]},{"id":3986,"url":"https:\/\/salonamat.com\/index.php\/collections\/accessoires\/point-desprit\/","url_meta":{"origin":4013,"position":2},"title":"POINT D&#8217;ESPRIT","date":"d\u00e9cembre 28, 2021","format":false,"excerpt":"Fabricant fran\u00e7ais de broderies du Nord de la France. Collection propre moyen et haut de gamme mais \u00e9galement d\u00e9veloppements clients Propose petites bandes \u2013 galons \u2013 entre deux \u2013 guipures \u2013 all over \u2013 motifs et cols Savoir-faire dans le domaine du PAP femmes\/hommes\/enfants, linge de maison Repr\u00e9sent\u00e9 par Sylvie\u2026","rel":"","context":"Dans &quot;accessoires&quot;","img":{"alt_text":"","src":"https:\/\/i0.wp.com\/salonamat.com\/wp-content\/uploads\/2021\/12\/POINT-DESPRIT1.jpg?resize=350%2C200&ssl=1","width":350,"height":200},"classes":[]},{"id":3188,"url":"https:\/\/salonamat.com\/index.php\/collections\/accessoires\/ae-gutermann\/","url_meta":{"origin":4013,"position":3},"title":"A&#038;E GUTERMANN","date":"d\u00e9cembre 28, 2020","format":false,"excerpt":"Fabricant allemand de fils \u00e0 coudre R\u00e9f\u00e9rences fils\u00a0:Permacore \/ Mara \/ Amifil \/ Filan \/ Tera \/ Polylux \/ Wildcat \/ Sunstop \/ PTFE \/ Kevlar \/ Nomex Unis uniquement Repr\u00e9sent\u00e9 par Olivier Amblard et Gilles Cannat","rel":"","context":"Dans &quot;accessoires&quot;","img":{"alt_text":"","src":"https:\/\/i0.wp.com\/salonamat.com\/wp-content\/uploads\/2020\/12\/AEgutermann.jpg?resize=350%2C200&ssl=1","width":350,"height":200},"classes":[]},{"id":6213,"url":"https:\/\/salonamat.com\/index.php\/collections\/accessoires\/p-a-l-m-pizzi\/","url_meta":{"origin":4013,"position":4},"title":"P.A.L.M PIZZI","date":"d\u00e9cembre 22, 2023","format":false,"excerpt":"Fabricant italien de dentelle et galons crochet. Pour pr\u00eat \u00e0 porter femme, enfant, homme et lingerie bain Cotton\/ polyester\/ fils chenille et divers Minimum de commande: 300mts au coloris si pas en stock Repr\u00e9sent\u00e9 par Armelle Blettner et Anne Jouve.","rel":"","context":"Dans &quot;acrylique&quot;","img":{"alt_text":"","src":"https:\/\/i0.wp.com\/salonamat.com\/wp-content\/uploads\/2023\/12\/PALM-PIZZI.png?resize=350%2C200&ssl=1","width":350,"height":200},"classes":[]},{"id":4465,"url":"https:\/\/salonamat.com\/index.php\/collections\/tissus\/fralpi\/","url_meta":{"origin":4013,"position":5},"title":"FRALPI","date":"juin 21, 2022","format":false,"excerpt":"Soci\u00e9t\u00e9 italienne. Lin et m\u00e9lange pour l'\u00e9t\u00e9. Laine et m\u00e9lange pour l'hiver. Maison repr\u00e9sent\u00e9e par Manon Naudin.","rel":"","context":"Dans &quot;entr\u00e9e de gamme&quot;","img":{"alt_text":"","src":"https:\/\/i0.wp.com\/salonamat.com\/wp-content\/uploads\/2022\/06\/FRALPI-02.png?resize=350%2C200&ssl=1","width":350,"height":200},"classes":[]}],"_links":{"self":[{"href":"https:\/\/salonamat.com\/index.php\/wp-json\/wp\/v2\/pages\/4013"}],"collection":[{"href":"https:\/\/salonamat.com\/index.php\/wp-json\/wp\/v2\/pages"}],"about":[{"href":"https:\/\/salonamat.com\/index.php\/wp-json\/wp\/v2\/types\/page"}],"author":[{"embeddable":true,"href":"https:\/\/salonamat.com\/index.php\/wp-json\/wp\/v2\/users\/3"}],"replies":[{"embeddable":true,"href":"https:\/\/salonamat.com\/index.php\/wp-json\/wp\/v2\/comments?post=4013"}],"version-history":[{"count":3,"href":"https:\/\/salonamat.com\/index.php\/wp-json\/wp\/v2\/pages\/4013\/revisions"}],"predecessor-version":[{"id":5323,"href":"https:\/\/salonamat.com\/index.php\/wp-json\/wp\/v2\/pages\/4013\/revisions\/5323"}],"up":[{"embeddable":true,"href":"https:\/\/salonamat.com\/index.php\/wp-json\/wp\/v2\/pages\/1216"}],"wp:attachment":[{"href":"https:\/\/salonamat.com\/index.php\/wp-json\/wp\/v2\/media?parent=4013"}],"wp:term":[{"taxonomy":"category","embeddable":true,"href":"https:\/\/salonamat.com\/index.php\/wp-json\/wp\/v2\/categories?post=4013"},{"taxonomy":"post_tag","embeddable":true,"href":"https:\/\/salonamat.com\/index.php\/wp-json\/wp\/v2\/tags?post=4013"}],"curies":[{"name":"wp","href":"https:\/\/api.w.org\/{rel}","templated":true}]}}