{"id":3999,"date":"2021-12-28T15:00:37","date_gmt":"2021-12-28T15:00:37","guid":{"rendered":"http:\/\/salonamat.com\/?page_id=3999"},"modified":"2021-12-28T15:00:39","modified_gmt":"2021-12-28T15:00:39","slug":"caroline-godet","status":"publish","type":"page","link":"https:\/\/salonamat.com\/index.php\/agents\/caroline-godet\/","title":{"rendered":"Caroline GODET"},"content":{"rendered":"\n<div class=\"wp-block-image\"><figure class=\"alignright\"><img data-attachment-id=\"4000\" data-permalink=\"https:\/\/salonamat.com\/index.php\/agents\/caroline-godet\/image001\/\" data-orig-file=\"https:\/\/i0.wp.com\/salonamat.com\/wp-content\/uploads\/2021\/12\/image001.png?fit=207%2C289&amp;ssl=1\" data-orig-size=\"207,289\" data-comments-opened=\"1\" data-image-meta=\"{&quot;aperture&quot;:&quot;0&quot;,&quot;credit&quot;:&quot;&quot;,&quot;camera&quot;:&quot;&quot;,&quot;caption&quot;:&quot;&quot;,&quot;created_timestamp&quot;:&quot;0&quot;,&quot;copyright&quot;:&quot;&quot;,&quot;focal_length&quot;:&quot;0&quot;,&quot;iso&quot;:&quot;0&quot;,&quot;shutter_speed&quot;:&quot;0&quot;,&quot;title&quot;:&quot;&quot;,&quot;orientation&quot;:&quot;0&quot;}\" data-image-title=\"image001\" data-image-description=\"\" data-image-caption=\"&lt;p&gt;Caroline GODET&lt;\/p&gt;\n\" data-medium-file=\"https:\/\/i0.wp.com\/salonamat.com\/wp-content\/uploads\/2021\/12\/image001.png?fit=207%2C289&amp;ssl=1\" data-large-file=\"https:\/\/i0.wp.com\/salonamat.com\/wp-content\/uploads\/2021\/12\/image001.png?fit=207%2C289&amp;ssl=1\" decoding=\"async\" loading=\"lazy\" width=\"207\" height=\"289\" src=\"https:\/\/i0.wp.com\/salonamat.com\/wp-content\/uploads\/2021\/12\/image001.png?resize=207%2C289\" alt=\"\" class=\"wp-image-4000\" srcset=\"https:\/\/i0.wp.com\/salonamat.com\/wp-content\/uploads\/2021\/12\/image001.png?w=207&amp;ssl=1 207w, https:\/\/i0.wp.com\/salonamat.com\/wp-content\/uploads\/2021\/12\/image001.png?resize=64%2C90&amp;ssl=1 64w\" sizes=\"(max-width: 207px) 100vw, 207px\" data-recalc-dims=\"1\" \/><\/figure><\/div>\n\n\n\n<p>AGENCE ARTEC<\/p>\n\n\n\n<p>LA CREATHEQUE<\/p>\n\n\n\n<p>30 Rue du Carteron<\/p>\n\n\n\n<p>49300 CHOLET<\/p>\n\n\n\n<p><a href=\"mailto:cgodet@artec-bcp.com\">contacter Caroline par courriel en cliquant sur ce lien<\/a><\/p>\n\n\n\n<p>02 41 58 51 51<\/p>\n\n\n\n<p><strong>MAISONS REPRESENTEES<\/strong><\/p>\n\n\n\n<ul><li>LISA SPA, JUST FLY et TOP PROJECT<\/li><li>NILORN<\/li><li>VILARTEX<\/li><\/ul>\n","protected":false},"excerpt":{"rendered":"<p>AGENCE ARTEC LA CREATHEQUE 30 Rue du Carteron 49300 CHOLET contacter Caroline par courriel en cliquant sur ce lien 02 41 58 51 51 MAISONS REPRESENTEES LISA SPA, JUST FLY et TOP PROJECT NILORN VILARTEX <a href=\"https:\/\/salonamat.com\/index.php\/agents\/caroline-godet\/\" class=\"more-link\">Continuer de lire <span class=\"screen-reader-text\">Caroline GODET<\/span><\/a><\/p>\n","protected":false},"author":2,"featured_media":0,"parent":1225,"menu_order":0,"comment_status":"closed","ping_status":"closed","template":"","meta":{"spay_email":""},"categories":[4],"tags":[],"jetpack_sharing_enabled":true,"jetpack_shortlink":"https:\/\/wp.me\/P7346W-12v","jetpack-related-posts":[{"id":1225,"url":"https:\/\/salonamat.com\/index.php\/agents\/","url_meta":{"origin":3999,"position":0},"title":"AGENTS","date":"d\u00e9cembre 14, 2015","format":false,"excerpt":"V\u00e9ronique PEPIN BOLLIETR\u00e9mi OddonPhilippe BERLANDEPaul MestralletOlivier GlorieuxMehdi LagrouKaty PECHOUXGaelle GRISARDFran\u00e7ois ChandelierChristine DEPORTEArmelle BLETTNERLionel ROBLETGilles CANNATOlivier AMBLARD Anne JOUVECaroline GODETSylvie BUSSEUIL","rel":"","context":"Dans &quot;agents&quot;","img":{"alt_text":"","src":"https:\/\/i0.wp.com\/salonamat.com\/wp-content\/uploads\/2015\/12\/VERONIQUE-000-1.jpg?resize=350%2C200&ssl=1","width":350,"height":200},"classes":[]},{"id":864,"url":"https:\/\/salonamat.com\/index.php\/collections\/tissus\/rsp-51\/","url_meta":{"origin":3999,"position":1},"title":"RSP 51","date":"d\u00e9cembre 22, 2015","format":false,"excerpt":"Fabricant espagnol de denim pour chemises, pantalons et robes. Minima : 500 mt. Femme, homme, enfant. Coton, \u00e9lasthanne, tencel. Repr\u00e9sent\u00e9 par Paul Mestrallet.","rel":"","context":"Dans &quot;cha\u00eene et trame&quot;","img":{"alt_text":"","src":"https:\/\/i0.wp.com\/salonamat.com\/wp-content\/uploads\/2015\/12\/PAUL-RSP51-1.jpg?resize=350%2C200","width":350,"height":200},"classes":[]},{"id":1233,"url":"https:\/\/salonamat.com\/index.php\/agents\/remi-oddon\/","url_meta":{"origin":3999,"position":2},"title":"R\u00e9mi ODDON","date":"d\u00e9cembre 14, 2015","format":false,"excerpt":"850, avenue Louis Crozet Les Bastides de Rinaldi Bat C 13600 LA CIOTAT France contacter R\u00e9mi par courriel en cliquant sur ce lien Portable +33 6 07 51 92 67 MAISONS REPRESENTEES NOOTEBOOM TDI","rel":"","context":"Dans &quot;agents&quot;","img":{"alt_text":"","src":"https:\/\/i0.wp.com\/salonamat.com\/wp-content\/uploads\/2015\/12\/REMI-000.jpg?resize=350%2C200&ssl=1","width":350,"height":200},"classes":[]}],"_links":{"self":[{"href":"https:\/\/salonamat.com\/index.php\/wp-json\/wp\/v2\/pages\/3999"}],"collection":[{"href":"https:\/\/salonamat.com\/index.php\/wp-json\/wp\/v2\/pages"}],"about":[{"href":"https:\/\/salonamat.com\/index.php\/wp-json\/wp\/v2\/types\/page"}],"author":[{"embeddable":true,"href":"https:\/\/salonamat.com\/index.php\/wp-json\/wp\/v2\/users\/2"}],"replies":[{"embeddable":true,"href":"https:\/\/salonamat.com\/index.php\/wp-json\/wp\/v2\/comments?post=3999"}],"version-history":[{"count":1,"href":"https:\/\/salonamat.com\/index.php\/wp-json\/wp\/v2\/pages\/3999\/revisions"}],"predecessor-version":[{"id":4001,"href":"https:\/\/salonamat.com\/index.php\/wp-json\/wp\/v2\/pages\/3999\/revisions\/4001"}],"up":[{"embeddable":true,"href":"https:\/\/salonamat.com\/index.php\/wp-json\/wp\/v2\/pages\/1225"}],"wp:attachment":[{"href":"https:\/\/salonamat.com\/index.php\/wp-json\/wp\/v2\/media?parent=3999"}],"wp:term":[{"taxonomy":"category","embeddable":true,"href":"https:\/\/salonamat.com\/index.php\/wp-json\/wp\/v2\/categories?post=3999"},{"taxonomy":"post_tag","embeddable":true,"href":"https:\/\/salonamat.com\/index.php\/wp-json\/wp\/v2\/tags?post=3999"}],"curies":[{"name":"wp","href":"https:\/\/api.w.org\/{rel}","templated":true}]}}