{"id":3989,"date":"2021-12-28T14:03:37","date_gmt":"2021-12-28T14:03:37","guid":{"rendered":"http:\/\/salonamat.com\/?page_id=3989"},"modified":"2021-12-28T14:03:38","modified_gmt":"2021-12-28T14:03:38","slug":"frizza","status":"publish","type":"page","link":"https:\/\/salonamat.com\/index.php\/collections\/tissus\/frizza\/","title":{"rendered":"FRIZZA"},"content":{"rendered":"\n<p>Soci\u00e9t\u00e9 italienne proposant des tissus d\u2019habillement techniques et de hautes performances\u00a0: polyamide, polyester et m\u00e9langes, polaire et recycl\u00e9s. <\/p>\n\n\n\n<p>Finissages sp\u00e9ciaux\u00a0: enduits, laqu\u00e9s, imperm\u00e9ables, respirants.    <\/p>\n\n\n\n<p>Soci\u00e9t\u00e9 repr\u00e9sent\u00e9e par <a href=\"http:\/\/salonamat.com\/index.php\/agents\/sylvie-busseuil\/\">Sylvie BUSSEUIL<\/a>.<\/p>\n\n\n\n<div class=\"wp-block-jetpack-slideshow aligncenter\" data-effect=\"slide\"><div class=\"wp-block-jetpack-slideshow_container swiper-container\"><ul class=\"wp-block-jetpack-slideshow_swiper-wrapper swiper-wrapper\"><li class=\"wp-block-jetpack-slideshow_slide swiper-slide\"><figure><img decoding=\"async\" loading=\"lazy\" width=\"720\" height=\"540\" alt=\"\" class=\"wp-block-jetpack-slideshow_image wp-image-3980\" data-id=\"3980\" src=\"https:\/\/i0.wp.com\/salonamat.com\/wp-content\/uploads\/2021\/12\/FRIZZA-2.jpg?resize=720%2C540\" srcset=\"https:\/\/i0.wp.com\/salonamat.com\/wp-content\/uploads\/2021\/12\/FRIZZA-2.jpg?w=1000&amp;ssl=1 1000w, https:\/\/i0.wp.com\/salonamat.com\/wp-content\/uploads\/2021\/12\/FRIZZA-2.jpg?resize=300%2C225&amp;ssl=1 300w, https:\/\/i0.wp.com\/salonamat.com\/wp-content\/uploads\/2021\/12\/FRIZZA-2.jpg?resize=768%2C576&amp;ssl=1 768w, https:\/\/i0.wp.com\/salonamat.com\/wp-content\/uploads\/2021\/12\/FRIZZA-2.jpg?resize=120%2C90&amp;ssl=1 120w\" sizes=\"(max-width: 720px) 100vw, 720px\" data-recalc-dims=\"1\" \/><\/figure><\/li><li class=\"wp-block-jetpack-slideshow_slide swiper-slide\"><figure><img decoding=\"async\" loading=\"lazy\" width=\"720\" height=\"540\" alt=\"\" class=\"wp-block-jetpack-slideshow_image wp-image-3979\" data-id=\"3979\" src=\"https:\/\/i0.wp.com\/salonamat.com\/wp-content\/uploads\/2021\/12\/FRIZZA-1.jpg?resize=720%2C540\" srcset=\"https:\/\/i0.wp.com\/salonamat.com\/wp-content\/uploads\/2021\/12\/FRIZZA-1.jpg?w=1000&amp;ssl=1 1000w, https:\/\/i0.wp.com\/salonamat.com\/wp-content\/uploads\/2021\/12\/FRIZZA-1.jpg?resize=300%2C225&amp;ssl=1 300w, https:\/\/i0.wp.com\/salonamat.com\/wp-content\/uploads\/2021\/12\/FRIZZA-1.jpg?resize=768%2C576&amp;ssl=1 768w, https:\/\/i0.wp.com\/salonamat.com\/wp-content\/uploads\/2021\/12\/FRIZZA-1.jpg?resize=120%2C90&amp;ssl=1 120w\" sizes=\"(max-width: 720px) 100vw, 720px\" data-recalc-dims=\"1\" \/><\/figure><\/li><\/ul><a class=\"wp-block-jetpack-slideshow_button-prev swiper-button-prev swiper-button-white\" role=\"button\"><\/a><a class=\"wp-block-jetpack-slideshow_button-next swiper-button-next swiper-button-white\" role=\"button\"><\/a><a aria-label=\"Pause Slideshow\" class=\"wp-block-jetpack-slideshow_button-pause\" role=\"button\"><\/a><div class=\"wp-block-jetpack-slideshow_pagination swiper-pagination swiper-pagination-white\"><\/div><\/div><\/div>\n\n\n\n<p> <\/p>\n","protected":false},"excerpt":{"rendered":"<p>Soci\u00e9t\u00e9 italienne proposant des tissus d\u2019habillement techniques et de hautes performances\u00a0: polyamide, polyester et m\u00e9langes, polaire et recycl\u00e9s. Finissages sp\u00e9ciaux\u00a0: enduits, laqu\u00e9s, imperm\u00e9ables, respirants. Soci\u00e9t\u00e9 repr\u00e9sent\u00e9e par Sylvie BUSSEUIL. <a href=\"https:\/\/salonamat.com\/index.php\/collections\/tissus\/frizza\/\" class=\"more-link\">Continuer de lire <span class=\"screen-reader-text\">FRIZZA<\/span><\/a><\/p>\n","protected":false},"author":2,"featured_media":0,"parent":1215,"menu_order":0,"comment_status":"closed","ping_status":"closed","template":"","meta":{"spay_email":""},"categories":[73,21,24,147,28,110,35,146,121,123,39,175,42,43,46],"tags":[],"jetpack_sharing_enabled":true,"jetpack_shortlink":"https:\/\/wp.me\/P7346W-12l","jetpack-related-posts":[{"id":1045,"url":"https:\/\/salonamat.com\/index.php\/collections\/tissus\/nooteboom-textiles\/","url_meta":{"origin":3989,"position":0},"title":"NOOTEBOOM","date":"d\u00e9cembre 25, 2015","format":false,"excerpt":"Importateur n\u00e9erlandais de tissus fantaisie pour la confection de v\u00eatements. Pr\u00eat \u00e0 Porter F\u00e9minin, Enfant, Homme, v\u00eatement professionnel, vente au m\u00e8tre en ligne et en boutique Minimum de commande: 12 m Repr\u00e9sent\u00e9 R\u00e9mi Oddon.","rel":"","context":"Dans &quot;ameublement&quot;","img":{"alt_text":"","src":"https:\/\/i0.wp.com\/salonamat.com\/wp-content\/uploads\/2015\/12\/REMI-NOOTEBOOM-TEXTILES.jpg?resize=350%2C200","width":350,"height":200},"classes":[]},{"id":3976,"url":"https:\/\/salonamat.com\/index.php\/collections\/tissus\/my-way\/","url_meta":{"origin":3989,"position":1},"title":"MY WAY","date":"d\u00e9cembre 28, 2021","format":false,"excerpt":"Importateur europ\u00e9en de tissus cha\u00eene et trame, maille et broderies PAP Femme Grande Diffusion Pas de minimum Compositions\u00a0: polyester, polyamide, coton, viscose, lin et m\u00e9langes Repr\u00e9sent\u00e9 par Sylvie BUSSEUIL.","rel":"","context":"Dans &quot;cha\u00eene et trame&quot;","img":{"alt_text":"","src":"https:\/\/i0.wp.com\/salonamat.com\/wp-content\/uploads\/2021\/12\/MY-WAY-1.jpg?resize=350%2C200&ssl=1","width":350,"height":200},"classes":[]},{"id":4767,"url":"https:\/\/salonamat.com\/index.php\/collections\/tissus\/tiba\/","url_meta":{"origin":3989,"position":2},"title":"TIBA","date":"janvier 2, 2023","format":false,"excerpt":"Italie Tissus ind\u00e9maillables, maille circulaire et tissus 3D Jersey\/ Interlock Minima: 70 Mts Repr\u00e9sent\u00e9e par Philippe CAZELLES","rel":"","context":"Dans &quot;acrylique&quot;","img":{"alt_text":"","src":"https:\/\/i0.wp.com\/salonamat.com\/wp-content\/uploads\/2023\/01\/tiba-2.jpeg?resize=350%2C200","width":350,"height":200},"classes":[]},{"id":827,"url":"https:\/\/salonamat.com\/index.php\/collections\/tissus\/knipidee\/","url_meta":{"origin":3989,"position":3},"title":"KNIPIDEE","date":"d\u00e9cembre 22, 2015","format":false,"excerpt":"Importateur n\u00e9erlandais de tissus cha\u00eene-et-trame et maille. Minima : 15 mt sur stock. Femme, homme, enfant. Toutes compositions. Petites quantit\u00e9s. Repr\u00e9sent\u00e9 par V\u00e9ronique PEPIN BOLLIET","rel":"","context":"Dans &quot;ac\u00e9tate&quot;","img":{"alt_text":"","src":"https:\/\/i0.wp.com\/salonamat.com\/wp-content\/uploads\/2015\/12\/ANNE-KNIPIDEE-1.jpg?resize=350%2C200","width":350,"height":200},"classes":[]},{"id":1786,"url":"https:\/\/salonamat.com\/index.php\/collections\/tissus\/espunto\/","url_meta":{"origin":3989,"position":4},"title":"ESPUNTO","date":"d\u00e9cembre 28, 2015","format":false,"excerpt":"Fabricant espagnol de maille fine jauge. Minima : 300 Mt. \/ pi\u00e8ce type 50 Mt. Femme, homme, enfant. Polyamide, micro modal, coton, polyester, m\u00e9langes. Repr\u00e9sent\u00e9 par Armelle Blettner.","rel":"","context":"Dans &quot;coton&quot;","img":{"alt_text":"","src":"https:\/\/i0.wp.com\/salonamat.com\/wp-content\/uploads\/2015\/12\/GUY-ESPUNTO-1.jpg?resize=350%2C200","width":350,"height":200},"classes":[]},{"id":4787,"url":"https:\/\/salonamat.com\/index.php\/collections\/tissus\/murtra-2\/","url_meta":{"origin":3989,"position":5},"title":"MURTRA","date":"janvier 2, 2023","format":false,"excerpt":"Espagne Pr\u00eat \u00e0 porter f\u00e9minin Minima: Pas de minimum sur les qualit\u00e9s en stock Repr\u00e9sent\u00e9e par Philippe CAZELLES","rel":"","context":"Dans &quot;ac\u00e9tate&quot;","img":{"alt_text":"","src":"https:\/\/i0.wp.com\/salonamat.com\/wp-content\/uploads\/2023\/01\/murtra-2.jpeg?resize=350%2C200&ssl=1","width":350,"height":200},"classes":[]}],"_links":{"self":[{"href":"https:\/\/salonamat.com\/index.php\/wp-json\/wp\/v2\/pages\/3989"}],"collection":[{"href":"https:\/\/salonamat.com\/index.php\/wp-json\/wp\/v2\/pages"}],"about":[{"href":"https:\/\/salonamat.com\/index.php\/wp-json\/wp\/v2\/types\/page"}],"author":[{"embeddable":true,"href":"https:\/\/salonamat.com\/index.php\/wp-json\/wp\/v2\/users\/2"}],"replies":[{"embeddable":true,"href":"https:\/\/salonamat.com\/index.php\/wp-json\/wp\/v2\/comments?post=3989"}],"version-history":[{"count":1,"href":"https:\/\/salonamat.com\/index.php\/wp-json\/wp\/v2\/pages\/3989\/revisions"}],"predecessor-version":[{"id":3990,"href":"https:\/\/salonamat.com\/index.php\/wp-json\/wp\/v2\/pages\/3989\/revisions\/3990"}],"up":[{"embeddable":true,"href":"https:\/\/salonamat.com\/index.php\/wp-json\/wp\/v2\/pages\/1215"}],"wp:attachment":[{"href":"https:\/\/salonamat.com\/index.php\/wp-json\/wp\/v2\/media?parent=3989"}],"wp:term":[{"taxonomy":"category","embeddable":true,"href":"https:\/\/salonamat.com\/index.php\/wp-json\/wp\/v2\/categories?post=3989"},{"taxonomy":"post_tag","embeddable":true,"href":"https:\/\/salonamat.com\/index.php\/wp-json\/wp\/v2\/tags?post=3989"}],"curies":[{"name":"wp","href":"https:\/\/api.w.org\/{rel}","templated":true}]}}