{"id":3986,"date":"2021-12-28T13:49:32","date_gmt":"2021-12-28T13:49:32","guid":{"rendered":"http:\/\/salonamat.com\/?page_id=3986"},"modified":"2021-12-28T13:58:48","modified_gmt":"2021-12-28T13:58:48","slug":"point-desprit","status":"publish","type":"page","link":"https:\/\/salonamat.com\/index.php\/collections\/accessoires\/point-desprit\/","title":{"rendered":"POINT D&#8217;ESPRIT"},"content":{"rendered":"\n<p>Fabricant fran\u00e7ais de broderies du\nNord de la France. \n<\/p>\n\n\n\n<p>Collection propre moyen et haut de\ngamme mais \u00e9galement d\u00e9veloppements clients<\/p>\n\n\n\n<p>Propose petites bandes \u2013 galons \u2013\nentre deux \u2013 guipures \u2013 all over \u2013 motifs et cols<\/p>\n\n\n\n<p>Savoir-faire dans le domaine du PAP femmes\/hommes\/enfants, linge de maison  <\/p>\n\n\n\n<p>Repr\u00e9sent\u00e9 par <a href=\"http:\/\/salonamat.com\/index.php\/agents\/sylvie-busseuil\/\">Sylvie BUSSEUIL<\/a>.<\/p>\n\n\n\n<div class=\"wp-block-jetpack-slideshow aligncenter\" data-effect=\"slide\"><div class=\"wp-block-jetpack-slideshow_container swiper-container\"><ul class=\"wp-block-jetpack-slideshow_swiper-wrapper swiper-wrapper\"><li class=\"wp-block-jetpack-slideshow_slide swiper-slide\"><figure><img decoding=\"async\" loading=\"lazy\" width=\"720\" height=\"486\" alt=\"\" class=\"wp-block-jetpack-slideshow_image wp-image-3981\" data-id=\"3981\" src=\"https:\/\/i0.wp.com\/salonamat.com\/wp-content\/uploads\/2021\/12\/POINT-DESPRIT1.jpg?resize=720%2C486\" srcset=\"https:\/\/i0.wp.com\/salonamat.com\/wp-content\/uploads\/2021\/12\/POINT-DESPRIT1.jpg?w=774&amp;ssl=1 774w, https:\/\/i0.wp.com\/salonamat.com\/wp-content\/uploads\/2021\/12\/POINT-DESPRIT1.jpg?resize=300%2C202&amp;ssl=1 300w, https:\/\/i0.wp.com\/salonamat.com\/wp-content\/uploads\/2021\/12\/POINT-DESPRIT1.jpg?resize=768%2C518&amp;ssl=1 768w, https:\/\/i0.wp.com\/salonamat.com\/wp-content\/uploads\/2021\/12\/POINT-DESPRIT1.jpg?resize=133%2C90&amp;ssl=1 133w\" sizes=\"(max-width: 720px) 100vw, 720px\" data-recalc-dims=\"1\" \/><\/figure><\/li><li class=\"wp-block-jetpack-slideshow_slide swiper-slide\"><figure><img decoding=\"async\" loading=\"lazy\" width=\"720\" height=\"540\" alt=\"\" class=\"wp-block-jetpack-slideshow_image wp-image-3982\" data-id=\"3982\" src=\"https:\/\/i0.wp.com\/salonamat.com\/wp-content\/uploads\/2021\/12\/POINT-DESPRIT2.jpg?resize=720%2C540\" srcset=\"https:\/\/i0.wp.com\/salonamat.com\/wp-content\/uploads\/2021\/12\/POINT-DESPRIT2.jpg?resize=1024%2C768&amp;ssl=1 1024w, https:\/\/i0.wp.com\/salonamat.com\/wp-content\/uploads\/2021\/12\/POINT-DESPRIT2.jpg?resize=300%2C225&amp;ssl=1 300w, https:\/\/i0.wp.com\/salonamat.com\/wp-content\/uploads\/2021\/12\/POINT-DESPRIT2.jpg?resize=768%2C576&amp;ssl=1 768w, https:\/\/i0.wp.com\/salonamat.com\/wp-content\/uploads\/2021\/12\/POINT-DESPRIT2.jpg?resize=120%2C90&amp;ssl=1 120w, https:\/\/i0.wp.com\/salonamat.com\/wp-content\/uploads\/2021\/12\/POINT-DESPRIT2.jpg?w=1440 1440w, https:\/\/i0.wp.com\/salonamat.com\/wp-content\/uploads\/2021\/12\/POINT-DESPRIT2.jpg?w=2160 2160w\" sizes=\"(max-width: 720px) 100vw, 720px\" data-recalc-dims=\"1\" \/><\/figure><\/li><li class=\"wp-block-jetpack-slideshow_slide swiper-slide\"><figure><img decoding=\"async\" loading=\"lazy\" width=\"720\" height=\"450\" alt=\"\" class=\"wp-block-jetpack-slideshow_image wp-image-3983\" data-id=\"3983\" src=\"https:\/\/i0.wp.com\/salonamat.com\/wp-content\/uploads\/2021\/12\/POINT-DESPRIT3.jpg?resize=720%2C450\" srcset=\"https:\/\/i0.wp.com\/salonamat.com\/wp-content\/uploads\/2021\/12\/POINT-DESPRIT3.jpg?w=836&amp;ssl=1 836w, https:\/\/i0.wp.com\/salonamat.com\/wp-content\/uploads\/2021\/12\/POINT-DESPRIT3.jpg?resize=300%2C187&amp;ssl=1 300w, https:\/\/i0.wp.com\/salonamat.com\/wp-content\/uploads\/2021\/12\/POINT-DESPRIT3.jpg?resize=768%2C480&amp;ssl=1 768w, https:\/\/i0.wp.com\/salonamat.com\/wp-content\/uploads\/2021\/12\/POINT-DESPRIT3.jpg?resize=144%2C90&amp;ssl=1 144w\" sizes=\"(max-width: 720px) 100vw, 720px\" data-recalc-dims=\"1\" \/><\/figure><\/li><\/ul><a class=\"wp-block-jetpack-slideshow_button-prev swiper-button-prev swiper-button-white\" role=\"button\"><\/a><a class=\"wp-block-jetpack-slideshow_button-next swiper-button-next swiper-button-white\" role=\"button\"><\/a><a aria-label=\"Pause Slideshow\" class=\"wp-block-jetpack-slideshow_button-pause\" role=\"button\"><\/a><div class=\"wp-block-jetpack-slideshow_pagination swiper-pagination swiper-pagination-white\"><\/div><\/div><\/div>\n","protected":false},"excerpt":{"rendered":"<p>Fabricant fran\u00e7ais de broderies du Nord de la France. Collection propre moyen et haut de gamme mais \u00e9galement d\u00e9veloppements clients Propose petites bandes \u2013 galons \u2013 entre deux \u2013 guipures \u2013 all over \u2013 motifs et cols Savoir-faire dans le domaine du PAP femmes\/hommes\/enfants, linge de maison Repr\u00e9sent\u00e9 par Sylvie BUSSEUIL. <a href=\"https:\/\/salonamat.com\/index.php\/collections\/accessoires\/point-desprit\/\" class=\"more-link\">Continuer de lire <span class=\"screen-reader-text\">POINT D&#8217;ESPRIT<\/span><\/a><\/p>\n","protected":false},"author":2,"featured_media":0,"parent":1216,"menu_order":0,"comment_status":"closed","ping_status":"closed","template":"","meta":{"spay_email":""},"categories":[2,5,9,21,24,174,147,28,35,38,39],"tags":[],"jetpack_sharing_enabled":true,"jetpack_shortlink":"https:\/\/wp.me\/P7346W-12i","jetpack-related-posts":[{"id":4782,"url":"https:\/\/salonamat.com\/index.php\/satab\/","url_meta":{"origin":3986,"position":0},"title":"SATAB","date":"janvier 2, 2023","format":false,"excerpt":"France Galons et cordons Stock Permanent Minima: Rouleau de 25 mts Repr\u00e9sent\u00e9e par Philippe CAZELLES","rel":"","context":"Dans &quot;accessoires&quot;","img":{"alt_text":"","src":"https:\/\/i0.wp.com\/salonamat.com\/wp-content\/uploads\/2023\/01\/SATAB-1.jpeg?resize=350%2C200&ssl=1","width":350,"height":200},"classes":[]},{"id":6213,"url":"https:\/\/salonamat.com\/index.php\/collections\/accessoires\/p-a-l-m-pizzi\/","url_meta":{"origin":3986,"position":1},"title":"P.A.L.M PIZZI","date":"d\u00e9cembre 22, 2023","format":false,"excerpt":"Fabricant italien de dentelle et galons crochet. Pour pr\u00eat \u00e0 porter femme, enfant, homme et lingerie bain Cotton\/ polyester\/ fils chenille et divers Minimum de commande: 300mts au coloris si pas en stock Repr\u00e9sent\u00e9 par Armelle Blettner et Anne Jouve.","rel":"","context":"Dans &quot;acrylique&quot;","img":{"alt_text":"","src":"https:\/\/i0.wp.com\/salonamat.com\/wp-content\/uploads\/2023\/12\/PALM-PIZZI.png?resize=350%2C200&ssl=1","width":350,"height":200},"classes":[]},{"id":4762,"url":"https:\/\/salonamat.com\/index.php\/collections\/accessoires\/victor\/","url_meta":{"origin":3986,"position":2},"title":"VICTOR","date":"janvier 2, 2023","format":false,"excerpt":"Italie Cordon, galons, \u00e9lastiques Minima: 300 mts minimum Repr\u00e9sent\u00e9e par Philippe CAZELLES","rel":"","context":"Dans &quot;acrylique&quot;","img":{"alt_text":"","src":"https:\/\/i0.wp.com\/salonamat.com\/wp-content\/uploads\/2023\/01\/victor-1.jpeg?resize=350%2C200&ssl=1","width":350,"height":200},"classes":[]},{"id":1082,"url":"https:\/\/salonamat.com\/index.php\/collections\/accessoires\/vialaton-martin\/","url_meta":{"origin":3986,"position":3},"title":"VIALATON MARTIN","date":"d\u00e9cembre 25, 2015","format":false,"excerpt":"Fabricant fran\u00e7ais de galons, rubans, etc. Pas de minima. Femme, homme, enfant. Toutes compositions. Repr\u00e9sent\u00e9 par Ga\u00eblle Grisard.","rel":"","context":"Dans &quot;accessoires&quot;","img":{"alt_text":"","src":"https:\/\/i0.wp.com\/salonamat.com\/wp-content\/uploads\/2015\/12\/DIDIER-FREDERIQUE-VIALATON-MARTIN-1.jpg?resize=350%2C200","width":350,"height":200},"classes":[]},{"id":660,"url":"https:\/\/salonamat.com\/index.php\/collections\/accessoires\/rifra\/","url_meta":{"origin":3986,"position":4},"title":"RIFRA","date":"d\u00e9cembre 18, 2015","format":false,"excerpt":"Fabricant italien d'\u00e9lastiques tiss\u00e9s, unis, jacquards, ray\u00e9s, imprim\u00e9s... Articles pour ceinture. Femme, homme. Polyester, polyamide, m\u00e9tal, lurex. Repr\u00e9sent\u00e9 par Beno\u00eet De Sereys et Jean-Maurice Martin.","rel":"","context":"Dans &quot;accessoires&quot;","img":{"alt_text":"","src":"https:\/\/i0.wp.com\/salonamat.com\/wp-content\/uploads\/2016\/05\/BENOIT-RIFRA.jpg?resize=350%2C200","width":350,"height":200},"classes":[]},{"id":3228,"url":"https:\/\/salonamat.com\/index.php\/collections\/accessoires\/sodefar\/","url_meta":{"origin":3986,"position":5},"title":"SODEFAR","date":"d\u00e9cembre 28, 2020","format":false,"excerpt":"Distributeur fran\u00e7ais sp\u00e9cialis\u00e9 dans la vente d\u2019accessoires pour la fabrication textile et industrielle. Repr\u00e9sent\u00e9 par Olivier Amblard et Gilles Cannat","rel":"","context":"Dans &quot;accessoires&quot;","img":{"alt_text":"","src":"https:\/\/i0.wp.com\/salonamat.com\/wp-content\/uploads\/2020\/12\/SODEFAR-7.jpg?resize=350%2C200&ssl=1","width":350,"height":200},"classes":[]}],"_links":{"self":[{"href":"https:\/\/salonamat.com\/index.php\/wp-json\/wp\/v2\/pages\/3986"}],"collection":[{"href":"https:\/\/salonamat.com\/index.php\/wp-json\/wp\/v2\/pages"}],"about":[{"href":"https:\/\/salonamat.com\/index.php\/wp-json\/wp\/v2\/types\/page"}],"author":[{"embeddable":true,"href":"https:\/\/salonamat.com\/index.php\/wp-json\/wp\/v2\/users\/2"}],"replies":[{"embeddable":true,"href":"https:\/\/salonamat.com\/index.php\/wp-json\/wp\/v2\/comments?post=3986"}],"version-history":[{"count":1,"href":"https:\/\/salonamat.com\/index.php\/wp-json\/wp\/v2\/pages\/3986\/revisions"}],"predecessor-version":[{"id":3987,"href":"https:\/\/salonamat.com\/index.php\/wp-json\/wp\/v2\/pages\/3986\/revisions\/3987"}],"up":[{"embeddable":true,"href":"https:\/\/salonamat.com\/index.php\/wp-json\/wp\/v2\/pages\/1216"}],"wp:attachment":[{"href":"https:\/\/salonamat.com\/index.php\/wp-json\/wp\/v2\/media?parent=3986"}],"wp:term":[{"taxonomy":"category","embeddable":true,"href":"https:\/\/salonamat.com\/index.php\/wp-json\/wp\/v2\/categories?post=3986"},{"taxonomy":"post_tag","embeddable":true,"href":"https:\/\/salonamat.com\/index.php\/wp-json\/wp\/v2\/tags?post=3986"}],"curies":[{"name":"wp","href":"https:\/\/api.w.org\/{rel}","templated":true}]}}