{"id":3971,"date":"2021-12-28T11:50:30","date_gmt":"2021-12-28T11:50:30","guid":{"rendered":"http:\/\/salonamat.com\/?page_id=3971"},"modified":"2025-06-25T13:12:52","modified_gmt":"2025-06-25T13:12:52","slug":"sylvie-busseuil","status":"publish","type":"page","link":"https:\/\/salonamat.com\/index.php\/agents\/sylvie-busseuil\/","title":{"rendered":"Sylvie BUSSEUIL"},"content":{"rendered":"<div class=\"wp-block-image\">\n<figure class=\"alignright is-resized\"><img data-attachment-id=\"3972\" data-permalink=\"https:\/\/salonamat.com\/index.php\/agents\/sylvie-busseuil\/sylvie-703x1024\/\" data-orig-file=\"https:\/\/i0.wp.com\/salonamat.com\/wp-content\/uploads\/2021\/12\/SYLVIE-703x1024-e1640692016386.jpg?fit=225%2C328&amp;ssl=1\" data-orig-size=\"225,328\" data-comments-opened=\"1\" data-image-meta=\"{&quot;aperture&quot;:&quot;0&quot;,&quot;credit&quot;:&quot;&quot;,&quot;camera&quot;:&quot;&quot;,&quot;caption&quot;:&quot;&quot;,&quot;created_timestamp&quot;:&quot;1625698009&quot;,&quot;copyright&quot;:&quot;&quot;,&quot;focal_length&quot;:&quot;0&quot;,&quot;iso&quot;:&quot;0&quot;,&quot;shutter_speed&quot;:&quot;0&quot;,&quot;title&quot;:&quot;&quot;,&quot;orientation&quot;:&quot;1&quot;}\" data-image-title=\"SYLVIE-703&#215;1024\" data-image-description=\"\" data-image-caption=\"&lt;p&gt;Sylvie BUSSEUIL&lt;\/p&gt;\n\" data-medium-file=\"https:\/\/i0.wp.com\/salonamat.com\/wp-content\/uploads\/2021\/12\/SYLVIE-703x1024-e1640692016386.jpg?fit=206%2C300&amp;ssl=1\" data-large-file=\"https:\/\/i0.wp.com\/salonamat.com\/wp-content\/uploads\/2021\/12\/SYLVIE-703x1024-e1640692016386.jpg?fit=703%2C1024&amp;ssl=1\" decoding=\"async\" loading=\"lazy\" src=\"https:\/\/i0.wp.com\/salonamat.com\/wp-content\/uploads\/2021\/12\/SYLVIE-703x1024-703x1024.jpg?resize=249%2C363\" alt=\"\" class=\"wp-image-3972\" width=\"249\" height=\"363\" data-recalc-dims=\"1\" \/><\/figure><\/div>\n\n\n<p>SYLV\u2019ACTYS<\/p>\n\n\n\n<p>12bis chemin du Jonc<\/p>\n\n\n\n<p>33360 Camblanes et Meynac<\/p>\n\n\n\n<p><a href=\"mailto:sylvie.busseuil@orange.fr\">contacter Sylvie par courriel en cliquant sur ce lien<\/a><\/p>\n\n\n\n<p>06 82 67 93 00<\/p>\n\n\n\n<p><strong>MAISONS REPRESENTEES<\/strong><\/p>\n\n\n\n<ul>\n<li><strong><a href=\"http:\/\/salonamat.com\/index.php\/collections\/tissus\/frizza\/\">FRIZZA<\/a><\/strong><\/li>\n\n\n\n<li><strong><a href=\"http:\/\/salonamat.com\/index.php\/collections\/tissus\/my-way\/\">MY WAY<\/a><\/strong><\/li>\n\n\n\n<li><strong><a href=\"http:\/\/salonamat.com\/index.php\/collections\/accessoires\/point-desprit\/\">POINT D\u2019ESPRIT<\/a><\/strong><\/li>\n\n\n\n<li><strong><a href=\"https:\/\/salonamat.com\/index.php\/collections\/tissus\/texprint\/\">TEXPRINT<\/a><\/strong><\/li>\n<\/ul>\n","protected":false},"excerpt":{"rendered":"<p>SYLV\u2019ACTYS 12bis chemin du Jonc 33360 Camblanes et Meynac contacter Sylvie par courriel en cliquant sur ce lien 06 82 67 93 00 MAISONS REPRESENTEES <a href=\"https:\/\/salonamat.com\/index.php\/agents\/sylvie-busseuil\/\" class=\"more-link\">Continuer de lire <span class=\"screen-reader-text\">Sylvie BUSSEUIL<\/span><\/a><\/p>\n","protected":false},"author":2,"featured_media":0,"parent":1225,"menu_order":0,"comment_status":"closed","ping_status":"closed","template":"","meta":{"spay_email":""},"categories":[4],"tags":[],"jetpack_sharing_enabled":true,"jetpack_shortlink":"https:\/\/wp.me\/P7346W-123","jetpack-related-posts":[{"id":1225,"url":"https:\/\/salonamat.com\/index.php\/agents\/","url_meta":{"origin":3971,"position":0},"title":"AGENTS","date":"d\u00e9cembre 14, 2015","format":false,"excerpt":"V\u00e9ronique PEPIN BOLLIETR\u00e9mi OddonPhilippe BERLANDEPaul MestralletOlivier GlorieuxMehdi LagrouKaty PECHOUXGaelle GRISARDFran\u00e7ois ChandelierChristine DEPORTEArmelle BLETTNERLionel ROBLETGilles CANNATOlivier AMBLARD Anne JOUVECaroline GODETSylvie BUSSEUIL","rel":"","context":"Dans &quot;agents&quot;","img":{"alt_text":"","src":"https:\/\/i0.wp.com\/salonamat.com\/wp-content\/uploads\/2015\/12\/VERONIQUE-000-1.jpg?resize=350%2C200&ssl=1","width":350,"height":200},"classes":[]},{"id":3976,"url":"https:\/\/salonamat.com\/index.php\/collections\/tissus\/my-way\/","url_meta":{"origin":3971,"position":1},"title":"MY WAY","date":"d\u00e9cembre 28, 2021","format":false,"excerpt":"Importateur europ\u00e9en de tissus cha\u00eene et trame, maille et broderies PAP Femme Grande Diffusion Pas de minimum Compositions\u00a0: polyester, polyamide, coton, viscose, lin et m\u00e9langes Repr\u00e9sent\u00e9 par Sylvie BUSSEUIL.","rel":"","context":"Dans &quot;cha\u00eene et trame&quot;","img":{"alt_text":"","src":"https:\/\/i0.wp.com\/salonamat.com\/wp-content\/uploads\/2021\/12\/MY-WAY-1.jpg?resize=350%2C200&ssl=1","width":350,"height":200},"classes":[]},{"id":3989,"url":"https:\/\/salonamat.com\/index.php\/collections\/tissus\/frizza\/","url_meta":{"origin":3971,"position":2},"title":"FRIZZA","date":"d\u00e9cembre 28, 2021","format":false,"excerpt":"Soci\u00e9t\u00e9 italienne proposant des tissus d\u2019habillement techniques et de hautes performances\u00a0: polyamide, polyester et m\u00e9langes, polaire et recycl\u00e9s. Finissages sp\u00e9ciaux\u00a0: enduits, laqu\u00e9s, imperm\u00e9ables, respirants. Soci\u00e9t\u00e9 repr\u00e9sent\u00e9e par Sylvie BUSSEUIL.","rel":"","context":"Dans &quot;cha\u00eene et trame&quot;","img":{"alt_text":"","src":"https:\/\/i0.wp.com\/salonamat.com\/wp-content\/uploads\/2021\/12\/FRIZZA-2.jpg?resize=350%2C200&ssl=1","width":350,"height":200},"classes":[]},{"id":3986,"url":"https:\/\/salonamat.com\/index.php\/collections\/accessoires\/point-desprit\/","url_meta":{"origin":3971,"position":3},"title":"POINT D&#8217;ESPRIT","date":"d\u00e9cembre 28, 2021","format":false,"excerpt":"Fabricant fran\u00e7ais de broderies du Nord de la France. Collection propre moyen et haut de gamme mais \u00e9galement d\u00e9veloppements clients Propose petites bandes \u2013 galons \u2013 entre deux \u2013 guipures \u2013 all over \u2013 motifs et cols Savoir-faire dans le domaine du PAP femmes\/hommes\/enfants, linge de maison Repr\u00e9sent\u00e9 par Sylvie\u2026","rel":"","context":"Dans &quot;accessoires&quot;","img":{"alt_text":"","src":"https:\/\/i0.wp.com\/salonamat.com\/wp-content\/uploads\/2021\/12\/POINT-DESPRIT1.jpg?resize=350%2C200&ssl=1","width":350,"height":200},"classes":[]},{"id":6173,"url":"https:\/\/salonamat.com\/index.php\/collections\/tissus\/texprint\/","url_meta":{"origin":3971,"position":4},"title":"TEXPRINT","date":"d\u00e9cembre 19, 2023","format":false,"excerpt":"Fabricant italien de tissus imprim\u00e9s cha\u00eene et trame et maille. Propose toile - serg\u00e9 - satins - cr\u00eapes - georgette - double georgette - cr\u00eape marocain compositions. Composition: coton, coton \u00e9lasthanne, viscose, fibranne, polyamide-viscose. Pas de minimum de commande. Pour le pr\u00eat \u00e0 porter. Possibilit\u00e9 de r\u00e9alisation des dessins clients.\u2026","rel":"","context":"Dans &quot;cha\u00eene et trame&quot;","img":{"alt_text":"","src":"https:\/\/i0.wp.com\/salonamat.com\/wp-content\/uploads\/2023\/12\/TEXPRINT-1.jpg?resize=350%2C200&ssl=1","width":350,"height":200},"classes":[]}],"_links":{"self":[{"href":"https:\/\/salonamat.com\/index.php\/wp-json\/wp\/v2\/pages\/3971"}],"collection":[{"href":"https:\/\/salonamat.com\/index.php\/wp-json\/wp\/v2\/pages"}],"about":[{"href":"https:\/\/salonamat.com\/index.php\/wp-json\/wp\/v2\/types\/page"}],"author":[{"embeddable":true,"href":"https:\/\/salonamat.com\/index.php\/wp-json\/wp\/v2\/users\/2"}],"replies":[{"embeddable":true,"href":"https:\/\/salonamat.com\/index.php\/wp-json\/wp\/v2\/comments?post=3971"}],"version-history":[{"count":7,"href":"https:\/\/salonamat.com\/index.php\/wp-json\/wp\/v2\/pages\/3971\/revisions"}],"predecessor-version":[{"id":9390,"href":"https:\/\/salonamat.com\/index.php\/wp-json\/wp\/v2\/pages\/3971\/revisions\/9390"}],"up":[{"embeddable":true,"href":"https:\/\/salonamat.com\/index.php\/wp-json\/wp\/v2\/pages\/1225"}],"wp:attachment":[{"href":"https:\/\/salonamat.com\/index.php\/wp-json\/wp\/v2\/media?parent=3971"}],"wp:term":[{"taxonomy":"category","embeddable":true,"href":"https:\/\/salonamat.com\/index.php\/wp-json\/wp\/v2\/categories?post=3971"},{"taxonomy":"post_tag","embeddable":true,"href":"https:\/\/salonamat.com\/index.php\/wp-json\/wp\/v2\/tags?post=3971"}],"curies":[{"name":"wp","href":"https:\/\/api.w.org\/{rel}","templated":true}]}}