{"id":3228,"date":"2020-12-28T17:57:58","date_gmt":"2020-12-28T17:57:58","guid":{"rendered":"http:\/\/salonamat.com\/?page_id=3228"},"modified":"2023-05-17T11:06:16","modified_gmt":"2023-05-17T11:06:16","slug":"sodefar","status":"publish","type":"page","link":"https:\/\/salonamat.com\/index.php\/collections\/accessoires\/sodefar\/","title":{"rendered":"SODEFAR"},"content":{"rendered":"\n<p>Distributeur fran\u00e7ais sp\u00e9cialis\u00e9 dans la vente d\u2019accessoires pour la fabrication textile et industrielle.<\/p>\n\n\n\n<p><a href=\"http:\/\/salonamat.com\/index.php\/agents\/olivier-amblard-et-gilles-cannat\/\">Repr\u00e9sent\u00e9 par Olivier Amblard et Gilles Cannat<\/a><\/p>\n\n\n\n<figure data-carousel-extra='{\"blog_id\":1,\"permalink\":\"https:\\\/\\\/salonamat.com\\\/index.php\\\/collections\\\/accessoires\\\/sodefar\\\/\"}'   class=\"wp-block-gallery has-nested-images columns-default is-cropped wp-block-gallery-1 is-layout-flex\">\n<figure class=\"wp-block-image\"><a href=\"https:\/\/i0.wp.com\/salonamat.com\/wp-content\/uploads\/2020\/12\/SODEFAR-7.jpg?ssl=1\"><img data-attachment-id=\"3202\" data-permalink=\"https:\/\/salonamat.com\/index.php\/collections\/accessoires\/ae-gutermann\/sodefar-7\/\" data-orig-file=\"https:\/\/i0.wp.com\/salonamat.com\/wp-content\/uploads\/2020\/12\/SODEFAR-7.jpg?fit=700%2C700&amp;ssl=1\" data-orig-size=\"700,700\" data-comments-opened=\"1\" data-image-meta=\"{&quot;aperture&quot;:&quot;0&quot;,&quot;credit&quot;:&quot;&quot;,&quot;camera&quot;:&quot;&quot;,&quot;caption&quot;:&quot;&quot;,&quot;created_timestamp&quot;:&quot;0&quot;,&quot;copyright&quot;:&quot;&quot;,&quot;focal_length&quot;:&quot;0&quot;,&quot;iso&quot;:&quot;0&quot;,&quot;shutter_speed&quot;:&quot;0&quot;,&quot;title&quot;:&quot;&quot;,&quot;orientation&quot;:&quot;0&quot;}\" data-image-title=\"SODEFAR-7\" data-image-description=\"\" data-image-caption=\"\" data-medium-file=\"https:\/\/i0.wp.com\/salonamat.com\/wp-content\/uploads\/2020\/12\/SODEFAR-7.jpg?fit=300%2C300&amp;ssl=1\" data-large-file=\"https:\/\/i0.wp.com\/salonamat.com\/wp-content\/uploads\/2020\/12\/SODEFAR-7.jpg?fit=700%2C700&amp;ssl=1\" decoding=\"async\" loading=\"lazy\" width=\"700\" height=\"700\" data-id=\"3202\"  src=\"https:\/\/i0.wp.com\/salonamat.com\/wp-content\/uploads\/2020\/12\/SODEFAR-7.jpg?resize=700%2C700\" alt=\"\" class=\"wp-image-3202\" srcset=\"https:\/\/i0.wp.com\/salonamat.com\/wp-content\/uploads\/2020\/12\/SODEFAR-7.jpg?w=700&amp;ssl=1 700w, https:\/\/i0.wp.com\/salonamat.com\/wp-content\/uploads\/2020\/12\/SODEFAR-7.jpg?resize=150%2C150&amp;ssl=1 150w, https:\/\/i0.wp.com\/salonamat.com\/wp-content\/uploads\/2020\/12\/SODEFAR-7.jpg?resize=300%2C300&amp;ssl=1 300w, https:\/\/i0.wp.com\/salonamat.com\/wp-content\/uploads\/2020\/12\/SODEFAR-7.jpg?resize=90%2C90&amp;ssl=1 90w\" sizes=\"(max-width: 700px) 100vw, 700px\" data-recalc-dims=\"1\" \/><\/a><\/figure>\n\n\n\n<figure class=\"wp-block-image\"><a href=\"https:\/\/i0.wp.com\/salonamat.com\/wp-content\/uploads\/2020\/12\/SODEFAR-5.jpg?ssl=1\"><img data-attachment-id=\"3201\" data-permalink=\"https:\/\/salonamat.com\/index.php\/collections\/accessoires\/ae-gutermann\/sodefar-5\/\" data-orig-file=\"https:\/\/i0.wp.com\/salonamat.com\/wp-content\/uploads\/2020\/12\/SODEFAR-5.jpg?fit=354%2C354&amp;ssl=1\" data-orig-size=\"354,354\" data-comments-opened=\"1\" data-image-meta=\"{&quot;aperture&quot;:&quot;0&quot;,&quot;credit&quot;:&quot;&quot;,&quot;camera&quot;:&quot;&quot;,&quot;caption&quot;:&quot;&quot;,&quot;created_timestamp&quot;:&quot;0&quot;,&quot;copyright&quot;:&quot;&quot;,&quot;focal_length&quot;:&quot;0&quot;,&quot;iso&quot;:&quot;0&quot;,&quot;shutter_speed&quot;:&quot;0&quot;,&quot;title&quot;:&quot;&quot;,&quot;orientation&quot;:&quot;0&quot;}\" data-image-title=\"SODEFAR-5\" data-image-description=\"\" data-image-caption=\"\" data-medium-file=\"https:\/\/i0.wp.com\/salonamat.com\/wp-content\/uploads\/2020\/12\/SODEFAR-5.jpg?fit=300%2C300&amp;ssl=1\" data-large-file=\"https:\/\/i0.wp.com\/salonamat.com\/wp-content\/uploads\/2020\/12\/SODEFAR-5.jpg?fit=354%2C354&amp;ssl=1\" decoding=\"async\" loading=\"lazy\" width=\"354\" height=\"354\" data-id=\"3201\"  src=\"https:\/\/i0.wp.com\/salonamat.com\/wp-content\/uploads\/2020\/12\/SODEFAR-5.jpg?resize=354%2C354\" alt=\"\" class=\"wp-image-3201\" srcset=\"https:\/\/i0.wp.com\/salonamat.com\/wp-content\/uploads\/2020\/12\/SODEFAR-5.jpg?w=354&amp;ssl=1 354w, https:\/\/i0.wp.com\/salonamat.com\/wp-content\/uploads\/2020\/12\/SODEFAR-5.jpg?resize=150%2C150&amp;ssl=1 150w, https:\/\/i0.wp.com\/salonamat.com\/wp-content\/uploads\/2020\/12\/SODEFAR-5.jpg?resize=300%2C300&amp;ssl=1 300w, https:\/\/i0.wp.com\/salonamat.com\/wp-content\/uploads\/2020\/12\/SODEFAR-5.jpg?resize=90%2C90&amp;ssl=1 90w\" sizes=\"(max-width: 354px) 100vw, 354px\" data-recalc-dims=\"1\" \/><\/a><\/figure>\n\n\n\n<figure class=\"wp-block-image\"><a href=\"https:\/\/i0.wp.com\/salonamat.com\/wp-content\/uploads\/2020\/12\/SODEFAR-3.jpg?ssl=1\"><img data-attachment-id=\"3200\" data-permalink=\"https:\/\/salonamat.com\/index.php\/collections\/accessoires\/ae-gutermann\/sodefar-3\/\" data-orig-file=\"https:\/\/i0.wp.com\/salonamat.com\/wp-content\/uploads\/2020\/12\/SODEFAR-3.jpg?fit=177%2C177&amp;ssl=1\" data-orig-size=\"177,177\" data-comments-opened=\"1\" data-image-meta=\"{&quot;aperture&quot;:&quot;0&quot;,&quot;credit&quot;:&quot;&quot;,&quot;camera&quot;:&quot;&quot;,&quot;caption&quot;:&quot;&quot;,&quot;created_timestamp&quot;:&quot;0&quot;,&quot;copyright&quot;:&quot;&quot;,&quot;focal_length&quot;:&quot;0&quot;,&quot;iso&quot;:&quot;0&quot;,&quot;shutter_speed&quot;:&quot;0&quot;,&quot;title&quot;:&quot;&quot;,&quot;orientation&quot;:&quot;0&quot;}\" data-image-title=\"SODEFAR-3\" data-image-description=\"\" data-image-caption=\"\" data-medium-file=\"https:\/\/i0.wp.com\/salonamat.com\/wp-content\/uploads\/2020\/12\/SODEFAR-3.jpg?fit=177%2C177&amp;ssl=1\" data-large-file=\"https:\/\/i0.wp.com\/salonamat.com\/wp-content\/uploads\/2020\/12\/SODEFAR-3.jpg?fit=177%2C177&amp;ssl=1\" decoding=\"async\" loading=\"lazy\" width=\"177\" height=\"177\" data-id=\"3200\"  src=\"https:\/\/i0.wp.com\/salonamat.com\/wp-content\/uploads\/2020\/12\/SODEFAR-3.jpg?resize=177%2C177\" alt=\"\" class=\"wp-image-3200\" srcset=\"https:\/\/i0.wp.com\/salonamat.com\/wp-content\/uploads\/2020\/12\/SODEFAR-3.jpg?w=177&amp;ssl=1 177w, https:\/\/i0.wp.com\/salonamat.com\/wp-content\/uploads\/2020\/12\/SODEFAR-3.jpg?resize=150%2C150&amp;ssl=1 150w, https:\/\/i0.wp.com\/salonamat.com\/wp-content\/uploads\/2020\/12\/SODEFAR-3.jpg?resize=90%2C90&amp;ssl=1 90w\" sizes=\"(max-width: 177px) 100vw, 177px\" data-recalc-dims=\"1\" \/><\/a><\/figure>\n\n\n\n<figure class=\"wp-block-image\"><a href=\"https:\/\/i0.wp.com\/salonamat.com\/wp-content\/uploads\/2020\/12\/SODEFAR-2.jpg?ssl=1\"><img data-attachment-id=\"3199\" data-permalink=\"https:\/\/salonamat.com\/index.php\/collections\/accessoires\/ae-gutermann\/sodefar-2\/\" data-orig-file=\"https:\/\/i0.wp.com\/salonamat.com\/wp-content\/uploads\/2020\/12\/SODEFAR-2.jpg?fit=448%2C448&amp;ssl=1\" data-orig-size=\"448,448\" data-comments-opened=\"1\" data-image-meta=\"{&quot;aperture&quot;:&quot;0&quot;,&quot;credit&quot;:&quot;&quot;,&quot;camera&quot;:&quot;&quot;,&quot;caption&quot;:&quot;&quot;,&quot;created_timestamp&quot;:&quot;0&quot;,&quot;copyright&quot;:&quot;&quot;,&quot;focal_length&quot;:&quot;0&quot;,&quot;iso&quot;:&quot;0&quot;,&quot;shutter_speed&quot;:&quot;0&quot;,&quot;title&quot;:&quot;&quot;,&quot;orientation&quot;:&quot;0&quot;}\" data-image-title=\"SODEFAR-2\" data-image-description=\"\" data-image-caption=\"\" data-medium-file=\"https:\/\/i0.wp.com\/salonamat.com\/wp-content\/uploads\/2020\/12\/SODEFAR-2.jpg?fit=300%2C300&amp;ssl=1\" data-large-file=\"https:\/\/i0.wp.com\/salonamat.com\/wp-content\/uploads\/2020\/12\/SODEFAR-2.jpg?fit=448%2C448&amp;ssl=1\" decoding=\"async\" loading=\"lazy\" width=\"448\" height=\"448\" data-id=\"3199\"  src=\"https:\/\/i0.wp.com\/salonamat.com\/wp-content\/uploads\/2020\/12\/SODEFAR-2.jpg?resize=448%2C448\" alt=\"\" class=\"wp-image-3199\" srcset=\"https:\/\/i0.wp.com\/salonamat.com\/wp-content\/uploads\/2020\/12\/SODEFAR-2.jpg?w=448&amp;ssl=1 448w, https:\/\/i0.wp.com\/salonamat.com\/wp-content\/uploads\/2020\/12\/SODEFAR-2.jpg?resize=150%2C150&amp;ssl=1 150w, https:\/\/i0.wp.com\/salonamat.com\/wp-content\/uploads\/2020\/12\/SODEFAR-2.jpg?resize=300%2C300&amp;ssl=1 300w, https:\/\/i0.wp.com\/salonamat.com\/wp-content\/uploads\/2020\/12\/SODEFAR-2.jpg?resize=90%2C90&amp;ssl=1 90w\" sizes=\"(max-width: 448px) 100vw, 448px\" data-recalc-dims=\"1\" \/><\/a><\/figure>\n\n\n\n<figure class=\"wp-block-image\"><a href=\"https:\/\/i0.wp.com\/salonamat.com\/wp-content\/uploads\/2020\/12\/SODEFAR-1.jpg?ssl=1\"><img data-attachment-id=\"3198\" data-permalink=\"https:\/\/salonamat.com\/index.php\/collections\/accessoires\/ae-gutermann\/sodefar-1\/\" data-orig-file=\"https:\/\/i0.wp.com\/salonamat.com\/wp-content\/uploads\/2020\/12\/SODEFAR-1.jpg?fit=410%2C410&amp;ssl=1\" data-orig-size=\"410,410\" data-comments-opened=\"1\" data-image-meta=\"{&quot;aperture&quot;:&quot;0&quot;,&quot;credit&quot;:&quot;&quot;,&quot;camera&quot;:&quot;&quot;,&quot;caption&quot;:&quot;&quot;,&quot;created_timestamp&quot;:&quot;0&quot;,&quot;copyright&quot;:&quot;&quot;,&quot;focal_length&quot;:&quot;0&quot;,&quot;iso&quot;:&quot;0&quot;,&quot;shutter_speed&quot;:&quot;0&quot;,&quot;title&quot;:&quot;&quot;,&quot;orientation&quot;:&quot;0&quot;}\" data-image-title=\"SODEFAR-1\" data-image-description=\"\" data-image-caption=\"\" data-medium-file=\"https:\/\/i0.wp.com\/salonamat.com\/wp-content\/uploads\/2020\/12\/SODEFAR-1.jpg?fit=300%2C300&amp;ssl=1\" data-large-file=\"https:\/\/i0.wp.com\/salonamat.com\/wp-content\/uploads\/2020\/12\/SODEFAR-1.jpg?fit=410%2C410&amp;ssl=1\" decoding=\"async\" loading=\"lazy\" width=\"410\" height=\"410\" data-id=\"3198\"  src=\"https:\/\/i0.wp.com\/salonamat.com\/wp-content\/uploads\/2020\/12\/SODEFAR-1.jpg?resize=410%2C410\" alt=\"\" class=\"wp-image-3198\" srcset=\"https:\/\/i0.wp.com\/salonamat.com\/wp-content\/uploads\/2020\/12\/SODEFAR-1.jpg?w=410&amp;ssl=1 410w, https:\/\/i0.wp.com\/salonamat.com\/wp-content\/uploads\/2020\/12\/SODEFAR-1.jpg?resize=150%2C150&amp;ssl=1 150w, https:\/\/i0.wp.com\/salonamat.com\/wp-content\/uploads\/2020\/12\/SODEFAR-1.jpg?resize=300%2C300&amp;ssl=1 300w, https:\/\/i0.wp.com\/salonamat.com\/wp-content\/uploads\/2020\/12\/SODEFAR-1.jpg?resize=90%2C90&amp;ssl=1 90w\" sizes=\"(max-width: 410px) 100vw, 410px\" data-recalc-dims=\"1\" \/><\/a><\/figure>\n\n\n\n<figure class=\"wp-block-image\"><a href=\"https:\/\/i0.wp.com\/salonamat.com\/wp-content\/uploads\/2020\/12\/SODEFAR-6.jpg?ssl=1\"><img data-attachment-id=\"3197\" data-permalink=\"https:\/\/salonamat.com\/index.php\/collections\/accessoires\/ae-gutermann\/sodefar-6\/\" data-orig-file=\"https:\/\/i0.wp.com\/salonamat.com\/wp-content\/uploads\/2020\/12\/SODEFAR-6.jpg?fit=450%2C302&amp;ssl=1\" data-orig-size=\"450,302\" data-comments-opened=\"1\" data-image-meta=\"{&quot;aperture&quot;:&quot;0&quot;,&quot;credit&quot;:&quot;&quot;,&quot;camera&quot;:&quot;&quot;,&quot;caption&quot;:&quot;&quot;,&quot;created_timestamp&quot;:&quot;0&quot;,&quot;copyright&quot;:&quot;&quot;,&quot;focal_length&quot;:&quot;0&quot;,&quot;iso&quot;:&quot;0&quot;,&quot;shutter_speed&quot;:&quot;0&quot;,&quot;title&quot;:&quot;&quot;,&quot;orientation&quot;:&quot;0&quot;}\" data-image-title=\"SODEFAR-6\" data-image-description=\"\" data-image-caption=\"\" data-medium-file=\"https:\/\/i0.wp.com\/salonamat.com\/wp-content\/uploads\/2020\/12\/SODEFAR-6.jpg?fit=300%2C201&amp;ssl=1\" data-large-file=\"https:\/\/i0.wp.com\/salonamat.com\/wp-content\/uploads\/2020\/12\/SODEFAR-6.jpg?fit=450%2C302&amp;ssl=1\" decoding=\"async\" loading=\"lazy\" width=\"450\" height=\"302\" data-id=\"3197\"  src=\"https:\/\/i0.wp.com\/salonamat.com\/wp-content\/uploads\/2020\/12\/SODEFAR-6.jpg?resize=450%2C302\" alt=\"\" class=\"wp-image-3197\" srcset=\"https:\/\/i0.wp.com\/salonamat.com\/wp-content\/uploads\/2020\/12\/SODEFAR-6.jpg?w=450&amp;ssl=1 450w, https:\/\/i0.wp.com\/salonamat.com\/wp-content\/uploads\/2020\/12\/SODEFAR-6.jpg?resize=300%2C201&amp;ssl=1 300w, https:\/\/i0.wp.com\/salonamat.com\/wp-content\/uploads\/2020\/12\/SODEFAR-6.jpg?resize=134%2C90&amp;ssl=1 134w\" sizes=\"(max-width: 450px) 100vw, 450px\" data-recalc-dims=\"1\" \/><\/a><\/figure>\n\n\n\n<figure class=\"wp-block-image\"><a href=\"https:\/\/i0.wp.com\/salonamat.com\/wp-content\/uploads\/2020\/12\/SODEFAR-4.jpg?ssl=1\"><img data-attachment-id=\"3196\" data-permalink=\"https:\/\/salonamat.com\/index.php\/collections\/accessoires\/ae-gutermann\/sodefar-4\/\" data-orig-file=\"https:\/\/i0.wp.com\/salonamat.com\/wp-content\/uploads\/2020\/12\/SODEFAR-4.jpg?fit=300%2C208&amp;ssl=1\" data-orig-size=\"300,208\" data-comments-opened=\"1\" data-image-meta=\"{&quot;aperture&quot;:&quot;0&quot;,&quot;credit&quot;:&quot;&quot;,&quot;camera&quot;:&quot;&quot;,&quot;caption&quot;:&quot;&quot;,&quot;created_timestamp&quot;:&quot;0&quot;,&quot;copyright&quot;:&quot;&quot;,&quot;focal_length&quot;:&quot;0&quot;,&quot;iso&quot;:&quot;0&quot;,&quot;shutter_speed&quot;:&quot;0&quot;,&quot;title&quot;:&quot;&quot;,&quot;orientation&quot;:&quot;0&quot;}\" data-image-title=\"SODEFAR-4\" data-image-description=\"\" data-image-caption=\"\" data-medium-file=\"https:\/\/i0.wp.com\/salonamat.com\/wp-content\/uploads\/2020\/12\/SODEFAR-4.jpg?fit=300%2C208&amp;ssl=1\" data-large-file=\"https:\/\/i0.wp.com\/salonamat.com\/wp-content\/uploads\/2020\/12\/SODEFAR-4.jpg?fit=300%2C208&amp;ssl=1\" decoding=\"async\" loading=\"lazy\" width=\"300\" height=\"208\" data-id=\"3196\"  src=\"https:\/\/i0.wp.com\/salonamat.com\/wp-content\/uploads\/2020\/12\/SODEFAR-4.jpg?resize=300%2C208\" alt=\"\" class=\"wp-image-3196\" srcset=\"https:\/\/i0.wp.com\/salonamat.com\/wp-content\/uploads\/2020\/12\/SODEFAR-4.jpg?w=300&amp;ssl=1 300w, https:\/\/i0.wp.com\/salonamat.com\/wp-content\/uploads\/2020\/12\/SODEFAR-4.jpg?resize=130%2C90&amp;ssl=1 130w\" sizes=\"(max-width: 300px) 100vw, 300px\" data-recalc-dims=\"1\" \/><\/a><\/figure>\n<\/figure>\n","protected":false},"excerpt":{"rendered":"<p>Distributeur fran\u00e7ais sp\u00e9cialis\u00e9 dans la vente d\u2019accessoires pour la fabrication textile et industrielle. Repr\u00e9sent\u00e9 par Olivier Amblard et Gilles Cannat <a href=\"https:\/\/salonamat.com\/index.php\/collections\/accessoires\/sodefar\/\" class=\"more-link\">Continuer de lire <span class=\"screen-reader-text\">SODEFAR<\/span><\/a><\/p>\n","protected":false},"author":3,"featured_media":0,"parent":1216,"menu_order":0,"comment_status":"closed","ping_status":"closed","template":"","meta":{"spay_email":""},"categories":[2,67,140,5,6,7,8,178,179,159,158,20,23,24,25,28,31,35,191,39,127,157,177,42,43,44,47,50,57],"tags":[],"jetpack_sharing_enabled":true,"jetpack_shortlink":"https:\/\/wp.me\/P7346W-Q4","jetpack-related-posts":[{"id":10110,"url":"https:\/\/salonamat.com\/index.php\/collections\/accessoires\/disgosa\/","url_meta":{"origin":3228,"position":0},"title":"DISGOSA","date":"octobre 29, 2025","format":false,"excerpt":"Fabricant espagnol de boutons \u00e0 coudre et accessoires. Tarifs entr\u00e9e de gamme. Femme, homme, enfant. Polyester, nacre, nylon, nylon m\u00e9tal, corne, corozo, bois, cuir lavable. Repr\u00e9sent\u00e9 par Armelle Blettner et Anne Jouve.","rel":"","context":"Dans &quot;accessoires&quot;","img":{"alt_text":"","src":"","width":0,"height":0},"classes":[]},{"id":10111,"url":"https:\/\/salonamat.com\/index.php\/collections\/accessoires\/nemark\/","url_meta":{"origin":3228,"position":1},"title":"NEMARK","date":"octobre 29, 2025","format":false,"excerpt":"Fabricant espagnol de boutons \u00e0 coudre et accessoires. Tarifs entr\u00e9e de gamme. Femme, homme, enfant. Polyester, nacre, nylon, nylon m\u00e9tal, corne, corozo, bois, cuir lavable. Repr\u00e9sent\u00e9 par Armelle Blettner et Anne Jouve.","rel":"","context":"Dans &quot;accessoires&quot;","img":{"alt_text":"","src":"","width":0,"height":0},"classes":[]},{"id":885,"url":"https:\/\/salonamat.com\/index.php\/collections\/accessoires\/sandra-b\/","url_meta":{"origin":3228,"position":2},"title":"SANDRA B.","date":"d\u00e9cembre 22, 2015","format":false,"excerpt":"Fabricant italien de boutons \u00e0 coudre, boucles et accessoires divers. Pas de minima. Gravure laser Femme, homme, enfant. M\u00e9tal, nacre, corozo, polyester, nylon, corne. Repr\u00e9sent\u00e9 par Paul Mestrallet.","rel":"","context":"Dans &quot;accessoires&quot;","img":{"alt_text":"","src":"https:\/\/i0.wp.com\/salonamat.com\/wp-content\/uploads\/2015\/12\/GILLES-SANDRA-B-1.jpg?resize=350%2C200","width":350,"height":200},"classes":[]},{"id":2740,"url":"https:\/\/salonamat.com\/index.php\/collections\/accessoires\/vip-design\/","url_meta":{"origin":3228,"position":3},"title":"VIP DESIGN","date":"janvier 3, 2020","format":false,"excerpt":"Fabricant allemand de boutons. www.vip-design.de Soci\u00e9t\u00e9 repr\u00e9sent\u00e9e par Olivier Amblard et Gilles Cannat.","rel":"","context":"Dans &quot;accessoires&quot;","img":{"alt_text":"","src":"https:\/\/i0.wp.com\/salonamat.com\/wp-content\/uploads\/2023\/03\/Vip-Design-1.jpg?resize=350%2C200&ssl=1","width":350,"height":200},"classes":[]},{"id":1782,"url":"https:\/\/salonamat.com\/index.php\/collections\/accessoires\/seram-dge\/","url_meta":{"origin":3228,"position":4},"title":"SERAM \/ DGE","date":"d\u00e9cembre 28, 2015","format":false,"excerpt":"Fabricant fran\u00e7ais d'accessoires pour le pr\u00eat-\u00e0-porter et la lingerie. Minima : 100 Pcs. Femme, enfant. Toutes compositions. Repr\u00e9sent\u00e9 par Guy Londiveau.","rel":"","context":"Dans &quot;accessoires&quot;","img":{"alt_text":"","src":"https:\/\/i0.wp.com\/salonamat.com\/wp-content\/uploads\/2015\/12\/GUY-SERAM-DGE-1.jpg?resize=350%2C200","width":350,"height":200},"classes":[]},{"id":935,"url":"https:\/\/salonamat.com\/index.php\/collections\/accessoires\/piemme-boutons\/","url_meta":{"origin":3228,"position":5},"title":"PIEMME BOUTONS","date":"d\u00e9cembre 24, 2015","format":false,"excerpt":"Fabricant italien de boutons. Pas de minima. Homme, femme, enfant. Toutes compositions. Repr\u00e9sent\u00e9 par Philippe Berlande.","rel":"","context":"Dans &quot;accessoires&quot;","img":{"alt_text":"","src":"","width":0,"height":0},"classes":[]}],"_links":{"self":[{"href":"https:\/\/salonamat.com\/index.php\/wp-json\/wp\/v2\/pages\/3228"}],"collection":[{"href":"https:\/\/salonamat.com\/index.php\/wp-json\/wp\/v2\/pages"}],"about":[{"href":"https:\/\/salonamat.com\/index.php\/wp-json\/wp\/v2\/types\/page"}],"author":[{"embeddable":true,"href":"https:\/\/salonamat.com\/index.php\/wp-json\/wp\/v2\/users\/3"}],"replies":[{"embeddable":true,"href":"https:\/\/salonamat.com\/index.php\/wp-json\/wp\/v2\/comments?post=3228"}],"version-history":[{"count":4,"href":"https:\/\/salonamat.com\/index.php\/wp-json\/wp\/v2\/pages\/3228\/revisions"}],"predecessor-version":[{"id":5335,"href":"https:\/\/salonamat.com\/index.php\/wp-json\/wp\/v2\/pages\/3228\/revisions\/5335"}],"up":[{"embeddable":true,"href":"https:\/\/salonamat.com\/index.php\/wp-json\/wp\/v2\/pages\/1216"}],"wp:attachment":[{"href":"https:\/\/salonamat.com\/index.php\/wp-json\/wp\/v2\/media?parent=3228"}],"wp:term":[{"taxonomy":"category","embeddable":true,"href":"https:\/\/salonamat.com\/index.php\/wp-json\/wp\/v2\/categories?post=3228"},{"taxonomy":"post_tag","embeddable":true,"href":"https:\/\/salonamat.com\/index.php\/wp-json\/wp\/v2\/tags?post=3228"}],"curies":[{"name":"wp","href":"https:\/\/api.w.org\/{rel}","templated":true}]}}