{"id":2740,"date":"2020-01-03T14:22:55","date_gmt":"2020-01-03T14:22:55","guid":{"rendered":"http:\/\/salonamat.com\/?page_id=2740"},"modified":"2023-05-17T11:14:53","modified_gmt":"2023-05-17T11:14:53","slug":"vip-design","status":"publish","type":"page","link":"https:\/\/salonamat.com\/index.php\/collections\/accessoires\/vip-design\/","title":{"rendered":"VIP DESIGN"},"content":{"rendered":"\n<p>Fabricant allemand de boutons.<\/p>\n\n\n\n<ul><li><a class=\"\" href=\"http:\/\/www.vip-design.de\">www.vip-design.de<\/a><\/li><\/ul>\n\n\n\n<p>Soci\u00e9t\u00e9 repr\u00e9sent\u00e9e par <a href=\"https:\/\/salonamat.com\/index.php\/agents\/olivier-amblard-et-gilles-cannat\/\">Olivier Amblard et Gilles Cannat<\/a>.<\/p>\n\n\n\n<p><\/p>\n\n\n\n<figure data-carousel-extra='{\"blog_id\":1,\"permalink\":\"https:\\\/\\\/salonamat.com\\\/index.php\\\/collections\\\/accessoires\\\/vip-design\\\/\"}'   class=\"wp-block-gallery has-nested-images columns-default is-cropped wp-block-gallery-1 is-layout-flex\">\n<figure class=\"wp-block-image size-large\"><img data-attachment-id=\"5080\" data-permalink=\"https:\/\/salonamat.com\/index.php\/collections\/accessoires\/vip-design\/vip-design-1\/\" data-orig-file=\"https:\/\/i0.wp.com\/salonamat.com\/wp-content\/uploads\/2023\/03\/Vip-Design-1.jpg?fit=1948%2C2560&amp;ssl=1\" data-orig-size=\"1948,2560\" data-comments-opened=\"1\" data-image-meta=\"{&quot;aperture&quot;:&quot;0&quot;,&quot;credit&quot;:&quot;&quot;,&quot;camera&quot;:&quot;&quot;,&quot;caption&quot;:&quot;&quot;,&quot;created_timestamp&quot;:&quot;0&quot;,&quot;copyright&quot;:&quot;&quot;,&quot;focal_length&quot;:&quot;0&quot;,&quot;iso&quot;:&quot;0&quot;,&quot;shutter_speed&quot;:&quot;0&quot;,&quot;title&quot;:&quot;&quot;,&quot;orientation&quot;:&quot;0&quot;}\" data-image-title=\"Vip Design 1\" data-image-description=\"\" data-image-caption=\"\" data-medium-file=\"https:\/\/i0.wp.com\/salonamat.com\/wp-content\/uploads\/2023\/03\/Vip-Design-1.jpg?fit=228%2C300&amp;ssl=1\" data-large-file=\"https:\/\/i0.wp.com\/salonamat.com\/wp-content\/uploads\/2023\/03\/Vip-Design-1.jpg?fit=720%2C946&amp;ssl=1\" decoding=\"async\" loading=\"lazy\" width=\"720\" height=\"946\" data-id=\"5080\"  src=\"https:\/\/i0.wp.com\/salonamat.com\/wp-content\/uploads\/2023\/03\/Vip-Design-1.jpg?resize=720%2C946\" alt=\"\" class=\"wp-image-5080\" srcset=\"https:\/\/i0.wp.com\/salonamat.com\/wp-content\/uploads\/2023\/03\/Vip-Design-1.jpg?w=1948&amp;ssl=1 1948w, https:\/\/i0.wp.com\/salonamat.com\/wp-content\/uploads\/2023\/03\/Vip-Design-1.jpg?resize=228%2C300&amp;ssl=1 228w, https:\/\/i0.wp.com\/salonamat.com\/wp-content\/uploads\/2023\/03\/Vip-Design-1.jpg?resize=779%2C1024&amp;ssl=1 779w, https:\/\/i0.wp.com\/salonamat.com\/wp-content\/uploads\/2023\/03\/Vip-Design-1.jpg?resize=768%2C1009&amp;ssl=1 768w, https:\/\/i0.wp.com\/salonamat.com\/wp-content\/uploads\/2023\/03\/Vip-Design-1.jpg?resize=1169%2C1536&amp;ssl=1 1169w, https:\/\/i0.wp.com\/salonamat.com\/wp-content\/uploads\/2023\/03\/Vip-Design-1.jpg?resize=1558%2C2048&amp;ssl=1 1558w, https:\/\/i0.wp.com\/salonamat.com\/wp-content\/uploads\/2023\/03\/Vip-Design-1.jpg?resize=68%2C90&amp;ssl=1 68w, https:\/\/i0.wp.com\/salonamat.com\/wp-content\/uploads\/2023\/03\/Vip-Design-1.jpg?w=1440 1440w\" sizes=\"(max-width: 720px) 100vw, 720px\" data-recalc-dims=\"1\" \/><\/figure>\n\n\n\n<figure class=\"wp-block-image size-large\"><img data-attachment-id=\"5081\" data-permalink=\"https:\/\/salonamat.com\/index.php\/collections\/accessoires\/vip-design\/vip-design-2\/\" data-orig-file=\"https:\/\/i0.wp.com\/salonamat.com\/wp-content\/uploads\/2023\/03\/Vip-Design-2.jpg?fit=585%2C781&amp;ssl=1\" data-orig-size=\"585,781\" data-comments-opened=\"1\" data-image-meta=\"{&quot;aperture&quot;:&quot;2.4&quot;,&quot;credit&quot;:&quot;&quot;,&quot;camera&quot;:&quot;SM-G960F&quot;,&quot;caption&quot;:&quot;&quot;,&quot;created_timestamp&quot;:&quot;1601293889&quot;,&quot;copyright&quot;:&quot;&quot;,&quot;focal_length&quot;:&quot;4.3&quot;,&quot;iso&quot;:&quot;50&quot;,&quot;shutter_speed&quot;:&quot;0.0053763440860215&quot;,&quot;title&quot;:&quot;&quot;,&quot;orientation&quot;:&quot;1&quot;}\" data-image-title=\"Vip Design 2\" data-image-description=\"\" data-image-caption=\"\" data-medium-file=\"https:\/\/i0.wp.com\/salonamat.com\/wp-content\/uploads\/2023\/03\/Vip-Design-2.jpg?fit=225%2C300&amp;ssl=1\" data-large-file=\"https:\/\/i0.wp.com\/salonamat.com\/wp-content\/uploads\/2023\/03\/Vip-Design-2.jpg?fit=585%2C781&amp;ssl=1\" decoding=\"async\" loading=\"lazy\" width=\"585\" height=\"781\" data-id=\"5081\"  src=\"https:\/\/i0.wp.com\/salonamat.com\/wp-content\/uploads\/2023\/03\/Vip-Design-2.jpg?resize=585%2C781\" alt=\"\" class=\"wp-image-5081\" srcset=\"https:\/\/i0.wp.com\/salonamat.com\/wp-content\/uploads\/2023\/03\/Vip-Design-2.jpg?w=585&amp;ssl=1 585w, https:\/\/i0.wp.com\/salonamat.com\/wp-content\/uploads\/2023\/03\/Vip-Design-2.jpg?resize=225%2C300&amp;ssl=1 225w, https:\/\/i0.wp.com\/salonamat.com\/wp-content\/uploads\/2023\/03\/Vip-Design-2.jpg?resize=67%2C90&amp;ssl=1 67w\" sizes=\"(max-width: 585px) 100vw, 585px\" data-recalc-dims=\"1\" \/><\/figure>\n\n\n\n<figure class=\"wp-block-image size-large\"><img data-attachment-id=\"5082\" data-permalink=\"https:\/\/salonamat.com\/index.php\/collections\/accessoires\/vip-design\/vip-design-3\/\" data-orig-file=\"https:\/\/i0.wp.com\/salonamat.com\/wp-content\/uploads\/2023\/03\/Vip-Design-3.jpg?fit=2030%2C2560&amp;ssl=1\" data-orig-size=\"2030,2560\" data-comments-opened=\"1\" data-image-meta=\"{&quot;aperture&quot;:&quot;0&quot;,&quot;credit&quot;:&quot;&quot;,&quot;camera&quot;:&quot;&quot;,&quot;caption&quot;:&quot;&quot;,&quot;created_timestamp&quot;:&quot;0&quot;,&quot;copyright&quot;:&quot;&quot;,&quot;focal_length&quot;:&quot;0&quot;,&quot;iso&quot;:&quot;0&quot;,&quot;shutter_speed&quot;:&quot;0&quot;,&quot;title&quot;:&quot;&quot;,&quot;orientation&quot;:&quot;0&quot;}\" data-image-title=\"Vip Design 3\" data-image-description=\"\" data-image-caption=\"\" data-medium-file=\"https:\/\/i0.wp.com\/salonamat.com\/wp-content\/uploads\/2023\/03\/Vip-Design-3.jpg?fit=238%2C300&amp;ssl=1\" data-large-file=\"https:\/\/i0.wp.com\/salonamat.com\/wp-content\/uploads\/2023\/03\/Vip-Design-3.jpg?fit=720%2C908&amp;ssl=1\" decoding=\"async\" loading=\"lazy\" width=\"720\" height=\"908\" data-id=\"5082\"  src=\"https:\/\/i0.wp.com\/salonamat.com\/wp-content\/uploads\/2023\/03\/Vip-Design-3.jpg?resize=720%2C908\" alt=\"\" class=\"wp-image-5082\" srcset=\"https:\/\/i0.wp.com\/salonamat.com\/wp-content\/uploads\/2023\/03\/Vip-Design-3.jpg?w=2030&amp;ssl=1 2030w, https:\/\/i0.wp.com\/salonamat.com\/wp-content\/uploads\/2023\/03\/Vip-Design-3.jpg?resize=238%2C300&amp;ssl=1 238w, https:\/\/i0.wp.com\/salonamat.com\/wp-content\/uploads\/2023\/03\/Vip-Design-3.jpg?resize=812%2C1024&amp;ssl=1 812w, https:\/\/i0.wp.com\/salonamat.com\/wp-content\/uploads\/2023\/03\/Vip-Design-3.jpg?resize=768%2C969&amp;ssl=1 768w, https:\/\/i0.wp.com\/salonamat.com\/wp-content\/uploads\/2023\/03\/Vip-Design-3.jpg?resize=1218%2C1536&amp;ssl=1 1218w, https:\/\/i0.wp.com\/salonamat.com\/wp-content\/uploads\/2023\/03\/Vip-Design-3.jpg?resize=1624%2C2048&amp;ssl=1 1624w, https:\/\/i0.wp.com\/salonamat.com\/wp-content\/uploads\/2023\/03\/Vip-Design-3.jpg?resize=71%2C90&amp;ssl=1 71w, https:\/\/i0.wp.com\/salonamat.com\/wp-content\/uploads\/2023\/03\/Vip-Design-3.jpg?w=1440 1440w\" sizes=\"(max-width: 720px) 100vw, 720px\" data-recalc-dims=\"1\" \/><\/figure>\n\n\n\n<figure class=\"wp-block-image size-large\"><img data-attachment-id=\"5083\" data-permalink=\"https:\/\/salonamat.com\/index.php\/collections\/accessoires\/vip-design\/vip-design-4\/\" data-orig-file=\"https:\/\/i0.wp.com\/salonamat.com\/wp-content\/uploads\/2023\/03\/Vip-Design.jpg?fit=1992%2C2560&amp;ssl=1\" data-orig-size=\"1992,2560\" data-comments-opened=\"1\" data-image-meta=\"{&quot;aperture&quot;:&quot;0&quot;,&quot;credit&quot;:&quot;&quot;,&quot;camera&quot;:&quot;&quot;,&quot;caption&quot;:&quot;&quot;,&quot;created_timestamp&quot;:&quot;0&quot;,&quot;copyright&quot;:&quot;&quot;,&quot;focal_length&quot;:&quot;0&quot;,&quot;iso&quot;:&quot;0&quot;,&quot;shutter_speed&quot;:&quot;0&quot;,&quot;title&quot;:&quot;&quot;,&quot;orientation&quot;:&quot;0&quot;}\" data-image-title=\"Vip Design\" data-image-description=\"\" data-image-caption=\"\" data-medium-file=\"https:\/\/i0.wp.com\/salonamat.com\/wp-content\/uploads\/2023\/03\/Vip-Design.jpg?fit=233%2C300&amp;ssl=1\" data-large-file=\"https:\/\/i0.wp.com\/salonamat.com\/wp-content\/uploads\/2023\/03\/Vip-Design.jpg?fit=720%2C925&amp;ssl=1\" decoding=\"async\" loading=\"lazy\" width=\"720\" height=\"925\" data-id=\"5083\"  src=\"https:\/\/i0.wp.com\/salonamat.com\/wp-content\/uploads\/2023\/03\/Vip-Design.jpg?resize=720%2C925\" alt=\"\" class=\"wp-image-5083\" srcset=\"https:\/\/i0.wp.com\/salonamat.com\/wp-content\/uploads\/2023\/03\/Vip-Design.jpg?w=1992&amp;ssl=1 1992w, https:\/\/i0.wp.com\/salonamat.com\/wp-content\/uploads\/2023\/03\/Vip-Design.jpg?resize=233%2C300&amp;ssl=1 233w, https:\/\/i0.wp.com\/salonamat.com\/wp-content\/uploads\/2023\/03\/Vip-Design.jpg?resize=797%2C1024&amp;ssl=1 797w, https:\/\/i0.wp.com\/salonamat.com\/wp-content\/uploads\/2023\/03\/Vip-Design.jpg?resize=768%2C987&amp;ssl=1 768w, https:\/\/i0.wp.com\/salonamat.com\/wp-content\/uploads\/2023\/03\/Vip-Design.jpg?resize=1195%2C1536&amp;ssl=1 1195w, https:\/\/i0.wp.com\/salonamat.com\/wp-content\/uploads\/2023\/03\/Vip-Design.jpg?resize=1594%2C2048&amp;ssl=1 1594w, https:\/\/i0.wp.com\/salonamat.com\/wp-content\/uploads\/2023\/03\/Vip-Design.jpg?resize=70%2C90&amp;ssl=1 70w, https:\/\/i0.wp.com\/salonamat.com\/wp-content\/uploads\/2023\/03\/Vip-Design.jpg?w=1440 1440w\" sizes=\"(max-width: 720px) 100vw, 720px\" data-recalc-dims=\"1\" \/><\/figure>\n<\/figure>\n","protected":false},"excerpt":{"rendered":"<p>Fabricant allemand de boutons. www.vip-design.de Soci\u00e9t\u00e9 repr\u00e9sent\u00e9e par Olivier Amblard et Gilles Cannat. <a href=\"https:\/\/salonamat.com\/index.php\/collections\/accessoires\/vip-design\/\" class=\"more-link\">Continuer de lire <span class=\"screen-reader-text\">VIP DESIGN<\/span><\/a><\/p>\n","protected":false},"author":3,"featured_media":0,"parent":1216,"menu_order":0,"comment_status":"closed","ping_status":"closed","template":"","meta":{"spay_email":""},"categories":[2,68,6,7,8,77,78,158,82,21,87,24,28,112,35,115,191,122,124,39,40,157,177,42,43,44,56],"tags":[],"jetpack_sharing_enabled":true,"jetpack_shortlink":"https:\/\/wp.me\/P7346W-Ic","jetpack-related-posts":[{"id":935,"url":"https:\/\/salonamat.com\/index.php\/collections\/accessoires\/piemme-boutons\/","url_meta":{"origin":2740,"position":0},"title":"PIEMME BOUTONS","date":"d\u00e9cembre 24, 2015","format":false,"excerpt":"Fabricant italien de boutons. Pas de minima. Homme, femme, enfant. Toutes compositions. Repr\u00e9sent\u00e9 par Philippe Berlande.","rel":"","context":"Dans &quot;accessoires&quot;","img":{"alt_text":"","src":"","width":0,"height":0},"classes":[]},{"id":4749,"url":"https:\/\/salonamat.com\/index.php\/collections\/accessoires\/metalbottoni\/","url_meta":{"origin":2740,"position":1},"title":"METALBOTTONI","date":"janvier 2, 2023","format":false,"excerpt":"Italie Fabricant italien d'articles m\u00e9tallique Boutons \/ rivets\/ boucles... Minima: 1 000 pi\u00e8ces Repr\u00e9sent\u00e9 par Philippe CAZELLES","rel":"","context":"Dans &quot;accessoires&quot;","img":{"alt_text":"","src":"","width":0,"height":0},"classes":[]},{"id":885,"url":"https:\/\/salonamat.com\/index.php\/collections\/accessoires\/sandra-b\/","url_meta":{"origin":2740,"position":2},"title":"SANDRA B.","date":"d\u00e9cembre 22, 2015","format":false,"excerpt":"Fabricant italien de boutons \u00e0 coudre, boucles et accessoires divers. Pas de minima. Gravure laser Femme, homme, enfant. M\u00e9tal, nacre, corozo, polyester, nylon, corne. Repr\u00e9sent\u00e9 par Paul Mestrallet.","rel":"","context":"Dans &quot;accessoires&quot;","img":{"alt_text":"","src":"https:\/\/i0.wp.com\/salonamat.com\/wp-content\/uploads\/2015\/12\/GILLES-SANDRA-B-1.jpg?resize=350%2C200","width":350,"height":200},"classes":[]},{"id":2079,"url":"https:\/\/salonamat.com\/index.php\/collections\/accessoires\/tacchini\/","url_meta":{"origin":2740,"position":3},"title":"TACCHINI","date":"mai 3, 2016","format":false,"excerpt":"Fabricant italien de boutons, boucles, anneaux. Homme, Femme, Enfant. Acrylique, bois, corne, corozo, cuir, galastil, m\u00e9tal, nacre, nylon, polyamide, polyester, r\u00e9sine, soie, zamac... Repr\u00e9sent\u00e9 par V\u00e9ronique P\u00e9pin Bolliet.","rel":"","context":"Dans &quot;accessoires&quot;","img":{"alt_text":"","src":"https:\/\/i0.wp.com\/salonamat.com\/wp-content\/uploads\/2016\/05\/VERONIQUE-TACCHINI.jpg?resize=350%2C200","width":350,"height":200},"classes":[]},{"id":626,"url":"https:\/\/salonamat.com\/index.php\/collections\/accessoires\/mode-harmony\/","url_meta":{"origin":2740,"position":4},"title":"MODE HARMONY","date":"d\u00e9cembre 18, 2015","format":false,"excerpt":"Fabricant fran\u00e7ais de boutons \u00e0 coudre. Femme, homme, enfant. Zamac, nylon, polyester, corozo... Repr\u00e9sent\u00e9 par Gaelle Grisard.","rel":"","context":"Dans &quot;accessoires&quot;","img":{"alt_text":"","src":"https:\/\/i0.wp.com\/salonamat.com\/wp-content\/uploads\/2015\/12\/GAELLE-MODE-HARMONY-1.jpg?resize=350%2C200","width":350,"height":200},"classes":[]},{"id":1108,"url":"https:\/\/salonamat.com\/index.php\/collections\/accessoires\/corne-corozo\/","url_meta":{"origin":2740,"position":5},"title":"CORNE &#038; COROZO","date":"d\u00e9cembre 25, 2015","format":false,"excerpt":"Fabricant fran\u00e7ais de boutons. Pas de minima. Femme, homme, enfant. Toutes compositions. Repr\u00e9sent\u00e9 par Mehdi Lagrou.","rel":"","context":"Dans &quot;accessoires&quot;","img":{"alt_text":"","src":"","width":0,"height":0},"classes":[]}],"_links":{"self":[{"href":"https:\/\/salonamat.com\/index.php\/wp-json\/wp\/v2\/pages\/2740"}],"collection":[{"href":"https:\/\/salonamat.com\/index.php\/wp-json\/wp\/v2\/pages"}],"about":[{"href":"https:\/\/salonamat.com\/index.php\/wp-json\/wp\/v2\/types\/page"}],"author":[{"embeddable":true,"href":"https:\/\/salonamat.com\/index.php\/wp-json\/wp\/v2\/users\/3"}],"replies":[{"embeddable":true,"href":"https:\/\/salonamat.com\/index.php\/wp-json\/wp\/v2\/comments?post=2740"}],"version-history":[{"count":5,"href":"https:\/\/salonamat.com\/index.php\/wp-json\/wp\/v2\/pages\/2740\/revisions"}],"predecessor-version":[{"id":5339,"href":"https:\/\/salonamat.com\/index.php\/wp-json\/wp\/v2\/pages\/2740\/revisions\/5339"}],"up":[{"embeddable":true,"href":"https:\/\/salonamat.com\/index.php\/wp-json\/wp\/v2\/pages\/1216"}],"wp:attachment":[{"href":"https:\/\/salonamat.com\/index.php\/wp-json\/wp\/v2\/media?parent=2740"}],"wp:term":[{"taxonomy":"category","embeddable":true,"href":"https:\/\/salonamat.com\/index.php\/wp-json\/wp\/v2\/categories?post=2740"},{"taxonomy":"post_tag","embeddable":true,"href":"https:\/\/salonamat.com\/index.php\/wp-json\/wp\/v2\/tags?post=2740"}],"curies":[{"name":"wp","href":"https:\/\/api.w.org\/{rel}","templated":true}]}}