{"id":2544,"date":"2019-01-23T21:16:42","date_gmt":"2019-01-23T21:16:42","guid":{"rendered":"http:\/\/salonamat.com\/?page_id=2544"},"modified":"2019-01-23T21:19:00","modified_gmt":"2019-01-23T21:19:00","slug":"novalansa","status":"publish","type":"page","link":"https:\/\/salonamat.com\/index.php\/collections\/tissus\/novalansa\/","title":{"rendered":"NOVALANSA"},"content":{"rendered":"<p>Soci\u00e9t\u00e9 espagnole du groupe TORRESPRADAS, Sabadell,<\/p>\n<p>Collection d\u2019unis chaine et trame et mailles, polyester, viscose, coton ou m\u00e9langes, jacquards mailles fabriqu\u00e9s en Espagne, jacquards chaine et trame, imprim\u00e9s, et fantaisies comme dentelles et paillettes, broderies anglaises, faux cuir et faux daim.<\/p>\n<p>\u00c9chantillonnage : Pas de minima<\/p>\n<p>Production : Minimum 1 rouleau, 2 rouleaux pour avoir franco France.<\/p>\n<p>Prix tr\u00e8s attractifs, entre 2,50 euros\/m et 8 euros\/m.<\/p>\n<p>Repr\u00e9sent\u00e9 par <a href=\"http:\/\/salonamat.com\/index.php\/agents\/veronique-pepin-bolliet\/\">V\u00e9ronique P\u00e9pin Bolliet<\/a>.<\/p>\n<p class=\"jetpack-slideshow-noscript robots-nocontent\">Ce diaporama n\u00e9cessite JavaScript.<\/p><div id=\"gallery-2544-1-slideshow\" class=\"jetpack-slideshow-window jetpack-slideshow jetpack-slideshow-black\" data-trans=\"fade\" data-autostart=\"1\" data-gallery=\"[{&quot;src&quot;:&quot;https:\\\/\\\/i0.wp.com\\\/salonamat.com\\\/wp-content\\\/uploads\\\/2019\\\/01\\\/NOVALANSA-01.jpg?fit=640%2C480\\u0026ssl=1&quot;,&quot;id&quot;:&quot;2546&quot;,&quot;title&quot;:&quot;NOVALANSA-01&quot;,&quot;alt&quot;:&quot;&quot;,&quot;caption&quot;:&quot;&quot;,&quot;itemprop&quot;:&quot;image&quot;},{&quot;src&quot;:&quot;https:\\\/\\\/i0.wp.com\\\/salonamat.com\\\/wp-content\\\/uploads\\\/2019\\\/01\\\/NOVALANSA-02.jpg?fit=640%2C480\\u0026ssl=1&quot;,&quot;id&quot;:&quot;2547&quot;,&quot;title&quot;:&quot;NOVALANSA-02&quot;,&quot;alt&quot;:&quot;&quot;,&quot;caption&quot;:&quot;&quot;,&quot;itemprop&quot;:&quot;image&quot;}]\" itemscope itemtype=\"https:\/\/schema.org\/ImageGallery\"><\/div>\n","protected":false},"excerpt":{"rendered":"<p>Soci\u00e9t\u00e9 espagnole du groupe TORRESPRADAS, Sabadell, Collection d\u2019unis chaine et trame et mailles, polyester, viscose, coton ou m\u00e9langes, jacquards mailles fabriqu\u00e9s en Espagne, jacquards chaine et trame, imprim\u00e9s, et fantaisies comme dentelles et paillettes, broderies anglaises, faux cuir et faux daim. \u00c9chantillonnage : Pas de minima Production : Minimum 1 rouleau, 2 rouleaux pour avoir franco France. Prix tr\u00e8s attractifs, entre 2,50 euros\/m et 8 &hellip; <a href=\"https:\/\/salonamat.com\/index.php\/collections\/tissus\/novalansa\/\" class=\"more-link\">Continuer de lire <span class=\"screen-reader-text\">NOVALANSA<\/span><\/a><\/p>\n","protected":false},"author":2,"featured_media":0,"parent":1215,"menu_order":0,"comment_status":"closed","ping_status":"closed","template":"","meta":{"spay_email":""},"categories":[73,21,22,24,93,144,109,35,39,46,49],"tags":[],"jetpack_sharing_enabled":true,"jetpack_shortlink":"https:\/\/wp.me\/P7346W-F2","jetpack-related-posts":[{"id":991,"url":"https:\/\/salonamat.com\/index.php\/collections\/tissus\/intesa\/","url_meta":{"origin":2544,"position":0},"title":"INTESA","date":"d\u00e9cembre 24, 2015","format":false,"excerpt":"Fabricant italien de tissus cha\u00eene-et-trame, maille, fantaisie, imprim\u00e9s, jacquards, basiques, dentelles. Minima : 1 pi\u00e8ce sur stock Femme. Toutes compositions. Repr\u00e9sent\u00e9 par V\u00e9ronique P\u00e9pin Bolliet.","rel":"","context":"Dans &quot;cha\u00eene et trame&quot;","img":{"alt_text":"","src":"https:\/\/i0.wp.com\/salonamat.com\/wp-content\/uploads\/2015\/12\/VERONIQUE-INTESA-1.jpg?resize=350%2C200","width":350,"height":200},"classes":[]},{"id":825,"url":"https:\/\/salonamat.com\/index.php\/collections\/tissus\/telatex\/","url_meta":{"origin":2544,"position":1},"title":"TELATEX","date":"d\u00e9cembre 22, 2015","format":false,"excerpt":"Fabricant fran\u00e7ais de tissus cha\u00eene-et-trame naturels. PAT, teints, imprim\u00e9s, jacquards. Femme, homme, enfant, sportswear. Coton, laine, viscose, lin, m\u00e9langes. Minimum de commande: 300M + stock service Repr\u00e9sent\u00e9 par Laetitia CORGER.","rel":"","context":"Dans &quot;ameublement&quot;","img":{"alt_text":"","src":"https:\/\/i0.wp.com\/salonamat.com\/wp-content\/uploads\/2023\/05\/TELATEX1.jpg?resize=350%2C200&ssl=1","width":350,"height":200},"classes":[]},{"id":2536,"url":"https:\/\/salonamat.com\/index.php\/collections\/tissus\/cambi\/","url_meta":{"origin":2544,"position":2},"title":"CAMBI","date":"janvier 23, 2019","format":false,"excerpt":"Fabricant italien de mailles \u00a0fantaisies et unies, lurex, jacquards, tricots, m\u00e9langes mati\u00e8res prix de 4 \u00e0 7 euros \/ mt Echantillonnage : pas de minima Production : 300 m\u00e8tres minimum voir moins avec suppl\u00e9ment Repr\u00e9sent\u00e9 par V\u00e9ronique P\u00e9pin Bolliet.","rel":"","context":"Dans &quot;entr\u00e9e de gamme&quot;","img":{"alt_text":"","src":"https:\/\/i0.wp.com\/salonamat.com\/wp-content\/uploads\/2019\/01\/CAMBI-01.jpg?resize=350%2C200","width":350,"height":200},"classes":[]},{"id":3976,"url":"https:\/\/salonamat.com\/index.php\/collections\/tissus\/my-way\/","url_meta":{"origin":2544,"position":3},"title":"MY WAY","date":"d\u00e9cembre 28, 2021","format":false,"excerpt":"Importateur europ\u00e9en de tissus cha\u00eene et trame, maille et broderies PAP Femme Grande Diffusion Pas de minimum Compositions\u00a0: polyester, polyamide, coton, viscose, lin et m\u00e9langes Repr\u00e9sent\u00e9 par Sylvie BUSSEUIL.","rel":"","context":"Dans &quot;cha\u00eene et trame&quot;","img":{"alt_text":"","src":"https:\/\/i0.wp.com\/salonamat.com\/wp-content\/uploads\/2021\/12\/MY-WAY-1.jpg?resize=350%2C200&ssl=1","width":350,"height":200},"classes":[]},{"id":634,"url":"https:\/\/salonamat.com\/index.php\/collections\/tissus\/deveaux\/","url_meta":{"origin":2544,"position":4},"title":"DEVEAUX","date":"d\u00e9cembre 18, 2015","format":false,"excerpt":"Imprimeur fran\u00e7ais de tissus cha\u00eene-et-trame & maille. Rotatif, jet d'encre. Jacquard cha\u00eene-et-trame et maille, fantaisie, maille fils teints. Femme, homme, enfant. D\u00e9veloppements personnalis\u00e9s. Coton, viscose, polyester, acrylique, laine, lin, \u00e9lasthanne... Repr\u00e9sent\u00e9 par Christine Deporte.","rel":"","context":"Dans &quot;acrylique&quot;","img":{"alt_text":"","src":"https:\/\/i0.wp.com\/salonamat.com\/wp-content\/uploads\/2015\/12\/CHRISTINE-DEVEAUX-01-1.jpg?resize=350%2C200","width":350,"height":200},"classes":[]},{"id":1157,"url":"https:\/\/salonamat.com\/index.php\/collections\/tissus\/dutel\/","url_meta":{"origin":2544,"position":5},"title":"DUTEL","date":"d\u00e9cembre 25, 2015","format":false,"excerpt":"Fabricant fran\u00e7ais de tissus jacquard cha\u00eene-et-trame teint en fil et teint en pi\u00e8ce. Minima : 150 Mt. \/ couleur. Femme. Toutes compositions.Repr\u00e9sent\u00e9 par Katy P\u00e9choux.","rel":"","context":"Dans &quot;cha\u00eene et trame&quot;","img":{"alt_text":"","src":"https:\/\/i0.wp.com\/salonamat.com\/wp-content\/uploads\/2015\/12\/BABETTE-JEAN-LOUIS-DUTEL-1.jpg?resize=350%2C200","width":350,"height":200},"classes":[]}],"_links":{"self":[{"href":"https:\/\/salonamat.com\/index.php\/wp-json\/wp\/v2\/pages\/2544"}],"collection":[{"href":"https:\/\/salonamat.com\/index.php\/wp-json\/wp\/v2\/pages"}],"about":[{"href":"https:\/\/salonamat.com\/index.php\/wp-json\/wp\/v2\/types\/page"}],"author":[{"embeddable":true,"href":"https:\/\/salonamat.com\/index.php\/wp-json\/wp\/v2\/users\/2"}],"replies":[{"embeddable":true,"href":"https:\/\/salonamat.com\/index.php\/wp-json\/wp\/v2\/comments?post=2544"}],"version-history":[{"count":2,"href":"https:\/\/salonamat.com\/index.php\/wp-json\/wp\/v2\/pages\/2544\/revisions"}],"predecessor-version":[{"id":2549,"href":"https:\/\/salonamat.com\/index.php\/wp-json\/wp\/v2\/pages\/2544\/revisions\/2549"}],"up":[{"embeddable":true,"href":"https:\/\/salonamat.com\/index.php\/wp-json\/wp\/v2\/pages\/1215"}],"wp:attachment":[{"href":"https:\/\/salonamat.com\/index.php\/wp-json\/wp\/v2\/media?parent=2544"}],"wp:term":[{"taxonomy":"category","embeddable":true,"href":"https:\/\/salonamat.com\/index.php\/wp-json\/wp\/v2\/categories?post=2544"},{"taxonomy":"post_tag","embeddable":true,"href":"https:\/\/salonamat.com\/index.php\/wp-json\/wp\/v2\/tags?post=2544"}],"curies":[{"name":"wp","href":"https:\/\/api.w.org\/{rel}","templated":true}]}}