{"id":2536,"date":"2019-01-23T20:49:43","date_gmt":"2019-01-23T20:49:43","guid":{"rendered":"http:\/\/salonamat.com\/?page_id=2536"},"modified":"2019-01-23T21:14:54","modified_gmt":"2019-01-23T21:14:54","slug":"cambi","status":"publish","type":"page","link":"https:\/\/salonamat.com\/index.php\/collections\/tissus\/cambi\/","title":{"rendered":"CAMBI"},"content":{"rendered":"<p>Fabricant italien de mailles \u00a0fantaisies et unies, lurex, jacquards, tricots, m\u00e9langes mati\u00e8res<\/p>\n<p>prix de 4 \u00e0 7 euros \/ mt<\/p>\n<p>Echantillonnage : pas de minima<\/p>\n<p>Production : 300 m\u00e8tres minimum voir moins avec suppl\u00e9ment<\/p>\n<p>Repr\u00e9sent\u00e9 par <a href=\"http:\/\/salonamat.com\/index.php\/agents\/veronique-pepin-bolliet\/\">V\u00e9ronique P\u00e9pin Bolliet<\/a>.<\/p>\n<p class=\"jetpack-slideshow-noscript robots-nocontent\">Ce diaporama n\u00e9cessite JavaScript.<\/p><div id=\"gallery-2536-1-slideshow\" class=\"jetpack-slideshow-window jetpack-slideshow jetpack-slideshow-black\" data-trans=\"fade\" data-autostart=\"1\" data-gallery=\"[{&quot;src&quot;:&quot;https:\\\/\\\/i0.wp.com\\\/salonamat.com\\\/wp-content\\\/uploads\\\/2019\\\/01\\\/CAMBI-01.jpg?fit=640%2C480\\u0026ssl=1&quot;,&quot;id&quot;:&quot;2537&quot;,&quot;title&quot;:&quot;CAMBI-01&quot;,&quot;alt&quot;:&quot;&quot;,&quot;caption&quot;:&quot;&quot;,&quot;itemprop&quot;:&quot;image&quot;},{&quot;src&quot;:&quot;https:\\\/\\\/i0.wp.com\\\/salonamat.com\\\/wp-content\\\/uploads\\\/2019\\\/01\\\/CAMBI-02.jpg?fit=640%2C480\\u0026ssl=1&quot;,&quot;id&quot;:&quot;2538&quot;,&quot;title&quot;:&quot;CAMBI-02&quot;,&quot;alt&quot;:&quot;&quot;,&quot;caption&quot;:&quot;&quot;,&quot;itemprop&quot;:&quot;image&quot;}]\" itemscope itemtype=\"https:\/\/schema.org\/ImageGallery\"><\/div>\n","protected":false},"excerpt":{"rendered":"<p>Fabricant italien de mailles \u00a0fantaisies et unies, lurex, jacquards, tricots, m\u00e9langes mati\u00e8res prix de 4 \u00e0 7 euros \/ mt Echantillonnage : pas de minima Production : 300 m\u00e8tres minimum voir moins avec suppl\u00e9ment Repr\u00e9sent\u00e9 par V\u00e9ronique P\u00e9pin Bolliet. <a href=\"https:\/\/salonamat.com\/index.php\/collections\/tissus\/cambi\/\" class=\"more-link\">Continuer de lire <span class=\"screen-reader-text\">CAMBI<\/span><\/a><\/p>\n","protected":false},"author":2,"featured_media":0,"parent":1215,"menu_order":0,"comment_status":"closed","ping_status":"closed","template":"","meta":{"spay_email":""},"categories":[22,24,144,109,35,39,46,49],"tags":[],"jetpack_sharing_enabled":true,"jetpack_shortlink":"https:\/\/wp.me\/P7346W-EU","jetpack-related-posts":[{"id":927,"url":"https:\/\/salonamat.com\/index.php\/collections\/tissus\/deniertex\/","url_meta":{"origin":2536,"position":0},"title":"DENIERTEX","date":"d\u00e9cembre 24, 2015","format":false,"excerpt":"Importateur espagnol tous tissus Pas de minima. Femme. Toutes compositions. Repr\u00e9sent\u00e9 par Philippe Berlande.","rel":"","context":"Dans &quot;cha\u00eene et trame&quot;","img":{"alt_text":"","src":"https:\/\/i0.wp.com\/salonamat.com\/wp-content\/uploads\/2015\/12\/PHILIPPE-DENIERTEX.jpg?resize=350%2C200","width":350,"height":200},"classes":[]},{"id":4767,"url":"https:\/\/salonamat.com\/index.php\/collections\/tissus\/tiba\/","url_meta":{"origin":2536,"position":1},"title":"TIBA","date":"janvier 2, 2023","format":false,"excerpt":"Italie Tissus ind\u00e9maillables, maille circulaire et tissus 3D Jersey\/ Interlock Minima: 70 Mts Repr\u00e9sent\u00e9e par Philippe CAZELLES","rel":"","context":"Dans &quot;acrylique&quot;","img":{"alt_text":"","src":"https:\/\/i0.wp.com\/salonamat.com\/wp-content\/uploads\/2023\/01\/tiba-2.jpeg?resize=350%2C200","width":350,"height":200},"classes":[]},{"id":3292,"url":"https:\/\/salonamat.com\/index.php\/collections\/tissus\/cat-land\/","url_meta":{"origin":2536,"position":2},"title":"CAT-LAND","date":"d\u00e9cembre 31, 2020","format":false,"excerpt":"Fabricant fran\u00e7ais de polaire. Moyen de gamme. Pas de minimum. Femme, Homme, Enfant. Composition : Polyester. Repr\u00e9sent\u00e9 par Olivier Glorieux.","rel":"","context":"Dans &quot;enfant&quot;","img":{"alt_text":"","src":"","width":0,"height":0},"classes":[]},{"id":991,"url":"https:\/\/salonamat.com\/index.php\/collections\/tissus\/intesa\/","url_meta":{"origin":2536,"position":3},"title":"INTESA","date":"d\u00e9cembre 24, 2015","format":false,"excerpt":"Fabricant italien de tissus cha\u00eene-et-trame, maille, fantaisie, imprim\u00e9s, jacquards, basiques, dentelles. Minima : 1 pi\u00e8ce sur stock Femme. Toutes compositions. Repr\u00e9sent\u00e9 par V\u00e9ronique P\u00e9pin Bolliet.","rel":"","context":"Dans &quot;cha\u00eene et trame&quot;","img":{"alt_text":"","src":"https:\/\/i0.wp.com\/salonamat.com\/wp-content\/uploads\/2015\/12\/VERONIQUE-INTESA-1.jpg?resize=350%2C200","width":350,"height":200},"classes":[]},{"id":2076,"url":"https:\/\/salonamat.com\/index.php\/collections\/tissus\/koppermann\/","url_meta":{"origin":2536,"position":4},"title":"KOPPERMANN","date":"mai 3, 2016","format":false,"excerpt":"Fabricant allemand de tissus pr\u00eat-pour-impression. Femme. Minima : 1000 Mt. Compositions : coton, viscose, polyester, m\u00e9langes. Maison repr\u00e9sent\u00e9e par Fran\u00e7ois Chandelier.","rel":"","context":"Dans &quot;cha\u00eene et trame&quot;","img":{"alt_text":"","src":"","width":0,"height":0},"classes":[]},{"id":2074,"url":"https:\/\/salonamat.com\/index.php\/collections\/tissus\/vandelden\/","url_meta":{"origin":2536,"position":5},"title":"VANDELDEN","date":"mai 3, 2016","format":false,"excerpt":"Fabricant allemand de tissus pour pantalon, unis et fantaisie. Femme, homme. Minima : 1000 Mt. Compositions : coton, coton \/ \u00e9lasthanne. Maison repr\u00e9sent\u00e9e par Fran\u00e7ois Chandelier.","rel":"","context":"Dans &quot;cha\u00eene et trame&quot;","img":{"alt_text":"","src":"","width":0,"height":0},"classes":[]}],"_links":{"self":[{"href":"https:\/\/salonamat.com\/index.php\/wp-json\/wp\/v2\/pages\/2536"}],"collection":[{"href":"https:\/\/salonamat.com\/index.php\/wp-json\/wp\/v2\/pages"}],"about":[{"href":"https:\/\/salonamat.com\/index.php\/wp-json\/wp\/v2\/types\/page"}],"author":[{"embeddable":true,"href":"https:\/\/salonamat.com\/index.php\/wp-json\/wp\/v2\/users\/2"}],"replies":[{"embeddable":true,"href":"https:\/\/salonamat.com\/index.php\/wp-json\/wp\/v2\/comments?post=2536"}],"version-history":[{"count":1,"href":"https:\/\/salonamat.com\/index.php\/wp-json\/wp\/v2\/pages\/2536\/revisions"}],"predecessor-version":[{"id":2539,"href":"https:\/\/salonamat.com\/index.php\/wp-json\/wp\/v2\/pages\/2536\/revisions\/2539"}],"up":[{"embeddable":true,"href":"https:\/\/salonamat.com\/index.php\/wp-json\/wp\/v2\/pages\/1215"}],"wp:attachment":[{"href":"https:\/\/salonamat.com\/index.php\/wp-json\/wp\/v2\/media?parent=2536"}],"wp:term":[{"taxonomy":"category","embeddable":true,"href":"https:\/\/salonamat.com\/index.php\/wp-json\/wp\/v2\/categories?post=2536"},{"taxonomy":"post_tag","embeddable":true,"href":"https:\/\/salonamat.com\/index.php\/wp-json\/wp\/v2\/tags?post=2536"}],"curies":[{"name":"wp","href":"https:\/\/api.w.org\/{rel}","templated":true}]}}