{"id":2481,"date":"2018-12-08T19:07:23","date_gmt":"2018-12-08T19:07:23","guid":{"rendered":"http:\/\/salonamat.com\/?page_id=2481"},"modified":"2018-12-08T19:07:23","modified_gmt":"2018-12-08T19:07:23","slug":"klauber","status":"publish","type":"page","link":"https:\/\/salonamat.com\/index.php\/collections\/tissus\/klauber\/","title":{"rendered":"KLAUBER"},"content":{"rendered":"<p>USA\/CHINE<\/p>\n<p>dentelles Leavers, jacquard et textronics stretch et rigide<\/p>\n<p>Cible PAP \/ LINGERIE<\/p>\n<p>Minimum commande, aucun si stock disponible, sinon 200mts laize et 1380mts gallon\/bande<\/p>\n<p>Repr\u00e9sent\u00e9 par <a href=\"http:\/\/salonamat.com\/index.php\/agents\/armelle-blettner\/\">Armelle Blettner<\/a>.<\/p>\n<p class=\"jetpack-slideshow-noscript robots-nocontent\">Ce diaporama n\u00e9cessite JavaScript.<\/p><div id=\"gallery-2481-1-slideshow\" class=\"jetpack-slideshow-window jetpack-slideshow jetpack-slideshow-black\" data-trans=\"fade\" data-autostart=\"1\" data-gallery=\"[{&quot;src&quot;:&quot;https:\\\/\\\/i0.wp.com\\\/salonamat.com\\\/wp-content\\\/uploads\\\/2018\\\/06\\\/KLAUBER-01.jpg?fit=640%2C480\\u0026ssl=1&quot;,&quot;id&quot;:&quot;2471&quot;,&quot;title&quot;:&quot;KLAUBER-01&quot;,&quot;alt&quot;:&quot;&quot;,&quot;caption&quot;:&quot;&quot;,&quot;itemprop&quot;:&quot;image&quot;},{&quot;src&quot;:&quot;https:\\\/\\\/i0.wp.com\\\/salonamat.com\\\/wp-content\\\/uploads\\\/2018\\\/06\\\/KLAUBER-02.jpg?fit=640%2C480\\u0026ssl=1&quot;,&quot;id&quot;:&quot;2472&quot;,&quot;title&quot;:&quot;KLAUBER-02&quot;,&quot;alt&quot;:&quot;&quot;,&quot;caption&quot;:&quot;&quot;,&quot;itemprop&quot;:&quot;image&quot;}]\" itemscope itemtype=\"https:\/\/schema.org\/ImageGallery\"><\/div>\n","protected":false},"excerpt":{"rendered":"<p>USA\/CHINE dentelles Leavers, jacquard et textronics stretch et rigide Cible PAP \/ LINGERIE Minimum commande, aucun si stock disponible, sinon 200mts laize et 1380mts gallon\/bande Repr\u00e9sent\u00e9 par Armelle Blettner. <a href=\"https:\/\/salonamat.com\/index.php\/collections\/tissus\/klauber\/\" class=\"more-link\">Continuer de lire <span class=\"screen-reader-text\">KLAUBER<\/span><\/a><\/p>\n","protected":false},"author":2,"featured_media":0,"parent":1215,"menu_order":0,"comment_status":"closed","ping_status":"closed","template":"","meta":{"spay_email":""},"categories":[17,22,24,31,35,39,49],"tags":[],"jetpack_sharing_enabled":true,"jetpack_shortlink":"https:\/\/wp.me\/P7346W-E1","jetpack-related-posts":[{"id":3298,"url":"https:\/\/salonamat.com\/index.php\/collections\/accessoires\/solstiss\/","url_meta":{"origin":2481,"position":0},"title":"SOLSTISS","date":"d\u00e9cembre 31, 2020","format":false,"excerpt":"Fabricant fran\u00e7ais de dentelles Leavers. Haut de gamme. Minimum : 1 coupe entre 4,60 mt et 5,50 mt. Femme, Enfant. Composition : Viscose, Polyamide, Coton Repr\u00e9sent\u00e9 par Olivier Glorieux.","rel":"","context":"Dans &quot;accessoires&quot;","img":{"alt_text":"","src":"","width":0,"height":0},"classes":[]},{"id":991,"url":"https:\/\/salonamat.com\/index.php\/collections\/tissus\/intesa\/","url_meta":{"origin":2481,"position":1},"title":"INTESA","date":"d\u00e9cembre 24, 2015","format":false,"excerpt":"Fabricant italien de tissus cha\u00eene-et-trame, maille, fantaisie, imprim\u00e9s, jacquards, basiques, dentelles. Minima : 1 pi\u00e8ce sur stock Femme. Toutes compositions. Repr\u00e9sent\u00e9 par V\u00e9ronique P\u00e9pin Bolliet.","rel":"","context":"Dans &quot;cha\u00eene et trame&quot;","img":{"alt_text":"","src":"https:\/\/i0.wp.com\/salonamat.com\/wp-content\/uploads\/2015\/12\/VERONIQUE-INTESA-1.jpg?resize=350%2C200","width":350,"height":200},"classes":[]},{"id":6213,"url":"https:\/\/salonamat.com\/index.php\/collections\/accessoires\/p-a-l-m-pizzi\/","url_meta":{"origin":2481,"position":2},"title":"P.A.L.M PIZZI","date":"d\u00e9cembre 22, 2023","format":false,"excerpt":"Fabricant italien de dentelle et galons crochet. Pour pr\u00eat \u00e0 porter femme, enfant, homme et lingerie bain Cotton\/ polyester\/ fils chenille et divers Minimum de commande: 300mts au coloris si pas en stock Repr\u00e9sent\u00e9 par Armelle Blettner et Anne Jouve.","rel":"","context":"Dans &quot;acrylique&quot;","img":{"alt_text":"","src":"https:\/\/i0.wp.com\/salonamat.com\/wp-content\/uploads\/2023\/12\/PALM-PIZZI.png?resize=350%2C200&ssl=1","width":350,"height":200},"classes":[]},{"id":2544,"url":"https:\/\/salonamat.com\/index.php\/collections\/tissus\/novalansa\/","url_meta":{"origin":2481,"position":3},"title":"NOVALANSA","date":"janvier 23, 2019","format":false,"excerpt":"Soci\u00e9t\u00e9 espagnole du groupe TORRESPRADAS, Sabadell, Collection d\u2019unis chaine et trame et mailles, polyester, viscose, coton ou m\u00e9langes, jacquards mailles fabriqu\u00e9s en Espagne, jacquards chaine et trame, imprim\u00e9s, et fantaisies comme dentelles et paillettes, broderies anglaises, faux cuir et faux daim. \u00c9chantillonnage : Pas de minima Production : Minimum 1\u2026","rel":"","context":"Dans &quot;cha\u00eene et trame&quot;","img":{"alt_text":"","src":"https:\/\/i0.wp.com\/salonamat.com\/wp-content\/uploads\/2019\/01\/NOVALANSA-01.jpg?resize=350%2C200","width":350,"height":200},"classes":[]},{"id":4429,"url":"https:\/\/salonamat.com\/index.php\/collections\/tissus\/fasac\/","url_meta":{"origin":2481,"position":4},"title":"FASAC","date":"juin 21, 2022","format":false,"excerpt":"Imprimeur italien. Tout type de supports, Maille et Cha\u00eene et Trame. Compositions : Soie, Coton, Polyester, Viscose. PAP et Lingerie \/ Bain. Joli choix de bases \u00e9co-responsables et recycl\u00e9es. Travail d\u2019impression \u00e0 fa\u00e7on \u00e9galement possible. Repr\u00e9sent\u00e9 par Armelle Blettner et Anne Jouve.","rel":"","context":"Dans &quot;bain&quot;","img":{"alt_text":"","src":"https:\/\/i0.wp.com\/salonamat.com\/wp-content\/uploads\/2022\/06\/FASAC-01.jpeg?resize=350%2C200&ssl=1","width":350,"height":200},"classes":[]},{"id":1063,"url":"https:\/\/salonamat.com\/index.php\/collections\/tissus\/seride\/","url_meta":{"origin":2481,"position":5},"title":"SERIDE","date":"d\u00e9cembre 25, 2015","format":false,"excerpt":"Imprimeur italien sur maille et cha\u00eene-et-trame, jet d'encre \/ cadres plats. Beaux supports, nombreuses finitions, large gamme, contre-collages, laminations. Dessins exclusifs ou archives \u00e0 disposition. Minima : 50 Mt. Femme. Laine, viscose, polyester, coton, m\u00e9langes. Repr\u00e9sent\u00e9 par Viviane Gadrey Madani.","rel":"","context":"Dans &quot;cha\u00eene et trame&quot;","img":{"alt_text":"","src":"https:\/\/i0.wp.com\/salonamat.com\/wp-content\/uploads\/2015\/12\/VIVIANE-SERIDE-1.jpg?resize=350%2C200","width":350,"height":200},"classes":[]}],"_links":{"self":[{"href":"https:\/\/salonamat.com\/index.php\/wp-json\/wp\/v2\/pages\/2481"}],"collection":[{"href":"https:\/\/salonamat.com\/index.php\/wp-json\/wp\/v2\/pages"}],"about":[{"href":"https:\/\/salonamat.com\/index.php\/wp-json\/wp\/v2\/types\/page"}],"author":[{"embeddable":true,"href":"https:\/\/salonamat.com\/index.php\/wp-json\/wp\/v2\/users\/2"}],"replies":[{"embeddable":true,"href":"https:\/\/salonamat.com\/index.php\/wp-json\/wp\/v2\/comments?post=2481"}],"version-history":[{"count":1,"href":"https:\/\/salonamat.com\/index.php\/wp-json\/wp\/v2\/pages\/2481\/revisions"}],"predecessor-version":[{"id":2482,"href":"https:\/\/salonamat.com\/index.php\/wp-json\/wp\/v2\/pages\/2481\/revisions\/2482"}],"up":[{"embeddable":true,"href":"https:\/\/salonamat.com\/index.php\/wp-json\/wp\/v2\/pages\/1215"}],"wp:attachment":[{"href":"https:\/\/salonamat.com\/index.php\/wp-json\/wp\/v2\/media?parent=2481"}],"wp:term":[{"taxonomy":"category","embeddable":true,"href":"https:\/\/salonamat.com\/index.php\/wp-json\/wp\/v2\/categories?post=2481"},{"taxonomy":"post_tag","embeddable":true,"href":"https:\/\/salonamat.com\/index.php\/wp-json\/wp\/v2\/tags?post=2481"}],"curies":[{"name":"wp","href":"https:\/\/api.w.org\/{rel}","templated":true}]}}