{"id":2384,"date":"2018-09-04T12:43:31","date_gmt":"2018-09-04T12:43:31","guid":{"rendered":"http:\/\/salonamat.com\/?page_id=2384"},"modified":"2023-05-17T12:13:19","modified_gmt":"2023-05-17T12:13:19","slug":"trouillet","status":"publish","type":"page","link":"https:\/\/salonamat.com\/index.php\/collections\/tissus\/trouillet\/","title":{"rendered":"TROUILLET"},"content":{"rendered":"<p>Fabricant fran\u00e7ais de tissus fantaisie, armur\u00e9s, tiss\u00e9s-teints, cha\u00eene et trame.<\/p>\n<p>Femme, Enfant<\/p>\n<p>Minima : 300 Mt<\/p>\n<p>Compositions : poly-cotons\/viscose, 100% coton, 100% viscose, viscose\/\u00e9lasthanne.<\/p>\n<p align=\"LEFT\">Repr\u00e9sent\u00e9 par <a href=\"http:\/\/salonamat.com\/index.php\/agents\/lionel-roblet\/\">Lionel Roblet<\/a>.<\/p>\n<p class=\"jetpack-slideshow-noscript robots-nocontent\">Ce diaporama n\u00e9cessite JavaScript.<\/p><div id=\"gallery-2384-1-slideshow\" class=\"jetpack-slideshow-window jetpack-slideshow jetpack-slideshow-black\" data-trans=\"fade\" data-autostart=\"1\" data-gallery=\"[{&quot;src&quot;:&quot;https:\\\/\\\/i0.wp.com\\\/salonamat.com\\\/wp-content\\\/uploads\\\/2018\\\/09\\\/LYDIE-TROUILLET-ANGIE.jpg?fit=1000%2C667\\u0026ssl=1&quot;,&quot;id&quot;:&quot;2386&quot;,&quot;title&quot;:&quot;LYDIE-TROUILLET-ANGIE&quot;,&quot;alt&quot;:&quot;&quot;,&quot;caption&quot;:&quot;&quot;,&quot;itemprop&quot;:&quot;image&quot;}]\" itemscope itemtype=\"https:\/\/schema.org\/ImageGallery\"><\/div>\n","protected":false},"excerpt":{"rendered":"<p>Fabricant fran\u00e7ais de tissus fantaisie, armur\u00e9s, tiss\u00e9s-teints, cha\u00eene et trame. Femme, Enfant Minima : 300 Mt Compositions : poly-cotons\/viscose, 100% coton, 100% viscose, viscose\/\u00e9lasthanne. Repr\u00e9sent\u00e9 par Lionel Roblet. <a href=\"https:\/\/salonamat.com\/index.php\/collections\/tissus\/trouillet\/\" class=\"more-link\">Continuer de lire <span class=\"screen-reader-text\">TROUILLET<\/span><\/a><\/p>\n","protected":false},"author":3,"featured_media":0,"parent":1215,"menu_order":0,"comment_status":"closed","ping_status":"closed","template":"","meta":{"spay_email":""},"categories":[73,15,79,194,162,84,21,24,188,28,93,144,187,100,103,106,109,191,166,123,199,186,39,175,164,43,134,152,154,53,196,195],"tags":[],"jetpack_sharing_enabled":true,"jetpack_shortlink":"https:\/\/wp.me\/P7346W-Cs","jetpack-related-posts":[{"id":825,"url":"https:\/\/salonamat.com\/index.php\/collections\/tissus\/telatex\/","url_meta":{"origin":2384,"position":0},"title":"TELATEX","date":"d\u00e9cembre 22, 2015","format":false,"excerpt":"Fabricant fran\u00e7ais de tissus cha\u00eene-et-trame naturels. PAT, teints, imprim\u00e9s, jacquards. Femme, homme, enfant, sportswear. Coton, laine, viscose, lin, m\u00e9langes. Minimum de commande: 300M + stock service Repr\u00e9sent\u00e9 par Laetitia CORGER.","rel":"","context":"Dans &quot;ameublement&quot;","img":{"alt_text":"","src":"https:\/\/i0.wp.com\/salonamat.com\/wp-content\/uploads\/2023\/05\/TELATEX1.jpg?resize=350%2C200&ssl=1","width":350,"height":200},"classes":[]},{"id":5280,"url":"https:\/\/salonamat.com\/index.php\/collections\/tissus\/tejidos-rebes\/","url_meta":{"origin":2384,"position":1},"title":"TEJIDOS REBES","date":"mai 11, 2023","format":false,"excerpt":"Espagne Chaine & trame uni et imprim\u00e9 (tiss\u00e9 teint, teinture, impressions num\u00e9riques et rotatives) Coton \/ viscose \/ polyester \/ lin\u00a0 PAP homme \/ femme \/ enfant \/ v\u00eatements de travail \/ d\u00e9coration int\u00e9rieure MINIMUM DE COMMANDE : 50m + stock service Repr\u00e9sent\u00e9 par PAUL MESTRALLET","rel":"","context":"Dans &quot;ameublement&quot;","img":{"alt_text":"","src":"https:\/\/i0.wp.com\/salonamat.com\/wp-content\/uploads\/2023\/05\/rebes1.jpg?resize=350%2C200&ssl=1","width":350,"height":200},"classes":[]},{"id":634,"url":"https:\/\/salonamat.com\/index.php\/collections\/tissus\/deveaux\/","url_meta":{"origin":2384,"position":2},"title":"DEVEAUX","date":"d\u00e9cembre 18, 2015","format":false,"excerpt":"Imprimeur fran\u00e7ais de tissus cha\u00eene-et-trame & maille. Rotatif, jet d'encre. Jacquard cha\u00eene-et-trame et maille, fantaisie, maille fils teints. Femme, homme, enfant. D\u00e9veloppements personnalis\u00e9s. Coton, viscose, polyester, acrylique, laine, lin, \u00e9lasthanne... Repr\u00e9sent\u00e9 par Christine Deporte.","rel":"","context":"Dans &quot;acrylique&quot;","img":{"alt_text":"","src":"https:\/\/i0.wp.com\/salonamat.com\/wp-content\/uploads\/2015\/12\/CHRISTINE-DEVEAUX-01-1.jpg?resize=350%2C200","width":350,"height":200},"classes":[]},{"id":4753,"url":"https:\/\/salonamat.com\/index.php\/collections\/tissus\/pontex-2\/","url_meta":{"origin":2384,"position":3},"title":"PONTEX","date":"janvier 2, 2023","format":false,"excerpt":"Italien Tissus pr\u00eats \u00e0 teindre Minima: pas de minimum pour le PAT, 300 mts pour le teint Repr\u00e9sent\u00e9e par Philippe CAZELLES","rel":"","context":"Dans &quot;cha\u00eene et trame&quot;","img":{"alt_text":"","src":"https:\/\/i0.wp.com\/salonamat.com\/wp-content\/uploads\/2023\/01\/pontex-hiver.jpg?resize=350%2C200&ssl=1","width":350,"height":200},"classes":[]},{"id":1045,"url":"https:\/\/salonamat.com\/index.php\/collections\/tissus\/nooteboom-textiles\/","url_meta":{"origin":2384,"position":4},"title":"NOOTEBOOM","date":"d\u00e9cembre 25, 2015","format":false,"excerpt":"Importateur n\u00e9erlandais de tissus fantaisie pour la confection de v\u00eatements. Pr\u00eat \u00e0 Porter F\u00e9minin, Enfant, Homme, v\u00eatement professionnel, vente au m\u00e8tre en ligne et en boutique Minimum de commande: 12 m Repr\u00e9sent\u00e9 R\u00e9mi Oddon.","rel":"","context":"Dans &quot;ameublement&quot;","img":{"alt_text":"","src":"https:\/\/i0.wp.com\/salonamat.com\/wp-content\/uploads\/2015\/12\/REMI-NOOTEBOOM-TEXTILES.jpg?resize=350%2C200","width":350,"height":200},"classes":[]},{"id":6173,"url":"https:\/\/salonamat.com\/index.php\/collections\/tissus\/texprint\/","url_meta":{"origin":2384,"position":5},"title":"TEXPRINT","date":"d\u00e9cembre 19, 2023","format":false,"excerpt":"Fabricant italien de tissus imprim\u00e9s cha\u00eene et trame et maille. Propose toile - serg\u00e9 - satins - cr\u00eapes - georgette - double georgette - cr\u00eape marocain compositions. Composition: coton, coton \u00e9lasthanne, viscose, fibranne, polyamide-viscose. Pas de minimum de commande. Pour le pr\u00eat \u00e0 porter. Possibilit\u00e9 de r\u00e9alisation des dessins clients.\u2026","rel":"","context":"Dans &quot;cha\u00eene et trame&quot;","img":{"alt_text":"","src":"https:\/\/i0.wp.com\/salonamat.com\/wp-content\/uploads\/2023\/12\/TEXPRINT-1.jpg?resize=350%2C200&ssl=1","width":350,"height":200},"classes":[]}],"_links":{"self":[{"href":"https:\/\/salonamat.com\/index.php\/wp-json\/wp\/v2\/pages\/2384"}],"collection":[{"href":"https:\/\/salonamat.com\/index.php\/wp-json\/wp\/v2\/pages"}],"about":[{"href":"https:\/\/salonamat.com\/index.php\/wp-json\/wp\/v2\/types\/page"}],"author":[{"embeddable":true,"href":"https:\/\/salonamat.com\/index.php\/wp-json\/wp\/v2\/users\/3"}],"replies":[{"embeddable":true,"href":"https:\/\/salonamat.com\/index.php\/wp-json\/wp\/v2\/comments?post=2384"}],"version-history":[{"count":5,"href":"https:\/\/salonamat.com\/index.php\/wp-json\/wp\/v2\/pages\/2384\/revisions"}],"predecessor-version":[{"id":5353,"href":"https:\/\/salonamat.com\/index.php\/wp-json\/wp\/v2\/pages\/2384\/revisions\/5353"}],"up":[{"embeddable":true,"href":"https:\/\/salonamat.com\/index.php\/wp-json\/wp\/v2\/pages\/1215"}],"wp:attachment":[{"href":"https:\/\/salonamat.com\/index.php\/wp-json\/wp\/v2\/media?parent=2384"}],"wp:term":[{"taxonomy":"category","embeddable":true,"href":"https:\/\/salonamat.com\/index.php\/wp-json\/wp\/v2\/categories?post=2384"},{"taxonomy":"post_tag","embeddable":true,"href":"https:\/\/salonamat.com\/index.php\/wp-json\/wp\/v2\/tags?post=2384"}],"curies":[{"name":"wp","href":"https:\/\/api.w.org\/{rel}","templated":true}]}}