{"id":2381,"date":"2018-09-04T12:36:36","date_gmt":"2018-09-04T12:36:36","guid":{"rendered":"http:\/\/salonamat.com\/?page_id=2381"},"modified":"2023-05-17T12:13:34","modified_gmt":"2023-05-17T12:13:34","slug":"lionel-roblet","status":"publish","type":"page","link":"https:\/\/salonamat.com\/index.php\/agents\/lionel-roblet\/","title":{"rendered":"Lionel ROBLET"},"content":{"rendered":"<p>\u00a0<\/p>\n<p>14, rue des Guerins<br \/><img data-attachment-id=\"3158\" data-permalink=\"https:\/\/salonamat.com\/index.php\/agents\/lionel-roblet\/lionel-2\/\" data-orig-file=\"https:\/\/i0.wp.com\/salonamat.com\/wp-content\/uploads\/2020\/12\/Lionel.jpg?fit=923%2C1231&amp;ssl=1\" data-orig-size=\"923,1231\" data-comments-opened=\"1\" data-image-meta=\"{&quot;aperture&quot;:&quot;2.2&quot;,&quot;credit&quot;:&quot;&quot;,&quot;camera&quot;:&quot;iPhone 6s Plus&quot;,&quot;caption&quot;:&quot;&quot;,&quot;created_timestamp&quot;:&quot;1605875084&quot;,&quot;copyright&quot;:&quot;&quot;,&quot;focal_length&quot;:&quot;4.15&quot;,&quot;iso&quot;:&quot;160&quot;,&quot;shutter_speed&quot;:&quot;0.02&quot;,&quot;title&quot;:&quot;&quot;,&quot;orientation&quot;:&quot;1&quot;}\" data-image-title=\"Lionel\" data-image-description=\"\" data-image-caption=\"&lt;p&gt;Lionel ROBLET&lt;\/p&gt;\n\" data-medium-file=\"https:\/\/i0.wp.com\/salonamat.com\/wp-content\/uploads\/2020\/12\/Lionel.jpg?fit=225%2C300&amp;ssl=1\" data-large-file=\"https:\/\/i0.wp.com\/salonamat.com\/wp-content\/uploads\/2020\/12\/Lionel.jpg?fit=720%2C960&amp;ssl=1\" decoding=\"async\" loading=\"lazy\" class=\"alignright wp-image-3158 size-medium\" src=\"https:\/\/i0.wp.com\/salonamat.com\/wp-content\/uploads\/2020\/12\/Lionel.jpg?resize=225%2C300\" alt=\"\" width=\"225\" height=\"300\" srcset=\"https:\/\/i0.wp.com\/salonamat.com\/wp-content\/uploads\/2020\/12\/Lionel.jpg?resize=225%2C300&amp;ssl=1 225w, https:\/\/i0.wp.com\/salonamat.com\/wp-content\/uploads\/2020\/12\/Lionel.jpg?resize=768%2C1024&amp;ssl=1 768w, https:\/\/i0.wp.com\/salonamat.com\/wp-content\/uploads\/2020\/12\/Lionel.jpg?resize=67%2C90&amp;ssl=1 67w, https:\/\/i0.wp.com\/salonamat.com\/wp-content\/uploads\/2020\/12\/Lionel.jpg?w=923&amp;ssl=1 923w\" sizes=\"(max-width: 225px) 100vw, 225px\" data-recalc-dims=\"1\" \/><br \/>42120 LE COTEAU\u00a0<\/p>\n<p><a href=\"mailto:lroblet@trouillet-cie.com\">contacter Lionel par courriel en cliquant sur ce lien<\/a><\/p>\n<p>07 71 78 41 47<\/p>\n<p><u><b>MAISONS REPRESENTEES<\/b><\/u><\/p>\n<ul>\n<li><b><a href=\"https:\/\/salonamat.com\/index.php\/collections\/tissus\/trouillet\/\">TROUILLET<\/a><\/b><\/li>\n<\/ul>\n\n\n<p><\/p>\n","protected":false},"excerpt":{"rendered":"<p>\u00a0 14, rue des Guerins42120 LE COTEAU\u00a0 contacter Lionel par courriel en cliquant sur ce lien 07 71 78 41 47 MAISONS REPRESENTEES TROUILLET <a href=\"https:\/\/salonamat.com\/index.php\/agents\/lionel-roblet\/\" class=\"more-link\">Continuer de lire <span class=\"screen-reader-text\">Lionel ROBLET<\/span><\/a><\/p>\n","protected":false},"author":3,"featured_media":0,"parent":1225,"menu_order":0,"comment_status":"closed","ping_status":"closed","template":"","meta":{"spay_email":""},"categories":[4],"tags":[],"jetpack_sharing_enabled":true,"jetpack_shortlink":"https:\/\/wp.me\/P7346W-Cp","jetpack-related-posts":[{"id":1225,"url":"https:\/\/salonamat.com\/index.php\/agents\/","url_meta":{"origin":2381,"position":0},"title":"AGENTS","date":"d\u00e9cembre 14, 2015","format":false,"excerpt":"V\u00e9ronique PEPIN BOLLIETR\u00e9mi OddonPhilippe BERLANDEPaul MestralletOlivier GlorieuxMehdi LagrouKaty PECHOUXGaelle GRISARDFran\u00e7ois ChandelierChristine DEPORTEArmelle BLETTNERLionel ROBLETGilles CANNATOlivier AMBLARD Anne JOUVECaroline GODETSylvie BUSSEUIL","rel":"","context":"Dans &quot;agents&quot;","img":{"alt_text":"","src":"https:\/\/i0.wp.com\/salonamat.com\/wp-content\/uploads\/2015\/12\/VERONIQUE-000-1.jpg?resize=350%2C200&ssl=1","width":350,"height":200},"classes":[]},{"id":2384,"url":"https:\/\/salonamat.com\/index.php\/collections\/tissus\/trouillet\/","url_meta":{"origin":2381,"position":1},"title":"TROUILLET","date":"septembre 4, 2018","format":false,"excerpt":"Fabricant fran\u00e7ais de tissus fantaisie, armur\u00e9s, tiss\u00e9s-teints, cha\u00eene et trame. Femme, Enfant Minima : 300 Mt Compositions : poly-cotons\/viscose, 100% coton, 100% viscose, viscose\/\u00e9lasthanne. Repr\u00e9sent\u00e9 par Lionel Roblet.","rel":"","context":"Dans &quot;cha\u00eene et trame&quot;","img":{"alt_text":"","src":"https:\/\/i0.wp.com\/salonamat.com\/wp-content\/uploads\/2018\/09\/LYDIE-TROUILLET-ANGIE.jpg?resize=350%2C200","width":350,"height":200},"classes":[]}],"_links":{"self":[{"href":"https:\/\/salonamat.com\/index.php\/wp-json\/wp\/v2\/pages\/2381"}],"collection":[{"href":"https:\/\/salonamat.com\/index.php\/wp-json\/wp\/v2\/pages"}],"about":[{"href":"https:\/\/salonamat.com\/index.php\/wp-json\/wp\/v2\/types\/page"}],"author":[{"embeddable":true,"href":"https:\/\/salonamat.com\/index.php\/wp-json\/wp\/v2\/users\/3"}],"replies":[{"embeddable":true,"href":"https:\/\/salonamat.com\/index.php\/wp-json\/wp\/v2\/comments?post=2381"}],"version-history":[{"count":10,"href":"https:\/\/salonamat.com\/index.php\/wp-json\/wp\/v2\/pages\/2381\/revisions"}],"predecessor-version":[{"id":5356,"href":"https:\/\/salonamat.com\/index.php\/wp-json\/wp\/v2\/pages\/2381\/revisions\/5356"}],"up":[{"embeddable":true,"href":"https:\/\/salonamat.com\/index.php\/wp-json\/wp\/v2\/pages\/1225"}],"wp:attachment":[{"href":"https:\/\/salonamat.com\/index.php\/wp-json\/wp\/v2\/media?parent=2381"}],"wp:term":[{"taxonomy":"category","embeddable":true,"href":"https:\/\/salonamat.com\/index.php\/wp-json\/wp\/v2\/categories?post=2381"},{"taxonomy":"post_tag","embeddable":true,"href":"https:\/\/salonamat.com\/index.php\/wp-json\/wp\/v2\/tags?post=2381"}],"curies":[{"name":"wp","href":"https:\/\/api.w.org\/{rel}","templated":true}]}}