{"id":2156,"date":"2016-12-21T17:37:18","date_gmt":"2016-12-21T17:37:18","guid":{"rendered":"http:\/\/salonamat.com\/?page_id=2156"},"modified":"2017-01-05T15:57:09","modified_gmt":"2017-01-05T15:57:09","slug":"prina","status":"publish","type":"page","link":"https:\/\/salonamat.com\/index.php\/collections\/tissus\/prina\/","title":{"rendered":"PRINA"},"content":{"rendered":"<div class=\"entry-content\">\n<p>Converteur italien de tissus cha\u00eene et trame uniquement et haut de gamme.<\/p>\n<p>Les mati\u00e8res pens\u00e9es par le cr\u00e9atif dirigeant sont toutes mises au point et fabriqu\u00e9es en Italie.<\/p>\n<\/div>\n<p>Minima : Les productions sont lanc\u00e9es \u00e0 partir de 300 m, avec possibilit\u00e9s de souplesse et petites quantit\u00e9s dans certains cas par 100 m avec prix major\u00e9.<\/p>\n<div class=\"entry-content\">\n<p>Elles s\u2019adressent \u00e0 la Femme comme \u00e0 l\u2019Homme pour des pantalons, vestes, blousons, jupes, robes, chemises, hauts, manteaux.<\/p>\n<p>Les compositions sont riches de m\u00e9langes\u00a0: viscose, laine, soie, fils fantaisie, etc\u2026<\/p>\n<\/div>\n<p align=\"LEFT\">Repr\u00e9sent\u00e9 par <a href=\"http:\/\/salonamat.com\/index.php\/agents\/territoires-textiles-viviane-gadrey-madani\/\">Viviane Gadrey Madani<\/a>.<\/p>\n","protected":false},"excerpt":{"rendered":"<p>Converteur italien de tissus cha\u00eene et trame uniquement et haut de gamme. Les mati\u00e8res pens\u00e9es par le cr\u00e9atif dirigeant sont toutes mises au point et fabriqu\u00e9es en Italie. Minima : Les productions sont lanc\u00e9es \u00e0 partir de 300 m, avec possibilit\u00e9s de souplesse et petites quantit\u00e9s dans certains cas par 100 m avec prix major\u00e9. Elles s\u2019adressent \u00e0 la Femme comme \u00e0 l\u2019Homme pour des &hellip; <a href=\"https:\/\/salonamat.com\/index.php\/collections\/tissus\/prina\/\" class=\"more-link\">Continuer de lire <span class=\"screen-reader-text\">PRINA<\/span><\/a><\/p>\n","protected":false},"author":2,"featured_media":0,"parent":1215,"menu_order":0,"comment_status":"closed","ping_status":"closed","template":"","meta":{"spay_email":""},"categories":[73,24,28,96,32,109,39,131,53],"tags":[],"jetpack_sharing_enabled":true,"jetpack_shortlink":"https:\/\/wp.me\/P7346W-yM","jetpack-related-posts":[{"id":634,"url":"https:\/\/salonamat.com\/index.php\/collections\/tissus\/deveaux\/","url_meta":{"origin":2156,"position":0},"title":"DEVEAUX","date":"d\u00e9cembre 18, 2015","format":false,"excerpt":"Imprimeur fran\u00e7ais de tissus cha\u00eene-et-trame & maille. Rotatif, jet d'encre. Jacquard cha\u00eene-et-trame et maille, fantaisie, maille fils teints. Femme, homme, enfant. D\u00e9veloppements personnalis\u00e9s. Coton, viscose, polyester, acrylique, laine, lin, \u00e9lasthanne... Repr\u00e9sent\u00e9 par Christine Deporte.","rel":"","context":"Dans &quot;acrylique&quot;","img":{"alt_text":"","src":"https:\/\/i0.wp.com\/salonamat.com\/wp-content\/uploads\/2015\/12\/CHRISTINE-DEVEAUX-01-1.jpg?resize=350%2C200","width":350,"height":200},"classes":[]},{"id":624,"url":"https:\/\/salonamat.com\/index.php\/collections\/tissus\/kbc\/","url_meta":{"origin":2156,"position":1},"title":"KBC","date":"d\u00e9cembre 18, 2015","format":false,"excerpt":"Imprimeur Allemand cha\u00eene-et-trame et maille. Femme, enfant. Coton, viscose, soie, polyester, lin, m\u00e9langes... Repr\u00e9sent\u00e9 par Paul Mestrallet.","rel":"","context":"Dans &quot;cha\u00eene et trame&quot;","img":{"alt_text":"","src":"https:\/\/i0.wp.com\/salonamat.com\/wp-content\/uploads\/2015\/12\/GAELLE-KBC-1.jpg?resize=350%2C200","width":350,"height":200},"classes":[]},{"id":974,"url":"https:\/\/salonamat.com\/index.php\/collections\/tissus\/infinity-jjmoon\/","url_meta":{"origin":2156,"position":2},"title":"INFINITY JJMOON","date":"d\u00e9cembre 24, 2015","format":false,"excerpt":"Fabricant italien de tissus cha\u00eene-et-trame qualit\u00e9s fluides. Femme. Minima : 300 Mt Coton, modal, cupro, soie, viscose, m\u00e9langes. Repr\u00e9sent\u00e9 par Marc Cazelles.","rel":"","context":"Dans &quot;cha\u00eene et trame&quot;","img":{"alt_text":"","src":"https:\/\/i0.wp.com\/salonamat.com\/wp-content\/uploads\/2015\/12\/MARC-INFINITY-JJMOON-1.jpg?resize=350%2C200","width":350,"height":200},"classes":[]},{"id":881,"url":"https:\/\/salonamat.com\/index.php\/collections\/tissus\/ab-creations-fabien-doligez\/","url_meta":{"origin":2156,"position":3},"title":"AB CREATIONS \/ FABIEN DOLIGEZ","date":"d\u00e9cembre 22, 2015","format":false,"excerpt":"Fabricant fran\u00e7ais de tissus cha\u00eene-et-trame, nouveaut\u00e9s lyonnaises, fantaisie. Minima : 300 mt Femme. Laine, viscose, polyester, coton, acrylique, m\u00e9langes. Repr\u00e9sent\u00e9 par Gilles Ogier.","rel":"","context":"Dans &quot;acrylique&quot;","img":{"alt_text":"","src":"https:\/\/i0.wp.com\/salonamat.com\/wp-content\/uploads\/2015\/12\/GILLES-AB-CREATIONS-FABIEN-DOLIGEZ-1.jpg?resize=350%2C200","width":350,"height":200},"classes":[]},{"id":1063,"url":"https:\/\/salonamat.com\/index.php\/collections\/tissus\/seride\/","url_meta":{"origin":2156,"position":4},"title":"SERIDE","date":"d\u00e9cembre 25, 2015","format":false,"excerpt":"Imprimeur italien sur maille et cha\u00eene-et-trame, jet d'encre \/ cadres plats. Beaux supports, nombreuses finitions, large gamme, contre-collages, laminations. Dessins exclusifs ou archives \u00e0 disposition. Minima : 50 Mt. Femme. Laine, viscose, polyester, coton, m\u00e9langes. Repr\u00e9sent\u00e9 par Viviane Gadrey Madani.","rel":"","context":"Dans &quot;cha\u00eene et trame&quot;","img":{"alt_text":"","src":"https:\/\/i0.wp.com\/salonamat.com\/wp-content\/uploads\/2015\/12\/VIVIANE-SERIDE-1.jpg?resize=350%2C200","width":350,"height":200},"classes":[]},{"id":4429,"url":"https:\/\/salonamat.com\/index.php\/collections\/tissus\/fasac\/","url_meta":{"origin":2156,"position":5},"title":"FASAC","date":"juin 21, 2022","format":false,"excerpt":"Imprimeur italien. Tout type de supports, Maille et Cha\u00eene et Trame. Compositions : Soie, Coton, Polyester, Viscose. PAP et Lingerie \/ Bain. Joli choix de bases \u00e9co-responsables et recycl\u00e9es. Travail d\u2019impression \u00e0 fa\u00e7on \u00e9galement possible. Repr\u00e9sent\u00e9 par Armelle Blettner et Anne Jouve.","rel":"","context":"Dans &quot;bain&quot;","img":{"alt_text":"","src":"https:\/\/i0.wp.com\/salonamat.com\/wp-content\/uploads\/2022\/06\/FASAC-01.jpeg?resize=350%2C200&ssl=1","width":350,"height":200},"classes":[]}],"_links":{"self":[{"href":"https:\/\/salonamat.com\/index.php\/wp-json\/wp\/v2\/pages\/2156"}],"collection":[{"href":"https:\/\/salonamat.com\/index.php\/wp-json\/wp\/v2\/pages"}],"about":[{"href":"https:\/\/salonamat.com\/index.php\/wp-json\/wp\/v2\/types\/page"}],"author":[{"embeddable":true,"href":"https:\/\/salonamat.com\/index.php\/wp-json\/wp\/v2\/users\/2"}],"replies":[{"embeddable":true,"href":"https:\/\/salonamat.com\/index.php\/wp-json\/wp\/v2\/comments?post=2156"}],"version-history":[{"count":3,"href":"https:\/\/salonamat.com\/index.php\/wp-json\/wp\/v2\/pages\/2156\/revisions"}],"predecessor-version":[{"id":2166,"href":"https:\/\/salonamat.com\/index.php\/wp-json\/wp\/v2\/pages\/2156\/revisions\/2166"}],"up":[{"embeddable":true,"href":"https:\/\/salonamat.com\/index.php\/wp-json\/wp\/v2\/pages\/1215"}],"wp:attachment":[{"href":"https:\/\/salonamat.com\/index.php\/wp-json\/wp\/v2\/media?parent=2156"}],"wp:term":[{"taxonomy":"category","embeddable":true,"href":"https:\/\/salonamat.com\/index.php\/wp-json\/wp\/v2\/categories?post=2156"},{"taxonomy":"post_tag","embeddable":true,"href":"https:\/\/salonamat.com\/index.php\/wp-json\/wp\/v2\/tags?post=2156"}],"curies":[{"name":"wp","href":"https:\/\/api.w.org\/{rel}","templated":true}]}}