{"id":2111,"date":"2016-09-10T16:48:44","date_gmt":"2016-09-10T16:48:44","guid":{"rendered":"http:\/\/salonamat.com\/?page_id=2111"},"modified":"2016-09-10T16:48:44","modified_gmt":"2016-09-10T16:48:44","slug":"nk-textiles","status":"publish","type":"page","link":"https:\/\/salonamat.com\/index.php\/collections\/tissus\/nk-textiles\/","title":{"rendered":"NK TEXTILES"},"content":{"rendered":"<div class=\"entry-content\">\n<p>Fabricant italien de tissus fantaisie<\/p>\n<p>Minima : 500 Mt. \/ couleur.<\/p>\n<\/div>\n<div class=\"entry-content\">\n<p>Femme \/ Homme.<\/p>\n<p>Coton \/ Lycra.<\/p>\n<\/div>\n<p align=\"LEFT\">Repr\u00e9sent\u00e9 par <a href=\"http:\/\/salonamat.com\/index.php\/agents\/philippe-pannel\/\">Philippe Pannel<\/a><\/p>\n","protected":false},"excerpt":{"rendered":"<p>Fabricant italien de tissus fantaisie Minima : 500 Mt. \/ couleur. Femme \/ Homme. Coton \/ Lycra. Repr\u00e9sent\u00e9 par Philippe Pannel <a href=\"https:\/\/salonamat.com\/index.php\/collections\/tissus\/nk-textiles\/\" class=\"more-link\">Continuer de lire <span class=\"screen-reader-text\">NK TEXTILES<\/span><\/a><\/p>\n","protected":false},"author":2,"featured_media":0,"parent":1215,"menu_order":0,"comment_status":"closed","ping_status":"closed","template":"","meta":{"spay_email":""},"categories":[79,24,28,105,35,39,46],"tags":[],"jetpack_sharing_enabled":true,"jetpack_shortlink":"https:\/\/wp.me\/P7346W-y3","jetpack-related-posts":[{"id":2108,"url":"https:\/\/salonamat.com\/index.php\/collections\/tissus\/kipas\/","url_meta":{"origin":2111,"position":0},"title":"KIPAS","date":"septembre 10, 2016","format":false,"excerpt":"Fabricant turc de denim sportswear Minima : 1000 Mt. \/ couleur. Femme \/ Homme \/ Enfant. Coton \/ Lycra. Repr\u00e9sent\u00e9 par Philippe Pannel","rel":"","context":"Dans &quot;cha\u00eene et trame&quot;","img":{"alt_text":"","src":"","width":0,"height":0},"classes":[]},{"id":827,"url":"https:\/\/salonamat.com\/index.php\/collections\/tissus\/knipidee\/","url_meta":{"origin":2111,"position":1},"title":"KNIPIDEE","date":"d\u00e9cembre 22, 2015","format":false,"excerpt":"Importateur n\u00e9erlandais de tissus cha\u00eene-et-trame et maille. Minima : 15 mt sur stock. Femme, homme, enfant. Toutes compositions. Petites quantit\u00e9s. Repr\u00e9sent\u00e9 par V\u00e9ronique PEPIN BOLLIET","rel":"","context":"Dans &quot;ac\u00e9tate&quot;","img":{"alt_text":"","src":"https:\/\/i0.wp.com\/salonamat.com\/wp-content\/uploads\/2015\/12\/ANNE-KNIPIDEE-1.jpg?resize=350%2C200","width":350,"height":200},"classes":[]},{"id":4757,"url":"https:\/\/salonamat.com\/index.php\/collections\/tissus\/new-junior\/","url_meta":{"origin":2111,"position":2},"title":"NEW JUNIOR","date":"janvier 2, 2023","format":false,"excerpt":"Espagne Femme\/ homme Sportswear Minima: \u00a0Pas de minimum pour le PAT, 300 mts pour le teint Repr\u00e9sent\u00e9e par Philippe CAZELLES","rel":"","context":"Dans &quot;cha\u00eene et trame&quot;","img":{"alt_text":"","src":"","width":0,"height":0},"classes":[]},{"id":4753,"url":"https:\/\/salonamat.com\/index.php\/collections\/tissus\/pontex-2\/","url_meta":{"origin":2111,"position":3},"title":"PONTEX","date":"janvier 2, 2023","format":false,"excerpt":"Italien Tissus pr\u00eats \u00e0 teindre Minima: pas de minimum pour le PAT, 300 mts pour le teint Repr\u00e9sent\u00e9e par Philippe CAZELLES","rel":"","context":"Dans &quot;cha\u00eene et trame&quot;","img":{"alt_text":"","src":"https:\/\/i0.wp.com\/salonamat.com\/wp-content\/uploads\/2023\/01\/pontex-hiver.jpg?resize=350%2C200&ssl=1","width":350,"height":200},"classes":[]},{"id":792,"url":"https:\/\/salonamat.com\/index.php\/collections\/tissus\/azzurra-gazzella\/","url_meta":{"origin":2111,"position":4},"title":"AZZURRA GAZZELLA","date":"d\u00e9cembre 22, 2015","format":false,"excerpt":"Tissus Imprim\u00e9s. Collection PAP \/ Lingerie \/ bain. Femme. Viscose, modal, coton, \u00e9lasthanne, lycra, xtralife, polyamide. Repr\u00e9sent\u00e9 par Armelle Blettner et Anne Jouve.","rel":"","context":"Dans &quot;bain&quot;","img":{"alt_text":"","src":"https:\/\/i0.wp.com\/salonamat.com\/wp-content\/uploads\/2015\/12\/ARMELLE-MIROGLIO-DREAM-1.jpg?resize=350%2C200","width":350,"height":200},"classes":[]},{"id":1045,"url":"https:\/\/salonamat.com\/index.php\/collections\/tissus\/nooteboom-textiles\/","url_meta":{"origin":2111,"position":5},"title":"NOOTEBOOM","date":"d\u00e9cembre 25, 2015","format":false,"excerpt":"Importateur n\u00e9erlandais de tissus fantaisie pour la confection de v\u00eatements. Pr\u00eat \u00e0 Porter F\u00e9minin, Enfant, Homme, v\u00eatement professionnel, vente au m\u00e8tre en ligne et en boutique Minimum de commande: 12 m Repr\u00e9sent\u00e9 R\u00e9mi Oddon.","rel":"","context":"Dans &quot;ameublement&quot;","img":{"alt_text":"","src":"https:\/\/i0.wp.com\/salonamat.com\/wp-content\/uploads\/2015\/12\/REMI-NOOTEBOOM-TEXTILES.jpg?resize=350%2C200","width":350,"height":200},"classes":[]}],"_links":{"self":[{"href":"https:\/\/salonamat.com\/index.php\/wp-json\/wp\/v2\/pages\/2111"}],"collection":[{"href":"https:\/\/salonamat.com\/index.php\/wp-json\/wp\/v2\/pages"}],"about":[{"href":"https:\/\/salonamat.com\/index.php\/wp-json\/wp\/v2\/types\/page"}],"author":[{"embeddable":true,"href":"https:\/\/salonamat.com\/index.php\/wp-json\/wp\/v2\/users\/2"}],"replies":[{"embeddable":true,"href":"https:\/\/salonamat.com\/index.php\/wp-json\/wp\/v2\/comments?post=2111"}],"version-history":[{"count":1,"href":"https:\/\/salonamat.com\/index.php\/wp-json\/wp\/v2\/pages\/2111\/revisions"}],"predecessor-version":[{"id":2112,"href":"https:\/\/salonamat.com\/index.php\/wp-json\/wp\/v2\/pages\/2111\/revisions\/2112"}],"up":[{"embeddable":true,"href":"https:\/\/salonamat.com\/index.php\/wp-json\/wp\/v2\/pages\/1215"}],"wp:attachment":[{"href":"https:\/\/salonamat.com\/index.php\/wp-json\/wp\/v2\/media?parent=2111"}],"wp:term":[{"taxonomy":"category","embeddable":true,"href":"https:\/\/salonamat.com\/index.php\/wp-json\/wp\/v2\/categories?post=2111"},{"taxonomy":"post_tag","embeddable":true,"href":"https:\/\/salonamat.com\/index.php\/wp-json\/wp\/v2\/tags?post=2111"}],"curies":[{"name":"wp","href":"https:\/\/api.w.org\/{rel}","templated":true}]}}