{"id":2079,"date":"2016-05-03T16:41:59","date_gmt":"2016-05-03T16:41:59","guid":{"rendered":"http:\/\/salonamat.com\/?page_id=2079"},"modified":"2016-05-03T16:41:59","modified_gmt":"2016-05-03T16:41:59","slug":"tacchini","status":"publish","type":"page","link":"https:\/\/salonamat.com\/index.php\/collections\/accessoires\/tacchini\/","title":{"rendered":"TACCHINI"},"content":{"rendered":"<p>Fabricant italien de boutons, boucles, anneaux.<\/p>\n<p>Homme, Femme, Enfant.<\/p>\n<p>Acrylique, bois, corne, corozo, cuir, galastil, m\u00e9tal, nacre, nylon, polyamide, polyester, r\u00e9sine, soie, zamac&#8230;<\/p>\n<p>Repr\u00e9sent\u00e9 par <a href=\"http:\/\/salonamat.com\/index.php\/agents\/veronique-pepin-bolliet\/\">V\u00e9ronique P\u00e9pin Bolliet.<\/a><\/p>\n<p class=\"jetpack-slideshow-noscript robots-nocontent\">Ce diaporama n\u00e9cessite JavaScript.<\/p><div id=\"gallery-2079-1-slideshow\" class=\"jetpack-slideshow-window jetpack-slideshow jetpack-slideshow-black\" data-trans=\"fade\" data-autostart=\"1\" data-gallery=\"[{&quot;src&quot;:&quot;https:\\\/\\\/i0.wp.com\\\/salonamat.com\\\/wp-content\\\/uploads\\\/2016\\\/05\\\/VERONIQUE-TACCHINI.jpg?fit=1000%2C667\\u0026ssl=1&quot;,&quot;id&quot;:&quot;2012&quot;,&quot;title&quot;:&quot;VERONIQUE-TACCHINI&quot;,&quot;alt&quot;:&quot;&quot;,&quot;caption&quot;:&quot;&quot;,&quot;itemprop&quot;:&quot;image&quot;}]\" itemscope itemtype=\"https:\/\/schema.org\/ImageGallery\"><\/div>\n","protected":false},"excerpt":{"rendered":"<p>Fabricant italien de boutons, boucles, anneaux. Homme, Femme, Enfant. Acrylique, bois, corne, corozo, cuir, galastil, m\u00e9tal, nacre, nylon, polyamide, polyester, r\u00e9sine, soie, zamac&#8230; Repr\u00e9sent\u00e9 par V\u00e9ronique P\u00e9pin Bolliet. <a href=\"https:\/\/salonamat.com\/index.php\/collections\/accessoires\/tacchini\/\" class=\"more-link\">Continuer de lire <span class=\"screen-reader-text\">TACCHINI<\/span><\/a><\/p>\n","protected":false},"author":2,"featured_media":0,"parent":1216,"menu_order":0,"comment_status":"closed","ping_status":"closed","template":"","meta":{"spay_email":""},"categories":[2,60,62,68,6,7,8,77,78,80,82,21,24,89,28,31,111,112,35,115,117,138,122,124,39,129,40,43,47,56],"tags":[],"jetpack_sharing_enabled":true,"jetpack_shortlink":"https:\/\/wp.me\/P7346W-xx","jetpack-related-posts":[{"id":802,"url":"https:\/\/salonamat.com\/index.php\/collections\/accessoires\/disboton\/","url_meta":{"origin":2079,"position":0},"title":"DISBOTON","date":"d\u00e9cembre 22, 2015","format":false,"excerpt":"Fabricant espagnol de boutons \u00e0 coudre. Tarifs entr\u00e9e de gamme. Femme, homme, enfant. Polyester, nacre, nylon, nylon m\u00e9tal, corne, corozo, bois, cuir lavable. Repr\u00e9sent\u00e9 par Armelle Blettner.","rel":"","context":"Dans &quot;accessoires&quot;","img":{"alt_text":"","src":"https:\/\/i0.wp.com\/salonamat.com\/wp-content\/uploads\/2015\/12\/ARMELLE-DISBOTON-1.jpg?resize=350%2C200","width":350,"height":200},"classes":[]},{"id":2740,"url":"https:\/\/salonamat.com\/index.php\/collections\/accessoires\/vip-design\/","url_meta":{"origin":2079,"position":1},"title":"VIP DESIGN","date":"janvier 3, 2020","format":false,"excerpt":"Fabricant allemand de boutons. www.vip-design.de Soci\u00e9t\u00e9 repr\u00e9sent\u00e9e par Olivier Amblard et Gilles Cannat.","rel":"","context":"Dans &quot;accessoires&quot;","img":{"alt_text":"","src":"https:\/\/i0.wp.com\/salonamat.com\/wp-content\/uploads\/2023\/03\/Vip-Design-1.jpg?resize=350%2C200&ssl=1","width":350,"height":200},"classes":[]},{"id":4749,"url":"https:\/\/salonamat.com\/index.php\/collections\/accessoires\/metalbottoni\/","url_meta":{"origin":2079,"position":2},"title":"METALBOTTONI","date":"janvier 2, 2023","format":false,"excerpt":"Italie Fabricant italien d'articles m\u00e9tallique Boutons \/ rivets\/ boucles... Minima: 1 000 pi\u00e8ces Repr\u00e9sent\u00e9 par Philippe CAZELLES","rel":"","context":"Dans &quot;accessoires&quot;","img":{"alt_text":"","src":"","width":0,"height":0},"classes":[]},{"id":10110,"url":"https:\/\/salonamat.com\/index.php\/collections\/accessoires\/disgosa\/","url_meta":{"origin":2079,"position":3},"title":"DISGOSA","date":"octobre 29, 2025","format":false,"excerpt":"Fabricant espagnol de boutons \u00e0 coudre et accessoires. Tarifs entr\u00e9e de gamme. Femme, homme, enfant. Polyester, nacre, nylon, nylon m\u00e9tal, corne, corozo, bois, cuir lavable. Repr\u00e9sent\u00e9 par Armelle Blettner et Anne Jouve.","rel":"","context":"Dans &quot;accessoires&quot;","img":{"alt_text":"","src":"","width":0,"height":0},"classes":[]},{"id":10111,"url":"https:\/\/salonamat.com\/index.php\/collections\/accessoires\/nemark\/","url_meta":{"origin":2079,"position":4},"title":"NEMARK","date":"octobre 29, 2025","format":false,"excerpt":"Fabricant espagnol de boutons \u00e0 coudre et accessoires. Tarifs entr\u00e9e de gamme. Femme, homme, enfant. Polyester, nacre, nylon, nylon m\u00e9tal, corne, corozo, bois, cuir lavable. Repr\u00e9sent\u00e9 par Armelle Blettner et Anne Jouve.","rel":"","context":"Dans &quot;accessoires&quot;","img":{"alt_text":"","src":"","width":0,"height":0},"classes":[]},{"id":885,"url":"https:\/\/salonamat.com\/index.php\/collections\/accessoires\/sandra-b\/","url_meta":{"origin":2079,"position":5},"title":"SANDRA B.","date":"d\u00e9cembre 22, 2015","format":false,"excerpt":"Fabricant italien de boutons \u00e0 coudre, boucles et accessoires divers. Pas de minima. Gravure laser Femme, homme, enfant. M\u00e9tal, nacre, corozo, polyester, nylon, corne. Repr\u00e9sent\u00e9 par Paul Mestrallet.","rel":"","context":"Dans &quot;accessoires&quot;","img":{"alt_text":"","src":"https:\/\/i0.wp.com\/salonamat.com\/wp-content\/uploads\/2015\/12\/GILLES-SANDRA-B-1.jpg?resize=350%2C200","width":350,"height":200},"classes":[]}],"_links":{"self":[{"href":"https:\/\/salonamat.com\/index.php\/wp-json\/wp\/v2\/pages\/2079"}],"collection":[{"href":"https:\/\/salonamat.com\/index.php\/wp-json\/wp\/v2\/pages"}],"about":[{"href":"https:\/\/salonamat.com\/index.php\/wp-json\/wp\/v2\/types\/page"}],"author":[{"embeddable":true,"href":"https:\/\/salonamat.com\/index.php\/wp-json\/wp\/v2\/users\/2"}],"replies":[{"embeddable":true,"href":"https:\/\/salonamat.com\/index.php\/wp-json\/wp\/v2\/comments?post=2079"}],"version-history":[{"count":1,"href":"https:\/\/salonamat.com\/index.php\/wp-json\/wp\/v2\/pages\/2079\/revisions"}],"predecessor-version":[{"id":2080,"href":"https:\/\/salonamat.com\/index.php\/wp-json\/wp\/v2\/pages\/2079\/revisions\/2080"}],"up":[{"embeddable":true,"href":"https:\/\/salonamat.com\/index.php\/wp-json\/wp\/v2\/pages\/1216"}],"wp:attachment":[{"href":"https:\/\/salonamat.com\/index.php\/wp-json\/wp\/v2\/media?parent=2079"}],"wp:term":[{"taxonomy":"category","embeddable":true,"href":"https:\/\/salonamat.com\/index.php\/wp-json\/wp\/v2\/categories?post=2079"},{"taxonomy":"post_tag","embeddable":true,"href":"https:\/\/salonamat.com\/index.php\/wp-json\/wp\/v2\/tags?post=2079"}],"curies":[{"name":"wp","href":"https:\/\/api.w.org\/{rel}","templated":true}]}}