{"id":2074,"date":"2016-05-03T16:28:59","date_gmt":"2016-05-03T16:28:59","guid":{"rendered":"http:\/\/salonamat.com\/?page_id=2074"},"modified":"2016-05-03T16:28:59","modified_gmt":"2016-05-03T16:28:59","slug":"vandelden","status":"publish","type":"page","link":"https:\/\/salonamat.com\/index.php\/collections\/tissus\/vandelden\/","title":{"rendered":"VANDELDEN"},"content":{"rendered":"<p>Fabricant allemand de tissus pour pantalon, unis et fantaisie.<\/p>\n<p>Femme, homme.<\/p>\n<p>Minima : 1000 Mt.<\/p>\n<p>Compositions : coton, coton \/ \u00e9lasthanne.<\/p>\n<p>Maison repr\u00e9sent\u00e9e par <a href=\"http:\/\/salonamat.com\/index.php\/agents\/francois-chandelier\/\">Fran\u00e7ois Chandelier<\/a>.<\/p>\n","protected":false},"excerpt":{"rendered":"<p>Fabricant allemand de tissus pour pantalon, unis et fantaisie. Femme, homme. Minima : 1000 Mt. Compositions : coton, coton \/ \u00e9lasthanne. Maison repr\u00e9sent\u00e9e par Fran\u00e7ois Chandelier. <a href=\"https:\/\/salonamat.com\/index.php\/collections\/tissus\/vandelden\/\" class=\"more-link\">Continuer de lire <span class=\"screen-reader-text\">VANDELDEN<\/span><\/a><\/p>\n","protected":false},"author":2,"featured_media":0,"parent":1215,"menu_order":0,"comment_status":"closed","ping_status":"closed","template":"","meta":{"spay_email":""},"categories":[73,79,84,22,24,28,110,35,39,46],"tags":[],"jetpack_sharing_enabled":true,"jetpack_shortlink":"https:\/\/wp.me\/P7346W-xs","jetpack-related-posts":[{"id":864,"url":"https:\/\/salonamat.com\/index.php\/collections\/tissus\/rsp-51\/","url_meta":{"origin":2074,"position":0},"title":"RSP 51","date":"d\u00e9cembre 22, 2015","format":false,"excerpt":"Fabricant espagnol de denim pour chemises, pantalons et robes. Minima : 500 mt. Femme, homme, enfant. Coton, \u00e9lasthanne, tencel. Repr\u00e9sent\u00e9 par Paul Mestrallet.","rel":"","context":"Dans &quot;cha\u00eene et trame&quot;","img":{"alt_text":"","src":"https:\/\/i0.wp.com\/salonamat.com\/wp-content\/uploads\/2015\/12\/PAUL-RSP51-1.jpg?resize=350%2C200","width":350,"height":200},"classes":[]},{"id":997,"url":"https:\/\/salonamat.com\/index.php\/collections\/tissus\/alfa-fi\/","url_meta":{"origin":2074,"position":1},"title":"ALFA-FI","date":"d\u00e9cembre 24, 2015","format":false,"excerpt":"Fabricant italien de cha\u00eene-et-trame, tiss\u00e9s classiques. Minima : 300 Mt Femme, homme. Coton, polyester, \u00e9lasthanne, laine, m\u00e9langes. Repr\u00e9sent\u00e9 par V\u00e9ronique P\u00e9pin Bolliet. \u00a0","rel":"","context":"Dans &quot;cha\u00eene et trame&quot;","img":{"alt_text":"","src":"https:\/\/i0.wp.com\/salonamat.com\/wp-content\/uploads\/2015\/12\/VERONIQUE-ALFA-FI-1.jpg?resize=350%2C200","width":350,"height":200},"classes":[]},{"id":634,"url":"https:\/\/salonamat.com\/index.php\/collections\/tissus\/deveaux\/","url_meta":{"origin":2074,"position":2},"title":"DEVEAUX","date":"d\u00e9cembre 18, 2015","format":false,"excerpt":"Imprimeur fran\u00e7ais de tissus cha\u00eene-et-trame & maille. Rotatif, jet d'encre. Jacquard cha\u00eene-et-trame et maille, fantaisie, maille fils teints. Femme, homme, enfant. D\u00e9veloppements personnalis\u00e9s. Coton, viscose, polyester, acrylique, laine, lin, \u00e9lasthanne... Repr\u00e9sent\u00e9 par Christine Deporte.","rel":"","context":"Dans &quot;acrylique&quot;","img":{"alt_text":"","src":"https:\/\/i0.wp.com\/salonamat.com\/wp-content\/uploads\/2015\/12\/CHRISTINE-DEVEAUX-01-1.jpg?resize=350%2C200","width":350,"height":200},"classes":[]},{"id":825,"url":"https:\/\/salonamat.com\/index.php\/collections\/tissus\/telatex\/","url_meta":{"origin":2074,"position":3},"title":"TELATEX","date":"d\u00e9cembre 22, 2015","format":false,"excerpt":"Fabricant fran\u00e7ais de tissus cha\u00eene-et-trame naturels. PAT, teints, imprim\u00e9s, jacquards. Femme, homme, enfant, sportswear. Coton, laine, viscose, lin, m\u00e9langes. Minimum de commande: 300M + stock service Repr\u00e9sent\u00e9 par Laetitia CORGER.","rel":"","context":"Dans &quot;ameublement&quot;","img":{"alt_text":"","src":"https:\/\/i0.wp.com\/salonamat.com\/wp-content\/uploads\/2023\/05\/TELATEX1.jpg?resize=350%2C200&ssl=1","width":350,"height":200},"classes":[]},{"id":4772,"url":"https:\/\/salonamat.com\/index.php\/collections\/tissus\/olmetex\/","url_meta":{"origin":2074,"position":4},"title":"OLMETEX","date":"janvier 2, 2023","format":false,"excerpt":"Italie Tissus techniques Minima: 200 mts minimum Repr\u00e9sent\u00e9e par Philippe CAZELLES","rel":"","context":"Dans &quot;cha\u00eene et trame&quot;","img":{"alt_text":"","src":"https:\/\/i0.wp.com\/salonamat.com\/wp-content\/uploads\/2023\/01\/OLMETEX-2.jpeg?resize=350%2C200&ssl=1","width":350,"height":200},"classes":[]},{"id":4753,"url":"https:\/\/salonamat.com\/index.php\/collections\/tissus\/pontex-2\/","url_meta":{"origin":2074,"position":5},"title":"PONTEX","date":"janvier 2, 2023","format":false,"excerpt":"Italien Tissus pr\u00eats \u00e0 teindre Minima: pas de minimum pour le PAT, 300 mts pour le teint Repr\u00e9sent\u00e9e par Philippe CAZELLES","rel":"","context":"Dans &quot;cha\u00eene et trame&quot;","img":{"alt_text":"","src":"https:\/\/i0.wp.com\/salonamat.com\/wp-content\/uploads\/2023\/01\/pontex-hiver.jpg?resize=350%2C200&ssl=1","width":350,"height":200},"classes":[]}],"_links":{"self":[{"href":"https:\/\/salonamat.com\/index.php\/wp-json\/wp\/v2\/pages\/2074"}],"collection":[{"href":"https:\/\/salonamat.com\/index.php\/wp-json\/wp\/v2\/pages"}],"about":[{"href":"https:\/\/salonamat.com\/index.php\/wp-json\/wp\/v2\/types\/page"}],"author":[{"embeddable":true,"href":"https:\/\/salonamat.com\/index.php\/wp-json\/wp\/v2\/users\/2"}],"replies":[{"embeddable":true,"href":"https:\/\/salonamat.com\/index.php\/wp-json\/wp\/v2\/comments?post=2074"}],"version-history":[{"count":1,"href":"https:\/\/salonamat.com\/index.php\/wp-json\/wp\/v2\/pages\/2074\/revisions"}],"predecessor-version":[{"id":2075,"href":"https:\/\/salonamat.com\/index.php\/wp-json\/wp\/v2\/pages\/2074\/revisions\/2075"}],"up":[{"embeddable":true,"href":"https:\/\/salonamat.com\/index.php\/wp-json\/wp\/v2\/pages\/1215"}],"wp:attachment":[{"href":"https:\/\/salonamat.com\/index.php\/wp-json\/wp\/v2\/media?parent=2074"}],"wp:term":[{"taxonomy":"category","embeddable":true,"href":"https:\/\/salonamat.com\/index.php\/wp-json\/wp\/v2\/categories?post=2074"},{"taxonomy":"post_tag","embeddable":true,"href":"https:\/\/salonamat.com\/index.php\/wp-json\/wp\/v2\/tags?post=2074"}],"curies":[{"name":"wp","href":"https:\/\/api.w.org\/{rel}","templated":true}]}}