{"id":1769,"date":"2015-12-28T10:17:35","date_gmt":"2015-12-28T10:17:35","guid":{"rendered":"http:\/\/salonamat.com\/?page_id=1769"},"modified":"2023-05-17T10:43:43","modified_gmt":"2023-05-17T10:43:43","slug":"manubens","status":"publish","type":"page","link":"https:\/\/salonamat.com\/index.php\/collections\/accessoires\/manubens\/","title":{"rendered":"MANUBENS"},"content":{"rendered":"<div class=\"entry-content\">\n<p>Fabricant espagnol de rubans.<\/p>\n<\/div>\n<div class=\"entry-content\">\n<\/div>\n<p align=\"LEFT\"><a href=\"http:\/\/salonamat.com\/index.php\/agents\/olivier-amblard-et-gilles-cannat\/\">Repr\u00e9sent\u00e9 par Olivier Amblard et Gilles Cannat<\/a><\/p>\n<p class=\"jetpack-slideshow-noscript robots-nocontent\">Ce diaporama n\u00e9cessite JavaScript.<\/p><div id=\"gallery-1769-1-slideshow\" class=\"jetpack-slideshow-window jetpack-slideshow jetpack-slideshow-black\" data-trans=\"fade\" data-autostart=\"1\" data-gallery=\"[{&quot;src&quot;:&quot;https:\\\/\\\/i0.wp.com\\\/salonamat.com\\\/wp-content\\\/uploads\\\/2015\\\/12\\\/JEAN-PHILIPPE-MANUBENS-1.jpg?fit=720%2C480\\u0026ssl=1&quot;,&quot;id&quot;:&quot;479&quot;,&quot;title&quot;:&quot;JEAN-PHILIPPE-MANUBENS&quot;,&quot;alt&quot;:&quot;&quot;,&quot;caption&quot;:&quot;&quot;,&quot;itemprop&quot;:&quot;image&quot;},{&quot;src&quot;:&quot;https:\\\/\\\/i0.wp.com\\\/salonamat.com\\\/wp-content\\\/uploads\\\/2020\\\/12\\\/MANUBENS1-2.png?fit=475%2C299\\u0026ssl=1&quot;,&quot;id&quot;:&quot;3225&quot;,&quot;title&quot;:&quot;MANUBENS1&quot;,&quot;alt&quot;:&quot;&quot;,&quot;caption&quot;:&quot;&quot;,&quot;itemprop&quot;:&quot;image&quot;},{&quot;src&quot;:&quot;https:\\\/\\\/i0.wp.com\\\/salonamat.com\\\/wp-content\\\/uploads\\\/2020\\\/12\\\/MANUBENS2-2.png?fit=720%2C213\\u0026ssl=1&quot;,&quot;id&quot;:&quot;3226&quot;,&quot;title&quot;:&quot;MANUBENS2&quot;,&quot;alt&quot;:&quot;&quot;,&quot;caption&quot;:&quot;&quot;,&quot;itemprop&quot;:&quot;image&quot;}]\" itemscope itemtype=\"https:\/\/schema.org\/ImageGallery\"><\/div>\n","protected":false},"excerpt":{"rendered":"<p>Fabricant espagnol de rubans. Repr\u00e9sent\u00e9 par Olivier Amblard et Gilles Cannat <a href=\"https:\/\/salonamat.com\/index.php\/collections\/accessoires\/manubens\/\" class=\"more-link\">Continuer de lire <span class=\"screen-reader-text\">MANUBENS<\/span><\/a><\/p>\n","protected":false},"author":3,"featured_media":0,"parent":1216,"menu_order":0,"comment_status":"closed","ping_status":"closed","template":"","meta":{"spay_email":""},"categories":[2,176,5,158,80,21,23,87,24,28,101,104,191,124,39,157,177,42,43,44,50],"tags":[],"jetpack_sharing_enabled":true,"jetpack_shortlink":"https:\/\/wp.me\/P7346W-sx","jetpack-related-posts":[{"id":1082,"url":"https:\/\/salonamat.com\/index.php\/collections\/accessoires\/vialaton-martin\/","url_meta":{"origin":1769,"position":0},"title":"VIALATON MARTIN","date":"d\u00e9cembre 25, 2015","format":false,"excerpt":"Fabricant fran\u00e7ais de galons, rubans, etc. Pas de minima. Femme, homme, enfant. Toutes compositions. Repr\u00e9sent\u00e9 par Ga\u00eblle Grisard.","rel":"","context":"Dans &quot;accessoires&quot;","img":{"alt_text":"","src":"https:\/\/i0.wp.com\/salonamat.com\/wp-content\/uploads\/2015\/12\/DIDIER-FREDERIQUE-VIALATON-MARTIN-1.jpg?resize=350%2C200","width":350,"height":200},"classes":[]},{"id":1968,"url":"https:\/\/salonamat.com\/index.php\/collections\/accessoires\/sama\/","url_meta":{"origin":1769,"position":1},"title":"SAMA","date":"mai 3, 2016","format":false,"excerpt":"Fabricant italien de motifs \u00e0 placer, rubans fantaisie. Tr\u00e8s cr\u00e9atif. Confection f\u00e9minine, enfantine, pu\u00e9riculture. Repr\u00e9sent\u00e9 par Olivier Amblard et Gilles Cannat","rel":"","context":"Dans &quot;accessoires&quot;","img":{"alt_text":"","src":"https:\/\/i0.wp.com\/salonamat.com\/wp-content\/uploads\/2016\/05\/MARC-SAMA.jpg?resize=350%2C200","width":350,"height":200},"classes":[]},{"id":5341,"url":"https:\/\/salonamat.com\/index.php\/collections\/accessoires\/bies-osona\/","url_meta":{"origin":1769,"position":2},"title":"BIES OSONA","date":"mai 17, 2023","format":false,"excerpt":"Fabricant espagnol de rubans biais et droit fils. Pour la confection, linge de maison et ameublement. Repr\u00e9sent\u00e9e par Olivier Amblard et Gilles Cannat","rel":"","context":"Dans &quot;accessoires&quot;","img":{"alt_text":"","src":"https:\/\/i0.wp.com\/salonamat.com\/wp-content\/uploads\/2023\/05\/Biais-Osona-2.png?resize=350%2C200&ssl=1","width":350,"height":200},"classes":[]},{"id":660,"url":"https:\/\/salonamat.com\/index.php\/collections\/accessoires\/rifra\/","url_meta":{"origin":1769,"position":3},"title":"RIFRA","date":"d\u00e9cembre 18, 2015","format":false,"excerpt":"Fabricant italien d'\u00e9lastiques tiss\u00e9s, unis, jacquards, ray\u00e9s, imprim\u00e9s... Articles pour ceinture. Femme, homme. Polyester, polyamide, m\u00e9tal, lurex. Repr\u00e9sent\u00e9 par Beno\u00eet De Sereys et Jean-Maurice Martin.","rel":"","context":"Dans &quot;accessoires&quot;","img":{"alt_text":"","src":"https:\/\/i0.wp.com\/salonamat.com\/wp-content\/uploads\/2016\/05\/BENOIT-RIFRA.jpg?resize=350%2C200","width":350,"height":200},"classes":[]},{"id":4762,"url":"https:\/\/salonamat.com\/index.php\/collections\/accessoires\/victor\/","url_meta":{"origin":1769,"position":4},"title":"VICTOR","date":"janvier 2, 2023","format":false,"excerpt":"Italie Cordon, galons, \u00e9lastiques Minima: 300 mts minimum Repr\u00e9sent\u00e9e par Philippe CAZELLES","rel":"","context":"Dans &quot;acrylique&quot;","img":{"alt_text":"","src":"https:\/\/i0.wp.com\/salonamat.com\/wp-content\/uploads\/2023\/01\/victor-1.jpeg?resize=350%2C200&ssl=1","width":350,"height":200},"classes":[]},{"id":4782,"url":"https:\/\/salonamat.com\/index.php\/satab\/","url_meta":{"origin":1769,"position":5},"title":"SATAB","date":"janvier 2, 2023","format":false,"excerpt":"France Galons et cordons Stock Permanent Minima: Rouleau de 25 mts Repr\u00e9sent\u00e9e par Philippe CAZELLES","rel":"","context":"Dans &quot;accessoires&quot;","img":{"alt_text":"","src":"https:\/\/i0.wp.com\/salonamat.com\/wp-content\/uploads\/2023\/01\/SATAB-1.jpeg?resize=350%2C200&ssl=1","width":350,"height":200},"classes":[]}],"_links":{"self":[{"href":"https:\/\/salonamat.com\/index.php\/wp-json\/wp\/v2\/pages\/1769"}],"collection":[{"href":"https:\/\/salonamat.com\/index.php\/wp-json\/wp\/v2\/pages"}],"about":[{"href":"https:\/\/salonamat.com\/index.php\/wp-json\/wp\/v2\/types\/page"}],"author":[{"embeddable":true,"href":"https:\/\/salonamat.com\/index.php\/wp-json\/wp\/v2\/users\/3"}],"replies":[{"embeddable":true,"href":"https:\/\/salonamat.com\/index.php\/wp-json\/wp\/v2\/comments?post=1769"}],"version-history":[{"count":4,"href":"https:\/\/salonamat.com\/index.php\/wp-json\/wp\/v2\/pages\/1769\/revisions"}],"predecessor-version":[{"id":5325,"href":"https:\/\/salonamat.com\/index.php\/wp-json\/wp\/v2\/pages\/1769\/revisions\/5325"}],"up":[{"embeddable":true,"href":"https:\/\/salonamat.com\/index.php\/wp-json\/wp\/v2\/pages\/1216"}],"wp:attachment":[{"href":"https:\/\/salonamat.com\/index.php\/wp-json\/wp\/v2\/media?parent=1769"}],"wp:term":[{"taxonomy":"category","embeddable":true,"href":"https:\/\/salonamat.com\/index.php\/wp-json\/wp\/v2\/categories?post=1769"},{"taxonomy":"post_tag","embeddable":true,"href":"https:\/\/salonamat.com\/index.php\/wp-json\/wp\/v2\/tags?post=1769"}],"curies":[{"name":"wp","href":"https:\/\/api.w.org\/{rel}","templated":true}]}}