{"id":1239,"date":"2015-12-15T13:59:44","date_gmt":"2015-12-15T13:59:44","guid":{"rendered":"http:\/\/salongeatra.com\/?page_id=155"},"modified":"2023-12-22T09:47:43","modified_gmt":"2023-12-22T09:47:43","slug":"philippe-berlande","status":"publish","type":"page","link":"https:\/\/salonamat.com\/index.php\/agents\/philippe-berlande\/","title":{"rendered":"Philippe BERLANDE"},"content":{"rendered":"\n<div class=\"wp-block-columns is-layout-flex wp-container-3\">\n<div class=\"wp-block-column is-layout-flow\" style=\"flex-basis:66.66%\">\n<p>9 Boulevard de la Croix Rousse<\/p>\n\n\n\n<p>69004 LYON<\/p>\n\n\n\n<p><a href=\"mailto:philippeberlande@orange.fr\">contacter Philippe par courriel en cliquant sur ce lien<\/a><\/p>\n\n\n\n<p>06 80 35 11 19<\/p>\n\n\n\n<p><strong>MAISONS REPRESENTEES<\/strong><\/p>\n\n\n\n<ul>\n<li><a href=\"http:\/\/salonamat.com\/index.php\/collections\/tissus\/arella\/\">ARELLA<\/a><\/li>\n\n\n\n<li><a href=\"http:\/\/salonamat.com\/index.php\/collections\/tissus\/deniertex\/\">DENIERTEX<\/a><\/li>\n\n\n\n<li><a href=\"http:\/\/salonamat.com\/index.php\/collections\/tissus\/gallus\/\">GALLUS<\/a><\/li>\n\n\n\n<li><a href=\"http:\/\/salonamat.com\/index.php\/collections\/tissus\/ricardo-fordiami\/\">RICARDO FORDIANI<\/a><\/li>\n\n\n\n<li><a href=\"http:\/\/salonamat.com\/index.php\/collections\/tissus\/sagal\/\">SAGAL<\/a><\/li>\n\n\n\n<li><a href=\"http:\/\/salonamat.com\/index.php\/collections\/accessoires\/top-trimmings\/\">TOP TRIMMINGS<\/a><\/li>\n<\/ul>\n<\/div>\n\n\n\n<div class=\"wp-block-column is-layout-flow\" style=\"flex-basis:33.33%\">\n<figure class=\"wp-block-image size-medium\"><img data-attachment-id=\"1510\" data-permalink=\"https:\/\/salonamat.com\/philippe-000\/\" data-orig-file=\"https:\/\/i0.wp.com\/salonamat.com\/wp-content\/uploads\/2015\/12\/PHILIPPE-000.jpg?fit=750%2C1000&amp;ssl=1\" data-orig-size=\"750,1000\" data-comments-opened=\"1\" data-image-meta=\"{&quot;aperture&quot;:&quot;0&quot;,&quot;credit&quot;:&quot;&quot;,&quot;camera&quot;:&quot;&quot;,&quot;caption&quot;:&quot;&quot;,&quot;created_timestamp&quot;:&quot;0&quot;,&quot;copyright&quot;:&quot;&quot;,&quot;focal_length&quot;:&quot;0&quot;,&quot;iso&quot;:&quot;0&quot;,&quot;shutter_speed&quot;:&quot;0&quot;,&quot;title&quot;:&quot;&quot;,&quot;orientation&quot;:&quot;1&quot;}\" data-image-title=\"PHILIPPE-000\" data-image-description=\"\" data-image-caption=\"\" data-medium-file=\"https:\/\/i0.wp.com\/salonamat.com\/wp-content\/uploads\/2015\/12\/PHILIPPE-000.jpg?fit=225%2C300&amp;ssl=1\" data-large-file=\"https:\/\/i0.wp.com\/salonamat.com\/wp-content\/uploads\/2015\/12\/PHILIPPE-000.jpg?fit=720%2C960&amp;ssl=1\" decoding=\"async\" loading=\"lazy\" width=\"225\" height=\"300\" src=\"https:\/\/i0.wp.com\/salonamat.com\/wp-content\/uploads\/2015\/12\/PHILIPPE-000.jpg?resize=225%2C300\" alt=\"\" class=\"wp-image-1510\" srcset=\"https:\/\/i0.wp.com\/salonamat.com\/wp-content\/uploads\/2015\/12\/PHILIPPE-000.jpg?resize=225%2C300&amp;ssl=1 225w, https:\/\/i0.wp.com\/salonamat.com\/wp-content\/uploads\/2015\/12\/PHILIPPE-000.jpg?resize=68%2C90&amp;ssl=1 68w, https:\/\/i0.wp.com\/salonamat.com\/wp-content\/uploads\/2015\/12\/PHILIPPE-000.jpg?w=750&amp;ssl=1 750w\" sizes=\"(max-width: 225px) 100vw, 225px\" data-recalc-dims=\"1\" \/><\/figure>\n<\/div>\n<\/div>\n","protected":false},"excerpt":{"rendered":"<p>9 Boulevard de la Croix Rousse 69004 LYON contacter Philippe par courriel en cliquant sur ce lien 06 80 35 11 19 MAISONS REPRESENTEES <a href=\"https:\/\/salonamat.com\/index.php\/agents\/philippe-berlande\/\" class=\"more-link\">Continuer de lire <span class=\"screen-reader-text\">Philippe BERLANDE<\/span><\/a><\/p>\n","protected":false},"author":2,"featured_media":0,"parent":1225,"menu_order":0,"comment_status":"closed","ping_status":"closed","template":"","meta":{"spay_email":""},"categories":[4],"tags":[],"jetpack_sharing_enabled":true,"jetpack_shortlink":"https:\/\/wp.me\/P7346W-jZ","jetpack-related-posts":[{"id":4745,"url":"https:\/\/salonamat.com\/index.php\/agents\/philippe-cazelles\/","url_meta":{"origin":1239,"position":0},"title":"Philippe CAZELLES","date":"janvier 2, 2023","format":false,"excerpt":"BUREAU CAZELLES SARL 60 boulevard des R\u00e9collets 31400 TOULOUSE 06 63 73 63 36 Contacter Philippe par courriel en cliquant sur ce lien SOCIETES REPRESENTEES : METALBOTTONIPONTEXNEW JUNIORVICTORTIBAOLMETEXCADICASATABMURTRADEEP BLUE","rel":"","context":"Article similaire","img":{"alt_text":"","src":"","width":0,"height":0},"classes":[]},{"id":939,"url":"https:\/\/salonamat.com\/index.php\/collections\/accessoires\/top-trimmings\/","url_meta":{"origin":1239,"position":1},"title":"TOP TRIMMINGS","date":"d\u00e9cembre 24, 2015","format":false,"excerpt":"Fabricant espagnol sp\u00e9cialis\u00e9 dans les transferts. Pas de minima. Femme. M\u00e9tal. Repr\u00e9sent\u00e9 par Philippe Berlande.","rel":"","context":"Dans &quot;accessoires&quot;","img":{"alt_text":"","src":"https:\/\/i0.wp.com\/salonamat.com\/wp-content\/uploads\/2015\/12\/PHILIPPE-TOP-TRIMMING.jpg?resize=350%2C200","width":350,"height":200},"classes":[]},{"id":896,"url":"https:\/\/salonamat.com\/index.php\/collections\/tissus\/arella\/","url_meta":{"origin":1239,"position":2},"title":"ARELLA","date":"d\u00e9cembre 23, 2015","format":false,"excerpt":"Fabricant italien d'imprim\u00e9s. Minima : 200 mt Femme. Toutes compositions. Repr\u00e9sent\u00e9 par Philippe Berlande.","rel":"","context":"Dans &quot;cha\u00eene et trame&quot;","img":{"alt_text":"","src":"https:\/\/i0.wp.com\/salonamat.com\/wp-content\/uploads\/2015\/12\/PHILIPPE-ARELLA.jpg?resize=350%2C200","width":350,"height":200},"classes":[]},{"id":935,"url":"https:\/\/salonamat.com\/index.php\/collections\/accessoires\/piemme-boutons\/","url_meta":{"origin":1239,"position":3},"title":"PIEMME BOUTONS","date":"d\u00e9cembre 24, 2015","format":false,"excerpt":"Fabricant italien de boutons. Pas de minima. Homme, femme, enfant. Toutes compositions. Repr\u00e9sent\u00e9 par Philippe Berlande.","rel":"","context":"Dans &quot;accessoires&quot;","img":{"alt_text":"","src":"","width":0,"height":0},"classes":[]},{"id":2108,"url":"https:\/\/salonamat.com\/index.php\/collections\/tissus\/kipas\/","url_meta":{"origin":1239,"position":4},"title":"KIPAS","date":"septembre 10, 2016","format":false,"excerpt":"Fabricant turc de denim sportswear Minima : 1000 Mt. \/ couleur. Femme \/ Homme \/ Enfant. Coton \/ Lycra. Repr\u00e9sent\u00e9 par Philippe Pannel","rel":"","context":"Dans &quot;cha\u00eene et trame&quot;","img":{"alt_text":"","src":"","width":0,"height":0},"classes":[]},{"id":900,"url":"https:\/\/salonamat.com\/index.php\/collections\/tissus\/gallus\/","url_meta":{"origin":1239,"position":5},"title":"GALLUS","date":"d\u00e9cembre 23, 2015","format":false,"excerpt":"Fabricant italien d'unis et d'imprim\u00e9s. Minima : 500 mt Femme. Toutes compositions. Repr\u00e9sent\u00e9 par Philippe Berlande.","rel":"","context":"Dans &quot;cha\u00eene et trame&quot;","img":{"alt_text":"","src":"https:\/\/i0.wp.com\/salonamat.com\/wp-content\/uploads\/2015\/12\/PHILIPPE-GALLUS.jpg?resize=350%2C200","width":350,"height":200},"classes":[]}],"_links":{"self":[{"href":"https:\/\/salonamat.com\/index.php\/wp-json\/wp\/v2\/pages\/1239"}],"collection":[{"href":"https:\/\/salonamat.com\/index.php\/wp-json\/wp\/v2\/pages"}],"about":[{"href":"https:\/\/salonamat.com\/index.php\/wp-json\/wp\/v2\/types\/page"}],"author":[{"embeddable":true,"href":"https:\/\/salonamat.com\/index.php\/wp-json\/wp\/v2\/users\/2"}],"replies":[{"embeddable":true,"href":"https:\/\/salonamat.com\/index.php\/wp-json\/wp\/v2\/comments?post=1239"}],"version-history":[{"count":17,"href":"https:\/\/salonamat.com\/index.php\/wp-json\/wp\/v2\/pages\/1239\/revisions"}],"predecessor-version":[{"id":6196,"href":"https:\/\/salonamat.com\/index.php\/wp-json\/wp\/v2\/pages\/1239\/revisions\/6196"}],"up":[{"embeddable":true,"href":"https:\/\/salonamat.com\/index.php\/wp-json\/wp\/v2\/pages\/1225"}],"wp:attachment":[{"href":"https:\/\/salonamat.com\/index.php\/wp-json\/wp\/v2\/media?parent=1239"}],"wp:term":[{"taxonomy":"category","embeddable":true,"href":"https:\/\/salonamat.com\/index.php\/wp-json\/wp\/v2\/categories?post=1239"},{"taxonomy":"post_tag","embeddable":true,"href":"https:\/\/salonamat.com\/index.php\/wp-json\/wp\/v2\/tags?post=1239"}],"curies":[{"name":"wp","href":"https:\/\/api.w.org\/{rel}","templated":true}]}}