{"id":1235,"date":"2015-12-14T20:06:25","date_gmt":"2015-12-14T20:06:25","guid":{"rendered":"http:\/\/salongeatra.com\/?page_id=130"},"modified":"2023-01-03T12:05:29","modified_gmt":"2023-01-03T12:05:29","slug":"mehdi-lagrou","status":"publish","type":"page","link":"https:\/\/salonamat.com\/index.php\/agents\/mehdi-lagrou\/","title":{"rendered":"Mehdi LAGROU"},"content":{"rendered":"\n<div class=\"wp-block-columns is-layout-flex wp-container-3\">\n<div class=\"wp-block-column is-layout-flow\" style=\"flex-basis:66.66%\">\n<p>1 All\u00e9e Gay Lussac<\/p>\n\n\n\n<p>69230 SAINT GENIS LAVAL<\/p>\n\n\n\n<p><a href=\"mailto:mehdi.lagrou@free.fr\">contacter Mehdi par courriel en cliquant sur ce lien<\/a><\/p>\n\n\n\n<p><a href=\"http:\/\/www.mehdi-lagrou.com\/\">www.mehdi-lagrou.com<\/a><\/p>\n\n\n\n<p>06 10 92 95 66<\/p>\n\n\n\n<p><strong>MAISONS REPRESENTEES<\/strong><\/p>\n\n\n\n<ul><li><strong><a href=\"http:\/\/salonamat.com\/index.php\/collections\/accessoires\/cintugal\/\">CINTUGAL<\/a><\/strong><\/li><li><strong><a href=\"http:\/\/salonamat.com\/index.php\/collections\/accessoires\/corne-corozo\/\">CORNE &amp; COROZO<\/a><\/strong><\/li><li>DOUBLURES LAMETEX<\/li><\/ul>\n<\/div>\n\n\n\n<div class=\"wp-block-column is-layout-flow\" style=\"flex-basis:33.33%\">\n<figure class=\"wp-block-image size-medium\"><img data-attachment-id=\"298\" data-permalink=\"https:\/\/salonamat.com\/mehdi-000-2\/\" data-orig-file=\"https:\/\/i0.wp.com\/salonamat.com\/wp-content\/uploads\/2015\/12\/MEHDI-000-1.jpg?fit=750%2C1000&amp;ssl=1\" data-orig-size=\"750,1000\" data-comments-opened=\"1\" data-image-meta=\"{&quot;aperture&quot;:&quot;0&quot;,&quot;credit&quot;:&quot;&quot;,&quot;camera&quot;:&quot;&quot;,&quot;caption&quot;:&quot;&quot;,&quot;created_timestamp&quot;:&quot;0&quot;,&quot;copyright&quot;:&quot;&quot;,&quot;focal_length&quot;:&quot;0&quot;,&quot;iso&quot;:&quot;0&quot;,&quot;shutter_speed&quot;:&quot;0&quot;,&quot;title&quot;:&quot;&quot;,&quot;orientation&quot;:&quot;1&quot;}\" data-image-title=\"MEHDI-000\" data-image-description=\"\" data-image-caption=\"&lt;p&gt;Mehdi Lagrou&lt;\/p&gt;\n\" data-medium-file=\"https:\/\/i0.wp.com\/salonamat.com\/wp-content\/uploads\/2015\/12\/MEHDI-000-1.jpg?fit=225%2C300&amp;ssl=1\" data-large-file=\"https:\/\/i0.wp.com\/salonamat.com\/wp-content\/uploads\/2015\/12\/MEHDI-000-1.jpg?fit=720%2C960&amp;ssl=1\" decoding=\"async\" loading=\"lazy\" width=\"225\" height=\"300\" src=\"https:\/\/i0.wp.com\/salonamat.com\/wp-content\/uploads\/2015\/12\/MEHDI-000-1.jpg?resize=225%2C300\" alt=\"\" class=\"wp-image-298\" srcset=\"https:\/\/i0.wp.com\/salonamat.com\/wp-content\/uploads\/2015\/12\/MEHDI-000-1.jpg?resize=225%2C300&amp;ssl=1 225w, https:\/\/i0.wp.com\/salonamat.com\/wp-content\/uploads\/2015\/12\/MEHDI-000-1.jpg?resize=68%2C90&amp;ssl=1 68w, https:\/\/i0.wp.com\/salonamat.com\/wp-content\/uploads\/2015\/12\/MEHDI-000-1.jpg?w=750&amp;ssl=1 750w\" sizes=\"(max-width: 225px) 100vw, 225px\" data-recalc-dims=\"1\" \/><\/figure>\n<\/div>\n<\/div>\n\n\n","protected":false},"excerpt":{"rendered":"<p>1 All\u00e9e Gay Lussac 69230 SAINT GENIS LAVAL contacter Mehdi par courriel en cliquant sur ce lien www.mehdi-lagrou.com 06 10 92 95 66 MAISONS REPRESENTEES CINTUGAL CORNE &amp; COROZO DOUBLURES LAMETEX <a href=\"https:\/\/salonamat.com\/index.php\/agents\/mehdi-lagrou\/\" class=\"more-link\">Continuer de lire <span class=\"screen-reader-text\">Mehdi LAGROU<\/span><\/a><\/p>\n","protected":false},"author":2,"featured_media":0,"parent":1225,"menu_order":0,"comment_status":"closed","ping_status":"closed","template":"","meta":{"spay_email":""},"categories":[4],"tags":[],"jetpack_sharing_enabled":true,"jetpack_shortlink":"https:\/\/wp.me\/P7346W-jV","jetpack-related-posts":[{"id":1225,"url":"https:\/\/salonamat.com\/index.php\/agents\/","url_meta":{"origin":1235,"position":0},"title":"AGENTS","date":"d\u00e9cembre 14, 2015","format":false,"excerpt":"V\u00e9ronique PEPIN BOLLIETR\u00e9mi OddonPhilippe BERLANDEPaul MestralletOlivier GlorieuxMehdi LagrouKaty PECHOUXGaelle GRISARDFran\u00e7ois ChandelierChristine DEPORTEArmelle BLETTNERLionel ROBLETGilles CANNATOlivier AMBLARD Anne JOUVECaroline GODETSylvie BUSSEUIL","rel":"","context":"Dans &quot;agents&quot;","img":{"alt_text":"","src":"https:\/\/i0.wp.com\/salonamat.com\/wp-content\/uploads\/2015\/12\/VERONIQUE-000-1.jpg?resize=350%2C200&ssl=1","width":350,"height":200},"classes":[]},{"id":1106,"url":"https:\/\/salonamat.com\/index.php\/collections\/accessoires\/cintugal\/","url_meta":{"origin":1235,"position":1},"title":"CINTUGAL","date":"d\u00e9cembre 25, 2015","format":false,"excerpt":"Fabricant espagnol de ceintures. Minima : 50 pi\u00e8ces \/ toutes tailles. Femme, homme, enfant. M\u00e9tal, cuir. Repr\u00e9sent\u00e9 par Mehdi Lagrou.","rel":"","context":"Dans &quot;accessoires&quot;","img":{"alt_text":"","src":"https:\/\/i0.wp.com\/salonamat.com\/wp-content\/uploads\/2015\/12\/MEHDI-CINTUGAL-1.jpg?resize=350%2C200","width":350,"height":200},"classes":[]},{"id":1108,"url":"https:\/\/salonamat.com\/index.php\/collections\/accessoires\/corne-corozo\/","url_meta":{"origin":1235,"position":2},"title":"CORNE &#038; COROZO","date":"d\u00e9cembre 25, 2015","format":false,"excerpt":"Fabricant fran\u00e7ais de boutons. Pas de minima. Femme, homme, enfant. Toutes compositions. Repr\u00e9sent\u00e9 par Mehdi Lagrou.","rel":"","context":"Dans &quot;accessoires&quot;","img":{"alt_text":"","src":"","width":0,"height":0},"classes":[]},{"id":2019,"url":"https:\/\/salonamat.com\/index.php\/collections\/tissus\/modastyle\/","url_meta":{"origin":1235,"position":3},"title":"MODASTYLE","date":"mai 3, 2016","format":false,"excerpt":"Fabricant fran\u00e7ais de tissus maille. Unis, imprim\u00e9s sur jersey, r\u00e9silles... Minima : 300 Mt. Compositions : coton, polyester, m\u00e9langes, viscose\/\u00e9lasthanne, poly-coton. Repr\u00e9sent\u00e9 par Mehdi Lagrou.","rel":"","context":"Dans &quot;coton&quot;","img":{"alt_text":"","src":"https:\/\/i0.wp.com\/salonamat.com\/wp-content\/uploads\/2016\/05\/MEDHI-MODASTYLE.jpg?resize=350%2C200","width":350,"height":200},"classes":[]}],"_links":{"self":[{"href":"https:\/\/salonamat.com\/index.php\/wp-json\/wp\/v2\/pages\/1235"}],"collection":[{"href":"https:\/\/salonamat.com\/index.php\/wp-json\/wp\/v2\/pages"}],"about":[{"href":"https:\/\/salonamat.com\/index.php\/wp-json\/wp\/v2\/types\/page"}],"author":[{"embeddable":true,"href":"https:\/\/salonamat.com\/index.php\/wp-json\/wp\/v2\/users\/2"}],"replies":[{"embeddable":true,"href":"https:\/\/salonamat.com\/index.php\/wp-json\/wp\/v2\/comments?post=1235"}],"version-history":[{"count":11,"href":"https:\/\/salonamat.com\/index.php\/wp-json\/wp\/v2\/pages\/1235\/revisions"}],"predecessor-version":[{"id":4838,"href":"https:\/\/salonamat.com\/index.php\/wp-json\/wp\/v2\/pages\/1235\/revisions\/4838"}],"up":[{"embeddable":true,"href":"https:\/\/salonamat.com\/index.php\/wp-json\/wp\/v2\/pages\/1225"}],"wp:attachment":[{"href":"https:\/\/salonamat.com\/index.php\/wp-json\/wp\/v2\/media?parent=1235"}],"wp:term":[{"taxonomy":"category","embeddable":true,"href":"https:\/\/salonamat.com\/index.php\/wp-json\/wp\/v2\/categories?post=1235"},{"taxonomy":"post_tag","embeddable":true,"href":"https:\/\/salonamat.com\/index.php\/wp-json\/wp\/v2\/tags?post=1235"}],"curies":[{"name":"wp","href":"https:\/\/api.w.org\/{rel}","templated":true}]}}