{"id":1232,"date":"2015-12-14T19:57:41","date_gmt":"2015-12-14T19:57:41","guid":{"rendered":"http:\/\/salongeatra.com\/?page_id=121"},"modified":"2025-11-03T10:21:11","modified_gmt":"2025-11-03T10:21:11","slug":"katy-pechoux","status":"publish","type":"page","link":"https:\/\/salonamat.com\/index.php\/agents\/katy-pechoux\/","title":{"rendered":"Katy PECHOUX"},"content":{"rendered":"\n<div class=\"wp-block-columns is-layout-flex wp-container-3\">\n<div class=\"wp-block-column is-layout-flow\" style=\"flex-basis:66.66%\">\n<p><strong>HKA2J<\/strong><\/p>\n\n\n\n<p>1900 Route de Frans<\/p>\n\n\n\n<p>69400 VILLEFRANCHE SUR SA\u00d4NE<\/p>\n\n\n\n<p><a href=\"mailto:Katy.jokka@gmail.com\" data-type=\"mailto\" data-id=\"mailto:Katy.jokka@gmail.com\">contacter Katy par courriel en cliquant sur ce lien<\/a><\/p>\n\n\n\n<p>06 09 20 27 18<\/p>\n\n\n\n<p><strong>MAISONS REPRESENTEES<\/strong><\/p>\n\n\n\n<ul>\n<li>ATADAN PARLAMIS<\/li>\n\n\n\n<li>COTE TEXTILE<\/li>\n\n\n\n<li>DOUBLURES LAMETEX<\/li>\n\n\n\n<li><a href=\"http:\/\/salonamat.com\/index.php\/collections\/tissus\/dutel\/\">DUTEL CREATIONS<\/a><\/li>\n\n\n\n<li>HENITEX<\/li>\n\n\n\n<li>STUDIO JACQUARD<\/li>\n<\/ul>\n<\/div>\n\n\n\n<div class=\"wp-block-column is-layout-flow\" style=\"flex-basis:33.33%\">\n<figure class=\"wp-block-image size-medium\"><img data-attachment-id=\"482\" data-permalink=\"https:\/\/salonamat.com\/katy-000-2-2\/\" data-orig-file=\"https:\/\/i0.wp.com\/salonamat.com\/wp-content\/uploads\/2015\/12\/KATY-000-1-1.jpg?fit=750%2C1000&amp;ssl=1\" data-orig-size=\"750,1000\" data-comments-opened=\"1\" data-image-meta=\"{&quot;aperture&quot;:&quot;0&quot;,&quot;credit&quot;:&quot;&quot;,&quot;camera&quot;:&quot;&quot;,&quot;caption&quot;:&quot;&quot;,&quot;created_timestamp&quot;:&quot;0&quot;,&quot;copyright&quot;:&quot;&quot;,&quot;focal_length&quot;:&quot;0&quot;,&quot;iso&quot;:&quot;0&quot;,&quot;shutter_speed&quot;:&quot;0&quot;,&quot;title&quot;:&quot;&quot;,&quot;orientation&quot;:&quot;1&quot;}\" data-image-title=\"KATY-000\" data-image-description=\"\" data-image-caption=\"\" data-medium-file=\"https:\/\/i0.wp.com\/salonamat.com\/wp-content\/uploads\/2015\/12\/KATY-000-1-1.jpg?fit=225%2C300&amp;ssl=1\" data-large-file=\"https:\/\/i0.wp.com\/salonamat.com\/wp-content\/uploads\/2015\/12\/KATY-000-1-1.jpg?fit=720%2C960&amp;ssl=1\" decoding=\"async\" loading=\"lazy\" width=\"225\" height=\"300\" src=\"https:\/\/i0.wp.com\/salonamat.com\/wp-content\/uploads\/2015\/12\/KATY-000-1-1.jpg?resize=225%2C300\" alt=\"\" class=\"wp-image-482\" srcset=\"https:\/\/i0.wp.com\/salonamat.com\/wp-content\/uploads\/2015\/12\/KATY-000-1-1.jpg?resize=225%2C300&amp;ssl=1 225w, https:\/\/i0.wp.com\/salonamat.com\/wp-content\/uploads\/2015\/12\/KATY-000-1-1.jpg?resize=68%2C90&amp;ssl=1 68w, https:\/\/i0.wp.com\/salonamat.com\/wp-content\/uploads\/2015\/12\/KATY-000-1-1.jpg?w=750&amp;ssl=1 750w\" sizes=\"(max-width: 225px) 100vw, 225px\" data-recalc-dims=\"1\" \/><\/figure>\n<\/div>\n<\/div>\n","protected":false},"excerpt":{"rendered":"<p>HKA2J 1900 Route de Frans 69400 VILLEFRANCHE SUR SA\u00d4NE contacter Katy par courriel en cliquant sur ce lien 06 09 20 27 18 MAISONS REPRESENTEES <a href=\"https:\/\/salonamat.com\/index.php\/agents\/katy-pechoux\/\" class=\"more-link\">Continuer de lire <span class=\"screen-reader-text\">Katy PECHOUX<\/span><\/a><\/p>\n","protected":false},"author":2,"featured_media":0,"parent":1225,"menu_order":0,"comment_status":"closed","ping_status":"closed","template":"","meta":{"spay_email":""},"categories":[4],"tags":[],"jetpack_sharing_enabled":true,"jetpack_shortlink":"https:\/\/wp.me\/P7346W-jS","jetpack-related-posts":[{"id":1225,"url":"https:\/\/salonamat.com\/index.php\/agents\/","url_meta":{"origin":1232,"position":0},"title":"AGENTS","date":"d\u00e9cembre 14, 2015","format":false,"excerpt":"V\u00e9ronique PEPIN BOLLIETR\u00e9mi OddonPhilippe BERLANDEPaul MestralletOlivier GlorieuxMehdi LagrouKaty PECHOUXGaelle GRISARDFran\u00e7ois ChandelierChristine DEPORTEArmelle BLETTNERLionel ROBLETGilles CANNATOlivier AMBLARD Anne JOUVECaroline GODETSylvie BUSSEUIL","rel":"","context":"Dans &quot;agents&quot;","img":{"alt_text":"","src":"https:\/\/i0.wp.com\/salonamat.com\/wp-content\/uploads\/2015\/12\/VERONIQUE-000-1.jpg?resize=350%2C200&ssl=1","width":350,"height":200},"classes":[]},{"id":1157,"url":"https:\/\/salonamat.com\/index.php\/collections\/tissus\/dutel\/","url_meta":{"origin":1232,"position":1},"title":"DUTEL","date":"d\u00e9cembre 25, 2015","format":false,"excerpt":"Fabricant fran\u00e7ais de tissus jacquard cha\u00eene-et-trame teint en fil et teint en pi\u00e8ce. Minima : 150 Mt. \/ couleur. Femme. Toutes compositions.Repr\u00e9sent\u00e9 par Katy P\u00e9choux.","rel":"","context":"Dans &quot;cha\u00eene et trame&quot;","img":{"alt_text":"","src":"https:\/\/i0.wp.com\/salonamat.com\/wp-content\/uploads\/2015\/12\/BABETTE-JEAN-LOUIS-DUTEL-1.jpg?resize=350%2C200","width":350,"height":200},"classes":[]},{"id":1223,"url":"https:\/\/salonamat.com\/index.php\/agents\/armelle-blettner-anne-jouve\/","url_meta":{"origin":1232,"position":2},"title":"Armelle BLETTNER &#8211; Anne JOUVE","date":"d\u00e9cembre 14, 2015","format":false,"excerpt":"1 IMPASSE MARECHAL JOFFRE 26000 VALENCE contacter Armelle par courriel en cliquant sur ce lien 06 09 80 01 72 Anne JOUVEAn.J Bureau Textile06.10.55.65.06contacter Anne par courriel en cliquant sur ce lien26000 VALENCE MAISONS REPRESENTEES DISGOSA ESPUNTO EUROSTICK FASAC KLAUBER NEMARK P.A.L.M PIZZI STUDIO ELLE","rel":"","context":"Dans &quot;agents&quot;","img":{"alt_text":"","src":"https:\/\/i0.wp.com\/salonamat.com\/wp-content\/uploads\/2015\/12\/ARMELLE-000-1-1-225x300.jpg?resize=350%2C200","width":350,"height":200},"classes":[]},{"id":3177,"url":"https:\/\/salonamat.com\/index.php\/agents\/olivier-amblard-et-gilles-cannat\/","url_meta":{"origin":1232,"position":3},"title":"Olivier AMBLARD et Gilles CANNAT","date":"d\u00e9cembre 28, 2020","format":false,"excerpt":"SOCIETE SODEFAR 14 Route de Revel 31400 TOULOUSE Mobile Olivier : 06 06 88 31 94 Contacter Oliver par courriel en cliquant sur ce lien Mobile Gilles : 06 03 23 00 59 Contacter Gilles par courriel en cliquant sur ce lien Bureau: 05 61 20 06 47 Fax: 05\u2026","rel":"","context":"Dans &quot;agents&quot;","img":{"alt_text":"","src":"https:\/\/i0.wp.com\/salonamat.com\/wp-content\/uploads\/2020\/12\/AMBLARD-OLIVIER.jpeg?resize=350%2C200&ssl=1","width":350,"height":200},"classes":[]},{"id":4461,"url":"https:\/\/salonamat.com\/index.php\/agents\/manon-naudin\/","url_meta":{"origin":1232,"position":4},"title":"Manon NAUDIN","date":"juin 21, 2022","format":false,"excerpt":"COVERTEX contacter Manon par courriel en cliquant sur ce lien 06 69 07 94 75 MAISONS REPRESENTEES : ACHILLE PINTOFRALPI","rel":"","context":"Dans &quot;agents&quot;","img":{"alt_text":"","src":"","width":0,"height":0},"classes":[]},{"id":1227,"url":"https:\/\/salonamat.com\/index.php\/agents\/christine-deporte\/","url_meta":{"origin":1232,"position":5},"title":"Christine DEPORTE","date":"d\u00e9cembre 14, 2015","format":false,"excerpt":"69240 Saint Vincent de Reins contacter Christine par courriel en cliquant sur ce lien 06 88 06 37 63 MAISON REPRESENTEE DEVEAUX \u00a0 \u00a0","rel":"","context":"Dans &quot;agents&quot;","img":{"alt_text":"","src":"https:\/\/i0.wp.com\/salonamat.com\/wp-content\/uploads\/2015\/12\/CHRISTINE-000-1-1.jpg?resize=350%2C200&ssl=1","width":350,"height":200},"classes":[]}],"_links":{"self":[{"href":"https:\/\/salonamat.com\/index.php\/wp-json\/wp\/v2\/pages\/1232"}],"collection":[{"href":"https:\/\/salonamat.com\/index.php\/wp-json\/wp\/v2\/pages"}],"about":[{"href":"https:\/\/salonamat.com\/index.php\/wp-json\/wp\/v2\/types\/page"}],"author":[{"embeddable":true,"href":"https:\/\/salonamat.com\/index.php\/wp-json\/wp\/v2\/users\/2"}],"replies":[{"embeddable":true,"href":"https:\/\/salonamat.com\/index.php\/wp-json\/wp\/v2\/comments?post=1232"}],"version-history":[{"count":10,"href":"https:\/\/salonamat.com\/index.php\/wp-json\/wp\/v2\/pages\/1232\/revisions"}],"predecessor-version":[{"id":10170,"href":"https:\/\/salonamat.com\/index.php\/wp-json\/wp\/v2\/pages\/1232\/revisions\/10170"}],"up":[{"embeddable":true,"href":"https:\/\/salonamat.com\/index.php\/wp-json\/wp\/v2\/pages\/1225"}],"wp:attachment":[{"href":"https:\/\/salonamat.com\/index.php\/wp-json\/wp\/v2\/media?parent=1232"}],"wp:term":[{"taxonomy":"category","embeddable":true,"href":"https:\/\/salonamat.com\/index.php\/wp-json\/wp\/v2\/categories?post=1232"},{"taxonomy":"post_tag","embeddable":true,"href":"https:\/\/salonamat.com\/index.php\/wp-json\/wp\/v2\/tags?post=1232"}],"curies":[{"name":"wp","href":"https:\/\/api.w.org\/{rel}","templated":true}]}}