{"id":1231,"date":"2015-12-14T19:16:16","date_gmt":"2015-12-14T19:16:16","guid":{"rendered":"http:\/\/salongeatra.com\/?page_id=109"},"modified":"2024-11-15T13:52:16","modified_gmt":"2024-11-15T13:52:16","slug":"francois-chandelier","status":"publish","type":"page","link":"https:\/\/salonamat.com\/index.php\/agents\/francois-chandelier\/","title":{"rendered":"Fran\u00e7ois CHANDELIER"},"content":{"rendered":"\n<div class=\"wp-block-columns is-layout-flex wp-container-3\">\n<div class=\"wp-block-column is-layout-flow\" style=\"flex-basis:66.66%\">\n<p>35 Chemin de la Sauvegarde<\/p>\n\n\n\n<p>69139 ECULLY<\/p>\n\n\n\n<p><a href=\"mailto:chandelier.pox@orange.fr\">contacter Fran\u00e7ois par courriel en <\/a><a href=\"mailto:F.CHANDELIER@fc-pox.com\">cliquant<\/a><a href=\"mailto:chandelier.pox@orange.fr\"> sur ce lien<\/a><\/p>\n\n\n\n<p>04 78 35 03 95 \/ 06 88 20 11 15<\/p>\n\n\n\n<p><strong>MAISONS REPRESENTEES<\/strong><\/p>\n\n\n\n<ul>\n<li><strong><a href=\"http:\/\/salonamat.com\/index.php\/collections\/tissus\/koppermann\/\">KOPPERMANN<\/a><\/strong><\/li>\n\n\n\n<li><a href=\"http:\/\/salonamat.com\/index.php\/collections\/tissus\/toray\/\"><strong>TORAY<\/strong><\/a><\/li>\n\n\n\n<li><a href=\"http:\/\/salonamat.com\/index.php\/collections\/tissus\/vandelden\/\"><strong>VANDELDEN<\/strong><\/a><\/li>\n\n\n\n<li>HEMMERS<\/li>\n\n\n\n<li>INNOTEX<\/li>\n\n\n\n<li>TEXTIL ORTIZ<\/li>\n\n\n\n<li>TELATEX<\/li>\n\n\n\n<li>VIA DEL COTONE<\/li>\n<\/ul>\n<\/div>\n\n\n\n<div class=\"wp-block-column is-layout-flow\" style=\"flex-basis:33.33%\">\n<figure class=\"wp-block-image size-full\"><img data-attachment-id=\"448\" data-permalink=\"https:\/\/salonamat.com\/francois-000-2-2\/\" data-orig-file=\"https:\/\/i0.wp.com\/salonamat.com\/wp-content\/uploads\/2015\/12\/FRANCOIS-000-1-1.jpg?fit=750%2C1000&amp;ssl=1\" data-orig-size=\"750,1000\" data-comments-opened=\"1\" data-image-meta=\"{&quot;aperture&quot;:&quot;0&quot;,&quot;credit&quot;:&quot;&quot;,&quot;camera&quot;:&quot;&quot;,&quot;caption&quot;:&quot;&quot;,&quot;created_timestamp&quot;:&quot;0&quot;,&quot;copyright&quot;:&quot;&quot;,&quot;focal_length&quot;:&quot;0&quot;,&quot;iso&quot;:&quot;0&quot;,&quot;shutter_speed&quot;:&quot;0&quot;,&quot;title&quot;:&quot;&quot;,&quot;orientation&quot;:&quot;1&quot;}\" data-image-title=\"FRANCOIS-000\" data-image-description=\"\" data-image-caption=\"&lt;p&gt;Fran\u00e7ois CHANDELIER&lt;\/p&gt;\n\" data-medium-file=\"https:\/\/i0.wp.com\/salonamat.com\/wp-content\/uploads\/2015\/12\/FRANCOIS-000-1-1.jpg?fit=225%2C300&amp;ssl=1\" data-large-file=\"https:\/\/i0.wp.com\/salonamat.com\/wp-content\/uploads\/2015\/12\/FRANCOIS-000-1-1.jpg?fit=720%2C960&amp;ssl=1\" decoding=\"async\" loading=\"lazy\" width=\"720\" height=\"960\" src=\"https:\/\/i0.wp.com\/salonamat.com\/wp-content\/uploads\/2015\/12\/FRANCOIS-000-1-1.jpg?resize=720%2C960\" alt=\"\" class=\"wp-image-448\" srcset=\"https:\/\/i0.wp.com\/salonamat.com\/wp-content\/uploads\/2015\/12\/FRANCOIS-000-1-1.jpg?w=750&amp;ssl=1 750w, https:\/\/i0.wp.com\/salonamat.com\/wp-content\/uploads\/2015\/12\/FRANCOIS-000-1-1.jpg?resize=225%2C300&amp;ssl=1 225w, https:\/\/i0.wp.com\/salonamat.com\/wp-content\/uploads\/2015\/12\/FRANCOIS-000-1-1.jpg?resize=68%2C90&amp;ssl=1 68w\" sizes=\"(max-width: 720px) 100vw, 720px\" data-recalc-dims=\"1\" \/><figcaption class=\"wp-element-caption\">Fran\u00e7ois CHANDELIER<\/figcaption><\/figure>\n<\/div>\n<\/div>\n","protected":false},"excerpt":{"rendered":"<p>35 Chemin de la Sauvegarde 69139 ECULLY contacter Fran\u00e7ois par courriel en cliquant sur ce lien 04 78 35 03 95 \/ 06 88 20 11 15 MAISONS REPRESENTEES <a href=\"https:\/\/salonamat.com\/index.php\/agents\/francois-chandelier\/\" class=\"more-link\">Continuer de lire <span class=\"screen-reader-text\">Fran\u00e7ois CHANDELIER<\/span><\/a><\/p>\n","protected":false},"author":2,"featured_media":0,"parent":1225,"menu_order":0,"comment_status":"closed","ping_status":"closed","template":"","meta":{"spay_email":""},"categories":[4],"tags":[],"jetpack_sharing_enabled":true,"jetpack_shortlink":"https:\/\/wp.me\/P7346W-jR","jetpack-related-posts":[{"id":1225,"url":"https:\/\/salonamat.com\/index.php\/agents\/","url_meta":{"origin":1231,"position":0},"title":"AGENTS","date":"d\u00e9cembre 14, 2015","format":false,"excerpt":"V\u00e9ronique PEPIN BOLLIETR\u00e9mi OddonPhilippe BERLANDEPaul MestralletOlivier GlorieuxMehdi LagrouKaty PECHOUXGaelle GRISARDFran\u00e7ois ChandelierChristine DEPORTEArmelle BLETTNERLionel ROBLETGilles CANNATOlivier AMBLARD Anne JOUVECaroline GODETSylvie BUSSEUIL","rel":"","context":"Dans &quot;agents&quot;","img":{"alt_text":"","src":"https:\/\/i0.wp.com\/salonamat.com\/wp-content\/uploads\/2015\/12\/VERONIQUE-000-1.jpg?resize=350%2C200&ssl=1","width":350,"height":200},"classes":[]},{"id":2076,"url":"https:\/\/salonamat.com\/index.php\/collections\/tissus\/koppermann\/","url_meta":{"origin":1231,"position":1},"title":"KOPPERMANN","date":"mai 3, 2016","format":false,"excerpt":"Fabricant allemand de tissus pr\u00eat-pour-impression. Femme. Minima : 1000 Mt. Compositions : coton, viscose, polyester, m\u00e9langes. Maison repr\u00e9sent\u00e9e par Fran\u00e7ois Chandelier.","rel":"","context":"Dans &quot;cha\u00eene et trame&quot;","img":{"alt_text":"","src":"","width":0,"height":0},"classes":[]},{"id":1024,"url":"https:\/\/salonamat.com\/index.php\/collections\/tissus\/toray\/","url_meta":{"origin":1231,"position":2},"title":"TORAY","date":"d\u00e9cembre 25, 2015","format":false,"excerpt":"Fabricant anglais de cha\u00eene-et-trame pour le m\u00e9dical, l'industrie, le v\u00eatement de travail. Minima : 500 Mt. Femme, homme. Polyester, polyamide, aramide, carbone. Repr\u00e9sent\u00e9 par Fran\u00e7ois Chandelier.","rel":"","context":"Dans &quot;aramide&quot;","img":{"alt_text":"","src":"","width":0,"height":0},"classes":[]},{"id":2074,"url":"https:\/\/salonamat.com\/index.php\/collections\/tissus\/vandelden\/","url_meta":{"origin":1231,"position":3},"title":"VANDELDEN","date":"mai 3, 2016","format":false,"excerpt":"Fabricant allemand de tissus pour pantalon, unis et fantaisie. Femme, homme. Minima : 1000 Mt. Compositions : coton, coton \/ \u00e9lasthanne. Maison repr\u00e9sent\u00e9e par Fran\u00e7ois Chandelier.","rel":"","context":"Dans &quot;cha\u00eene et trame&quot;","img":{"alt_text":"","src":"","width":0,"height":0},"classes":[]},{"id":1239,"url":"https:\/\/salonamat.com\/index.php\/agents\/philippe-berlande\/","url_meta":{"origin":1231,"position":4},"title":"Philippe BERLANDE","date":"d\u00e9cembre 15, 2015","format":false,"excerpt":"9 Boulevard de la Croix Rousse 69004 LYON contacter Philippe par courriel en cliquant sur ce lien 06 80 35 11 19 MAISONS REPRESENTEES ARELLA DENIERTEX GALLUS RICARDO FORDIANI SAGAL TOP TRIMMINGS","rel":"","context":"Dans &quot;agents&quot;","img":{"alt_text":"","src":"https:\/\/i0.wp.com\/salonamat.com\/wp-content\/uploads\/2015\/12\/PHILIPPE-000.jpg?resize=350%2C200&ssl=1","width":350,"height":200},"classes":[]}],"_links":{"self":[{"href":"https:\/\/salonamat.com\/index.php\/wp-json\/wp\/v2\/pages\/1231"}],"collection":[{"href":"https:\/\/salonamat.com\/index.php\/wp-json\/wp\/v2\/pages"}],"about":[{"href":"https:\/\/salonamat.com\/index.php\/wp-json\/wp\/v2\/types\/page"}],"author":[{"embeddable":true,"href":"https:\/\/salonamat.com\/index.php\/wp-json\/wp\/v2\/users\/2"}],"replies":[{"embeddable":true,"href":"https:\/\/salonamat.com\/index.php\/wp-json\/wp\/v2\/comments?post=1231"}],"version-history":[{"count":8,"href":"https:\/\/salonamat.com\/index.php\/wp-json\/wp\/v2\/pages\/1231\/revisions"}],"predecessor-version":[{"id":7791,"href":"https:\/\/salonamat.com\/index.php\/wp-json\/wp\/v2\/pages\/1231\/revisions\/7791"}],"up":[{"embeddable":true,"href":"https:\/\/salonamat.com\/index.php\/wp-json\/wp\/v2\/pages\/1225"}],"wp:attachment":[{"href":"https:\/\/salonamat.com\/index.php\/wp-json\/wp\/v2\/media?parent=1231"}],"wp:term":[{"taxonomy":"category","embeddable":true,"href":"https:\/\/salonamat.com\/index.php\/wp-json\/wp\/v2\/categories?post=1231"},{"taxonomy":"post_tag","embeddable":true,"href":"https:\/\/salonamat.com\/index.php\/wp-json\/wp\/v2\/tags?post=1231"}],"curies":[{"name":"wp","href":"https:\/\/api.w.org\/{rel}","templated":true}]}}