{"id":1224,"date":"2015-12-14T18:51:16","date_gmt":"2015-12-14T18:51:16","guid":{"rendered":"http:\/\/salongeatra.com\/?page_id=90"},"modified":"2020-12-30T10:42:49","modified_gmt":"2020-12-30T10:42:49","slug":"salons","status":"publish","type":"page","link":"https:\/\/salonamat.com\/index.php\/salons\/","title":{"rendered":"LE SALON"},"content":{"rendered":"<p>L<strong>&#8216;A.M.A.T.<\/strong> (Association M\u00e9ridionale d&#8217;Agents Textile) est n\u00e9 il y a de nombreuses ann\u00e9es de l\u2019association de repr\u00e9sentants ind\u00e9pendants qui d\u00e9cident de se r\u00e9unir et d\u2019inviter leurs clients \u00e0 un \u00ab show-room \u00bb.<\/p>\n<p>Le succ\u00e8s est av\u00e9r\u00e9 : 3 ou 4 salons plus tard, l<strong>&#8216;AMAT<\/strong> compte d\u00e9j\u00e0 plus de 20 membres qui se r\u00e9unissent deux fois par an et pr\u00e9sentent ensemble leurs collections, devenant ainsi un rendez-vous incontournable pour tous les professionnels du textile.<br \/>\nAujourd\u2019hui, ce nombre s\u2019est stabilis\u00e9, comptant des VRP, des agents commerciaux, des soci\u00e9t\u00e9s d\u2019agents ou des attach\u00e9s commerciaux exclusifs.<\/p>\n<p>L<strong>&#8216;AMAT<\/strong>, c\u2019est avant tout un \u00e9change convivial entre les acteurs \u00e9conomiques de l\u2019industrie du textile et de l\u2019habillement dans la r\u00e9gion Provence Alpes Cote d&#8217;Azur.<\/p>\n<h2><span style=\"color: #ff0000;\"><a style=\"color: #ff0000;\" href=\"http:\/\/salonamat.com\/index.php\/2015\/12\/15\/article-1\/\">Comment se rendre au salon?<\/a><\/span><\/h2>\n<p class=\"jetpack-slideshow-noscript robots-nocontent\">Ce diaporama n\u00e9cessite JavaScript.<\/p><div id=\"gallery-1224-1-slideshow\" class=\"jetpack-slideshow-window jetpack-slideshow jetpack-slideshow-black\" data-trans=\"fade\" data-autostart=\"1\" data-gallery=\"[{&quot;src&quot;:&quot;https:\\\/\\\/i0.wp.com\\\/salonamat.com\\\/wp-content\\\/uploads\\\/2020\\\/12\\\/RENAISSANCE-HOTEL-10.jpg?fit=720%2C480\\u0026ssl=1&quot;,&quot;id&quot;:&quot;3283&quot;,&quot;title&quot;:&quot;RENAISSANCE-HOTEL-10&quot;,&quot;alt&quot;:&quot;&quot;,&quot;caption&quot;:&quot;&quot;,&quot;itemprop&quot;:&quot;image&quot;},{&quot;src&quot;:&quot;https:\\\/\\\/i0.wp.com\\\/salonamat.com\\\/wp-content\\\/uploads\\\/2020\\\/12\\\/RENAISSANCE-HOTEL-6.jpg?fit=720%2C480\\u0026ssl=1&quot;,&quot;id&quot;:&quot;3279&quot;,&quot;title&quot;:&quot;RENAISSANCE-HOTEL-6&quot;,&quot;alt&quot;:&quot;&quot;,&quot;caption&quot;:&quot;&quot;,&quot;itemprop&quot;:&quot;image&quot;},{&quot;src&quot;:&quot;https:\\\/\\\/i0.wp.com\\\/salonamat.com\\\/wp-content\\\/uploads\\\/2020\\\/12\\\/RENAISSANCE-HOTEL-2.jpg?fit=720%2C480\\u0026ssl=1&quot;,&quot;id&quot;:&quot;3274&quot;,&quot;title&quot;:&quot;RENAISSANCE-HOTEL-2&quot;,&quot;alt&quot;:&quot;&quot;,&quot;caption&quot;:&quot;&quot;,&quot;itemprop&quot;:&quot;image&quot;},{&quot;src&quot;:&quot;https:\\\/\\\/i0.wp.com\\\/salonamat.com\\\/wp-content\\\/uploads\\\/2020\\\/12\\\/RENAISSANCE-HOTEL-12.jpg?fit=720%2C480\\u0026ssl=1&quot;,&quot;id&quot;:&quot;3285&quot;,&quot;title&quot;:&quot;RENAISSANCE-HOTEL-12&quot;,&quot;alt&quot;:&quot;&quot;,&quot;caption&quot;:&quot;&quot;,&quot;itemprop&quot;:&quot;image&quot;},{&quot;src&quot;:&quot;https:\\\/\\\/i0.wp.com\\\/salonamat.com\\\/wp-content\\\/uploads\\\/2020\\\/12\\\/RENAISSANCE-HOTEL-11.jpg?fit=720%2C480\\u0026ssl=1&quot;,&quot;id&quot;:&quot;3284&quot;,&quot;title&quot;:&quot;RENAISSANCE-HOTEL-11&quot;,&quot;alt&quot;:&quot;&quot;,&quot;caption&quot;:&quot;&quot;,&quot;itemprop&quot;:&quot;image&quot;},{&quot;src&quot;:&quot;https:\\\/\\\/i0.wp.com\\\/salonamat.com\\\/wp-content\\\/uploads\\\/2020\\\/12\\\/RENAISSANCE-HOTEL-4.jpg?fit=683%2C1024\\u0026ssl=1&quot;,&quot;id&quot;:&quot;3277&quot;,&quot;title&quot;:&quot;RENAISSANCE-HOTEL-4&quot;,&quot;alt&quot;:&quot;&quot;,&quot;caption&quot;:&quot;&quot;,&quot;itemprop&quot;:&quot;image&quot;},{&quot;src&quot;:&quot;https:\\\/\\\/i0.wp.com\\\/salonamat.com\\\/wp-content\\\/uploads\\\/2020\\\/12\\\/RENAISSANCE-HOTEL-5.jpg?fit=720%2C480\\u0026ssl=1&quot;,&quot;id&quot;:&quot;3278&quot;,&quot;title&quot;:&quot;RENAISSANCE-HOTEL-5&quot;,&quot;alt&quot;:&quot;&quot;,&quot;caption&quot;:&quot;&quot;,&quot;itemprop&quot;:&quot;image&quot;},{&quot;src&quot;:&quot;https:\\\/\\\/i0.wp.com\\\/salonamat.com\\\/wp-content\\\/uploads\\\/2020\\\/12\\\/RENAISSANCE-HOTEL-3.jpg?fit=720%2C480\\u0026ssl=1&quot;,&quot;id&quot;:&quot;3275&quot;,&quot;title&quot;:&quot;RENAISSANCE-HOTEL-3&quot;,&quot;alt&quot;:&quot;&quot;,&quot;caption&quot;:&quot;&quot;,&quot;itemprop&quot;:&quot;image&quot;},{&quot;src&quot;:&quot;https:\\\/\\\/i0.wp.com\\\/salonamat.com\\\/wp-content\\\/uploads\\\/2020\\\/12\\\/RENAISSANCE-HOTEL-1.jpg?fit=720%2C480\\u0026ssl=1&quot;,&quot;id&quot;:&quot;3273&quot;,&quot;title&quot;:&quot;RENAISSANCE-HOTEL-1&quot;,&quot;alt&quot;:&quot;&quot;,&quot;caption&quot;:&quot;&quot;,&quot;itemprop&quot;:&quot;image&quot;},{&quot;src&quot;:&quot;https:\\\/\\\/i0.wp.com\\\/salonamat.com\\\/wp-content\\\/uploads\\\/2020\\\/12\\\/RENAISSANCE-HOTEL-9.jpg?fit=683%2C1024\\u0026ssl=1&quot;,&quot;id&quot;:&quot;3282&quot;,&quot;title&quot;:&quot;RENAISSANCE-HOTEL-9&quot;,&quot;alt&quot;:&quot;&quot;,&quot;caption&quot;:&quot;&quot;,&quot;itemprop&quot;:&quot;image&quot;},{&quot;src&quot;:&quot;https:\\\/\\\/i0.wp.com\\\/salonamat.com\\\/wp-content\\\/uploads\\\/2020\\\/12\\\/RENAISSANCE-HOTEL-8.jpg?fit=720%2C480\\u0026ssl=1&quot;,&quot;id&quot;:&quot;3281&quot;,&quot;title&quot;:&quot;RENAISSANCE-HOTEL-8&quot;,&quot;alt&quot;:&quot;&quot;,&quot;caption&quot;:&quot;&quot;,&quot;itemprop&quot;:&quot;image&quot;},{&quot;src&quot;:&quot;https:\\\/\\\/i0.wp.com\\\/salonamat.com\\\/wp-content\\\/uploads\\\/2020\\\/12\\\/RENAISSANCE-HOTEL-7.jpg?fit=720%2C480\\u0026ssl=1&quot;,&quot;id&quot;:&quot;3280&quot;,&quot;title&quot;:&quot;RENAISSANCE-HOTEL-7&quot;,&quot;alt&quot;:&quot;&quot;,&quot;caption&quot;:&quot;&quot;,&quot;itemprop&quot;:&quot;image&quot;},{&quot;src&quot;:&quot;https:\\\/\\\/i0.wp.com\\\/salonamat.com\\\/wp-content\\\/uploads\\\/2015\\\/12\\\/AMAT-022.jpg?fit=720%2C480\\u0026ssl=1&quot;,&quot;id&quot;:&quot;31&quot;,&quot;title&quot;:&quot;AMAT-022&quot;,&quot;alt&quot;:&quot;&quot;,&quot;caption&quot;:&quot;&quot;,&quot;itemprop&quot;:&quot;image&quot;},{&quot;src&quot;:&quot;https:\\\/\\\/i0.wp.com\\\/salonamat.com\\\/wp-content\\\/uploads\\\/2015\\\/12\\\/AMAT-008.jpg?fit=720%2C480\\u0026ssl=1&quot;,&quot;id&quot;:&quot;17&quot;,&quot;title&quot;:&quot;AMAT-008&quot;,&quot;alt&quot;:&quot;&quot;,&quot;caption&quot;:&quot;&quot;,&quot;itemprop&quot;:&quot;image&quot;},{&quot;src&quot;:&quot;https:\\\/\\\/i0.wp.com\\\/salonamat.com\\\/wp-content\\\/uploads\\\/2015\\\/12\\\/AMBIANCE-AMAT-017.jpg?fit=720%2C459\\u0026ssl=1&quot;,&quot;id&quot;:&quot;51&quot;,&quot;title&quot;:&quot;AMBIANCE-AMAT-017&quot;,&quot;alt&quot;:&quot;&quot;,&quot;caption&quot;:&quot;&quot;,&quot;itemprop&quot;:&quot;image&quot;},{&quot;src&quot;:&quot;https:\\\/\\\/i0.wp.com\\\/salonamat.com\\\/wp-content\\\/uploads\\\/2015\\\/12\\\/AMBIANCE-AMAT-016.jpg?fit=720%2C480\\u0026ssl=1&quot;,&quot;id&quot;:&quot;50&quot;,&quot;title&quot;:&quot;AMBIANCE-AMAT-016&quot;,&quot;alt&quot;:&quot;&quot;,&quot;caption&quot;:&quot;&quot;,&quot;itemprop&quot;:&quot;image&quot;},{&quot;src&quot;:&quot;https:\\\/\\\/i0.wp.com\\\/salonamat.com\\\/wp-content\\\/uploads\\\/2015\\\/12\\\/AMBIANCE-AMAT-015.jpg?fit=720%2C480\\u0026ssl=1&quot;,&quot;id&quot;:&quot;49&quot;,&quot;title&quot;:&quot;AMBIANCE-AMAT-015&quot;,&quot;alt&quot;:&quot;&quot;,&quot;caption&quot;:&quot;&quot;,&quot;itemprop&quot;:&quot;image&quot;},{&quot;src&quot;:&quot;https:\\\/\\\/i0.wp.com\\\/salonamat.com\\\/wp-content\\\/uploads\\\/2015\\\/12\\\/AMBIANCE-AMAT-014.jpg?fit=720%2C467\\u0026ssl=1&quot;,&quot;id&quot;:&quot;48&quot;,&quot;title&quot;:&quot;AMBIANCE-AMAT-014&quot;,&quot;alt&quot;:&quot;&quot;,&quot;caption&quot;:&quot;&quot;,&quot;itemprop&quot;:&quot;image&quot;},{&quot;src&quot;:&quot;https:\\\/\\\/i0.wp.com\\\/salonamat.com\\\/wp-content\\\/uploads\\\/2015\\\/12\\\/AMBIANCE-AMAT-013.jpg?fit=720%2C480\\u0026ssl=1&quot;,&quot;id&quot;:&quot;47&quot;,&quot;title&quot;:&quot;AMBIANCE-AMAT-013&quot;,&quot;alt&quot;:&quot;&quot;,&quot;caption&quot;:&quot;&quot;,&quot;itemprop&quot;:&quot;image&quot;},{&quot;src&quot;:&quot;https:\\\/\\\/i0.wp.com\\\/salonamat.com\\\/wp-content\\\/uploads\\\/2015\\\/12\\\/AMBIANCE-AMAT-012.jpg?fit=720%2C480\\u0026ssl=1&quot;,&quot;id&quot;:&quot;46&quot;,&quot;title&quot;:&quot;AMBIANCE-AMAT-012&quot;,&quot;alt&quot;:&quot;&quot;,&quot;caption&quot;:&quot;&quot;,&quot;itemprop&quot;:&quot;image&quot;},{&quot;src&quot;:&quot;https:\\\/\\\/i0.wp.com\\\/salonamat.com\\\/wp-content\\\/uploads\\\/2015\\\/12\\\/AMBIANCE-AMAT-019.jpg?fit=720%2C480\\u0026ssl=1&quot;,&quot;id&quot;:&quot;53&quot;,&quot;title&quot;:&quot;AMBIANCE-AMAT-019&quot;,&quot;alt&quot;:&quot;&quot;,&quot;caption&quot;:&quot;&quot;,&quot;itemprop&quot;:&quot;image&quot;},{&quot;src&quot;:&quot;https:\\\/\\\/i0.wp.com\\\/salonamat.com\\\/wp-content\\\/uploads\\\/2015\\\/12\\\/AMBIANCE-AMAT-011.jpg?fit=720%2C482\\u0026ssl=1&quot;,&quot;id&quot;:&quot;45&quot;,&quot;title&quot;:&quot;AMBIANCE-AMAT-011&quot;,&quot;alt&quot;:&quot;&quot;,&quot;caption&quot;:&quot;&quot;,&quot;itemprop&quot;:&quot;image&quot;},{&quot;src&quot;:&quot;https:\\\/\\\/i0.wp.com\\\/salonamat.com\\\/wp-content\\\/uploads\\\/2015\\\/12\\\/AMBIANCE-AMAT-009.jpg?fit=720%2C494\\u0026ssl=1&quot;,&quot;id&quot;:&quot;43&quot;,&quot;title&quot;:&quot;AMBIANCE-AMAT-009&quot;,&quot;alt&quot;:&quot;&quot;,&quot;caption&quot;:&quot;&quot;,&quot;itemprop&quot;:&quot;image&quot;},{&quot;src&quot;:&quot;https:\\\/\\\/i0.wp.com\\\/salonamat.com\\\/wp-content\\\/uploads\\\/2015\\\/12\\\/AMBIANCE-AMAT-018.jpg?fit=720%2C480\\u0026ssl=1&quot;,&quot;id&quot;:&quot;52&quot;,&quot;title&quot;:&quot;AMBIANCE-AMAT-018&quot;,&quot;alt&quot;:&quot;&quot;,&quot;caption&quot;:&quot;&quot;,&quot;itemprop&quot;:&quot;image&quot;},{&quot;src&quot;:&quot;https:\\\/\\\/i0.wp.com\\\/salonamat.com\\\/wp-content\\\/uploads\\\/2015\\\/12\\\/AMBIANCE-AMAT-008.jpg?fit=720%2C485\\u0026ssl=1&quot;,&quot;id&quot;:&quot;42&quot;,&quot;title&quot;:&quot;AMBIANCE-AMAT-008&quot;,&quot;alt&quot;:&quot;&quot;,&quot;caption&quot;:&quot;&quot;,&quot;itemprop&quot;:&quot;image&quot;},{&quot;src&quot;:&quot;https:\\\/\\\/i0.wp.com\\\/salonamat.com\\\/wp-content\\\/uploads\\\/2015\\\/12\\\/AMBIANCE-AMAT-007.jpg?fit=720%2C483\\u0026ssl=1&quot;,&quot;id&quot;:&quot;41&quot;,&quot;title&quot;:&quot;AMBIANCE-AMAT-007&quot;,&quot;alt&quot;:&quot;&quot;,&quot;caption&quot;:&quot;&quot;,&quot;itemprop&quot;:&quot;image&quot;},{&quot;src&quot;:&quot;https:\\\/\\\/i0.wp.com\\\/salonamat.com\\\/wp-content\\\/uploads\\\/2015\\\/12\\\/AMBIANCE-AMAT-006.jpg?fit=720%2C473\\u0026ssl=1&quot;,&quot;id&quot;:&quot;40&quot;,&quot;title&quot;:&quot;AMBIANCE-AMAT-006&quot;,&quot;alt&quot;:&quot;&quot;,&quot;caption&quot;:&quot;&quot;,&quot;itemprop&quot;:&quot;image&quot;},{&quot;src&quot;:&quot;https:\\\/\\\/i0.wp.com\\\/salonamat.com\\\/wp-content\\\/uploads\\\/2015\\\/12\\\/AMBIANCE-AMAT-005.jpg?fit=720%2C480\\u0026ssl=1&quot;,&quot;id&quot;:&quot;39&quot;,&quot;title&quot;:&quot;AMBIANCE-AMAT-005&quot;,&quot;alt&quot;:&quot;&quot;,&quot;caption&quot;:&quot;&quot;,&quot;itemprop&quot;:&quot;image&quot;},{&quot;src&quot;:&quot;https:\\\/\\\/i0.wp.com\\\/salonamat.com\\\/wp-content\\\/uploads\\\/2015\\\/12\\\/AMBIANCE-AMAT-010.jpg?fit=720%2C463\\u0026ssl=1&quot;,&quot;id&quot;:&quot;44&quot;,&quot;title&quot;:&quot;AMBIANCE-AMAT-010&quot;,&quot;alt&quot;:&quot;&quot;,&quot;caption&quot;:&quot;&quot;,&quot;itemprop&quot;:&quot;image&quot;},{&quot;src&quot;:&quot;https:\\\/\\\/i0.wp.com\\\/salonamat.com\\\/wp-content\\\/uploads\\\/2015\\\/12\\\/AMBIANCE-AMAT-004.jpg?fit=720%2C459\\u0026ssl=1&quot;,&quot;id&quot;:&quot;38&quot;,&quot;title&quot;:&quot;AMBIANCE-AMAT-004&quot;,&quot;alt&quot;:&quot;&quot;,&quot;caption&quot;:&quot;&quot;,&quot;itemprop&quot;:&quot;image&quot;},{&quot;src&quot;:&quot;https:\\\/\\\/i0.wp.com\\\/salonamat.com\\\/wp-content\\\/uploads\\\/2015\\\/12\\\/AMBIANCE-AMAT-003.jpg?fit=720%2C475\\u0026ssl=1&quot;,&quot;id&quot;:&quot;37&quot;,&quot;title&quot;:&quot;AMBIANCE-AMAT-003&quot;,&quot;alt&quot;:&quot;&quot;,&quot;caption&quot;:&quot;&quot;,&quot;itemprop&quot;:&quot;image&quot;},{&quot;src&quot;:&quot;https:\\\/\\\/i0.wp.com\\\/salonamat.com\\\/wp-content\\\/uploads\\\/2015\\\/12\\\/AMBIANCE-AMAT-002.jpg?fit=720%2C492\\u0026ssl=1&quot;,&quot;id&quot;:&quot;36&quot;,&quot;title&quot;:&quot;AMBIANCE-AMAT-002&quot;,&quot;alt&quot;:&quot;&quot;,&quot;caption&quot;:&quot;&quot;,&quot;itemprop&quot;:&quot;image&quot;},{&quot;src&quot;:&quot;https:\\\/\\\/i0.wp.com\\\/salonamat.com\\\/wp-content\\\/uploads\\\/2015\\\/12\\\/AMBIANCE-AMAT-001.jpg?fit=720%2C485\\u0026ssl=1&quot;,&quot;id&quot;:&quot;35&quot;,&quot;title&quot;:&quot;AMBIANCE-AMAT-001&quot;,&quot;alt&quot;:&quot;&quot;,&quot;caption&quot;:&quot;&quot;,&quot;itemprop&quot;:&quot;image&quot;},{&quot;src&quot;:&quot;https:\\\/\\\/i0.wp.com\\\/salonamat.com\\\/wp-content\\\/uploads\\\/2015\\\/12\\\/AMAT-019.jpg?fit=720%2C480\\u0026ssl=1&quot;,&quot;id&quot;:&quot;28&quot;,&quot;title&quot;:&quot;AMAT-019&quot;,&quot;alt&quot;:&quot;&quot;,&quot;caption&quot;:&quot;&quot;,&quot;itemprop&quot;:&quot;image&quot;},{&quot;src&quot;:&quot;https:\\\/\\\/i0.wp.com\\\/salonamat.com\\\/wp-content\\\/uploads\\\/2015\\\/12\\\/AMAT-018.jpg?fit=720%2C480\\u0026ssl=1&quot;,&quot;id&quot;:&quot;27&quot;,&quot;title&quot;:&quot;AMAT-018&quot;,&quot;alt&quot;:&quot;&quot;,&quot;caption&quot;:&quot;&quot;,&quot;itemprop&quot;:&quot;image&quot;},{&quot;src&quot;:&quot;https:\\\/\\\/i0.wp.com\\\/salonamat.com\\\/wp-content\\\/uploads\\\/2015\\\/12\\\/AMAT-017.jpg?fit=720%2C480\\u0026ssl=1&quot;,&quot;id&quot;:&quot;26&quot;,&quot;title&quot;:&quot;AMAT-017&quot;,&quot;alt&quot;:&quot;&quot;,&quot;caption&quot;:&quot;&quot;,&quot;itemprop&quot;:&quot;image&quot;},{&quot;src&quot;:&quot;https:\\\/\\\/i0.wp.com\\\/salonamat.com\\\/wp-content\\\/uploads\\\/2015\\\/12\\\/AMAT-020.jpg?fit=720%2C480\\u0026ssl=1&quot;,&quot;id&quot;:&quot;29&quot;,&quot;title&quot;:&quot;AMAT-020&quot;,&quot;alt&quot;:&quot;&quot;,&quot;caption&quot;:&quot;&quot;,&quot;itemprop&quot;:&quot;image&quot;},{&quot;src&quot;:&quot;https:\\\/\\\/i0.wp.com\\\/salonamat.com\\\/wp-content\\\/uploads\\\/2015\\\/12\\\/AMAT-016.jpg?fit=720%2C480\\u0026ssl=1&quot;,&quot;id&quot;:&quot;25&quot;,&quot;title&quot;:&quot;AMAT-016&quot;,&quot;alt&quot;:&quot;&quot;,&quot;caption&quot;:&quot;&quot;,&quot;itemprop&quot;:&quot;image&quot;},{&quot;src&quot;:&quot;https:\\\/\\\/i0.wp.com\\\/salonamat.com\\\/wp-content\\\/uploads\\\/2015\\\/12\\\/AMAT-015.jpg?fit=720%2C480\\u0026ssl=1&quot;,&quot;id&quot;:&quot;24&quot;,&quot;title&quot;:&quot;AMAT-015&quot;,&quot;alt&quot;:&quot;&quot;,&quot;caption&quot;:&quot;&quot;,&quot;itemprop&quot;:&quot;image&quot;},{&quot;src&quot;:&quot;https:\\\/\\\/i0.wp.com\\\/salonamat.com\\\/wp-content\\\/uploads\\\/2015\\\/12\\\/AMAT-014.jpg?fit=720%2C480\\u0026ssl=1&quot;,&quot;id&quot;:&quot;23&quot;,&quot;title&quot;:&quot;AMAT-014&quot;,&quot;alt&quot;:&quot;&quot;,&quot;caption&quot;:&quot;&quot;,&quot;itemprop&quot;:&quot;image&quot;},{&quot;src&quot;:&quot;https:\\\/\\\/i0.wp.com\\\/salonamat.com\\\/wp-content\\\/uploads\\\/2015\\\/12\\\/AMAT-013.jpg?fit=720%2C480\\u0026ssl=1&quot;,&quot;id&quot;:&quot;22&quot;,&quot;title&quot;:&quot;AMAT-013&quot;,&quot;alt&quot;:&quot;&quot;,&quot;caption&quot;:&quot;&quot;,&quot;itemprop&quot;:&quot;image&quot;},{&quot;src&quot;:&quot;https:\\\/\\\/i0.wp.com\\\/salonamat.com\\\/wp-content\\\/uploads\\\/2015\\\/12\\\/AMAT-012.jpg?fit=720%2C480\\u0026ssl=1&quot;,&quot;id&quot;:&quot;21&quot;,&quot;title&quot;:&quot;AMAT-012&quot;,&quot;alt&quot;:&quot;&quot;,&quot;caption&quot;:&quot;&quot;,&quot;itemprop&quot;:&quot;image&quot;},{&quot;src&quot;:&quot;https:\\\/\\\/i0.wp.com\\\/salonamat.com\\\/wp-content\\\/uploads\\\/2015\\\/12\\\/AMAT-011.jpg?fit=720%2C480\\u0026ssl=1&quot;,&quot;id&quot;:&quot;20&quot;,&quot;title&quot;:&quot;AMAT-011&quot;,&quot;alt&quot;:&quot;&quot;,&quot;caption&quot;:&quot;&quot;,&quot;itemprop&quot;:&quot;image&quot;},{&quot;src&quot;:&quot;https:\\\/\\\/i0.wp.com\\\/salonamat.com\\\/wp-content\\\/uploads\\\/2015\\\/12\\\/AMAT-007.jpg?fit=720%2C480\\u0026ssl=1&quot;,&quot;id&quot;:&quot;16&quot;,&quot;title&quot;:&quot;AMAT-007&quot;,&quot;alt&quot;:&quot;&quot;,&quot;caption&quot;:&quot;&quot;,&quot;itemprop&quot;:&quot;image&quot;},{&quot;src&quot;:&quot;https:\\\/\\\/i0.wp.com\\\/salonamat.com\\\/wp-content\\\/uploads\\\/2015\\\/12\\\/AMAT-006.jpg?fit=720%2C480\\u0026ssl=1&quot;,&quot;id&quot;:&quot;15&quot;,&quot;title&quot;:&quot;AMAT-006&quot;,&quot;alt&quot;:&quot;&quot;,&quot;caption&quot;:&quot;&quot;,&quot;itemprop&quot;:&quot;image&quot;},{&quot;src&quot;:&quot;https:\\\/\\\/i0.wp.com\\\/salonamat.com\\\/wp-content\\\/uploads\\\/2015\\\/12\\\/AMAT-005.jpg?fit=720%2C480\\u0026ssl=1&quot;,&quot;id&quot;:&quot;14&quot;,&quot;title&quot;:&quot;AMAT-005&quot;,&quot;alt&quot;:&quot;&quot;,&quot;caption&quot;:&quot;&quot;,&quot;itemprop&quot;:&quot;image&quot;},{&quot;src&quot;:&quot;https:\\\/\\\/i0.wp.com\\\/salonamat.com\\\/wp-content\\\/uploads\\\/2015\\\/12\\\/AMAT-010.jpg?fit=720%2C480\\u0026ssl=1&quot;,&quot;id&quot;:&quot;19&quot;,&quot;title&quot;:&quot;AMAT-010&quot;,&quot;alt&quot;:&quot;&quot;,&quot;caption&quot;:&quot;&quot;,&quot;itemprop&quot;:&quot;image&quot;},{&quot;src&quot;:&quot;https:\\\/\\\/i0.wp.com\\\/salonamat.com\\\/wp-content\\\/uploads\\\/2015\\\/12\\\/AMAT-004.jpg?fit=720%2C464\\u0026ssl=1&quot;,&quot;id&quot;:&quot;13&quot;,&quot;title&quot;:&quot;AMAT-004&quot;,&quot;alt&quot;:&quot;&quot;,&quot;caption&quot;:&quot;&quot;,&quot;itemprop&quot;:&quot;image&quot;},{&quot;src&quot;:&quot;https:\\\/\\\/i0.wp.com\\\/salonamat.com\\\/wp-content\\\/uploads\\\/2015\\\/12\\\/AMAT-009.jpg?fit=720%2C472\\u0026ssl=1&quot;,&quot;id&quot;:&quot;18&quot;,&quot;title&quot;:&quot;AMAT-009&quot;,&quot;alt&quot;:&quot;&quot;,&quot;caption&quot;:&quot;&quot;,&quot;itemprop&quot;:&quot;image&quot;},{&quot;src&quot;:&quot;https:\\\/\\\/i0.wp.com\\\/salonamat.com\\\/wp-content\\\/uploads\\\/2015\\\/12\\\/AMAT-003.jpg?fit=720%2C447\\u0026ssl=1&quot;,&quot;id&quot;:&quot;12&quot;,&quot;title&quot;:&quot;AMAT-003&quot;,&quot;alt&quot;:&quot;&quot;,&quot;caption&quot;:&quot;&quot;,&quot;itemprop&quot;:&quot;image&quot;},{&quot;src&quot;:&quot;https:\\\/\\\/i0.wp.com\\\/salonamat.com\\\/wp-content\\\/uploads\\\/2015\\\/12\\\/AMAT-002.jpg?fit=720%2C482\\u0026ssl=1&quot;,&quot;id&quot;:&quot;11&quot;,&quot;title&quot;:&quot;AMAT-002&quot;,&quot;alt&quot;:&quot;&quot;,&quot;caption&quot;:&quot;&quot;,&quot;itemprop&quot;:&quot;image&quot;},{&quot;src&quot;:&quot;https:\\\/\\\/i0.wp.com\\\/salonamat.com\\\/wp-content\\\/uploads\\\/2015\\\/12\\\/AMAT-001.jpg?fit=720%2C480\\u0026ssl=1&quot;,&quot;id&quot;:&quot;10&quot;,&quot;title&quot;:&quot;AMAT-001&quot;,&quot;alt&quot;:&quot;&quot;,&quot;caption&quot;:&quot;&quot;,&quot;itemprop&quot;:&quot;image&quot;}]\" itemscope itemtype=\"https:\/\/schema.org\/ImageGallery\"><\/div>\n","protected":false},"excerpt":{"rendered":"<p>L&#8216;A.M.A.T. (Association M\u00e9ridionale d&#8217;Agents Textile) est n\u00e9 il y a de nombreuses ann\u00e9es de l\u2019association de repr\u00e9sentants ind\u00e9pendants qui d\u00e9cident de se r\u00e9unir et d\u2019inviter leurs clients \u00e0 un \u00ab show-room \u00bb. Le succ\u00e8s est av\u00e9r\u00e9 : 3 ou 4 salons plus tard, l&#8216;AMAT compte d\u00e9j\u00e0 plus de 20 membres qui se r\u00e9unissent deux fois par an et pr\u00e9sentent ensemble leurs collections, devenant ainsi un &hellip; <a href=\"https:\/\/salonamat.com\/index.php\/salons\/\" class=\"more-link\">Continuer de lire <span class=\"screen-reader-text\">LE SALON<\/span><\/a><\/p>\n","protected":false},"author":2,"featured_media":0,"parent":0,"menu_order":0,"comment_status":"closed","ping_status":"closed","template":"","meta":{"spay_email":""},"categories":[29],"tags":[],"jetpack_sharing_enabled":true,"jetpack_shortlink":"https:\/\/wp.me\/P7346W-jK","jetpack-related-posts":[{"id":724,"url":"https:\/\/salonamat.com\/index.php\/mentions-legales\/","url_meta":{"origin":1224,"position":0},"title":"MENTIONS LEGALES","date":"d\u00e9cembre 18, 2015","format":false,"excerpt":"Ce site est la propri\u00e9t\u00e9 de : Association AMAT Pr\u00e9sident : Paul MESTRALLET Si\u00e8ge social : Chemin du Grapon \/ 13590 MEYREUIL T\u00e9l\u00e9phone : 06 08 21 32 83 Email : paul.mestrallet@free.fr Edition du site Internet Responsable de la publication : Tom Boa Design Studio Conception du site internet et\u2026","rel":"","context":"Dans &quot;mentions l\u00e9gales&quot;","img":{"alt_text":"","src":"","width":0,"height":0},"classes":[]},{"id":1213,"url":"https:\/\/salonamat.com\/index.php\/liens\/","url_meta":{"origin":1224,"position":1},"title":"LIENS","date":"d\u00e9cembre 14, 2015","format":false,"excerpt":"L'AMAT est partenaire du salon lyonnais : GEATRA. N'h\u00e9sitez pas \u00e0 visiter le site de celui-ci.","rel":"","context":"Article similaire","img":{"alt_text":"","src":"","width":0,"height":0},"classes":[]},{"id":6173,"url":"https:\/\/salonamat.com\/index.php\/collections\/tissus\/texprint\/","url_meta":{"origin":1224,"position":2},"title":"TEXPRINT","date":"d\u00e9cembre 19, 2023","format":false,"excerpt":"Fabricant italien de tissus imprim\u00e9s cha\u00eene et trame et maille. Propose toile - serg\u00e9 - satins - cr\u00eapes - georgette - double georgette - cr\u00eape marocain compositions. Composition: coton, coton \u00e9lasthanne, viscose, fibranne, polyamide-viscose. Pas de minimum de commande. Pour le pr\u00eat \u00e0 porter. Possibilit\u00e9 de r\u00e9alisation des dessins clients.\u2026","rel":"","context":"Dans &quot;cha\u00eene et trame&quot;","img":{"alt_text":"","src":"https:\/\/i0.wp.com\/salonamat.com\/wp-content\/uploads\/2023\/12\/TEXPRINT-1.jpg?resize=350%2C200&ssl=1","width":350,"height":200},"classes":[]},{"id":10122,"url":"https:\/\/salonamat.com\/index.php\/collections\/tissus\/selvi\/","url_meta":{"origin":1224,"position":3},"title":"SELVI","date":"octobre 29, 2025","format":false,"excerpt":"fournisseur espagnol de bases coton avec ou sans ea , m\u00e9langes avec viscose et lin , pour le sportswear Repr\u00e9sent\u00e9 par Paul Mestrallet.","rel":"","context":"Dans &quot;coton&quot;","img":{"alt_text":"","src":"","width":0,"height":0},"classes":[]},{"id":10510,"url":"https:\/\/salonamat.com\/index.php\/collections\/tissus\/multipunt\/","url_meta":{"origin":1224,"position":4},"title":"MULTIPUNT","date":"janvier 19, 2026","format":false,"excerpt":"Fabricant Espagnol Sp\u00e9cialiste des mailles polyester grande gammes livrables \u00e0 la pi\u00e8ce petit prix Sp\u00e9cialiste imprim\u00e9s venezia Repr\u00e9sent\u00e9 par Paul Mestrallet","rel":"","context":"Dans &quot;imprimeur&quot;","img":{"alt_text":"","src":"","width":0,"height":0},"classes":[]},{"id":10120,"url":"https:\/\/salonamat.com\/index.php\/collections\/tissus\/bcn\/","url_meta":{"origin":1224,"position":5},"title":"BCN","date":"octobre 29, 2025","format":false,"excerpt":"Fabricant turc de tissus cha\u00eene-et-trame en poly viscose ea Polyester, \u00e9lasthanne, viscose... Repr\u00e9sent\u00e9 par Paul Mestrallet.","rel":"","context":"Dans &quot;cha\u00eene et trame&quot;","img":{"alt_text":"","src":"","width":0,"height":0},"classes":[]}],"_links":{"self":[{"href":"https:\/\/salonamat.com\/index.php\/wp-json\/wp\/v2\/pages\/1224"}],"collection":[{"href":"https:\/\/salonamat.com\/index.php\/wp-json\/wp\/v2\/pages"}],"about":[{"href":"https:\/\/salonamat.com\/index.php\/wp-json\/wp\/v2\/types\/page"}],"author":[{"embeddable":true,"href":"https:\/\/salonamat.com\/index.php\/wp-json\/wp\/v2\/users\/2"}],"replies":[{"embeddable":true,"href":"https:\/\/salonamat.com\/index.php\/wp-json\/wp\/v2\/comments?post=1224"}],"version-history":[{"count":10,"href":"https:\/\/salonamat.com\/index.php\/wp-json\/wp\/v2\/pages\/1224\/revisions"}],"predecessor-version":[{"id":3286,"href":"https:\/\/salonamat.com\/index.php\/wp-json\/wp\/v2\/pages\/1224\/revisions\/3286"}],"wp:attachment":[{"href":"https:\/\/salonamat.com\/index.php\/wp-json\/wp\/v2\/media?parent=1224"}],"wp:term":[{"taxonomy":"category","embeddable":true,"href":"https:\/\/salonamat.com\/index.php\/wp-json\/wp\/v2\/categories?post=1224"},{"taxonomy":"post_tag","embeddable":true,"href":"https:\/\/salonamat.com\/index.php\/wp-json\/wp\/v2\/tags?post=1224"}],"curies":[{"name":"wp","href":"https:\/\/api.w.org\/{rel}","templated":true}]}}