{"id":1217,"date":"2015-12-14T15:28:14","date_gmt":"2015-12-14T15:28:14","guid":{"rendered":"http:\/\/salongeatra.com\/?page_id=20"},"modified":"2015-12-14T15:28:14","modified_gmt":"2015-12-14T15:28:14","slug":"autres-services","status":"publish","type":"page","link":"https:\/\/salonamat.com\/index.php\/collections\/autres-services\/","title":{"rendered":"AUTRES SERVICES"},"content":{"rendered":"","protected":false},"excerpt":{"rendered":"<p> <a href=\"https:\/\/salonamat.com\/index.php\/collections\/autres-services\/\" class=\"more-link\">Continuer de lire <span class=\"screen-reader-text\">AUTRES SERVICES<\/span><\/a><\/p>\n","protected":false},"author":2,"featured_media":0,"parent":1212,"menu_order":3,"comment_status":"closed","ping_status":"closed","template":"","meta":{"spay_email":""},"categories":[],"tags":[],"jetpack_sharing_enabled":true,"jetpack_shortlink":"https:\/\/wp.me\/P7346W-jD","jetpack-related-posts":[{"id":4795,"url":"https:\/\/salonamat.com\/index.php\/collections\/autres-services\/deep-blue\/","url_meta":{"origin":1217,"position":0},"title":"DEEP BLUE","date":"janvier 2, 2023","format":false,"excerpt":"Espagne Groupe Sportwear Argentona Imprim\u00e9s pour maillot de bain Minima: aucun Repr\u00e9sent\u00e9e par Philippe CAZELLES","rel":"","context":"Dans &quot;bain&quot;","img":{"alt_text":"","src":"","width":0,"height":0},"classes":[]}],"_links":{"self":[{"href":"https:\/\/salonamat.com\/index.php\/wp-json\/wp\/v2\/pages\/1217"}],"collection":[{"href":"https:\/\/salonamat.com\/index.php\/wp-json\/wp\/v2\/pages"}],"about":[{"href":"https:\/\/salonamat.com\/index.php\/wp-json\/wp\/v2\/types\/page"}],"author":[{"embeddable":true,"href":"https:\/\/salonamat.com\/index.php\/wp-json\/wp\/v2\/users\/2"}],"replies":[{"embeddable":true,"href":"https:\/\/salonamat.com\/index.php\/wp-json\/wp\/v2\/comments?post=1217"}],"version-history":[{"count":0,"href":"https:\/\/salonamat.com\/index.php\/wp-json\/wp\/v2\/pages\/1217\/revisions"}],"up":[{"embeddable":true,"href":"https:\/\/salonamat.com\/index.php\/wp-json\/wp\/v2\/pages\/1212"}],"wp:attachment":[{"href":"https:\/\/salonamat.com\/index.php\/wp-json\/wp\/v2\/media?parent=1217"}],"wp:term":[{"taxonomy":"category","embeddable":true,"href":"https:\/\/salonamat.com\/index.php\/wp-json\/wp\/v2\/categories?post=1217"},{"taxonomy":"post_tag","embeddable":true,"href":"https:\/\/salonamat.com\/index.php\/wp-json\/wp\/v2\/tags?post=1217"}],"curies":[{"name":"wp","href":"https:\/\/api.w.org\/{rel}","templated":true}]}}