{"id":1216,"date":"2015-12-14T15:27:51","date_gmt":"2015-12-14T15:27:51","guid":{"rendered":"http:\/\/salongeatra.com\/?page_id=18"},"modified":"2015-12-27T10:39:00","modified_gmt":"2015-12-27T10:39:00","slug":"accessoires","status":"publish","type":"page","link":"https:\/\/salonamat.com\/index.php\/collections\/accessoires\/","title":{"rendered":"ACCESSOIRES"},"content":{"rendered":"<p class=\"jetpack-slideshow-noscript robots-nocontent\">Ce diaporama n\u00e9cessite JavaScript.<\/p><div id=\"gallery-1216-1-slideshow\" class=\"jetpack-slideshow-window jetpack-slideshow jetpack-slideshow-black\" data-trans=\"fade\" data-autostart=\"1\" data-gallery=\"[{&quot;src&quot;:&quot;https:\\\/\\\/i0.wp.com\\\/salonamat.com\\\/wp-content\\\/uploads\\\/2015\\\/12\\\/PHILIPPE-TOP-TRIMMING.jpg?fit=720%2C480\\u0026ssl=1&quot;,&quot;id&quot;:&quot;1527&quot;,&quot;title&quot;:&quot;PHILIPPE-TOP-TRIMMING&quot;,&quot;alt&quot;:&quot;&quot;,&quot;caption&quot;:&quot;&quot;,&quot;itemprop&quot;:&quot;image&quot;},{&quot;src&quot;:&quot;https:\\\/\\\/i0.wp.com\\\/salonamat.com\\\/wp-content\\\/uploads\\\/2015\\\/12\\\/PHILIPPE-PRODUTTORI-ITALIANI.jpg?fit=720%2C480\\u0026ssl=1&quot;,&quot;id&quot;:&quot;1524&quot;,&quot;title&quot;:&quot;PHILIPPE-PRODUTTORI-ITALIANI&quot;,&quot;alt&quot;:&quot;&quot;,&quot;caption&quot;:&quot;&quot;,&quot;itemprop&quot;:&quot;image&quot;},{&quot;src&quot;:&quot;https:\\\/\\\/i0.wp.com\\\/salonamat.com\\\/wp-content\\\/uploads\\\/2015\\\/12\\\/VIVIANE-INDET-1.jpg?fit=720%2C480\\u0026ssl=1&quot;,&quot;id&quot;:&quot;589&quot;,&quot;title&quot;:&quot;VIVIANE-INDET&quot;,&quot;alt&quot;:&quot;&quot;,&quot;caption&quot;:&quot;&quot;,&quot;itemprop&quot;:&quot;image&quot;},{&quot;src&quot;:&quot;https:\\\/\\\/i0.wp.com\\\/salonamat.com\\\/wp-content\\\/uploads\\\/2015\\\/12\\\/VIVIANE-DIDH-1.jpg?fit=720%2C480\\u0026ssl=1&quot;,&quot;id&quot;:&quot;588&quot;,&quot;title&quot;:&quot;VIVIANE-DIDH&quot;,&quot;alt&quot;:&quot;&quot;,&quot;caption&quot;:&quot;&quot;,&quot;itemprop&quot;:&quot;image&quot;},{&quot;src&quot;:&quot;https:\\\/\\\/i0.wp.com\\\/salonamat.com\\\/wp-content\\\/uploads\\\/2015\\\/12\\\/PAUL-ENVOL-1.jpg?fit=720%2C480\\u0026ssl=1&quot;,&quot;id&quot;:&quot;523&quot;,&quot;title&quot;:&quot;PAUL-ENVOL&quot;,&quot;alt&quot;:&quot;&quot;,&quot;caption&quot;:&quot;&quot;,&quot;itemprop&quot;:&quot;image&quot;},{&quot;src&quot;:&quot;https:\\\/\\\/i0.wp.com\\\/salonamat.com\\\/wp-content\\\/uploads\\\/2015\\\/12\\\/PAUL-ENVOL-02-1.jpg?fit=720%2C480\\u0026ssl=1&quot;,&quot;id&quot;:&quot;522&quot;,&quot;title&quot;:&quot;PAUL-ENVOL-02&quot;,&quot;alt&quot;:&quot;&quot;,&quot;caption&quot;:&quot;&quot;,&quot;itemprop&quot;:&quot;image&quot;},{&quot;src&quot;:&quot;https:\\\/\\\/i0.wp.com\\\/salonamat.com\\\/wp-content\\\/uploads\\\/2015\\\/12\\\/PATRICK-SUBRENAT-1.jpg?fit=720%2C480\\u0026ssl=1&quot;,&quot;id&quot;:&quot;519&quot;,&quot;title&quot;:&quot;PATRICK-SUBRENAT&quot;,&quot;alt&quot;:&quot;&quot;,&quot;caption&quot;:&quot;&quot;,&quot;itemprop&quot;:&quot;image&quot;},{&quot;src&quot;:&quot;https:\\\/\\\/i0.wp.com\\\/salonamat.com\\\/wp-content\\\/uploads\\\/2015\\\/12\\\/PATRICK-SOCIETE-CHOLETAISE-DE-FABRICATION-1.jpg?fit=720%2C480\\u0026ssl=1&quot;,&quot;id&quot;:&quot;518&quot;,&quot;title&quot;:&quot;PATRICK-SOCIETE-CHOLETAISE-DE-FABRICATION&quot;,&quot;alt&quot;:&quot;&quot;,&quot;caption&quot;:&quot;&quot;,&quot;itemprop&quot;:&quot;image&quot;},{&quot;src&quot;:&quot;https:\\\/\\\/i0.wp.com\\\/salonamat.com\\\/wp-content\\\/uploads\\\/2015\\\/12\\\/PATRICK-IDEPA-1.jpg?fit=720%2C480\\u0026ssl=1&quot;,&quot;id&quot;:&quot;515&quot;,&quot;title&quot;:&quot;PATRICK-IDEPA&quot;,&quot;alt&quot;:&quot;&quot;,&quot;caption&quot;:&quot;&quot;,&quot;itemprop&quot;:&quot;image&quot;},{&quot;src&quot;:&quot;https:\\\/\\\/i0.wp.com\\\/salonamat.com\\\/wp-content\\\/uploads\\\/2015\\\/12\\\/PATRICK-IDEPA-002-1.jpg?fit=720%2C480\\u0026ssl=1&quot;,&quot;id&quot;:&quot;514&quot;,&quot;title&quot;:&quot;PATRICK-IDEPA-002&quot;,&quot;alt&quot;:&quot;&quot;,&quot;caption&quot;:&quot;&quot;,&quot;itemprop&quot;:&quot;image&quot;},{&quot;src&quot;:&quot;https:\\\/\\\/i0.wp.com\\\/salonamat.com\\\/wp-content\\\/uploads\\\/2015\\\/12\\\/PATRICK-CREPIN-002-1.jpg?fit=720%2C540\\u0026ssl=1&quot;,&quot;id&quot;:&quot;512&quot;,&quot;title&quot;:&quot;PATRICK-CREPIN-002&quot;,&quot;alt&quot;:&quot;&quot;,&quot;caption&quot;:&quot;&quot;,&quot;itemprop&quot;:&quot;image&quot;},{&quot;src&quot;:&quot;https:\\\/\\\/i0.wp.com\\\/salonamat.com\\\/wp-content\\\/uploads\\\/2015\\\/12\\\/PATRICK-CREPIN-001-1.jpg?fit=720%2C480\\u0026ssl=1&quot;,&quot;id&quot;:&quot;511&quot;,&quot;title&quot;:&quot;PATRICK-CREPIN-001&quot;,&quot;alt&quot;:&quot;&quot;,&quot;caption&quot;:&quot;&quot;,&quot;itemprop&quot;:&quot;image&quot;},{&quot;src&quot;:&quot;https:\\\/\\\/i0.wp.com\\\/salonamat.com\\\/wp-content\\\/uploads\\\/2015\\\/12\\\/MEHDI-CINTUGAL-1.jpg?fit=720%2C528\\u0026ssl=1&quot;,&quot;id&quot;:&quot;501&quot;,&quot;title&quot;:&quot;MEHDI-CINTUGAL&quot;,&quot;alt&quot;:&quot;&quot;,&quot;caption&quot;:&quot;&quot;,&quot;itemprop&quot;:&quot;image&quot;},{&quot;src&quot;:&quot;https:\\\/\\\/i0.wp.com\\\/salonamat.com\\\/wp-content\\\/uploads\\\/2015\\\/12\\\/MEHDI-LAMPO-LAFRANCHI-1.jpg?fit=720%2C480\\u0026ssl=1&quot;,&quot;id&quot;:&quot;503&quot;,&quot;title&quot;:&quot;MEHDI-LAMPO-LAFRANCHI&quot;,&quot;alt&quot;:&quot;&quot;,&quot;caption&quot;:&quot;&quot;,&quot;itemprop&quot;:&quot;image&quot;},{&quot;src&quot;:&quot;https:\\\/\\\/i0.wp.com\\\/salonamat.com\\\/wp-content\\\/uploads\\\/2015\\\/12\\\/MEHDI-JESSGROVE-1.jpg?fit=720%2C480\\u0026ssl=1&quot;,&quot;id&quot;:&quot;502&quot;,&quot;title&quot;:&quot;MEHDI-JESSGROVE&quot;,&quot;alt&quot;:&quot;&quot;,&quot;caption&quot;:&quot;&quot;,&quot;itemprop&quot;:&quot;image&quot;},{&quot;src&quot;:&quot;https:\\\/\\\/i0.wp.com\\\/salonamat.com\\\/wp-content\\\/uploads\\\/2015\\\/12\\\/MARC-MATSA-1.jpg?fit=720%2C480\\u0026ssl=1&quot;,&quot;id&quot;:&quot;494&quot;,&quot;title&quot;:&quot;MARC-MATSA&quot;,&quot;alt&quot;:&quot;&quot;,&quot;caption&quot;:&quot;&quot;,&quot;itemprop&quot;:&quot;image&quot;},{&quot;src&quot;:&quot;https:\\\/\\\/i0.wp.com\\\/salonamat.com\\\/wp-content\\\/uploads\\\/2015\\\/12\\\/MARC-BODO-JAGDBERG-1.jpg?fit=720%2C480\\u0026ssl=1&quot;,&quot;id&quot;:&quot;490&quot;,&quot;title&quot;:&quot;MARC-BODO-JAGDBERG&quot;,&quot;alt&quot;:&quot;&quot;,&quot;caption&quot;:&quot;&quot;,&quot;itemprop&quot;:&quot;image&quot;},{&quot;src&quot;:&quot;https:\\\/\\\/i0.wp.com\\\/salonamat.com\\\/wp-content\\\/uploads\\\/2015\\\/12\\\/JEAN-PHILIPPE-US-TECH-1.jpg?fit=720%2C480\\u0026ssl=1&quot;,&quot;id&quot;:&quot;481&quot;,&quot;title&quot;:&quot;JEAN-PHILIPPE-US-TECH&quot;,&quot;alt&quot;:&quot;&quot;,&quot;caption&quot;:&quot;&quot;,&quot;itemprop&quot;:&quot;image&quot;},{&quot;src&quot;:&quot;https:\\\/\\\/i0.wp.com\\\/salonamat.com\\\/wp-content\\\/uploads\\\/2015\\\/12\\\/JEAN-PHILIPPE-SANDRA-B-1.jpg?fit=720%2C480\\u0026ssl=1&quot;,&quot;id&quot;:&quot;480&quot;,&quot;title&quot;:&quot;JEAN-PHILIPPE-SANDRA-B&quot;,&quot;alt&quot;:&quot;&quot;,&quot;caption&quot;:&quot;&quot;,&quot;itemprop&quot;:&quot;image&quot;},{&quot;src&quot;:&quot;https:\\\/\\\/i0.wp.com\\\/salonamat.com\\\/wp-content\\\/uploads\\\/2015\\\/12\\\/JEAN-PHILIPPE-MANUBENS-1.jpg?fit=720%2C480\\u0026ssl=1&quot;,&quot;id&quot;:&quot;479&quot;,&quot;title&quot;:&quot;JEAN-PHILIPPE-MANUBENS&quot;,&quot;alt&quot;:&quot;&quot;,&quot;caption&quot;:&quot;&quot;,&quot;itemprop&quot;:&quot;image&quot;},{&quot;src&quot;:&quot;https:\\\/\\\/i0.wp.com\\\/salonamat.com\\\/wp-content\\\/uploads\\\/2015\\\/12\\\/JEAN-PHILIPPE-DBS2-1.jpg?fit=720%2C480\\u0026ssl=1&quot;,&quot;id&quot;:&quot;478&quot;,&quot;title&quot;:&quot;JEAN-PHILIPPE-DBS2&quot;,&quot;alt&quot;:&quot;&quot;,&quot;caption&quot;:&quot;&quot;,&quot;itemprop&quot;:&quot;image&quot;},{&quot;src&quot;:&quot;https:\\\/\\\/i0.wp.com\\\/salonamat.com\\\/wp-content\\\/uploads\\\/2015\\\/12\\\/JEAN-PHILIPPE-DBS1-1.jpg?fit=720%2C480\\u0026ssl=1&quot;,&quot;id&quot;:&quot;477&quot;,&quot;title&quot;:&quot;JEAN-PHILIPPE-DBS1&quot;,&quot;alt&quot;:&quot;&quot;,&quot;caption&quot;:&quot;&quot;,&quot;itemprop&quot;:&quot;image&quot;},{&quot;src&quot;:&quot;https:\\\/\\\/i0.wp.com\\\/salonamat.com\\\/wp-content\\\/uploads\\\/2015\\\/12\\\/GUY-SERAM-DGE-1.jpg?fit=720%2C480\\u0026ssl=1&quot;,&quot;id&quot;:&quot;472&quot;,&quot;title&quot;:&quot;GUY-SERAM-DGE&quot;,&quot;alt&quot;:&quot;&quot;,&quot;caption&quot;:&quot;&quot;,&quot;itemprop&quot;:&quot;image&quot;},{&quot;src&quot;:&quot;https:\\\/\\\/i0.wp.com\\\/salonamat.com\\\/wp-content\\\/uploads\\\/2015\\\/12\\\/GUY-BROCHOT-1.jpg?fit=720%2C480\\u0026ssl=1&quot;,&quot;id&quot;:&quot;468&quot;,&quot;title&quot;:&quot;GUY-BROCHOT&quot;,&quot;alt&quot;:&quot;&quot;,&quot;caption&quot;:&quot;&quot;,&quot;itemprop&quot;:&quot;image&quot;},{&quot;src&quot;:&quot;https:\\\/\\\/i0.wp.com\\\/salonamat.com\\\/wp-content\\\/uploads\\\/2015\\\/12\\\/GUY-SATAB1-1.jpg?fit=720%2C480\\u0026ssl=1&quot;,&quot;id&quot;:&quot;470&quot;,&quot;title&quot;:&quot;GUY-SATAB1&quot;,&quot;alt&quot;:&quot;&quot;,&quot;caption&quot;:&quot;&quot;,&quot;itemprop&quot;:&quot;image&quot;},{&quot;src&quot;:&quot;https:\\\/\\\/i0.wp.com\\\/salonamat.com\\\/wp-content\\\/uploads\\\/2015\\\/12\\\/GUY-SATAB2-1.jpg?fit=720%2C480\\u0026ssl=1&quot;,&quot;id&quot;:&quot;471&quot;,&quot;title&quot;:&quot;GUY-SATAB2&quot;,&quot;alt&quot;:&quot;&quot;,&quot;caption&quot;:&quot;&quot;,&quot;itemprop&quot;:&quot;image&quot;},{&quot;src&quot;:&quot;https:\\\/\\\/i0.wp.com\\\/salonamat.com\\\/wp-content\\\/uploads\\\/2015\\\/12\\\/GILLES-SANDRA-B-1.jpg?fit=720%2C480\\u0026ssl=1&quot;,&quot;id&quot;:&quot;465&quot;,&quot;title&quot;:&quot;GILLES-SANDRA-B&quot;,&quot;alt&quot;:&quot;&quot;,&quot;caption&quot;:&quot;&quot;,&quot;itemprop&quot;:&quot;image&quot;},{&quot;src&quot;:&quot;https:\\\/\\\/i0.wp.com\\\/salonamat.com\\\/wp-content\\\/uploads\\\/2015\\\/12\\\/GILLES-RUBI-1.jpg?fit=720%2C480\\u0026ssl=1&quot;,&quot;id&quot;:&quot;464&quot;,&quot;title&quot;:&quot;GILLES-RUBI&quot;,&quot;alt&quot;:&quot;&quot;,&quot;caption&quot;:&quot;&quot;,&quot;itemprop&quot;:&quot;image&quot;},{&quot;src&quot;:&quot;https:\\\/\\\/i0.wp.com\\\/salonamat.com\\\/wp-content\\\/uploads\\\/2015\\\/12\\\/GAELLE-MODE-HARMONY-1.jpg?fit=720%2C480\\u0026ssl=1&quot;,&quot;id&quot;:&quot;459&quot;,&quot;title&quot;:&quot;GAELLE-MODE-HARMONY&quot;,&quot;alt&quot;:&quot;&quot;,&quot;caption&quot;:&quot;&quot;,&quot;itemprop&quot;:&quot;image&quot;},{&quot;src&quot;:&quot;https:\\\/\\\/i0.wp.com\\\/salonamat.com\\\/wp-content\\\/uploads\\\/2015\\\/12\\\/DIDIER-FREDERIQUE-VIALATON-MARTIN-1.jpg?fit=720%2C480\\u0026ssl=1&quot;,&quot;id&quot;:&quot;432&quot;,&quot;title&quot;:&quot;DIDIER-FREDERIQUE-VIALATON-MARTIN&quot;,&quot;alt&quot;:&quot;&quot;,&quot;caption&quot;:&quot;&quot;,&quot;itemprop&quot;:&quot;image&quot;},{&quot;src&quot;:&quot;https:\\\/\\\/i0.wp.com\\\/salonamat.com\\\/wp-content\\\/uploads\\\/2015\\\/12\\\/DIDIER-FREDERIQUE-INTERBOTONS-1.jpg?fit=720%2C480\\u0026ssl=1&quot;,&quot;id&quot;:&quot;429&quot;,&quot;title&quot;:&quot;DIDIER-FREDERIQUE-INTERBOTONS&quot;,&quot;alt&quot;:&quot;&quot;,&quot;caption&quot;:&quot;&quot;,&quot;itemprop&quot;:&quot;image&quot;},{&quot;src&quot;:&quot;https:\\\/\\\/i0.wp.com\\\/salonamat.com\\\/wp-content\\\/uploads\\\/2015\\\/12\\\/BABETTE-JEAN-LOUIS-NIT-1.jpg?fit=720%2C480\\u0026ssl=1&quot;,&quot;id&quot;:&quot;397&quot;,&quot;title&quot;:&quot;BABETTE-JEAN-LOUIS-NIT&quot;,&quot;alt&quot;:&quot;&quot;,&quot;caption&quot;:&quot;&quot;,&quot;itemprop&quot;:&quot;image&quot;},{&quot;src&quot;:&quot;https:\\\/\\\/i0.wp.com\\\/salonamat.com\\\/wp-content\\\/uploads\\\/2015\\\/12\\\/BABETTE-JEAN-LOUIS-JUNIOR-HAGEN-1.jpg?fit=720%2C480\\u0026ssl=1&quot;,&quot;id&quot;:&quot;393&quot;,&quot;title&quot;:&quot;BABETTE-JEAN-LOUIS-JUNIOR-HAGEN&quot;,&quot;alt&quot;:&quot;&quot;,&quot;caption&quot;:&quot;&quot;,&quot;itemprop&quot;:&quot;image&quot;},{&quot;src&quot;:&quot;https:\\\/\\\/i0.wp.com\\\/salonamat.com\\\/wp-content\\\/uploads\\\/2015\\\/12\\\/BABETTE-JEAN-LOUIS-MODENESE-1.jpg?fit=720%2C480\\u0026ssl=1&quot;,&quot;id&quot;:&quot;396&quot;,&quot;title&quot;:&quot;BABETTE-JEAN-LOUIS-MODENESE&quot;,&quot;alt&quot;:&quot;&quot;,&quot;caption&quot;:&quot;&quot;,&quot;itemprop&quot;:&quot;image&quot;},{&quot;src&quot;:&quot;https:\\\/\\\/i0.wp.com\\\/salonamat.com\\\/wp-content\\\/uploads\\\/2015\\\/12\\\/BABETTE-JEAN-LOUIS-ANGELO-VALERA-1.jpg?fit=720%2C480\\u0026ssl=1&quot;,&quot;id&quot;:&quot;386&quot;,&quot;title&quot;:&quot;BABETTE-JEAN-LOUIS-ANGELO-VALERA&quot;,&quot;alt&quot;:&quot;&quot;,&quot;caption&quot;:&quot;&quot;,&quot;itemprop&quot;:&quot;image&quot;},{&quot;src&quot;:&quot;https:\\\/\\\/i0.wp.com\\\/salonamat.com\\\/wp-content\\\/uploads\\\/2015\\\/12\\\/BABETTE-JEAN-LOUIS-18-STORE-1.jpg?fit=720%2C480\\u0026ssl=1&quot;,&quot;id&quot;:&quot;385&quot;,&quot;title&quot;:&quot;BABETTE-JEAN-LOUIS-18-STORE&quot;,&quot;alt&quot;:&quot;&quot;,&quot;caption&quot;:&quot;&quot;,&quot;itemprop&quot;:&quot;image&quot;},{&quot;src&quot;:&quot;https:\\\/\\\/i0.wp.com\\\/salonamat.com\\\/wp-content\\\/uploads\\\/2015\\\/12\\\/ARMELLE-PREMIER-RIBBON-1.jpg?fit=720%2C480\\u0026ssl=1&quot;,&quot;id&quot;:&quot;382&quot;,&quot;title&quot;:&quot;ARMELLE-PREMIER-RIBBON&quot;,&quot;alt&quot;:&quot;&quot;,&quot;caption&quot;:&quot;&quot;,&quot;itemprop&quot;:&quot;image&quot;},{&quot;src&quot;:&quot;https:\\\/\\\/i0.wp.com\\\/salonamat.com\\\/wp-content\\\/uploads\\\/2015\\\/12\\\/ARMELLE-PREMIER-RIBBON-02-1.jpg?fit=720%2C480\\u0026ssl=1&quot;,&quot;id&quot;:&quot;381&quot;,&quot;title&quot;:&quot;ARMELLE-PREMIER-RIBBON-02&quot;,&quot;alt&quot;:&quot;&quot;,&quot;caption&quot;:&quot;&quot;,&quot;itemprop&quot;:&quot;image&quot;},{&quot;src&quot;:&quot;https:\\\/\\\/i0.wp.com\\\/salonamat.com\\\/wp-content\\\/uploads\\\/2015\\\/12\\\/ARMELLE-MAXEL-1.jpg?fit=720%2C487\\u0026ssl=1&quot;,&quot;id&quot;:&quot;379&quot;,&quot;title&quot;:&quot;ARMELLE-MAXEL&quot;,&quot;alt&quot;:&quot;&quot;,&quot;caption&quot;:&quot;&quot;,&quot;itemprop&quot;:&quot;image&quot;},{&quot;src&quot;:&quot;https:\\\/\\\/i0.wp.com\\\/salonamat.com\\\/wp-content\\\/uploads\\\/2015\\\/12\\\/ARMELLE-MAURI-ANGELO-1.jpg?fit=720%2C480\\u0026ssl=1&quot;,&quot;id&quot;:&quot;378&quot;,&quot;title&quot;:&quot;ARMELLE-MAURI-ANGELO&quot;,&quot;alt&quot;:&quot;&quot;,&quot;caption&quot;:&quot;&quot;,&quot;itemprop&quot;:&quot;image&quot;},{&quot;src&quot;:&quot;https:\\\/\\\/i0.wp.com\\\/salonamat.com\\\/wp-content\\\/uploads\\\/2015\\\/12\\\/ARMELLE-LUNAS-1.jpg?fit=720%2C480\\u0026ssl=1&quot;,&quot;id&quot;:&quot;377&quot;,&quot;title&quot;:&quot;ARMELLE-LUNAS&quot;,&quot;alt&quot;:&quot;&quot;,&quot;caption&quot;:&quot;&quot;,&quot;itemprop&quot;:&quot;image&quot;},{&quot;src&quot;:&quot;https:\\\/\\\/i0.wp.com\\\/salonamat.com\\\/wp-content\\\/uploads\\\/2015\\\/12\\\/ARMELLE-HAMMERLE-VOGEL-1.jpg?fit=720%2C480\\u0026ssl=1&quot;,&quot;id&quot;:&quot;376&quot;,&quot;title&quot;:&quot;ARMELLE-HAMMERLE-\\u0026#038;-VOGEL&quot;,&quot;alt&quot;:&quot;&quot;,&quot;caption&quot;:&quot;&quot;,&quot;itemprop&quot;:&quot;image&quot;},{&quot;src&quot;:&quot;https:\\\/\\\/i0.wp.com\\\/salonamat.com\\\/wp-content\\\/uploads\\\/2015\\\/12\\\/ARMELLE-DISBOTON-1.jpg?fit=720%2C480\\u0026ssl=1&quot;,&quot;id&quot;:&quot;374&quot;,&quot;title&quot;:&quot;ARMELLE-DISBOTON&quot;,&quot;alt&quot;:&quot;&quot;,&quot;caption&quot;:&quot;&quot;,&quot;itemprop&quot;:&quot;image&quot;},{&quot;src&quot;:&quot;https:\\\/\\\/i0.wp.com\\\/salonamat.com\\\/wp-content\\\/uploads\\\/2015\\\/12\\\/ANNE-COMPAGNIE-FRANCAISE-DE-BOUTONS-1.jpg?fit=720%2C480\\u0026ssl=1&quot;,&quot;id&quot;:&quot;366&quot;,&quot;title&quot;:&quot;ANNE-COMPAGNIE-FRANCAISE-DE-BOUTONS&quot;,&quot;alt&quot;:&quot;&quot;,&quot;caption&quot;:&quot;&quot;,&quot;itemprop&quot;:&quot;image&quot;}]\" itemscope itemtype=\"https:\/\/schema.org\/ImageGallery\"><\/div>\n","protected":false},"excerpt":{"rendered":"<p> <a href=\"https:\/\/salonamat.com\/index.php\/collections\/accessoires\/\" class=\"more-link\">Continuer de lire <span class=\"screen-reader-text\">ACCESSOIRES<\/span><\/a><\/p>\n","protected":false},"author":2,"featured_media":0,"parent":1212,"menu_order":2,"comment_status":"closed","ping_status":"closed","template":"","meta":{"spay_email":""},"categories":[2],"tags":[],"jetpack_sharing_enabled":true,"jetpack_shortlink":"https:\/\/wp.me\/P7346W-jC","jetpack-related-posts":[{"id":10110,"url":"https:\/\/salonamat.com\/index.php\/collections\/accessoires\/disgosa\/","url_meta":{"origin":1216,"position":0},"title":"DISGOSA","date":"octobre 29, 2025","format":false,"excerpt":"Fabricant espagnol de boutons \u00e0 coudre et accessoires. Tarifs entr\u00e9e de gamme. Femme, homme, enfant. Polyester, nacre, nylon, nylon m\u00e9tal, corne, corozo, bois, cuir lavable. Repr\u00e9sent\u00e9 par Armelle Blettner et Anne Jouve.","rel":"","context":"Dans &quot;accessoires&quot;","img":{"alt_text":"","src":"","width":0,"height":0},"classes":[]},{"id":10111,"url":"https:\/\/salonamat.com\/index.php\/collections\/accessoires\/nemark\/","url_meta":{"origin":1216,"position":1},"title":"NEMARK","date":"octobre 29, 2025","format":false,"excerpt":"Fabricant espagnol de boutons \u00e0 coudre et accessoires. Tarifs entr\u00e9e de gamme. Femme, homme, enfant. Polyester, nacre, nylon, nylon m\u00e9tal, corne, corozo, bois, cuir lavable. Repr\u00e9sent\u00e9 par Armelle Blettner et Anne Jouve.","rel":"","context":"Dans &quot;accessoires&quot;","img":{"alt_text":"","src":"","width":0,"height":0},"classes":[]},{"id":935,"url":"https:\/\/salonamat.com\/index.php\/collections\/accessoires\/piemme-boutons\/","url_meta":{"origin":1216,"position":2},"title":"PIEMME BOUTONS","date":"d\u00e9cembre 24, 2015","format":false,"excerpt":"Fabricant italien de boutons. Pas de minima. Homme, femme, enfant. Toutes compositions. Repr\u00e9sent\u00e9 par Philippe Berlande.","rel":"","context":"Dans &quot;accessoires&quot;","img":{"alt_text":"","src":"","width":0,"height":0},"classes":[]},{"id":1108,"url":"https:\/\/salonamat.com\/index.php\/collections\/accessoires\/corne-corozo\/","url_meta":{"origin":1216,"position":3},"title":"CORNE &#038; COROZO","date":"d\u00e9cembre 25, 2015","format":false,"excerpt":"Fabricant fran\u00e7ais de boutons. Pas de minima. Femme, homme, enfant. Toutes compositions. Repr\u00e9sent\u00e9 par Mehdi Lagrou.","rel":"","context":"Dans &quot;accessoires&quot;","img":{"alt_text":"","src":"","width":0,"height":0},"classes":[]},{"id":933,"url":"https:\/\/salonamat.com\/index.php\/collections\/accessoires\/miss-accessori\/","url_meta":{"origin":1216,"position":4},"title":"MISS ACCESSORI","date":"d\u00e9cembre 24, 2015","format":false,"excerpt":"Fabricant italien d'\u00e9charpes. Pas de minima. Homme, femme, enfant. Toutes compositions. Repr\u00e9sent\u00e9 par Philippe Berlande.","rel":"","context":"Dans &quot;accessoires&quot;","img":{"alt_text":"","src":"","width":0,"height":0},"classes":[]},{"id":1082,"url":"https:\/\/salonamat.com\/index.php\/collections\/accessoires\/vialaton-martin\/","url_meta":{"origin":1216,"position":5},"title":"VIALATON MARTIN","date":"d\u00e9cembre 25, 2015","format":false,"excerpt":"Fabricant fran\u00e7ais de galons, rubans, etc. Pas de minima. Femme, homme, enfant. Toutes compositions. Repr\u00e9sent\u00e9 par Ga\u00eblle Grisard.","rel":"","context":"Dans &quot;accessoires&quot;","img":{"alt_text":"","src":"https:\/\/i0.wp.com\/salonamat.com\/wp-content\/uploads\/2015\/12\/DIDIER-FREDERIQUE-VIALATON-MARTIN-1.jpg?resize=350%2C200","width":350,"height":200},"classes":[]}],"_links":{"self":[{"href":"https:\/\/salonamat.com\/index.php\/wp-json\/wp\/v2\/pages\/1216"}],"collection":[{"href":"https:\/\/salonamat.com\/index.php\/wp-json\/wp\/v2\/pages"}],"about":[{"href":"https:\/\/salonamat.com\/index.php\/wp-json\/wp\/v2\/types\/page"}],"author":[{"embeddable":true,"href":"https:\/\/salonamat.com\/index.php\/wp-json\/wp\/v2\/users\/2"}],"replies":[{"embeddable":true,"href":"https:\/\/salonamat.com\/index.php\/wp-json\/wp\/v2\/comments?post=1216"}],"version-history":[{"count":2,"href":"https:\/\/salonamat.com\/index.php\/wp-json\/wp\/v2\/pages\/1216\/revisions"}],"predecessor-version":[{"id":1544,"href":"https:\/\/salonamat.com\/index.php\/wp-json\/wp\/v2\/pages\/1216\/revisions\/1544"}],"up":[{"embeddable":true,"href":"https:\/\/salonamat.com\/index.php\/wp-json\/wp\/v2\/pages\/1212"}],"wp:attachment":[{"href":"https:\/\/salonamat.com\/index.php\/wp-json\/wp\/v2\/media?parent=1216"}],"wp:term":[{"taxonomy":"category","embeddable":true,"href":"https:\/\/salonamat.com\/index.php\/wp-json\/wp\/v2\/categories?post=1216"},{"taxonomy":"post_tag","embeddable":true,"href":"https:\/\/salonamat.com\/index.php\/wp-json\/wp\/v2\/tags?post=1216"}],"curies":[{"name":"wp","href":"https:\/\/api.w.org\/{rel}","templated":true}]}}