{"id":1213,"date":"2015-12-14T15:26:20","date_gmt":"2015-12-14T15:26:20","guid":{"rendered":"http:\/\/salongeatra.com\/?page_id=12"},"modified":"2015-12-26T17:29:27","modified_gmt":"2015-12-26T17:29:27","slug":"liens","status":"publish","type":"page","link":"https:\/\/salonamat.com\/index.php\/liens\/","title":{"rendered":"LIENS"},"content":{"rendered":"<p>L&#8217;AMAT est partenaire du salon lyonnais : GEATRA.<\/p>\n<p>N&#8217;h\u00e9sitez pas \u00e0 visiter le site de celui-ci.<\/p>\n<p><a href=\"http:\/\/www.salongeatra.com\" target=\"_blank\"><img data-attachment-id=\"340\" data-permalink=\"https:\/\/salonamat.com\/cropped-logo-geatra-website-1-png\/\" data-orig-file=\"https:\/\/i0.wp.com\/salonamat.com\/wp-content\/uploads\/2015\/12\/cropped-LOGO-GEATRA-WEBSITE-1-e1451150827364.png?fit=644%2C201&amp;ssl=1\" data-orig-size=\"644,201\" data-comments-opened=\"1\" data-image-meta=\"{&quot;aperture&quot;:&quot;0&quot;,&quot;credit&quot;:&quot;&quot;,&quot;camera&quot;:&quot;&quot;,&quot;caption&quot;:&quot;&quot;,&quot;created_timestamp&quot;:&quot;0&quot;,&quot;copyright&quot;:&quot;&quot;,&quot;focal_length&quot;:&quot;0&quot;,&quot;iso&quot;:&quot;0&quot;,&quot;shutter_speed&quot;:&quot;0&quot;,&quot;title&quot;:&quot;&quot;,&quot;orientation&quot;:&quot;0&quot;}\" data-image-title=\"cropped-LOGO-GEATRA-WEBSITE-1.png\" data-image-description=\"\" data-image-caption=\"\" data-medium-file=\"https:\/\/i0.wp.com\/salonamat.com\/wp-content\/uploads\/2015\/12\/cropped-LOGO-GEATRA-WEBSITE-1-e1451150827364.png?fit=300%2C94&amp;ssl=1\" data-large-file=\"https:\/\/i0.wp.com\/salonamat.com\/wp-content\/uploads\/2015\/12\/cropped-LOGO-GEATRA-WEBSITE-1-e1451150827364.png?fit=720%2C97&amp;ssl=1\" decoding=\"async\" loading=\"lazy\" class=\"alignnone wp-image-340\" src=\"https:\/\/i0.wp.com\/salonamat.com\/wp-content\/uploads\/2015\/12\/cropped-LOGO-GEATRA-WEBSITE-1-e1451150827364-300x94.png?resize=400%2C125\" alt=\"\" width=\"400\" height=\"125\" srcset=\"https:\/\/i0.wp.com\/salonamat.com\/wp-content\/uploads\/2015\/12\/cropped-LOGO-GEATRA-WEBSITE-1-e1451150827364.png?resize=300%2C94&amp;ssl=1 300w, https:\/\/i0.wp.com\/salonamat.com\/wp-content\/uploads\/2015\/12\/cropped-LOGO-GEATRA-WEBSITE-1-e1451150827364.png?resize=288%2C90&amp;ssl=1 288w, https:\/\/i0.wp.com\/salonamat.com\/wp-content\/uploads\/2015\/12\/cropped-LOGO-GEATRA-WEBSITE-1-e1451150827364.png?w=644&amp;ssl=1 644w\" sizes=\"(max-width: 400px) 100vw, 400px\" data-recalc-dims=\"1\" \/><\/a><\/p>\n","protected":false},"excerpt":{"rendered":"<p>L&#8217;AMAT est partenaire du salon lyonnais : GEATRA. N&#8217;h\u00e9sitez pas \u00e0 visiter le site de celui-ci. <a href=\"https:\/\/salonamat.com\/index.php\/liens\/\" class=\"more-link\">Continuer de lire <span class=\"screen-reader-text\">LIENS<\/span><\/a><\/p>\n","protected":false},"author":2,"featured_media":0,"parent":0,"menu_order":0,"comment_status":"closed","ping_status":"closed","template":"","meta":{"spay_email":""},"categories":[],"tags":[],"jetpack_sharing_enabled":true,"jetpack_shortlink":"https:\/\/wp.me\/P7346W-jz","jetpack-related-posts":[{"id":1224,"url":"https:\/\/salonamat.com\/index.php\/salons\/","url_meta":{"origin":1213,"position":0},"title":"LE SALON","date":"d\u00e9cembre 14, 2015","format":false,"excerpt":"L'A.M.A.T. (Association M\u00e9ridionale d'Agents Textile) est n\u00e9 il y a de nombreuses ann\u00e9es de l\u2019association de repr\u00e9sentants ind\u00e9pendants qui d\u00e9cident de se r\u00e9unir et d\u2019inviter leurs clients \u00e0 un \u00ab show-room \u00bb. Le succ\u00e8s est av\u00e9r\u00e9 : 3 ou 4 salons plus tard, l'AMAT compte d\u00e9j\u00e0 plus de 20 membres\u2026","rel":"","context":"Dans &quot;informations&quot;","img":{"alt_text":"","src":"https:\/\/i0.wp.com\/salonamat.com\/wp-content\/uploads\/2020\/12\/RENAISSANCE-HOTEL-10.jpg?resize=350%2C200","width":350,"height":200},"classes":[]},{"id":724,"url":"https:\/\/salonamat.com\/index.php\/mentions-legales\/","url_meta":{"origin":1213,"position":1},"title":"MENTIONS LEGALES","date":"d\u00e9cembre 18, 2015","format":false,"excerpt":"Ce site est la propri\u00e9t\u00e9 de : Association AMAT Pr\u00e9sident : Paul MESTRALLET Si\u00e8ge social : Chemin du Grapon \/ 13590 MEYREUIL T\u00e9l\u00e9phone : 06 08 21 32 83 Email : paul.mestrallet@free.fr Edition du site Internet Responsable de la publication : Tom Boa Design Studio Conception du site internet et\u2026","rel":"","context":"Dans &quot;mentions l\u00e9gales&quot;","img":{"alt_text":"","src":"","width":0,"height":0},"classes":[]},{"id":4757,"url":"https:\/\/salonamat.com\/index.php\/collections\/tissus\/new-junior\/","url_meta":{"origin":1213,"position":2},"title":"NEW JUNIOR","date":"janvier 2, 2023","format":false,"excerpt":"Espagne Femme\/ homme Sportswear Minima: \u00a0Pas de minimum pour le PAT, 300 mts pour le teint Repr\u00e9sent\u00e9e par Philippe CAZELLES","rel":"","context":"Dans &quot;cha\u00eene et trame&quot;","img":{"alt_text":"","src":"","width":0,"height":0},"classes":[]},{"id":4753,"url":"https:\/\/salonamat.com\/index.php\/collections\/tissus\/pontex-2\/","url_meta":{"origin":1213,"position":3},"title":"PONTEX","date":"janvier 2, 2023","format":false,"excerpt":"Italien Tissus pr\u00eats \u00e0 teindre Minima: pas de minimum pour le PAT, 300 mts pour le teint Repr\u00e9sent\u00e9e par Philippe CAZELLES","rel":"","context":"Dans &quot;cha\u00eene et trame&quot;","img":{"alt_text":"","src":"https:\/\/i0.wp.com\/salonamat.com\/wp-content\/uploads\/2023\/01\/pontex-hiver.jpg?resize=350%2C200&ssl=1","width":350,"height":200},"classes":[]},{"id":2544,"url":"https:\/\/salonamat.com\/index.php\/collections\/tissus\/novalansa\/","url_meta":{"origin":1213,"position":4},"title":"NOVALANSA","date":"janvier 23, 2019","format":false,"excerpt":"Soci\u00e9t\u00e9 espagnole du groupe TORRESPRADAS, Sabadell, Collection d\u2019unis chaine et trame et mailles, polyester, viscose, coton ou m\u00e9langes, jacquards mailles fabriqu\u00e9s en Espagne, jacquards chaine et trame, imprim\u00e9s, et fantaisies comme dentelles et paillettes, broderies anglaises, faux cuir et faux daim. \u00c9chantillonnage : Pas de minima Production : Minimum 1\u2026","rel":"","context":"Dans &quot;cha\u00eene et trame&quot;","img":{"alt_text":"","src":"https:\/\/i0.wp.com\/salonamat.com\/wp-content\/uploads\/2019\/01\/NOVALANSA-01.jpg?resize=350%2C200","width":350,"height":200},"classes":[]},{"id":3986,"url":"https:\/\/salonamat.com\/index.php\/collections\/accessoires\/point-desprit\/","url_meta":{"origin":1213,"position":5},"title":"POINT D&#8217;ESPRIT","date":"d\u00e9cembre 28, 2021","format":false,"excerpt":"Fabricant fran\u00e7ais de broderies du Nord de la France. Collection propre moyen et haut de gamme mais \u00e9galement d\u00e9veloppements clients Propose petites bandes \u2013 galons \u2013 entre deux \u2013 guipures \u2013 all over \u2013 motifs et cols Savoir-faire dans le domaine du PAP femmes\/hommes\/enfants, linge de maison Repr\u00e9sent\u00e9 par Sylvie\u2026","rel":"","context":"Dans &quot;accessoires&quot;","img":{"alt_text":"","src":"https:\/\/i0.wp.com\/salonamat.com\/wp-content\/uploads\/2021\/12\/POINT-DESPRIT1.jpg?resize=350%2C200&ssl=1","width":350,"height":200},"classes":[]}],"_links":{"self":[{"href":"https:\/\/salonamat.com\/index.php\/wp-json\/wp\/v2\/pages\/1213"}],"collection":[{"href":"https:\/\/salonamat.com\/index.php\/wp-json\/wp\/v2\/pages"}],"about":[{"href":"https:\/\/salonamat.com\/index.php\/wp-json\/wp\/v2\/types\/page"}],"author":[{"embeddable":true,"href":"https:\/\/salonamat.com\/index.php\/wp-json\/wp\/v2\/users\/2"}],"replies":[{"embeddable":true,"href":"https:\/\/salonamat.com\/index.php\/wp-json\/wp\/v2\/comments?post=1213"}],"version-history":[{"count":6,"href":"https:\/\/salonamat.com\/index.php\/wp-json\/wp\/v2\/pages\/1213\/revisions"}],"predecessor-version":[{"id":1450,"href":"https:\/\/salonamat.com\/index.php\/wp-json\/wp\/v2\/pages\/1213\/revisions\/1450"}],"wp:attachment":[{"href":"https:\/\/salonamat.com\/index.php\/wp-json\/wp\/v2\/media?parent=1213"}],"wp:term":[{"taxonomy":"category","embeddable":true,"href":"https:\/\/salonamat.com\/index.php\/wp-json\/wp\/v2\/categories?post=1213"},{"taxonomy":"post_tag","embeddable":true,"href":"https:\/\/salonamat.com\/index.php\/wp-json\/wp\/v2\/tags?post=1213"}],"curies":[{"name":"wp","href":"https:\/\/api.w.org\/{rel}","templated":true}]}}